{"id":1658,"date":"2023-04-06T20:26:43","date_gmt":"2023-04-06T18:26:43","guid":{"rendered":"https:\/\/cerrajerosenbarcelona.co\/?page_id=1658"},"modified":"2023-04-06T20:27:06","modified_gmt":"2023-04-06T18:27:06","slug":"contacte","status":"publish","type":"page","link":"https:\/\/cerrajerosenbarcelona.co\/ca\/contacte","title":{"rendered":"contacte"},"content":{"rendered":"\n<style type=\"text\/css\" data-created_by=\"avia_inline_auto\" id=\"style-css-av-av_section-5b5f61f72f70f9a27d6c4fe82794c582\">\n.avia-section.av-av_section-5b5f61f72f70f9a27d6c4fe82794c582{\nbackground-color:#000000;\nbackground-image:unset;\n}\n.avia-section.av-av_section-5b5f61f72f70f9a27d6c4fe82794c582 .av-extra-border-element .av-extra-border-inner{\nbackground-color:#000000;\n}\n<\/style>\n<div id='av_section_1'  class='avia-section av-av_section-5b5f61f72f70f9a27d6c4fe82794c582 main_color avia-section-large avia-no-border-styling  avia-builder-el-0  el_before_av_two_third  avia-builder-el-first  avia-bg-style-scroll av-arrow-down-section container_wrap fullsize'  ><div class='container av-section-cont-open' ><main  class='template-page content  av-content-full alpha units'><div class='post-entry post-entry-type-page post-entry-1658'><div class='entry-content-wrapper clearfix'>\n\n<style type=\"text\/css\" data-created_by=\"avia_inline_auto\" id=\"style-css-av-lg5g7tdy-0a3143d64476e082b1c977b3f512113e\">\n#top .av-special-heading.av-lg5g7tdy-0a3143d64476e082b1c977b3f512113e{\npadding-bottom:10px;\ncolor:#ffffff;\n}\nbody .av-special-heading.av-lg5g7tdy-0a3143d64476e082b1c977b3f512113e .av-special-heading-tag .heading-char{\nfont-size:25px;\n}\n.av-special-heading.av-lg5g7tdy-0a3143d64476e082b1c977b3f512113e .special-heading-inner-border{\nborder-color:#ffffff;\n}\n.av-special-heading.av-lg5g7tdy-0a3143d64476e082b1c977b3f512113e .av-subheading{\nfont-size:15px;\n}\n<\/style>\n<div  class='av-special-heading av-lg5g7tdy-0a3143d64476e082b1c977b3f512113e av-special-heading-h1 custom-color-heading blockquote modern-quote modern-centered  avia-builder-el-1  avia-builder-el-no-sibling  av-linked-heading'><h1 class='av-special-heading-tag '  >SOL\u00b7LICITUD DE PRESSUPOST O CONSULTA<\/h1><div class=\"special-heading-border\"><div class=\"special-heading-inner-border\"><\/div><\/div><\/div>\n<\/div><\/div><\/main><!-- close content main element --><\/div><div class='av-extra-border-element border-extra-arrow-down'><div class='av-extra-border-outer'><div class='av-extra-border-inner'><\/div><\/div><\/div><\/div><div id='after_section_1'  class='main_color av_default_container_wrap container_wrap fullsize'  ><div class='container av-section-cont-open' ><div class='template-page content  av-content-full alpha units'><div class='post-entry post-entry-type-page post-entry-1658'><div class='entry-content-wrapper clearfix'>\n<style type=\"text\/css\" data-created_by=\"avia_inline_auto\" id=\"style-css-av-av_two_third-43099820475611fbbfa5180d953d86ba\">\n.flex_column.av-av_two_third-43099820475611fbbfa5180d953d86ba{\nborder-radius:0px 0px 0px 0px;\npadding:0px 0px 0px 0px;\n}\n<\/style>\n<div  class='flex_column av-av_two_third-43099820475611fbbfa5180d953d86ba av_two_third  avia-builder-el-2  el_after_av_section  el_before_av_one_third  avia-builder-el-first  first flex_column_div av-animated-generic bottom-to-top av-zero-column-padding  '     ><p>\n<style type=\"text\/css\" data-created_by=\"avia_inline_auto\" id=\"style-css-av-lg5g83tx-67f0d7342cbc6b24b84b357e5261ebe7\">\n#top .av-special-heading.av-lg5g83tx-67f0d7342cbc6b24b84b357e5261ebe7{\npadding-bottom:0;\n}\nbody .av-special-heading.av-lg5g83tx-67f0d7342cbc6b24b84b357e5261ebe7 .av-special-heading-tag .heading-char{\nfont-size:25px;\n}\n.av-special-heading.av-lg5g83tx-67f0d7342cbc6b24b84b357e5261ebe7 .av-subheading{\nfont-size:15px;\n}\n<\/style>\n<div  class='av-special-heading av-lg5g83tx-67f0d7342cbc6b24b84b357e5261ebe7 av-special-heading-h2 blockquote modern-quote  avia-builder-el-3  el_before_av_hr  avia-builder-el-first  av-linked-heading'><h2 class='av-special-heading-tag '  >Utilitzeu el nostre formulari de contacte o truqueu-nos per tel\u00e8fon<\/h2><div class=\"special-heading-border\"><div class=\"special-heading-inner-border\"><\/div><\/div><\/div><br \/>\n\n<style type=\"text\/css\" data-created_by=\"avia_inline_auto\" id=\"style-css-av-av_hr-af0c1c2d0eca3861b2ba5ed1f7a0eee8\">\n#top .hr.av-av_hr-af0c1c2d0eca3861b2ba5ed1f7a0eee8{\nmargin-top:10px;\nmargin-bottom:10px;\n}\n.hr.av-av_hr-af0c1c2d0eca3861b2ba5ed1f7a0eee8 .hr-inner{\nwidth:50px;\nborder-color:#000000;\n}\n<\/style>\n<div  class='hr av-av_hr-af0c1c2d0eca3861b2ba5ed1f7a0eee8 hr-custom  avia-builder-el-4  el_after_av_heading  el_before_av_codeblock  hr-left hr-icon-no'><span class='hr-inner inner-border-av-border-fat'><span class=\"hr-inner-style\"><\/span><\/span><\/div><br \/>\n<br \/>\n<section  class='av_textblock_section av-lg5g8rbe-5724afc9c3c32df8f152084d277f3fc8 '  ><div class='avia_textblock' ><p>La comunicaci\u00f3 enviada quedar\u00e0 incorporada a un fitxer del qual n&#8217;\u00e9s responsable JUAN JOSE MELGAREJO RUIZ. Aquesta comunicaci\u00f3 s&#8217;utilitzar\u00e0 exclusivament per tractar les vostres dades per atendre la vostra sol\u00b7licitud, sempre d&#8217;acord amb el Reglament (UE) 2016\/679 (RGPD), la Llei Org\u00e0nica 15\/1999 (LOPD) i el Reial Decret 1720\/2007 de desenvolupament de la LOPD ), sobre protecci\u00f3 de dades. Les vostres dades no es comunicaran a tercers, excepte per obligaci\u00f3 legal, i es mantindran mentre no sol\u00b7licite la cancel\u00b7laci\u00f3. En qualsevol moment podeu exercir els drets d&#8217;acc\u00e9s, rectificaci\u00f3, portabilitat i oposici\u00f3, o si escau, a la limitaci\u00f3 i\/o cancel\u00b7laci\u00f3 del tractament, comunicant-ho per escrit, indicant les vostres dades personals a Concili de trento 285, 1r 1 08020, BARCELONA o mitjan\u00e7ant un email a contacto@cerrajeriatda.com.<\/p>\n<\/div><\/section><\/p><\/div>\n<style type=\"text\/css\" data-created_by=\"avia_inline_auto\" id=\"style-css-av-av_one_third-334f9af36cea173305c45a30c585176c\">\n.flex_column.av-av_one_third-334f9af36cea173305c45a30c585176c{\nborder-radius:0px 0px 0px 0px;\npadding:0px 0px 0px 0px;\n}\n<\/style>\n<div  class='flex_column av-av_one_third-334f9af36cea173305c45a30c585176c av_one_third  avia-builder-el-7  el_after_av_two_third  avia-builder-el-last  flex_column_div av-animated-generic bottom-to-top av-zero-column-padding  '     ><p>\n<style type=\"text\/css\" data-created_by=\"avia_inline_auto\" id=\"style-css-av-lg5g8cx8-6cc282e6bbcef02dc77d4fed999fac02\">\n#top .av-special-heading.av-lg5g8cx8-6cc282e6bbcef02dc77d4fed999fac02{\npadding-bottom:0;\n}\nbody .av-special-heading.av-lg5g8cx8-6cc282e6bbcef02dc77d4fed999fac02 .av-special-heading-tag .heading-char{\nfont-size:25px;\n}\n.av-special-heading.av-lg5g8cx8-6cc282e6bbcef02dc77d4fed999fac02 .av-subheading{\nfont-size:15px;\n}\n<\/style>\n<div  class='av-special-heading av-lg5g8cx8-6cc282e6bbcef02dc77d4fed999fac02 av-special-heading-h3 blockquote modern-quote  avia-builder-el-8  el_before_av_hr  avia-builder-el-first  av-linked-heading'><h3 class='av-special-heading-tag '  >Pressupost a l\u2019instant gratu\u00eft<\/h3><div class=\"special-heading-border\"><div class=\"special-heading-inner-border\"><\/div><\/div><\/div><br \/>\n\n<style type=\"text\/css\" data-created_by=\"avia_inline_auto\" id=\"style-css-av-av_hr-af0c1c2d0eca3861b2ba5ed1f7a0eee8\">\n#top .hr.av-av_hr-af0c1c2d0eca3861b2ba5ed1f7a0eee8{\nmargin-top:10px;\nmargin-bottom:10px;\n}\n.hr.av-av_hr-af0c1c2d0eca3861b2ba5ed1f7a0eee8 .hr-inner{\nwidth:50px;\nborder-color:#000000;\n}\n<\/style>\n<div  class='hr av-av_hr-af0c1c2d0eca3861b2ba5ed1f7a0eee8 hr-custom  avia-builder-el-9  el_after_av_heading  el_before_av_textblock  hr-left hr-icon-no'><span class='hr-inner inner-border-av-border-fat'><span class=\"hr-inner-style\"><\/span><\/span><\/div><br \/>\n<section  class='av_textblock_section av-av_textblock-1b99157d1448faee5788a6815569fc7f '  ><div class='avia_textblock' ><div><a href=\"tel:+34933238507\">93 323 8507<\/a> &#8211; <strong>24H<\/strong><br \/>\n<a href=\"tel:+34629587022\">629 58 70 22<\/a> &#8211; <strong>24H<\/strong><\/div>\n<\/div><\/section><br \/>\n\n<style type=\"text\/css\" data-created_by=\"avia_inline_auto\" id=\"style-css-av-av_hr-e8bec0ca8a06dea31916c77a2712a673\">\n#top .hr.av-av_hr-e8bec0ca8a06dea31916c77a2712a673{\nmargin-top:10px;\nmargin-bottom:10px;\n}\n.hr.av-av_hr-e8bec0ca8a06dea31916c77a2712a673 .hr-inner{\nwidth:50px;\nborder-color:#ffffff;\n}\n<\/style>\n<div  class='hr av-av_hr-e8bec0ca8a06dea31916c77a2712a673 hr-custom  avia-builder-el-11  el_after_av_textblock  el_before_av_heading  hr-left hr-icon-no'><span class='hr-inner inner-border-av-border-fat'><span class=\"hr-inner-style\"><\/span><\/span><\/div><br \/>\n\n<style type=\"text\/css\" data-created_by=\"avia_inline_auto\" id=\"style-css-av-lg5g9434-b75150c6db8f732a87b18d86d6d74916\">\n#top .av-special-heading.av-lg5g9434-b75150c6db8f732a87b18d86d6d74916{\npadding-bottom:0;\n}\nbody .av-special-heading.av-lg5g9434-b75150c6db8f732a87b18d86d6d74916 .av-special-heading-tag .heading-char{\nfont-size:25px;\n}\n.av-special-heading.av-lg5g9434-b75150c6db8f732a87b18d86d6d74916 .av-subheading{\nfont-size:15px;\n}\n<\/style>\n<div  class='av-special-heading av-lg5g9434-b75150c6db8f732a87b18d86d6d74916 av-special-heading-h3 blockquote modern-quote  avia-builder-el-12  el_after_av_hr  el_before_av_hr  av-linked-heading'><h3 class='av-special-heading-tag '  >\u00c0mbit dactuaci\u00f3<\/h3><div class=\"special-heading-border\"><div class=\"special-heading-inner-border\"><\/div><\/div><\/div><br \/>\n\n<style type=\"text\/css\" data-created_by=\"avia_inline_auto\" id=\"style-css-av-av_hr-af0c1c2d0eca3861b2ba5ed1f7a0eee8\">\n#top .hr.av-av_hr-af0c1c2d0eca3861b2ba5ed1f7a0eee8{\nmargin-top:10px;\nmargin-bottom:10px;\n}\n.hr.av-av_hr-af0c1c2d0eca3861b2ba5ed1f7a0eee8 .hr-inner{\nwidth:50px;\nborder-color:#000000;\n}\n<\/style>\n<div  class='hr av-av_hr-af0c1c2d0eca3861b2ba5ed1f7a0eee8 hr-custom  avia-builder-el-13  el_after_av_heading  el_before_av_image  hr-left hr-icon-no'><span class='hr-inner inner-border-av-border-fat'><span class=\"hr-inner-style\"><\/span><\/span><\/div><br \/>\n\n<style type=\"text\/css\" data-created_by=\"avia_inline_auto\" id=\"style-css-av-av_image-e782c6d3e2ca074711c28fd906db62d5\">\n.avia-image-container.av-av_image-e782c6d3e2ca074711c28fd906db62d5 img.avia_image{\nbox-shadow:none;\n}\n.avia-image-container.av-av_image-e782c6d3e2ca074711c28fd906db62d5 .av-image-caption-overlay-center{\ncolor:#ffffff;\n}\n<\/style>\n<div  class='avia-image-container av-av_image-e782c6d3e2ca074711c28fd906db62d5 av-styling- avia-align-center  avia-builder-el-14  el_after_av_hr  avia-builder-el-last '  ><div class=\"avia-image-container-inner\"><div class=\"avia-image-overlay-wrap\"><img decoding=\"async\" fetchpriority=\"high\" class='wp-image-1508 avia-img-lazy-loading-not-1508 avia_image ' src=\"https:\/\/cerrajerosenbarcelona.co\/wp-content\/uploads\/2019\/11\/ambito-actuacion-287x300.jpg\" alt='' title='ambito-actuacion'  height=\"300\" width=\"287\" srcset=\"https:\/\/cerrajerosenbarcelona.co\/wp-content\/uploads\/2019\/11\/ambito-actuacion-287x300.jpg 287w, https:\/\/cerrajerosenbarcelona.co\/wp-content\/uploads\/2019\/11\/ambito-actuacion-450x471.jpg 450w, https:\/\/cerrajerosenbarcelona.co\/wp-content\/uploads\/2019\/11\/ambito-actuacion.jpg 500w\" sizes=\"(max-width: 287px) 100vw, 287px\" \/><\/div><\/div><\/div><\/p><\/div><\/p>\n","protected":false},"excerpt":{"rendered":"","protected":false},"author":2,"featured_media":0,"parent":0,"menu_order":0,"comment_status":"closed","ping_status":"closed","template":"","meta":{"footnotes":""},"class_list":["post-1658","page","type-page","status-publish","hentry"],"yoast_head":"<!-- This site is optimized with the Yoast SEO plugin v26.6 - https:\/\/yoast.com\/wordpress\/plugins\/seo\/ -->\n<title>contacte - Cerrajer\u00eda<\/title>\n<meta name=\"robots\" content=\"index, follow, max-snippet:-1, max-image-preview:large, max-video-preview:-1\" \/>\n<link rel=\"canonical\" href=\"https:\/\/cerrajerosenbarcelona.co\/ca\/contacte\" \/>\n<meta property=\"og:locale\" content=\"ca_ES\" \/>\n<meta property=\"og:type\" content=\"article\" \/>\n<meta property=\"og:title\" content=\"contacte - Cerrajer\u00eda\" \/>\n<meta property=\"og:url\" content=\"https:\/\/cerrajerosenbarcelona.co\/ca\/contacte\" \/>\n<meta property=\"og:site_name\" content=\"Cerrajer\u00eda\" \/>\n<meta property=\"article:modified_time\" content=\"2023-04-06T18:27:06+00:00\" \/>\n<meta name=\"twitter:card\" content=\"summary_large_image\" \/>\n<meta name=\"twitter:label1\" content=\"Temps estimat de lectura\" \/>\n\t<meta name=\"twitter:data1\" content=\"3 minuts\" \/>\n<script type=\"application\/ld+json\" class=\"yoast-schema-graph\">{\"@context\":\"https:\/\/schema.org\",\"@graph\":[{\"@type\":\"WebPage\",\"@id\":\"https:\/\/cerrajerosenbarcelona.co\/ca\/contacte\",\"url\":\"https:\/\/cerrajerosenbarcelona.co\/ca\/contacte\",\"name\":\"contacte - Cerrajer\u00eda\",\"isPartOf\":{\"@id\":\"https:\/\/cerrajerosenbarcelona.co\/#website\"},\"datePublished\":\"2023-04-06T18:26:43+00:00\",\"dateModified\":\"2023-04-06T18:27:06+00:00\",\"breadcrumb\":{\"@id\":\"https:\/\/cerrajerosenbarcelona.co\/ca\/contacte#breadcrumb\"},\"inLanguage\":\"ca\",\"potentialAction\":[{\"@type\":\"ReadAction\",\"target\":[\"https:\/\/cerrajerosenbarcelona.co\/ca\/contacte\"]}]},{\"@type\":\"BreadcrumbList\",\"@id\":\"https:\/\/cerrajerosenbarcelona.co\/ca\/contacte#breadcrumb\",\"itemListElement\":[{\"@type\":\"ListItem\",\"position\":1,\"name\":\"Portada\",\"item\":\"https:\/\/cerrajerosenbarcelona.co\/ca\"},{\"@type\":\"ListItem\",\"position\":2,\"name\":\"contacte\"}]},{\"@type\":\"WebSite\",\"@id\":\"https:\/\/cerrajerosenbarcelona.co\/#website\",\"url\":\"https:\/\/cerrajerosenbarcelona.co\/\",\"name\":\"Cerrajer\u00eda\",\"description\":\"Otro sitio realizado con WordPress\",\"publisher\":{\"@id\":\"https:\/\/cerrajerosenbarcelona.co\/#organization\"},\"potentialAction\":[{\"@type\":\"SearchAction\",\"target\":{\"@type\":\"EntryPoint\",\"urlTemplate\":\"https:\/\/cerrajerosenbarcelona.co\/?s={search_term_string}\"},\"query-input\":{\"@type\":\"PropertyValueSpecification\",\"valueRequired\":true,\"valueName\":\"search_term_string\"}}],\"inLanguage\":\"ca\"},{\"@type\":\"Organization\",\"@id\":\"https:\/\/cerrajerosenbarcelona.co\/#organization\",\"name\":\"Cerrajer\u00eda TDA Barcelona\",\"url\":\"https:\/\/cerrajerosenbarcelona.co\/\",\"logo\":{\"@type\":\"ImageObject\",\"inLanguage\":\"ca\",\"@id\":\"https:\/\/cerrajerosenbarcelona.co\/#\/schema\/logo\/image\/\",\"url\":\"https:\/\/cerrajerosenbarcelona.co\/wp-content\/uploads\/2019\/11\/cerrajeria-tda-barcelona-logo-2.png\",\"contentUrl\":\"https:\/\/cerrajerosenbarcelona.co\/wp-content\/uploads\/2019\/11\/cerrajeria-tda-barcelona-logo-2.png\",\"width\":332,\"height\":98,\"caption\":\"Cerrajer\u00eda TDA Barcelona\"},\"image\":{\"@id\":\"https:\/\/cerrajerosenbarcelona.co\/#\/schema\/logo\/image\/\"}}]}<\/script>\n<!-- \/ Yoast SEO plugin. -->","yoast_head_json":{"title":"contacte - Cerrajer\u00eda","robots":{"index":"index","follow":"follow","max-snippet":"max-snippet:-1","max-image-preview":"max-image-preview:large","max-video-preview":"max-video-preview:-1"},"canonical":"https:\/\/cerrajerosenbarcelona.co\/ca\/contacte","og_locale":"ca_ES","og_type":"article","og_title":"contacte - Cerrajer\u00eda","og_url":"https:\/\/cerrajerosenbarcelona.co\/ca\/contacte","og_site_name":"Cerrajer\u00eda","article_modified_time":"2023-04-06T18:27:06+00:00","twitter_card":"summary_large_image","twitter_misc":{"Temps estimat de lectura":"3 minuts"},"schema":{"@context":"https:\/\/schema.org","@graph":[{"@type":"WebPage","@id":"https:\/\/cerrajerosenbarcelona.co\/ca\/contacte","url":"https:\/\/cerrajerosenbarcelona.co\/ca\/contacte","name":"contacte - Cerrajer\u00eda","isPartOf":{"@id":"https:\/\/cerrajerosenbarcelona.co\/#website"},"datePublished":"2023-04-06T18:26:43+00:00","dateModified":"2023-04-06T18:27:06+00:00","breadcrumb":{"@id":"https:\/\/cerrajerosenbarcelona.co\/ca\/contacte#breadcrumb"},"inLanguage":"ca","potentialAction":[{"@type":"ReadAction","target":["https:\/\/cerrajerosenbarcelona.co\/ca\/contacte"]}]},{"@type":"BreadcrumbList","@id":"https:\/\/cerrajerosenbarcelona.co\/ca\/contacte#breadcrumb","itemListElement":[{"@type":"ListItem","position":1,"name":"Portada","item":"https:\/\/cerrajerosenbarcelona.co\/ca"},{"@type":"ListItem","position":2,"name":"contacte"}]},{"@type":"WebSite","@id":"https:\/\/cerrajerosenbarcelona.co\/#website","url":"https:\/\/cerrajerosenbarcelona.co\/","name":"Cerrajer\u00eda","description":"Otro sitio realizado con WordPress","publisher":{"@id":"https:\/\/cerrajerosenbarcelona.co\/#organization"},"potentialAction":[{"@type":"SearchAction","target":{"@type":"EntryPoint","urlTemplate":"https:\/\/cerrajerosenbarcelona.co\/?s={search_term_string}"},"query-input":{"@type":"PropertyValueSpecification","valueRequired":true,"valueName":"search_term_string"}}],"inLanguage":"ca"},{"@type":"Organization","@id":"https:\/\/cerrajerosenbarcelona.co\/#organization","name":"Cerrajer\u00eda TDA Barcelona","url":"https:\/\/cerrajerosenbarcelona.co\/","logo":{"@type":"ImageObject","inLanguage":"ca","@id":"https:\/\/cerrajerosenbarcelona.co\/#\/schema\/logo\/image\/","url":"https:\/\/cerrajerosenbarcelona.co\/wp-content\/uploads\/2019\/11\/cerrajeria-tda-barcelona-logo-2.png","contentUrl":"https:\/\/cerrajerosenbarcelona.co\/wp-content\/uploads\/2019\/11\/cerrajeria-tda-barcelona-logo-2.png","width":332,"height":98,"caption":"Cerrajer\u00eda TDA Barcelona"},"image":{"@id":"https:\/\/cerrajerosenbarcelona.co\/#\/schema\/logo\/image\/"}}]}},"_links":{"self":[{"href":"https:\/\/cerrajerosenbarcelona.co\/ca\/wp-json\/wp\/v2\/pages\/1658","targetHints":{"allow":["GET"]}}],"collection":[{"href":"https:\/\/cerrajerosenbarcelona.co\/ca\/wp-json\/wp\/v2\/pages"}],"about":[{"href":"https:\/\/cerrajerosenbarcelona.co\/ca\/wp-json\/wp\/v2\/types\/page"}],"author":[{"embeddable":true,"href":"https:\/\/cerrajerosenbarcelona.co\/ca\/wp-json\/wp\/v2\/users\/2"}],"replies":[{"embeddable":true,"href":"https:\/\/cerrajerosenbarcelona.co\/ca\/wp-json\/wp\/v2\/comments?post=1658"}],"version-history":[{"count":1,"href":"https:\/\/cerrajerosenbarcelona.co\/ca\/wp-json\/wp\/v2\/pages\/1658\/revisions"}],"predecessor-version":[{"id":1659,"href":"https:\/\/cerrajerosenbarcelona.co\/ca\/wp-json\/wp\/v2\/pages\/1658\/revisions\/1659"}],"wp:attachment":[{"href":"https:\/\/cerrajerosenbarcelona.co\/ca\/wp-json\/wp\/v2\/media?parent=1658"}],"curies":[{"name":"wp","href":"https:\/\/api.w.org\/{rel}","templated":true}]}}