{"id":1673,"date":"2023-04-07T10:10:01","date_gmt":"2023-04-07T08:10:01","guid":{"rendered":"https:\/\/cerrajerosenbarcelona.co\/?page_id=1673"},"modified":"2023-04-07T13:56:36","modified_gmt":"2023-04-07T11:56:36","slug":"controls-acces-barcelona","status":"publish","type":"page","link":"https:\/\/cerrajerosenbarcelona.co\/ca\/controls-acces-barcelona","title":{"rendered":"Controls d\u2019acc\u00e9s a Barcelona"},"content":{"rendered":"\n<style type=\"text\/css\" data-created_by=\"avia_inline_auto\" id=\"style-css-av-av_section-5b5f61f72f70f9a27d6c4fe82794c582\">\n.avia-section.av-av_section-5b5f61f72f70f9a27d6c4fe82794c582{\nbackground-color:#000000;\nbackground-image:unset;\n}\n.avia-section.av-av_section-5b5f61f72f70f9a27d6c4fe82794c582 .av-extra-border-element .av-extra-border-inner{\nbackground-color:#000000;\n}\n<\/style>\n<div id='av_section_1'  class='avia-section av-av_section-5b5f61f72f70f9a27d6c4fe82794c582 main_color avia-section-large avia-no-border-styling  avia-builder-el-0  el_before_av_two_third  avia-builder-el-first  avia-bg-style-scroll av-arrow-down-section container_wrap fullsize'  ><div class='container av-section-cont-open' ><main  class='template-page content  av-content-full alpha units'><div class='post-entry post-entry-type-page post-entry-1673'><div class='entry-content-wrapper clearfix'>\n\n<style type=\"text\/css\" data-created_by=\"avia_inline_auto\" id=\"style-css-av-lg69la8d-bff901588eb6f2abbd0079d54b558c78\">\n#top .av-special-heading.av-lg69la8d-bff901588eb6f2abbd0079d54b558c78{\npadding-bottom:10px;\ncolor:#ffffff;\n}\nbody .av-special-heading.av-lg69la8d-bff901588eb6f2abbd0079d54b558c78 .av-special-heading-tag .heading-char{\nfont-size:25px;\n}\n.av-special-heading.av-lg69la8d-bff901588eb6f2abbd0079d54b558c78 .special-heading-inner-border{\nborder-color:#ffffff;\n}\n.av-special-heading.av-lg69la8d-bff901588eb6f2abbd0079d54b558c78 .av-subheading{\nfont-size:15px;\n}\n<\/style>\n<div  class='av-special-heading av-lg69la8d-bff901588eb6f2abbd0079d54b558c78 av-special-heading-h1 custom-color-heading blockquote modern-quote modern-centered  avia-builder-el-1  avia-builder-el-no-sibling  av-linked-heading'><h1 class='av-special-heading-tag '  >Especialistes en controls d\u2019acc\u00e9s a Barcelona<\/h1><div class=\"special-heading-border\"><div class=\"special-heading-inner-border\"><\/div><\/div><\/div>\n<\/div><\/div><\/main><!-- close content main element --><\/div><div class='av-extra-border-element border-extra-arrow-down'><div class='av-extra-border-outer'><div class='av-extra-border-inner'><\/div><\/div><\/div><\/div><div id='after_section_1'  class='main_color av_default_container_wrap container_wrap fullsize'  ><div class='container av-section-cont-open' ><div class='template-page content  av-content-full alpha units'><div class='post-entry post-entry-type-page post-entry-1673'><div class='entry-content-wrapper clearfix'>\n<style type=\"text\/css\" data-created_by=\"avia_inline_auto\" id=\"style-css-av-av_two_third-25347b0a799d5b9f7058434b2a9c3182\">\n.flex_column.av-av_two_third-25347b0a799d5b9f7058434b2a9c3182{\nborder-radius:0px 0px 0px 0px;\npadding:0px 0px 0px 0px;\n}\n<\/style>\n<div  class='flex_column av-av_two_third-25347b0a799d5b9f7058434b2a9c3182 av_two_third  avia-builder-el-2  el_after_av_section  el_before_av_one_third  avia-builder-el-first  first flex_column_div av-zero-column-padding  '     ><section  class='av_textblock_section av-lg69n50g-a8a9f8bf4511502961bd2c4f273d64a0 '  ><div class='avia_textblock' ><h2>Controls d&#8217;acc\u00e9s: Qu\u00e8 s\u00f3n?<\/h2>\n<p>Es pot definir com aquell mecanisme f\u00edsic, el\u00e8ctric o electr\u00f2nic que permet accedir a persones o vehicles a l&#8217;interior d&#8217;un edifici, casa o recinte.<\/p>\n<p>Com a exemple molt espec\u00edfic i did\u00e0ctic imagineu-vos l&#8217;acc\u00e9s a un hotel amb una targeteta.<\/p>\n<p>Amb aquests controles la seguretat.<\/p>\n<h3>Instal\u00b7laci\u00f3 de controls d&#8217;acc\u00e9s a Barcelona<\/h3>\n<div class='avia-iframe-wrap'><iframe loading=\"lazy\" title=\"INSTALACI\u00d3N de Control de Accesos &#091;Seguridad ELECTR\u00d3NICA en 2022 \ud83d\udd28&#093;\" width=\"1500\" height=\"844\" src=\"https:\/\/www.youtube.com\/embed\/iRjO3BzxJeQ?start=7&#038;feature=oembed\" frameborder=\"0\" allow=\"accelerometer; autoplay; clipboard-write; encrypted-media; gyroscope; picture-in-picture; web-share\" referrerpolicy=\"strict-origin-when-cross-origin\" allowfullscreen><\/iframe><\/div>\n<h2>Tipus de controls d&#8217;acc\u00e9s<\/h2>\n<p>B\u00e9, pel que fa a aquesta pregunta us puc dir hi ha espec\u00edficament dos rams o vessants.<\/p>\n<p>La seguretat f\u00edsica que est\u00e0 composta d&#8217;escut cuirassat, bomb\u00ed d&#8217;alta seguretat i pany que permet entrar a trav\u00e9s de la clau f\u00edsica accionada amb la m\u00e0.<\/p>\n<p>La seguretat electr\u00f2nica, aquesta \u00faltima diferent per la seva manera en qu\u00e8 obris o d\u00f3nes acc\u00e9s a l&#8217;interior del recinte.<\/p>\n<p>Les entrades es fan amb targeta, lector, control num\u00e8ric, per empremta digital, per iris (controls biom\u00e8trics) o per programari introduint claus i descarregant apps d&#8217;aplicacions d&#8217;androide i smartphone.<\/p>\n<p>Tots els accessos estan codificats i restringits per contrasenyes dentrada i sortida aix\u00f2 a part de ser com\u00fa en oficines i hotels tamb\u00e9 ho s\u00f3n en f\u00e0briques per al maneig i control dhores dentrada i sortida.<\/p>\n<p>Gaireb\u00e9 tots accionen mecanismes mec\u00e0nics combinats amb electr\u00f2nica i dom\u00f2tica a trav\u00e9s de panells de control remot.<\/p>\n<p>Fins i tot en automoci\u00f3 hi ha aquests controls tan sofisticats a trav\u00e9s de ports OBDs.<\/p>\n<h3>Es poden controlar a molta dist\u00e0ncia els controls d&#8217;acc\u00e9s?<\/h3>\n<p>Avui dia i amb els nombrosos aven\u00e7os tecnol\u00f2gics, inform\u00e0tics i electr\u00f2nics<\/p>\n<p>Pots controlar la teva llar o oficina des de punts geogr\u00e0fics molt llunyans amb v\u00eddeo c\u00e0meres, sensors, alarmes, etc.<\/p>\n<p>Controls d&#8217;acc\u00e9s per a comunitats de ve\u00efns<\/p>\n<p>Actualment pots disposar d&#8217;una targeta 0 comandament per a obertura amb comandament a dist\u00e0ncia o mitjan\u00e7ant clau de contacte micro Access NFC<\/p>\n<p>Apropant senzillament la clau de contacte sense fer contacte si inserir-la es fa l&#8217;obertura sense necessitat de treure les claus.<\/p>\n<p>O amb anomenades \u201cclau dispositiu\u201d que pot una sola clau obrir normal oa la mateixa empunyadura l&#8217;acostes i obris la porta.<\/p>\n<p>Aquestes accions no nom\u00e9s s&#8217;apliquen a comunitats sin\u00f3 tamb\u00e9 a oficines, comer\u00e7os, bancs, etc.<\/p>\n<p>La seva aplicaci\u00f3 \u00e9s il\u00b7limitada.<\/p>\n<p>Y adem\u00e1s podemos hacer que puedas abrir la puerta desde tu dispositivo m\u00f3vil celular o smartfhone.<\/p>\n<h2>El futuro de los controles de acceso<\/h2>\n<p>Es importante saber que los tiempos, circunstancias, tecnolog\u00eda, investigaci\u00f3n y desarrollo avanza a un paso agigantado.<\/p>\n<p>Por ello la dom\u00f3tica combinado con la electr\u00f3nica estar\u00e1 en un futuro a la vanguardia de la seguridad.<\/p>\n<p>Si no innovamos, no crecemos y es cada vez m\u00e1s la demanda existente en estos campos tan v\u00edrgenes y desconocidos.<\/p>\n<p>Casi nadie se atreve meterse en estos y abordar sus parte m\u00e1s complicada de la inform\u00e1tica combinada con la electr\u00f3nica.<\/p>\n<p>Y si no crecemos nos quedamos obsoletos.<\/p>\n<p>Los controles de accesos son el futuro.<\/p>\n<h2>Ahora veamos lo que podemos conseguir de forma gr\u00e1fica con los controles de acceso<\/h2>\n<div class='avia-iframe-wrap'><iframe loading=\"lazy\" title=\"Control de Acceso NO TOUCH + Cerradura motorizada WINKHAUS  (\ud83d\ude31MAGIA )\" width=\"1500\" height=\"844\" src=\"https:\/\/www.youtube.com\/embed\/a5GDZVN0WwM?feature=oembed\" frameborder=\"0\" allow=\"accelerometer; autoplay; clipboard-write; encrypted-media; gyroscope; picture-in-picture; web-share\" referrerpolicy=\"strict-origin-when-cross-origin\" allowfullscreen><\/iframe><\/div>\n<p>I a m\u00e9s podem fer que puguis obrir la porta des del teu dispositiu m\u00f2bil cel\u00b7lular o smartfhone.<\/p>\n<h2>El futur dels controls d&#8217;acc\u00e9s<\/h2>\n<p>\u00c9s important saber que els temps, circumst\u00e0ncies, tecnologia, investigaci\u00f3 i desenvolupament avan\u00e7a a un pas gegant.<\/p>\n<p>Per aix\u00f2, la dom\u00f2tica combinat amb l&#8217;electr\u00f2nica estar\u00e0 en un futur a l&#8217;avantguarda de la seguretat.<\/p>\n<p>Si no innovem, no creixem i \u00e9s cada cop m\u00e9s la demanda existent en aquests camps tan verges i desconeguts.<\/p>\n<p>Gaireb\u00e9 ning\u00fa no s&#8217;atreveix ficar-s&#8217;hi i abordar-ne la part m\u00e9s complicada de la inform\u00e0tica combinada amb l&#8217;electr\u00f2nica.<\/p>\n<p>I si no creixem ens quedem obsolets.<\/p>\n<p>Els controls daccessos s\u00f3n el futur.<\/p>\n<h2>Ara veiem qu\u00e8 podem aconseguir de manera gr\u00e0fica amb els controls d&#8217;acc\u00e9s<\/h2>\n<div class='avia-iframe-wrap'><iframe loading=\"lazy\" title=\"Control de Acceso NO TOUCH + Cerradura motorizada WINKHAUS  (\ud83d\ude31MAGIA )\" width=\"1500\" height=\"844\" src=\"https:\/\/www.youtube.com\/embed\/a5GDZVN0WwM?feature=oembed\" frameborder=\"0\" allow=\"accelerometer; autoplay; clipboard-write; encrypted-media; gyroscope; picture-in-picture; web-share\" referrerpolicy=\"strict-origin-when-cross-origin\" allowfullscreen><\/iframe><\/div>\n<\/div><\/section><br \/>\n\n<style type=\"text\/css\" data-created_by=\"avia_inline_auto\" id=\"style-css-av-av_promobox-a5dd5e7f0195288e55b8f4b9157b5324\">\n.av_promobox.av-av_promobox-a5dd5e7f0195288e55b8f4b9157b5324{\ncolor:#ffffff;\nbackground:#000000;\nborder-color:#af0000;\n}\n<\/style>\n<div  class='av_promobox av-av_promobox-a5dd5e7f0195288e55b8f4b9157b5324 avia-button-yes  avia-builder-el-4  el_after_av_textblock  avia-builder-el-last '><div class='avia-promocontent'><\/p>\n<p style=\"text-align: center;\">\u00bfNecesita un cerrajero urgente en su zona? Contacte con nosotros.<\/p>\n<p>\n<\/div><div  class='avia-button-wrap av-av_button-51ec529248dbe4c45da4cc34ab98df58-wrap avia-button-right '><a href='https:\/\/cerrajerosenbarcelona.co\/contacto'  class='avia-button av-av_button-51ec529248dbe4c45da4cc34ab98df58 av-link-btn avia-icon_select-no avia-size-large avia-position-right avia-color-theme-color'   aria-label=\"CONTACTAR\"><span class='avia_iconbox_title' >CONTACTAR<\/span><\/a><\/div><\/div><\/p><\/div>\n<style type=\"text\/css\" data-created_by=\"avia_inline_auto\" id=\"style-css-av-av_one_third-f7c1061df29de8cca6b42fcf455fe4a0\">\n.flex_column.av-av_one_third-f7c1061df29de8cca6b42fcf455fe4a0{\nborder-radius:0px 0px 0px 0px;\npadding:0px 0px 0px 0px;\n}\n<\/style>\n<div  class='flex_column av-av_one_third-f7c1061df29de8cca6b42fcf455fe4a0 av_one_third  avia-builder-el-5  el_after_av_two_third  avia-builder-el-last  flex_column_div av-zero-column-padding  '     ><p>\n<style type=\"text\/css\" data-created_by=\"avia_inline_auto\" id=\"style-css-av-lg69lla0-adb2313f6c1da940b1049e91ffb6760b\">\n#top .av-special-heading.av-lg69lla0-adb2313f6c1da940b1049e91ffb6760b{\npadding-bottom:10px;\ncolor:#000000;\n}\nbody .av-special-heading.av-lg69lla0-adb2313f6c1da940b1049e91ffb6760b .av-special-heading-tag .heading-char{\nfont-size:25px;\n}\n.av-special-heading.av-lg69lla0-adb2313f6c1da940b1049e91ffb6760b .special-heading-inner-border{\nborder-color:#000000;\n}\n.av-special-heading.av-lg69lla0-adb2313f6c1da940b1049e91ffb6760b .av-subheading{\nfont-size:15px;\n}\n<\/style>\n<div  class='av-special-heading av-lg69lla0-adb2313f6c1da940b1049e91ffb6760b av-special-heading-h3 custom-color-heading blockquote modern-quote  avia-builder-el-6  el_before_av_hr  avia-builder-el-first  av-linked-heading'><h3 class='av-special-heading-tag '  >Pressupost a l\u2019instant gratu\u00eft<\/h3><div class=\"special-heading-border\"><div class=\"special-heading-inner-border\"><\/div><\/div><\/div><br \/>\n\n<style type=\"text\/css\" data-created_by=\"avia_inline_auto\" id=\"style-css-av-av_hr-1db3990e3ede245c14f5cf112d1789c8\">\n#top .hr.av-av_hr-1db3990e3ede245c14f5cf112d1789c8{\nmargin-top:10px;\nmargin-bottom:10px;\n}\n.hr.av-av_hr-1db3990e3ede245c14f5cf112d1789c8 .hr-inner{\nwidth:50px;\nborder-color:#b02b2c;\n}\n<\/style>\n<div  class='hr av-av_hr-1db3990e3ede245c14f5cf112d1789c8 hr-custom  avia-builder-el-7  el_after_av_heading  el_before_av_textblock  hr-left hr-icon-no'><span class='hr-inner inner-border-av-border-thin'><span class=\"hr-inner-style\"><\/span><\/span><\/div><br \/>\n<section  class='av_textblock_section av-av_textblock-18ec860c7e07088d2c0a993b614e8019 '  ><div class='avia_textblock' ><div><strong>93 323 8507 &#8211; 24H<br \/>\n629 58 70 22 &#8211; 24H<\/strong><\/div>\n<\/div><\/section><\/p><\/div><\/p>\n","protected":false},"excerpt":{"rendered":"","protected":false},"author":2,"featured_media":0,"parent":0,"menu_order":0,"comment_status":"closed","ping_status":"closed","template":"","meta":{"footnotes":""},"class_list":["post-1673","page","type-page","status-publish","hentry"],"yoast_head":"<!-- This site is optimized with the Yoast SEO plugin v26.6 - https:\/\/yoast.com\/wordpress\/plugins\/seo\/ -->\n<title>Controls d\u2019acc\u00e9s a Barcelona - Cerrajer\u00eda<\/title>\n<meta name=\"robots\" content=\"index, follow, max-snippet:-1, max-image-preview:large, max-video-preview:-1\" \/>\n<link rel=\"canonical\" href=\"https:\/\/cerrajerosenbarcelona.co\/ca\/controls-acces-barcelona\" \/>\n<meta property=\"og:locale\" content=\"ca_ES\" \/>\n<meta property=\"og:type\" content=\"article\" \/>\n<meta property=\"og:title\" content=\"Controls d\u2019acc\u00e9s a Barcelona - Cerrajer\u00eda\" \/>\n<meta property=\"og:url\" content=\"https:\/\/cerrajerosenbarcelona.co\/ca\/controls-acces-barcelona\" \/>\n<meta property=\"og:site_name\" content=\"Cerrajer\u00eda\" \/>\n<meta property=\"article:modified_time\" content=\"2023-04-07T11:56:36+00:00\" \/>\n<meta name=\"twitter:card\" content=\"summary_large_image\" \/>\n<meta name=\"twitter:label1\" content=\"Temps estimat de lectura\" \/>\n\t<meta name=\"twitter:data1\" content=\"5 minuts\" \/>\n<script type=\"application\/ld+json\" class=\"yoast-schema-graph\">{\"@context\":\"https:\/\/schema.org\",\"@graph\":[{\"@type\":\"WebPage\",\"@id\":\"https:\/\/cerrajerosenbarcelona.co\/ca\/controls-acces-barcelona\",\"url\":\"https:\/\/cerrajerosenbarcelona.co\/ca\/controls-acces-barcelona\",\"name\":\"Controls d\u2019acc\u00e9s a Barcelona - Cerrajer\u00eda\",\"isPartOf\":{\"@id\":\"https:\/\/cerrajerosenbarcelona.co\/#website\"},\"datePublished\":\"2023-04-07T08:10:01+00:00\",\"dateModified\":\"2023-04-07T11:56:36+00:00\",\"breadcrumb\":{\"@id\":\"https:\/\/cerrajerosenbarcelona.co\/ca\/controls-acces-barcelona#breadcrumb\"},\"inLanguage\":\"ca\",\"potentialAction\":[{\"@type\":\"ReadAction\",\"target\":[\"https:\/\/cerrajerosenbarcelona.co\/ca\/controls-acces-barcelona\"]}]},{\"@type\":\"BreadcrumbList\",\"@id\":\"https:\/\/cerrajerosenbarcelona.co\/ca\/controls-acces-barcelona#breadcrumb\",\"itemListElement\":[{\"@type\":\"ListItem\",\"position\":1,\"name\":\"Portada\",\"item\":\"https:\/\/cerrajerosenbarcelona.co\/ca\"},{\"@type\":\"ListItem\",\"position\":2,\"name\":\"Controls d\u2019acc\u00e9s a Barcelona\"}]},{\"@type\":\"WebSite\",\"@id\":\"https:\/\/cerrajerosenbarcelona.co\/#website\",\"url\":\"https:\/\/cerrajerosenbarcelona.co\/\",\"name\":\"Cerrajer\u00eda\",\"description\":\"Otro sitio realizado con WordPress\",\"publisher\":{\"@id\":\"https:\/\/cerrajerosenbarcelona.co\/#organization\"},\"potentialAction\":[{\"@type\":\"SearchAction\",\"target\":{\"@type\":\"EntryPoint\",\"urlTemplate\":\"https:\/\/cerrajerosenbarcelona.co\/?s={search_term_string}\"},\"query-input\":{\"@type\":\"PropertyValueSpecification\",\"valueRequired\":true,\"valueName\":\"search_term_string\"}}],\"inLanguage\":\"ca\"},{\"@type\":\"Organization\",\"@id\":\"https:\/\/cerrajerosenbarcelona.co\/#organization\",\"name\":\"Cerrajer\u00eda TDA Barcelona\",\"url\":\"https:\/\/cerrajerosenbarcelona.co\/\",\"logo\":{\"@type\":\"ImageObject\",\"inLanguage\":\"ca\",\"@id\":\"https:\/\/cerrajerosenbarcelona.co\/#\/schema\/logo\/image\/\",\"url\":\"https:\/\/cerrajerosenbarcelona.co\/wp-content\/uploads\/2019\/11\/cerrajeria-tda-barcelona-logo-2.png\",\"contentUrl\":\"https:\/\/cerrajerosenbarcelona.co\/wp-content\/uploads\/2019\/11\/cerrajeria-tda-barcelona-logo-2.png\",\"width\":332,\"height\":98,\"caption\":\"Cerrajer\u00eda TDA Barcelona\"},\"image\":{\"@id\":\"https:\/\/cerrajerosenbarcelona.co\/#\/schema\/logo\/image\/\"}}]}<\/script>\n<!-- \/ Yoast SEO plugin. -->","yoast_head_json":{"title":"Controls d\u2019acc\u00e9s a Barcelona - Cerrajer\u00eda","robots":{"index":"index","follow":"follow","max-snippet":"max-snippet:-1","max-image-preview":"max-image-preview:large","max-video-preview":"max-video-preview:-1"},"canonical":"https:\/\/cerrajerosenbarcelona.co\/ca\/controls-acces-barcelona","og_locale":"ca_ES","og_type":"article","og_title":"Controls d\u2019acc\u00e9s a Barcelona - Cerrajer\u00eda","og_url":"https:\/\/cerrajerosenbarcelona.co\/ca\/controls-acces-barcelona","og_site_name":"Cerrajer\u00eda","article_modified_time":"2023-04-07T11:56:36+00:00","twitter_card":"summary_large_image","twitter_misc":{"Temps estimat de lectura":"5 minuts"},"schema":{"@context":"https:\/\/schema.org","@graph":[{"@type":"WebPage","@id":"https:\/\/cerrajerosenbarcelona.co\/ca\/controls-acces-barcelona","url":"https:\/\/cerrajerosenbarcelona.co\/ca\/controls-acces-barcelona","name":"Controls d\u2019acc\u00e9s a Barcelona - Cerrajer\u00eda","isPartOf":{"@id":"https:\/\/cerrajerosenbarcelona.co\/#website"},"datePublished":"2023-04-07T08:10:01+00:00","dateModified":"2023-04-07T11:56:36+00:00","breadcrumb":{"@id":"https:\/\/cerrajerosenbarcelona.co\/ca\/controls-acces-barcelona#breadcrumb"},"inLanguage":"ca","potentialAction":[{"@type":"ReadAction","target":["https:\/\/cerrajerosenbarcelona.co\/ca\/controls-acces-barcelona"]}]},{"@type":"BreadcrumbList","@id":"https:\/\/cerrajerosenbarcelona.co\/ca\/controls-acces-barcelona#breadcrumb","itemListElement":[{"@type":"ListItem","position":1,"name":"Portada","item":"https:\/\/cerrajerosenbarcelona.co\/ca"},{"@type":"ListItem","position":2,"name":"Controls d\u2019acc\u00e9s a Barcelona"}]},{"@type":"WebSite","@id":"https:\/\/cerrajerosenbarcelona.co\/#website","url":"https:\/\/cerrajerosenbarcelona.co\/","name":"Cerrajer\u00eda","description":"Otro sitio realizado con WordPress","publisher":{"@id":"https:\/\/cerrajerosenbarcelona.co\/#organization"},"potentialAction":[{"@type":"SearchAction","target":{"@type":"EntryPoint","urlTemplate":"https:\/\/cerrajerosenbarcelona.co\/?s={search_term_string}"},"query-input":{"@type":"PropertyValueSpecification","valueRequired":true,"valueName":"search_term_string"}}],"inLanguage":"ca"},{"@type":"Organization","@id":"https:\/\/cerrajerosenbarcelona.co\/#organization","name":"Cerrajer\u00eda TDA Barcelona","url":"https:\/\/cerrajerosenbarcelona.co\/","logo":{"@type":"ImageObject","inLanguage":"ca","@id":"https:\/\/cerrajerosenbarcelona.co\/#\/schema\/logo\/image\/","url":"https:\/\/cerrajerosenbarcelona.co\/wp-content\/uploads\/2019\/11\/cerrajeria-tda-barcelona-logo-2.png","contentUrl":"https:\/\/cerrajerosenbarcelona.co\/wp-content\/uploads\/2019\/11\/cerrajeria-tda-barcelona-logo-2.png","width":332,"height":98,"caption":"Cerrajer\u00eda TDA Barcelona"},"image":{"@id":"https:\/\/cerrajerosenbarcelona.co\/#\/schema\/logo\/image\/"}}]}},"_links":{"self":[{"href":"https:\/\/cerrajerosenbarcelona.co\/ca\/wp-json\/wp\/v2\/pages\/1673","targetHints":{"allow":["GET"]}}],"collection":[{"href":"https:\/\/cerrajerosenbarcelona.co\/ca\/wp-json\/wp\/v2\/pages"}],"about":[{"href":"https:\/\/cerrajerosenbarcelona.co\/ca\/wp-json\/wp\/v2\/types\/page"}],"author":[{"embeddable":true,"href":"https:\/\/cerrajerosenbarcelona.co\/ca\/wp-json\/wp\/v2\/users\/2"}],"replies":[{"embeddable":true,"href":"https:\/\/cerrajerosenbarcelona.co\/ca\/wp-json\/wp\/v2\/comments?post=1673"}],"version-history":[{"count":1,"href":"https:\/\/cerrajerosenbarcelona.co\/ca\/wp-json\/wp\/v2\/pages\/1673\/revisions"}],"predecessor-version":[{"id":1674,"href":"https:\/\/cerrajerosenbarcelona.co\/ca\/wp-json\/wp\/v2\/pages\/1673\/revisions\/1674"}],"wp:attachment":[{"href":"https:\/\/cerrajerosenbarcelona.co\/ca\/wp-json\/wp\/v2\/media?parent=1673"}],"curies":[{"name":"wp","href":"https:\/\/api.w.org\/{rel}","templated":true}]}}