{"id":1676,"date":"2023-04-07T14:01:11","date_gmt":"2023-04-07T12:01:11","guid":{"rendered":"https:\/\/cerrajerosenbarcelona.co\/?page_id=1676"},"modified":"2023-04-07T14:02:10","modified_gmt":"2023-04-07T12:02:10","slug":"persianes-barcelona","status":"publish","type":"page","link":"https:\/\/cerrajerosenbarcelona.co\/ca\/persianes-barcelona","title":{"rendered":"Persianes Barcelona"},"content":{"rendered":"\n<style type=\"text\/css\" data-created_by=\"avia_inline_auto\" id=\"style-css-av-ga0klo-12f0d3df907ee198ccdb219bcdc9d269\">\n.avia-section.av-ga0klo-12f0d3df907ee198ccdb219bcdc9d269{\nbackground-color:#000000;\nbackground-image:unset;\n}\n.avia-section.av-ga0klo-12f0d3df907ee198ccdb219bcdc9d269 .av-extra-border-element .av-extra-border-inner{\nbackground-color:#000000;\n}\n<\/style>\n<div id='av_section_1'  class='avia-section av-ga0klo-12f0d3df907ee198ccdb219bcdc9d269 main_color avia-section-large avia-no-border-styling  avia-builder-el-0  el_before_av_two_third  avia-builder-el-first  avia-bg-style-scroll av-arrow-down-section container_wrap fullsize'  ><div class='container av-section-cont-open' ><main  class='template-page content  av-content-full alpha units'><div class='post-entry post-entry-type-page post-entry-1676'><div class='entry-content-wrapper clearfix'>\n\n<style type=\"text\/css\" data-created_by=\"avia_inline_auto\" id=\"style-css-av-lg6hv5m4-ddb1280f622ca3aac5565aa638d6e80a\">\n#top .av-special-heading.av-lg6hv5m4-ddb1280f622ca3aac5565aa638d6e80a{\npadding-bottom:10px;\ncolor:#ffffff;\n}\nbody .av-special-heading.av-lg6hv5m4-ddb1280f622ca3aac5565aa638d6e80a .av-special-heading-tag .heading-char{\nfont-size:25px;\n}\n.av-special-heading.av-lg6hv5m4-ddb1280f622ca3aac5565aa638d6e80a .special-heading-inner-border{\nborder-color:#ffffff;\n}\n.av-special-heading.av-lg6hv5m4-ddb1280f622ca3aac5565aa638d6e80a .av-subheading{\nfont-size:15px;\n}\n<\/style>\n<div  class='av-special-heading av-lg6hv5m4-ddb1280f622ca3aac5565aa638d6e80a av-special-heading-h1 custom-color-heading blockquote modern-quote modern-centered  avia-builder-el-1  avia-builder-el-no-sibling  av-linked-heading'><h1 class='av-special-heading-tag '  >Persianes Barcelona<\/h1><div class=\"special-heading-border\"><div class=\"special-heading-inner-border\"><\/div><\/div><\/div>\n<\/div><\/div><\/main><!-- close content main element --><\/div><div class='av-extra-border-element border-extra-arrow-down'><div class='av-extra-border-outer'><div class='av-extra-border-inner'><\/div><\/div><\/div><\/div><div id='after_section_1'  class='main_color av_default_container_wrap container_wrap fullsize'  ><div class='container av-section-cont-open' ><div class='template-page content  av-content-full alpha units'><div class='post-entry post-entry-type-page post-entry-1676'><div class='entry-content-wrapper clearfix'>\n\n<style type=\"text\/css\" data-created_by=\"avia_inline_auto\" id=\"style-css-av-1hgbzg-d1a25295f26b0a0c6bc9df2238eb7792\">\n.flex_column.av-1hgbzg-d1a25295f26b0a0c6bc9df2238eb7792{\nborder-radius:0px 0px 0px 0px;\npadding:0px 0px 0px 0px;\n}\n<\/style>\n<div  class='flex_column av-1hgbzg-d1a25295f26b0a0c6bc9df2238eb7792 av_two_third  avia-builder-el-2  el_after_av_section  el_before_av_one_third  avia-builder-el-first  first flex_column_div av-zero-column-padding  '     ><p><section  class='av_textblock_section av-lg6hwa5m-e7eb5530b745a51999cb9cda96337dd0 '  ><div class='avia_textblock' ><p>La nostra empresa est\u00e0 composta de t\u00e8cnics experts en persianes. El nostre objectiu \u00e9s oferir als nostres clients les millors persianes de Barcelona.<\/p>\n<p>Independentment de si necessiteu persianes noves o un servei de reparaci\u00f3, els nostres t\u00e8cnics podran oferir-te el servei m\u00e9s adequat a les teves necessitats.<\/p>\n<h2>Col\u00b7locaci\u00f3, adaptaci\u00f3 i reparaci\u00f3 de persianes met\u00e0l\u00b7liques<\/h2>\n<p>Si se us presenta un problema amb la seva persiana, disposem de t\u00e8cnics que es desplacessin per a:<\/p>\n<ul>\n<li>Col\u00b7locar la persiana a les guies, o canviar les guies.<\/li>\n<li>Posar al seu lloc les lames<\/li>\n<li>Canviar els faldons de la persia<\/li>\n<\/ul>\n<div class=\"module-title\">\n<h3 class=\"title\">Col\u00b7locaci\u00f3 i adaptaci\u00f3 de persianes met\u00e0l\u00b7liques<\/h3>\n<\/div>\n<p>A part col\u00b7loquem i adaptem persianes enrotllables met\u00e0l\u00b7liques:<\/p>\n<ul>\n<li>Enrotllable (l\u00e0mina cega), amb vista a l&#8217;interior (romboide)<\/li>\n<li>Practicables(basculants d&#8217;una fulla, de dues fulles,etc)<\/li>\n<li>Ballestes, etc.<\/li>\n<\/ul>\n<div class=\"module-title\">\n<h3 class=\"title\">Reparaci\u00f3 de persianes met\u00e0l\u00b7liques<\/h3>\n<p>Disposem de professionals que s&#8217;encarregaran de la reparaci\u00f3 de la seva persiana, fent possible que pugueu tancar el vostre establiment amb total seguretat.<\/p>\n<div class=\"module-title\">\n<h3 class=\"title\">Reparaci\u00f3 de persiana de petxina<\/h3>\n<p>Les persianes de petxina estan dissenyades espec\u00edficament perqu\u00e8 es pugui veure l&#8217;interior del comer\u00e7 i mostrar-ne el g\u00e8nere per tenir una font potencial de vendes futura.<\/p>\n<p>No \u00e9s necessari el fet de canviar tota la persiana, ja que aix\u00f2 ocasiona molta despesa. Nosaltres us oferim la possibilitat de crear una persiana vista, sense necessitat de canviar-la sencera.<\/p>\n<p>MATERIALS DE PRIMERA QUALITAT I AMB TOTAL GARANTIA EN FERRO GALVANITZAT. TRUQUI&#8217;NS!!!<\/p>\n<div class=\"module-title\">\n<h3 class=\"title\">Altres serveis:<\/h3>\n<div class=\"module-title\">\n<div>\n<div class=\"module-title\">\n<ul>\n<li class=\"title\">Reparaci\u00f3 de persianes de ballestes<\/li>\n<li class=\"title\">Instal\u00b7laci\u00f3 de persianes enrotllable<\/li>\n<li class=\"title\">Instal\u00b7laci\u00f3 de persiana doble<\/li>\n<li class=\"title\">Instal\u00b7laci\u00f3 de ballesta<\/li>\n<li class=\"title\">Instal\u00b7laci\u00f3 de persiana mixta<\/li>\n<li class=\"title\">Reparaci\u00f3 de persiana mixta<\/li>\n<li class=\"title\">Persiana enrotllable amb porta<\/li>\n<li class=\"title\">Instal\u00b7laci\u00f3 de persiana met\u00e0l\u00b7lica cega<\/li>\n<li class=\"title\">Reparaci\u00f3 de ballesta fracturada<\/li>\n<li class=\"title\">Arranjament de ballestes<\/li>\n<\/ul>\n<h2>Motors el\u00e8ctrics per a persianes<\/h2>\n<p>Disposem d&#8217;un personal t\u00e8cnic altament qualificat que acoblar\u00e0 a la seva persiana, (b\u00e9 sigui enrotllable o basculant) un motor perqu\u00e8 deixi de patir aquest patiment d&#8217;esquena cada mat\u00ed. Diversos models de motors de Forsa (unik i saturn) amb una for\u00e7a de tracci\u00f3 d&#8217;un m\u00ednim de 220kg; adaptaci\u00f3, instal\u00b7laci\u00f3 el\u00e8ctrica, c\u00e8l\u00b7lules fotoel\u00e8ctriques, rel\u00e9s i contactors, finals de carrera, etc. Comandaments a dist\u00e0ncia (telecomandaments).<\/p>\n<h2>Persianes dom\u00e8stiques<\/h2>\n<p>Disposem d\u00b4un equip t\u00e8cnic qualificat que instal\u00b7la, canvia i adapta persianes dom\u00e8stiques. Tamb\u00e9 realitza canvis de corretges, rodets, eixos, o lamel\u00b7les de forma immediata.<\/p>\n<ul>\n<li>Reparaci\u00f3 de persianes dom\u00e8stiques<\/li>\n<li>Reparaci\u00f3 de persianes de grans dimensions<\/li>\n<li>Instal\u00b7laci\u00f3 de persiana per a qualsevol tipus de finestra<\/li>\n<\/ul>\n<\/div>\n<\/div>\n<\/div>\n<\/div>\n<\/div>\n<\/div>\n<\/div><\/section><br \/>\n\n<style type=\"text\/css\" data-created_by=\"avia_inline_auto\" id=\"style-css-av-lg6hwrgk-3b2fe30b794aaa21226a2f7919fdd578\">\n.av_promobox.av-lg6hwrgk-3b2fe30b794aaa21226a2f7919fdd578{\ncolor:#ffffff;\nbackground:#000000;\nborder-color:#af0000;\n}\n<\/style>\n<div  class='av_promobox av-lg6hwrgk-3b2fe30b794aaa21226a2f7919fdd578 avia-button-yes  avia-builder-el-4  el_after_av_textblock  avia-builder-el-last '><div class='avia-promocontent'><\/p>\n<p style=\"text-align: center;\">Necessita un many\u00e0 urgent a la seva zona? Contacti amb nosaltres.<\/p>\n<p>\n<\/div><div  class='avia-button-wrap av-lg6hwrgk-3871c5895f2defca29e2cea8268aa1b7-wrap avia-button-right '><a href='https:\/\/cerrajerosenbarcelona.co\/ca\/bloc-serralleria'  class='avia-button av-lg6hwrgk-3871c5895f2defca29e2cea8268aa1b7 av-link-btn avia-icon_select-no avia-size-large avia-position-right avia-color-theme-color'   aria-label=\"CONTACTAR\"><span class='avia_iconbox_title' >CONTACTAR<\/span><\/a><\/div><\/div><\/p><\/div>\n\n<style type=\"text\/css\" data-created_by=\"avia_inline_auto\" id=\"style-css-av-cqg8j0-7dfeae84a9e54a1c45ae62a4949ba0a6\">\n.flex_column.av-cqg8j0-7dfeae84a9e54a1c45ae62a4949ba0a6{\nborder-radius:0px 0px 0px 0px;\npadding:0px 0px 0px 0px;\n}\n<\/style>\n<div  class='flex_column av-cqg8j0-7dfeae84a9e54a1c45ae62a4949ba0a6 av_one_third  avia-builder-el-5  el_after_av_two_third  avia-builder-el-last  flex_column_div av-zero-column-padding  '     ><p>\n<style type=\"text\/css\" data-created_by=\"avia_inline_auto\" id=\"style-css-av-b68hl8-7554e4af30950ec117a893436d194ea0\">\n#top .av-special-heading.av-b68hl8-7554e4af30950ec117a893436d194ea0{\npadding-bottom:10px;\ncolor:#000000;\n}\nbody .av-special-heading.av-b68hl8-7554e4af30950ec117a893436d194ea0 .av-special-heading-tag .heading-char{\nfont-size:25px;\n}\n.av-special-heading.av-b68hl8-7554e4af30950ec117a893436d194ea0 .special-heading-inner-border{\nborder-color:#000000;\n}\n.av-special-heading.av-b68hl8-7554e4af30950ec117a893436d194ea0 .av-subheading{\nfont-size:15px;\n}\n<\/style>\n<div  class='av-special-heading av-b68hl8-7554e4af30950ec117a893436d194ea0 av-special-heading-h3 custom-color-heading blockquote modern-quote  avia-builder-el-6  el_before_av_hr  avia-builder-el-first  av-linked-heading'><h3 class='av-special-heading-tag '  >Pressupost a l\u2019instant gratu\u00eft<\/h3><div class=\"special-heading-border\"><div class=\"special-heading-inner-border\"><\/div><\/div><\/div><br \/>\n\n<style type=\"text\/css\" data-created_by=\"avia_inline_auto\" id=\"style-css-av-9t0dak-76465b903037f457a316d5cbd09cae28\">\n#top .hr.av-9t0dak-76465b903037f457a316d5cbd09cae28{\nmargin-top:10px;\nmargin-bottom:10px;\n}\n.hr.av-9t0dak-76465b903037f457a316d5cbd09cae28 .hr-inner{\nwidth:50px;\nborder-color:#b02b2c;\n}\n<\/style>\n<div  class='hr av-9t0dak-76465b903037f457a316d5cbd09cae28 hr-custom  avia-builder-el-7  el_after_av_heading  el_before_av_textblock  hr-left hr-icon-no'><span class='hr-inner inner-border-av-border-thin'><span class=\"hr-inner-style\"><\/span><\/span><\/div><br \/>\n<section  class='av_textblock_section av-7d8fks-319c91845b78727a537f3f7eff960970 '  ><div class='avia_textblock' ><div><strong>93 323 8507 &#8211; 24H<br \/>\n629 58 70 22 &#8211; 24H<\/strong><\/div>\n<\/div><\/section><br \/>\n\n<style type=\"text\/css\" data-created_by=\"avia_inline_auto\" id=\"style-css-av-6lfhmk-380be31d323505580cfd27a57866b1fe\">\n#top .av-special-heading.av-6lfhmk-380be31d323505580cfd27a57866b1fe{\npadding-bottom:10px;\ncolor:#000000;\n}\nbody .av-special-heading.av-6lfhmk-380be31d323505580cfd27a57866b1fe .av-special-heading-tag .heading-char{\nfont-size:25px;\n}\n.av-special-heading.av-6lfhmk-380be31d323505580cfd27a57866b1fe .special-heading-inner-border{\nborder-color:#000000;\n}\n.av-special-heading.av-6lfhmk-380be31d323505580cfd27a57866b1fe .av-subheading{\nfont-size:15px;\n}\n<\/style>\n<div  class='av-special-heading av-6lfhmk-380be31d323505580cfd27a57866b1fe av-special-heading-h4 custom-color-heading blockquote modern-quote  avia-builder-el-9  el_after_av_textblock  el_before_av_hr '><h4 class='av-special-heading-tag '  >Nuestros Servicios<\/h4><div class=\"special-heading-border\"><div class=\"special-heading-inner-border\"><\/div><\/div><\/div><br \/>\n\n<style type=\"text\/css\" data-created_by=\"avia_inline_auto\" id=\"style-css-av-4a4ay4-1faac2e0cced5c99bb3f2317e8f1e008\">\n#top .hr.av-4a4ay4-1faac2e0cced5c99bb3f2317e8f1e008{\nmargin-top:10px;\nmargin-bottom:10px;\n}\n.hr.av-4a4ay4-1faac2e0cced5c99bb3f2317e8f1e008 .hr-inner{\nwidth:50px;\nborder-color:#b02b2c;\n}\n<\/style>\n<div  class='hr av-4a4ay4-1faac2e0cced5c99bb3f2317e8f1e008 hr-custom  avia-builder-el-10  el_after_av_heading  el_before_av_textblock  hr-left hr-icon-no'><span class='hr-inner inner-border-av-border-thin'><span class=\"hr-inner-style\"><\/span><\/span><\/div><br \/>\n<section  class='av_textblock_section av-2liszw-9c2ef2e5f1d87e616e564ca04a3483f7 '  ><div class='avia_textblock' ><\/div><\/section><\/p><\/div>\n","protected":false},"excerpt":{"rendered":"","protected":false},"author":2,"featured_media":0,"parent":0,"menu_order":0,"comment_status":"closed","ping_status":"closed","template":"","meta":{"footnotes":""},"class_list":["post-1676","page","type-page","status-publish","hentry"],"yoast_head":"<!-- This site is optimized with the Yoast SEO plugin v26.6 - https:\/\/yoast.com\/wordpress\/plugins\/seo\/ -->\n<title>Persianes Barcelona - Cerrajer\u00eda<\/title>\n<meta name=\"robots\" content=\"index, follow, max-snippet:-1, max-image-preview:large, max-video-preview:-1\" \/>\n<link rel=\"canonical\" href=\"https:\/\/cerrajerosenbarcelona.co\/ca\/persianes-barcelona\" \/>\n<meta property=\"og:locale\" content=\"ca_ES\" \/>\n<meta property=\"og:type\" content=\"article\" \/>\n<meta property=\"og:title\" content=\"Persianes Barcelona - Cerrajer\u00eda\" \/>\n<meta property=\"og:url\" content=\"https:\/\/cerrajerosenbarcelona.co\/ca\/persianes-barcelona\" \/>\n<meta property=\"og:site_name\" content=\"Cerrajer\u00eda\" \/>\n<meta property=\"article:modified_time\" content=\"2023-04-07T12:02:10+00:00\" \/>\n<meta name=\"twitter:card\" content=\"summary_large_image\" \/>\n<meta name=\"twitter:label1\" content=\"Temps estimat de lectura\" \/>\n\t<meta name=\"twitter:data1\" content=\"4 minuts\" \/>\n<script type=\"application\/ld+json\" class=\"yoast-schema-graph\">{\"@context\":\"https:\/\/schema.org\",\"@graph\":[{\"@type\":\"WebPage\",\"@id\":\"https:\/\/cerrajerosenbarcelona.co\/ca\/persianes-barcelona\",\"url\":\"https:\/\/cerrajerosenbarcelona.co\/ca\/persianes-barcelona\",\"name\":\"Persianes Barcelona - Cerrajer\u00eda\",\"isPartOf\":{\"@id\":\"https:\/\/cerrajerosenbarcelona.co\/#website\"},\"datePublished\":\"2023-04-07T12:01:11+00:00\",\"dateModified\":\"2023-04-07T12:02:10+00:00\",\"breadcrumb\":{\"@id\":\"https:\/\/cerrajerosenbarcelona.co\/ca\/persianes-barcelona#breadcrumb\"},\"inLanguage\":\"ca\",\"potentialAction\":[{\"@type\":\"ReadAction\",\"target\":[\"https:\/\/cerrajerosenbarcelona.co\/ca\/persianes-barcelona\"]}]},{\"@type\":\"BreadcrumbList\",\"@id\":\"https:\/\/cerrajerosenbarcelona.co\/ca\/persianes-barcelona#breadcrumb\",\"itemListElement\":[{\"@type\":\"ListItem\",\"position\":1,\"name\":\"Portada\",\"item\":\"https:\/\/cerrajerosenbarcelona.co\/ca\"},{\"@type\":\"ListItem\",\"position\":2,\"name\":\"Persianes Barcelona\"}]},{\"@type\":\"WebSite\",\"@id\":\"https:\/\/cerrajerosenbarcelona.co\/#website\",\"url\":\"https:\/\/cerrajerosenbarcelona.co\/\",\"name\":\"Cerrajer\u00eda\",\"description\":\"Otro sitio realizado con WordPress\",\"publisher\":{\"@id\":\"https:\/\/cerrajerosenbarcelona.co\/#organization\"},\"potentialAction\":[{\"@type\":\"SearchAction\",\"target\":{\"@type\":\"EntryPoint\",\"urlTemplate\":\"https:\/\/cerrajerosenbarcelona.co\/?s={search_term_string}\"},\"query-input\":{\"@type\":\"PropertyValueSpecification\",\"valueRequired\":true,\"valueName\":\"search_term_string\"}}],\"inLanguage\":\"ca\"},{\"@type\":\"Organization\",\"@id\":\"https:\/\/cerrajerosenbarcelona.co\/#organization\",\"name\":\"Cerrajer\u00eda TDA Barcelona\",\"url\":\"https:\/\/cerrajerosenbarcelona.co\/\",\"logo\":{\"@type\":\"ImageObject\",\"inLanguage\":\"ca\",\"@id\":\"https:\/\/cerrajerosenbarcelona.co\/#\/schema\/logo\/image\/\",\"url\":\"https:\/\/cerrajerosenbarcelona.co\/wp-content\/uploads\/2019\/11\/cerrajeria-tda-barcelona-logo-2.png\",\"contentUrl\":\"https:\/\/cerrajerosenbarcelona.co\/wp-content\/uploads\/2019\/11\/cerrajeria-tda-barcelona-logo-2.png\",\"width\":332,\"height\":98,\"caption\":\"Cerrajer\u00eda TDA Barcelona\"},\"image\":{\"@id\":\"https:\/\/cerrajerosenbarcelona.co\/#\/schema\/logo\/image\/\"}}]}<\/script>\n<!-- \/ Yoast SEO plugin. -->","yoast_head_json":{"title":"Persianes Barcelona - Cerrajer\u00eda","robots":{"index":"index","follow":"follow","max-snippet":"max-snippet:-1","max-image-preview":"max-image-preview:large","max-video-preview":"max-video-preview:-1"},"canonical":"https:\/\/cerrajerosenbarcelona.co\/ca\/persianes-barcelona","og_locale":"ca_ES","og_type":"article","og_title":"Persianes Barcelona - Cerrajer\u00eda","og_url":"https:\/\/cerrajerosenbarcelona.co\/ca\/persianes-barcelona","og_site_name":"Cerrajer\u00eda","article_modified_time":"2023-04-07T12:02:10+00:00","twitter_card":"summary_large_image","twitter_misc":{"Temps estimat de lectura":"4 minuts"},"schema":{"@context":"https:\/\/schema.org","@graph":[{"@type":"WebPage","@id":"https:\/\/cerrajerosenbarcelona.co\/ca\/persianes-barcelona","url":"https:\/\/cerrajerosenbarcelona.co\/ca\/persianes-barcelona","name":"Persianes Barcelona - Cerrajer\u00eda","isPartOf":{"@id":"https:\/\/cerrajerosenbarcelona.co\/#website"},"datePublished":"2023-04-07T12:01:11+00:00","dateModified":"2023-04-07T12:02:10+00:00","breadcrumb":{"@id":"https:\/\/cerrajerosenbarcelona.co\/ca\/persianes-barcelona#breadcrumb"},"inLanguage":"ca","potentialAction":[{"@type":"ReadAction","target":["https:\/\/cerrajerosenbarcelona.co\/ca\/persianes-barcelona"]}]},{"@type":"BreadcrumbList","@id":"https:\/\/cerrajerosenbarcelona.co\/ca\/persianes-barcelona#breadcrumb","itemListElement":[{"@type":"ListItem","position":1,"name":"Portada","item":"https:\/\/cerrajerosenbarcelona.co\/ca"},{"@type":"ListItem","position":2,"name":"Persianes Barcelona"}]},{"@type":"WebSite","@id":"https:\/\/cerrajerosenbarcelona.co\/#website","url":"https:\/\/cerrajerosenbarcelona.co\/","name":"Cerrajer\u00eda","description":"Otro sitio realizado con WordPress","publisher":{"@id":"https:\/\/cerrajerosenbarcelona.co\/#organization"},"potentialAction":[{"@type":"SearchAction","target":{"@type":"EntryPoint","urlTemplate":"https:\/\/cerrajerosenbarcelona.co\/?s={search_term_string}"},"query-input":{"@type":"PropertyValueSpecification","valueRequired":true,"valueName":"search_term_string"}}],"inLanguage":"ca"},{"@type":"Organization","@id":"https:\/\/cerrajerosenbarcelona.co\/#organization","name":"Cerrajer\u00eda TDA Barcelona","url":"https:\/\/cerrajerosenbarcelona.co\/","logo":{"@type":"ImageObject","inLanguage":"ca","@id":"https:\/\/cerrajerosenbarcelona.co\/#\/schema\/logo\/image\/","url":"https:\/\/cerrajerosenbarcelona.co\/wp-content\/uploads\/2019\/11\/cerrajeria-tda-barcelona-logo-2.png","contentUrl":"https:\/\/cerrajerosenbarcelona.co\/wp-content\/uploads\/2019\/11\/cerrajeria-tda-barcelona-logo-2.png","width":332,"height":98,"caption":"Cerrajer\u00eda TDA Barcelona"},"image":{"@id":"https:\/\/cerrajerosenbarcelona.co\/#\/schema\/logo\/image\/"}}]}},"_links":{"self":[{"href":"https:\/\/cerrajerosenbarcelona.co\/ca\/wp-json\/wp\/v2\/pages\/1676","targetHints":{"allow":["GET"]}}],"collection":[{"href":"https:\/\/cerrajerosenbarcelona.co\/ca\/wp-json\/wp\/v2\/pages"}],"about":[{"href":"https:\/\/cerrajerosenbarcelona.co\/ca\/wp-json\/wp\/v2\/types\/page"}],"author":[{"embeddable":true,"href":"https:\/\/cerrajerosenbarcelona.co\/ca\/wp-json\/wp\/v2\/users\/2"}],"replies":[{"embeddable":true,"href":"https:\/\/cerrajerosenbarcelona.co\/ca\/wp-json\/wp\/v2\/comments?post=1676"}],"version-history":[{"count":2,"href":"https:\/\/cerrajerosenbarcelona.co\/ca\/wp-json\/wp\/v2\/pages\/1676\/revisions"}],"predecessor-version":[{"id":1678,"href":"https:\/\/cerrajerosenbarcelona.co\/ca\/wp-json\/wp\/v2\/pages\/1676\/revisions\/1678"}],"wp:attachment":[{"href":"https:\/\/cerrajerosenbarcelona.co\/ca\/wp-json\/wp\/v2\/media?parent=1676"}],"curies":[{"name":"wp","href":"https:\/\/api.w.org\/{rel}","templated":true}]}}