{"id":1684,"date":"2023-04-07T14:12:59","date_gmt":"2023-04-07T12:12:59","guid":{"rendered":"https:\/\/cerrajerosenbarcelona.co\/?page_id=1684"},"modified":"2023-04-07T14:12:59","modified_gmt":"2023-04-07T12:12:59","slug":"panys-seguretat","status":"publish","type":"page","link":"https:\/\/cerrajerosenbarcelona.co\/ca\/panys-seguretat","title":{"rendered":"Panys Seguretat"},"content":{"rendered":"\n<style type=\"text\/css\" data-created_by=\"avia_inline_auto\" id=\"style-css-av-av_section-5b5f61f72f70f9a27d6c4fe82794c582\">\n.avia-section.av-av_section-5b5f61f72f70f9a27d6c4fe82794c582{\nbackground-color:#000000;\nbackground-image:unset;\n}\n.avia-section.av-av_section-5b5f61f72f70f9a27d6c4fe82794c582 .av-extra-border-element .av-extra-border-inner{\nbackground-color:#000000;\n}\n<\/style>\n<div id='av_section_1'  class='avia-section av-av_section-5b5f61f72f70f9a27d6c4fe82794c582 main_color avia-section-large avia-no-border-styling  avia-builder-el-0  el_before_av_two_third  avia-builder-el-first  avia-bg-style-scroll av-arrow-down-section container_wrap fullsize'  ><div class='container av-section-cont-open' ><main  class='template-page content  av-content-full alpha units'><div class='post-entry post-entry-type-page post-entry-1684'><div class='entry-content-wrapper clearfix'>\n\n<style type=\"text\/css\" data-created_by=\"avia_inline_auto\" id=\"style-css-av-av_heading-acdf99c452a20f696ae6eeb3e0cc5d35\">\n#top .av-special-heading.av-av_heading-acdf99c452a20f696ae6eeb3e0cc5d35{\npadding-bottom:10px;\ncolor:#ffffff;\n}\nbody .av-special-heading.av-av_heading-acdf99c452a20f696ae6eeb3e0cc5d35 .av-special-heading-tag .heading-char{\nfont-size:25px;\n}\n.av-special-heading.av-av_heading-acdf99c452a20f696ae6eeb3e0cc5d35 .special-heading-inner-border{\nborder-color:#ffffff;\n}\n.av-special-heading.av-av_heading-acdf99c452a20f696ae6eeb3e0cc5d35 .av-subheading{\nfont-size:15px;\n}\n<\/style>\n<div  class='av-special-heading av-av_heading-acdf99c452a20f696ae6eeb3e0cc5d35 av-special-heading-h1 custom-color-heading blockquote modern-quote modern-centered  avia-builder-el-1  avia-builder-el-no-sibling  av-linked-heading'><h1 class='av-special-heading-tag '  >Panys Seguretat Barcelona<\/h1><div class=\"special-heading-border\"><div class=\"special-heading-inner-border\"><\/div><\/div><\/div>\n<\/div><\/div><\/main><!-- close content main element --><\/div><div class='av-extra-border-element border-extra-arrow-down'><div class='av-extra-border-outer'><div class='av-extra-border-inner'><\/div><\/div><\/div><\/div><div id='after_section_1'  class='main_color av_default_container_wrap container_wrap fullsize'  ><div class='container av-section-cont-open' ><div class='template-page content  av-content-full alpha units'><div class='post-entry post-entry-type-page post-entry-1684'><div class='entry-content-wrapper clearfix'>\n\n<style type=\"text\/css\" data-created_by=\"avia_inline_auto\" id=\"style-css-av-av_two_third-25347b0a799d5b9f7058434b2a9c3182\">\n.flex_column.av-av_two_third-25347b0a799d5b9f7058434b2a9c3182{\nborder-radius:0px 0px 0px 0px;\npadding:0px 0px 0px 0px;\n}\n<\/style>\n<div  class='flex_column av-av_two_third-25347b0a799d5b9f7058434b2a9c3182 av_two_third  avia-builder-el-2  el_after_av_section  el_before_av_one_third  avia-builder-el-first  first flex_column_div av-zero-column-padding  '     ><p><section  class='av_textblock_section av-av_textblock-7a1af7d8f9790576b1769c0a9f0449ed '  ><div class='avia_textblock' ><p>En aquesta secci\u00f3 tractarem a fons un element indispensable per a la seguretat de casa nostra: els <strong>panys de seguretat<\/strong>.<\/p>\n<p>La seguretat no \u00e9s tan sols necess\u00e0ria i fonamental, \u00e9s un tema vital.<\/p>\n<p>Estem referint-nos a la barrera arquitect\u00f2nica entre l&#8217;exterior i el teu espai \u00edntim, personal i familiar.<\/p>\n<p>Potser hi ha res m\u00e9s important que la teva fam\u00edlia? La resposta \u00e9s un clar no.<\/p>\n<p>Els <strong>panys creen una massa s\u00f2lida<\/strong> que impedeix la r\u00e0pida i sistem\u00e0tica intervenci\u00f3 dels lladres per efectuar un robatori amb viol\u00e8ncia.<\/p>\n<p>El nostre prop\u00f2sit \u00e9s impedir o almenys retardar (amb factors, temps i soroll) franquejar aquest \u201cmur\u201d d&#8217;acer que anomenem pany.<\/p>\n<p>La seva estructura compacta i s\u00f2lida ens ajudar\u00e0 (a trav\u00e9s dels seus elements resistius) a demorar el delicte o evitar completament que es cometi.<\/p>\n<p>Hi ha una enorme varietat de panys, des dels m\u00e9s durs i resistents fins als m\u00e9s vulnerables.<\/p>\n<h2>Quin \u00e9s el millor pany?<\/h2>\n<p>Quan es tracta de decidir quin pany instal\u00b7lar haur\u00edem de deixar-nos aconsellar per serrallers formats i titulats amb homologacions com USCES I GRUPOFERRATGER.<\/p>\n<p>Sol\u00b7liciteu que l&#8217;empresa disposi d&#8217;aquests reconeixements i prestigi, i que us assessori sobre els materials m\u00e9s sofisticats i compactes del mercat.<\/p>\n<p>Panys embotits d&#8217;alta seguretat amb 3 o 4 bulons (si \u00e9s un punt) o tres punts (si es tracta d&#8217;un perfil complet m\u00ednim).<\/p>\n<p>Tot aix\u00f2 acompanyat d&#8217;un bon cilindre o bomb\u00ed i un bon escut protector, si pot ser disec.<\/p>\n<p>Els panys s\u00f3n de dos tipus, o van damunt de la fusta o dins, per\u00f2 el que cal tenir molt en compte \u00e9s la resist\u00e8ncia perimetral de la porta.<\/p>\n<p>Aquest pany de seguretat disposa d&#8217;una porta amb frontisses refor\u00e7ades? Est\u00e0 prove\u00efda d&#8217;un bon antipalanques? \u00c9s resistent el material? Si el pany \u00e9s d&#8217;un punt, n&#8217;ha de tenir una altra d&#8217;addicional, no nom\u00e9s per seguretat, sin\u00f3 tamb\u00e9 per q\u00fcesti\u00f3 de dissuasi\u00f3.<\/p>\n<p>Si els perpetradors observen que es tracta d&#8217;un treball cost\u00f3s i de duresa extrema, els seus \u00e0nims decauran i entraran en un estat d&#8217;apatia, i evitaran la porta.<\/p>\n<h2>Canvis de pany a Barcelona<\/h2>\n<p>Ha de ser conscient de la qualitat del seu pany actual, i hem de trencar el mite que una porta blindada per si sola \u00e9s suficient. Els seus panys tamb\u00e9 poden ser susceptibles al robatori en q\u00fcesti\u00f3 de segons per atacs d&#8217;habilitat (ganxat, bumping o impressioning) i atacs invasius violents amb radials, ferros, potes de cabra, trepants, ariets, gats hidr\u00e0ulics, etc.<\/p>\n<p>Actualment, entre el 80 i el 90% dels panys presents a les nostres llars estan obsoletes.<\/p>\n<p>Per qu\u00e8? Perqu\u00e8 les t\u00e8cniques quant a eines no han parat d&#8217;avan\u00e7ar, i aquestes es venen de manera arbitr\u00e0ria per internet, sense necessitat d&#8217;acreditacions o llic\u00e8ncies. Per posar-hi remei estem innovant dia a dia en el desenvolupament tecnol\u00f2gic de panys, escuts i cilindres.<\/p>\n<p>Ells pensen a obrir i nosaltres a impedir per tots els mitjans que ho aconsegueixin.<\/p>\n<p>\u00c9s per aix\u00f2 que emfatitzo la import\u00e0ncia de preguntar per les acreditacions i la formaci\u00f3 dels seus serrallers, o de l&#8217;empresa que els representi, com a assessors experts en seguretat residencial.<\/p>\n<p>Han d&#8217;estar reconeguts pel ministre de l&#8217;Interior i lliures d&#8217;antecedents penals.<\/p>\n<p>Es recomana actualitzar el pany de forma immediata i sense demora, amb previ diagn\u00f2stic, tractament i una intervenci\u00f3 precisa.<\/p>\n<p>Cada porta requereix un escut, un pany de seguretat i un cilindre adequats, ja que cada porta \u00e9s un m\u00f3n.<\/p>\n<p>D&#8217;aquesta manera, la teva fam\u00edlia i el teu entorn estaran segurs, tranquils i estables, i la teva qualitat de vida augmentar\u00e0 de manera indescriptible.<\/p>\n<h2>Tipus de panys<\/h2>\n<p>Petita introducci\u00f3 als diferents tipus:<\/p>\n<h3>Perradures autom\u00e0tiques<\/h3>\n<p>S\u00f3n aquelles que per les seves caracter\u00edstiques obren de manera el\u00e8ctrica o electr\u00f2nica. A dist\u00e0ncia, amb polsadors o comandaments o per diversos tipus de control d&#8217;acc\u00e9s, ja sigui biom\u00e8tric, num\u00e8ric, t\u00e0ctil o electromec\u00e0nic.<\/p>\n<p>S\u00f3n molt habituals en oficines amb molt de tr\u00e0nsit de gent, en comunitats de ve\u00efns (electromec\u00e0niques i el\u00e8ctriques) i molt pr\u00e0ctiques en funci\u00f3 del nombre d&#8217;usuaris i les seves funcions espec\u00edfiques.<\/p>\n<h3>Panys d&#8217;embotir<\/h3>\n<p>Com ja he esmentat, aquest tipus de panys tenen unes caracter\u00edstiques d&#8217;alta seguretat i refor\u00e7 gr\u00e0cies al fet que estan integrades al propi cos de la porta. La seva complicada manipulaci\u00f3 i la seva robustesa fan que els esfor\u00e7os per trampejar-les siguin freq\u00fcentment en va.<\/p>\n<h3>Panys Tesa<\/h3>\n<p>Aquest pany \u00e9s un model molt concret. N&#8217;hi ha de sobreposades i embotides.<\/p>\n<p>N&#8217;hi ha tamb\u00e9 de tres punts, que s\u00f3n moderadament fiables, per\u00f2 que tenen una resist\u00e8ncia interna escassa. \u00c9s per aix\u00f2 que ens hem d&#8217;assegurar de reempla\u00e7ar-les, o, si no, interposar seguretat per capes (escut m\u00e9s cilindre o bomb\u00ed) i &#8220;abra\u00e7ar&#8221; la porta com si es tract\u00e9s d&#8217;un sandvitx.<\/p>\n<h3>Panys d&#8217;alta seguretat<\/h3>\n<p>S\u00f3n panys molt fiables, fets amb materials d&#8217;alta resist\u00e8ncia. Des del meu punt de vista, aquests panys s\u00f3n compactes i d&#8217;ampli retard davant de temptatives de cometre delictes, per\u00f2 la vulnerabilitat i la resist\u00e8ncia d&#8217;aquestes est\u00e0 sempre subjecta a pr\u00e8via avaluaci\u00f3 del many\u00e0 expert acreditat, que sempre aconsellar\u00e0 al client per oferir-li la millor opci\u00f3 per el cas en particular.<\/p>\n<h3>Panys Ezcurra<\/h3>\n<p>Sento dir que aquest fabricant va tenir mala fama per diversos cilindres molt vulnerables al robatori: Escorri DS 15, DS 10 i SEA 23. Sembla que ara mateix aquest cilindre s&#8217;est\u00e0 actualitzant, per\u00f2 NO \u00c9S FIABLE.<\/p>\n<p>En canvi, estic molt content pel que fa als panys d&#8217;embotir, ja que em dedico a fer conversions (canvis) d&#8217;Arcu a Ezcurra per millorar la seguretat dels habitatges dels meus clients. Tot i aix\u00ed, no dubto que Ezcurra pugui arribar a convertir els seus cilindres en cilindres d&#8217;alta gamma, ja que porta molts anys al mercat i \u00e9s tot un referent en moltes altres coses.<\/p>\n<h3>Panys Lince<\/h3>\n<p>\u00c9s una marca m\u00e9s, amb panys tant d&#8217;embotir com de sobreposar, per\u00f2 el que m\u00e9s em va sorprendre s\u00f3n els seus forrellats sobreposats linx C6 de 4 voltes o dues voltes completes, amb clau te\u00f2ricament antibumping.<\/p>\n<p>Un forrellat complet i de f\u00e0cil instal\u00b7laci\u00f3 per a nosaltres, els professionals de serralleria<\/p>\n<p>Molt fiable i c\u00f2mode per a persones adultes, ancianes i amb mobilitat redu\u00efda.<\/p>\n<p>Presenta un passador interior amb lleixa d\u00b4acer molt pr\u00e0ctic, i \u00e9s molt c\u00f2mode de tancar des de l\u00b4exterior de la porta.<\/p>\n<h3>Panys de Sobreposar<\/h3>\n<p>Com vaig explicar, s\u00f3n panys que van sobre la fusta. Poden ser forrellats o panys de superf\u00edcie.<\/p>\n<p>La seva part vulnerable \u00e9s que, en allotjar-se a la part superior interna de la porta, resulten &#8220;m\u00e9s f\u00e0cils&#8221; de manipular mitjan\u00e7ant actes vand\u00e0lics i molt violents (efracci\u00f3), podent fer-se saltar les seves parts m\u00e9s sensibles, que serien la part del tancador ( o tancament de la part de la tapeta interior) i la fusta de la mateixa porta.<\/p>\n<p>Per aix\u00f2, quan jo instal\u00b7lo un tancament aix\u00ed a petici\u00f3 del client, refor\u00e7o molt\u00edssim la part del pany m\u00e9s sensible, i la faig m\u00e9s compacta i invulnerable.<\/p>\n<h3>Panys Antibumping<\/h3>\n<p>Aquesta \u00e9s la t\u00e8cnica m\u00e9s temuda actualment. No deixa rastre, per\u00f2 s\u00ed un profund silenci, una impot\u00e8ncia sense precedents i una empremta inesborrable per a aquell que el pateix. En considerar-se furt, l&#8217;asseguran\u00e7a no la cobreix.<\/p>\n<p>Consisteix en unes t\u00e8cniques de percussi\u00f3 que es fan amb una clau tallada i espec\u00edfica, l&#8217;esgarrifosa manipulaci\u00f3 de la qual aconsegueix obrir f\u00e0cilment i en tan sols segons la gran majoria de cilindres del mercat.<\/p>\n<h2>Conclusi\u00f3<\/h2>\n<p>Insistim en la necessitat de canviar el pany i animem el client a contactar amb nosaltres.<\/p>\n<p>\u00c9s per aix\u00f2 que els suggereixo actualitzar immediatament el seu pany i reempla\u00e7ar-lo per sistemes m\u00e9s sofisticats i actuals de seguretat, canviant el que \u00e9s obsolet per la innovaci\u00f3.<\/p>\n<p>Les paraules d&#8217;advert\u00e8ncia de vegades cauen en sac trencat, i \u00e9s molt important per a la seva seguretat i la dels seus que duem a terme aquesta missi\u00f3, especialment tenint en compte la quantitat dels delictes que es cometen cada dia.<\/p>\n<\/div><\/section><br \/>\n\n<style type=\"text\/css\" data-created_by=\"avia_inline_auto\" id=\"style-css-av-av_promobox-b227c54693e7ab829755a9aa0ba4c62a\">\n.av_promobox.av-av_promobox-b227c54693e7ab829755a9aa0ba4c62a{\ncolor:#ffffff;\nbackground:#000000;\nborder-color:#af0000;\n}\n<\/style>\n<div  class='av_promobox av-av_promobox-b227c54693e7ab829755a9aa0ba4c62a avia-button-yes  avia-builder-el-4  el_after_av_textblock  avia-builder-el-last '><div class='avia-promocontent'><\/p>\n<p style=\"text-align: center;\">\u00bfNecesita asesoramiento sobre cerraduras de seguridad en Barcelona? Contacte con nosotros.<\/p>\n<p>\n<\/div><div  class='avia-button-wrap av-av_button-51ec529248dbe4c45da4cc34ab98df58-wrap avia-button-right '><a href='https:\/\/cerrajerosenbarcelona.co\/contacto'  class='avia-button av-av_button-51ec529248dbe4c45da4cc34ab98df58 av-link-btn avia-icon_select-no avia-size-large avia-position-right avia-color-theme-color'   aria-label=\"CONTACTAR\"><span class='avia_iconbox_title' >CONTACTAR<\/span><\/a><\/div><\/div><\/p><\/div>\n\n<style type=\"text\/css\" data-created_by=\"avia_inline_auto\" id=\"style-css-av-av_one_third-f7c1061df29de8cca6b42fcf455fe4a0\">\n.flex_column.av-av_one_third-f7c1061df29de8cca6b42fcf455fe4a0{\nborder-radius:0px 0px 0px 0px;\npadding:0px 0px 0px 0px;\n}\n<\/style>\n<div  class='flex_column av-av_one_third-f7c1061df29de8cca6b42fcf455fe4a0 av_one_third  avia-builder-el-5  el_after_av_two_third  avia-builder-el-last  flex_column_div av-zero-column-padding  '     ><p>\n<style type=\"text\/css\" data-created_by=\"avia_inline_auto\" id=\"style-css-av-av_heading-ca2a4ee7d45231a14f2bff0d915e43a2\">\n#top .av-special-heading.av-av_heading-ca2a4ee7d45231a14f2bff0d915e43a2{\npadding-bottom:10px;\ncolor:#000000;\n}\nbody .av-special-heading.av-av_heading-ca2a4ee7d45231a14f2bff0d915e43a2 .av-special-heading-tag .heading-char{\nfont-size:25px;\n}\n.av-special-heading.av-av_heading-ca2a4ee7d45231a14f2bff0d915e43a2 .special-heading-inner-border{\nborder-color:#000000;\n}\n.av-special-heading.av-av_heading-ca2a4ee7d45231a14f2bff0d915e43a2 .av-subheading{\nfont-size:15px;\n}\n<\/style>\n<div  class='av-special-heading av-av_heading-ca2a4ee7d45231a14f2bff0d915e43a2 av-special-heading-h3 custom-color-heading blockquote modern-quote  avia-builder-el-6  el_before_av_hr  avia-builder-el-first  av-linked-heading'><h3 class='av-special-heading-tag '  >Pressupost a l\u2019instant gratu\u00eft<\/h3><div class=\"special-heading-border\"><div class=\"special-heading-inner-border\"><\/div><\/div><\/div><br \/>\n\n<style type=\"text\/css\" data-created_by=\"avia_inline_auto\" id=\"style-css-av-av_hr-1db3990e3ede245c14f5cf112d1789c8\">\n#top .hr.av-av_hr-1db3990e3ede245c14f5cf112d1789c8{\nmargin-top:10px;\nmargin-bottom:10px;\n}\n.hr.av-av_hr-1db3990e3ede245c14f5cf112d1789c8 .hr-inner{\nwidth:50px;\nborder-color:#b02b2c;\n}\n<\/style>\n<div  class='hr av-av_hr-1db3990e3ede245c14f5cf112d1789c8 hr-custom  avia-builder-el-7  el_after_av_heading  el_before_av_textblock  hr-left hr-icon-no'><span class='hr-inner inner-border-av-border-thin'><span class=\"hr-inner-style\"><\/span><\/span><\/div><br \/>\n<section  class='av_textblock_section av-av_textblock-1b99157d1448faee5788a6815569fc7f '  ><div class='avia_textblock' ><div><a href=\"tel: +34933238507\">933 238 507<\/a> &#8211; 24H<br \/>\n<a href=\"tel: +34629587022\">629 58 70 22<\/a> &#8211; 24H<\/div>\n<\/div><\/section><br \/>\n\n<style type=\"text\/css\" data-created_by=\"avia_inline_auto\" id=\"style-css-av-av_heading-5d106a2ef5abac01a68030e9a6602f4d\">\n#top .av-special-heading.av-av_heading-5d106a2ef5abac01a68030e9a6602f4d{\npadding-bottom:10px;\ncolor:#000000;\n}\nbody .av-special-heading.av-av_heading-5d106a2ef5abac01a68030e9a6602f4d .av-special-heading-tag .heading-char{\nfont-size:25px;\n}\n.av-special-heading.av-av_heading-5d106a2ef5abac01a68030e9a6602f4d .special-heading-inner-border{\nborder-color:#000000;\n}\n.av-special-heading.av-av_heading-5d106a2ef5abac01a68030e9a6602f4d .av-subheading{\nfont-size:15px;\n}\n<\/style>\n<div  class='av-special-heading av-av_heading-5d106a2ef5abac01a68030e9a6602f4d av-special-heading-h4 custom-color-heading blockquote modern-quote  avia-builder-el-9  el_after_av_textblock  el_before_av_hr  av-linked-heading'><h4 class='av-special-heading-tag '  >Alguns dels nostres serveis<\/h4><div class=\"special-heading-border\"><div class=\"special-heading-inner-border\"><\/div><\/div><\/div><br \/>\n\n<style type=\"text\/css\" data-created_by=\"avia_inline_auto\" id=\"style-css-av-av_hr-1db3990e3ede245c14f5cf112d1789c8\">\n#top .hr.av-av_hr-1db3990e3ede245c14f5cf112d1789c8{\nmargin-top:10px;\nmargin-bottom:10px;\n}\n.hr.av-av_hr-1db3990e3ede245c14f5cf112d1789c8 .hr-inner{\nwidth:50px;\nborder-color:#b02b2c;\n}\n<\/style>\n<div  class='hr av-av_hr-1db3990e3ede245c14f5cf112d1789c8 hr-custom  avia-builder-el-10  el_after_av_heading  el_before_av_textblock  hr-left hr-icon-no'><span class='hr-inner inner-border-av-border-thin'><span class=\"hr-inner-style\"><\/span><\/span><\/div><br \/>\n<section  class='av_textblock_section av-av_textblock-1b99157d1448faee5788a6815569fc7f '  ><div class='avia_textblock' ><ul>\n<li><a href=\"https:\/\/cerrajerosenbarcelona.co\/cerrajeria\/cilindros-keso\">Bombines Keso<\/a><\/li>\n<li><a href=\"https:\/\/cerrajerosenbarcelona.co\/cerrajeria\/cilindros-kaba-barcelona\">Bombines Kaba<\/a><\/li>\n<li><a href=\"https:\/\/cerrajerosenbarcelona.co\/puertas\">Puertas de seguridad<\/a><\/li>\n<li><a href=\"https:\/\/cerrajerosenbarcelona.co\/\">Cerrajeros en Barcelona<\/a><\/li>\n<\/ul>\n<\/div><\/section><\/p><\/div>\n","protected":false},"excerpt":{"rendered":"","protected":false},"author":2,"featured_media":0,"parent":0,"menu_order":0,"comment_status":"closed","ping_status":"closed","template":"","meta":{"footnotes":""},"class_list":["post-1684","page","type-page","status-publish","hentry"],"yoast_head":"<!-- This site is optimized with the Yoast SEO plugin v26.6 - https:\/\/yoast.com\/wordpress\/plugins\/seo\/ -->\n<title>Panys Seguretat - Cerrajer\u00eda<\/title>\n<meta name=\"robots\" content=\"index, follow, max-snippet:-1, max-image-preview:large, max-video-preview:-1\" \/>\n<link rel=\"canonical\" href=\"https:\/\/cerrajerosenbarcelona.co\/ca\/panys-seguretat\" \/>\n<meta property=\"og:locale\" content=\"ca_ES\" \/>\n<meta property=\"og:type\" content=\"article\" \/>\n<meta property=\"og:title\" content=\"Panys Seguretat - Cerrajer\u00eda\" \/>\n<meta property=\"og:url\" content=\"https:\/\/cerrajerosenbarcelona.co\/ca\/panys-seguretat\" \/>\n<meta property=\"og:site_name\" content=\"Cerrajer\u00eda\" \/>\n<meta name=\"twitter:card\" content=\"summary_large_image\" \/>\n<script type=\"application\/ld+json\" class=\"yoast-schema-graph\">{\"@context\":\"https:\/\/schema.org\",\"@graph\":[{\"@type\":\"WebPage\",\"@id\":\"https:\/\/cerrajerosenbarcelona.co\/ca\/panys-seguretat\",\"url\":\"https:\/\/cerrajerosenbarcelona.co\/ca\/panys-seguretat\",\"name\":\"Panys Seguretat - Cerrajer\u00eda\",\"isPartOf\":{\"@id\":\"https:\/\/cerrajerosenbarcelona.co\/#website\"},\"datePublished\":\"2023-04-07T12:12:59+00:00\",\"breadcrumb\":{\"@id\":\"https:\/\/cerrajerosenbarcelona.co\/ca\/panys-seguretat#breadcrumb\"},\"inLanguage\":\"ca\",\"potentialAction\":[{\"@type\":\"ReadAction\",\"target\":[\"https:\/\/cerrajerosenbarcelona.co\/ca\/panys-seguretat\"]}]},{\"@type\":\"BreadcrumbList\",\"@id\":\"https:\/\/cerrajerosenbarcelona.co\/ca\/panys-seguretat#breadcrumb\",\"itemListElement\":[{\"@type\":\"ListItem\",\"position\":1,\"name\":\"Portada\",\"item\":\"https:\/\/cerrajerosenbarcelona.co\/ca\"},{\"@type\":\"ListItem\",\"position\":2,\"name\":\"Panys Seguretat\"}]},{\"@type\":\"WebSite\",\"@id\":\"https:\/\/cerrajerosenbarcelona.co\/#website\",\"url\":\"https:\/\/cerrajerosenbarcelona.co\/\",\"name\":\"Cerrajer\u00eda\",\"description\":\"Otro sitio realizado con WordPress\",\"publisher\":{\"@id\":\"https:\/\/cerrajerosenbarcelona.co\/#organization\"},\"potentialAction\":[{\"@type\":\"SearchAction\",\"target\":{\"@type\":\"EntryPoint\",\"urlTemplate\":\"https:\/\/cerrajerosenbarcelona.co\/?s={search_term_string}\"},\"query-input\":{\"@type\":\"PropertyValueSpecification\",\"valueRequired\":true,\"valueName\":\"search_term_string\"}}],\"inLanguage\":\"ca\"},{\"@type\":\"Organization\",\"@id\":\"https:\/\/cerrajerosenbarcelona.co\/#organization\",\"name\":\"Cerrajer\u00eda TDA Barcelona\",\"url\":\"https:\/\/cerrajerosenbarcelona.co\/\",\"logo\":{\"@type\":\"ImageObject\",\"inLanguage\":\"ca\",\"@id\":\"https:\/\/cerrajerosenbarcelona.co\/#\/schema\/logo\/image\/\",\"url\":\"https:\/\/cerrajerosenbarcelona.co\/wp-content\/uploads\/2019\/11\/cerrajeria-tda-barcelona-logo-2.png\",\"contentUrl\":\"https:\/\/cerrajerosenbarcelona.co\/wp-content\/uploads\/2019\/11\/cerrajeria-tda-barcelona-logo-2.png\",\"width\":332,\"height\":98,\"caption\":\"Cerrajer\u00eda TDA Barcelona\"},\"image\":{\"@id\":\"https:\/\/cerrajerosenbarcelona.co\/#\/schema\/logo\/image\/\"}}]}<\/script>\n<!-- \/ Yoast SEO plugin. -->","yoast_head_json":{"title":"Panys Seguretat - Cerrajer\u00eda","robots":{"index":"index","follow":"follow","max-snippet":"max-snippet:-1","max-image-preview":"max-image-preview:large","max-video-preview":"max-video-preview:-1"},"canonical":"https:\/\/cerrajerosenbarcelona.co\/ca\/panys-seguretat","og_locale":"ca_ES","og_type":"article","og_title":"Panys Seguretat - Cerrajer\u00eda","og_url":"https:\/\/cerrajerosenbarcelona.co\/ca\/panys-seguretat","og_site_name":"Cerrajer\u00eda","twitter_card":"summary_large_image","schema":{"@context":"https:\/\/schema.org","@graph":[{"@type":"WebPage","@id":"https:\/\/cerrajerosenbarcelona.co\/ca\/panys-seguretat","url":"https:\/\/cerrajerosenbarcelona.co\/ca\/panys-seguretat","name":"Panys Seguretat - Cerrajer\u00eda","isPartOf":{"@id":"https:\/\/cerrajerosenbarcelona.co\/#website"},"datePublished":"2023-04-07T12:12:59+00:00","breadcrumb":{"@id":"https:\/\/cerrajerosenbarcelona.co\/ca\/panys-seguretat#breadcrumb"},"inLanguage":"ca","potentialAction":[{"@type":"ReadAction","target":["https:\/\/cerrajerosenbarcelona.co\/ca\/panys-seguretat"]}]},{"@type":"BreadcrumbList","@id":"https:\/\/cerrajerosenbarcelona.co\/ca\/panys-seguretat#breadcrumb","itemListElement":[{"@type":"ListItem","position":1,"name":"Portada","item":"https:\/\/cerrajerosenbarcelona.co\/ca"},{"@type":"ListItem","position":2,"name":"Panys Seguretat"}]},{"@type":"WebSite","@id":"https:\/\/cerrajerosenbarcelona.co\/#website","url":"https:\/\/cerrajerosenbarcelona.co\/","name":"Cerrajer\u00eda","description":"Otro sitio realizado con WordPress","publisher":{"@id":"https:\/\/cerrajerosenbarcelona.co\/#organization"},"potentialAction":[{"@type":"SearchAction","target":{"@type":"EntryPoint","urlTemplate":"https:\/\/cerrajerosenbarcelona.co\/?s={search_term_string}"},"query-input":{"@type":"PropertyValueSpecification","valueRequired":true,"valueName":"search_term_string"}}],"inLanguage":"ca"},{"@type":"Organization","@id":"https:\/\/cerrajerosenbarcelona.co\/#organization","name":"Cerrajer\u00eda TDA Barcelona","url":"https:\/\/cerrajerosenbarcelona.co\/","logo":{"@type":"ImageObject","inLanguage":"ca","@id":"https:\/\/cerrajerosenbarcelona.co\/#\/schema\/logo\/image\/","url":"https:\/\/cerrajerosenbarcelona.co\/wp-content\/uploads\/2019\/11\/cerrajeria-tda-barcelona-logo-2.png","contentUrl":"https:\/\/cerrajerosenbarcelona.co\/wp-content\/uploads\/2019\/11\/cerrajeria-tda-barcelona-logo-2.png","width":332,"height":98,"caption":"Cerrajer\u00eda TDA Barcelona"},"image":{"@id":"https:\/\/cerrajerosenbarcelona.co\/#\/schema\/logo\/image\/"}}]}},"_links":{"self":[{"href":"https:\/\/cerrajerosenbarcelona.co\/ca\/wp-json\/wp\/v2\/pages\/1684","targetHints":{"allow":["GET"]}}],"collection":[{"href":"https:\/\/cerrajerosenbarcelona.co\/ca\/wp-json\/wp\/v2\/pages"}],"about":[{"href":"https:\/\/cerrajerosenbarcelona.co\/ca\/wp-json\/wp\/v2\/types\/page"}],"author":[{"embeddable":true,"href":"https:\/\/cerrajerosenbarcelona.co\/ca\/wp-json\/wp\/v2\/users\/2"}],"replies":[{"embeddable":true,"href":"https:\/\/cerrajerosenbarcelona.co\/ca\/wp-json\/wp\/v2\/comments?post=1684"}],"version-history":[{"count":1,"href":"https:\/\/cerrajerosenbarcelona.co\/ca\/wp-json\/wp\/v2\/pages\/1684\/revisions"}],"predecessor-version":[{"id":1685,"href":"https:\/\/cerrajerosenbarcelona.co\/ca\/wp-json\/wp\/v2\/pages\/1684\/revisions\/1685"}],"wp:attachment":[{"href":"https:\/\/cerrajerosenbarcelona.co\/ca\/wp-json\/wp\/v2\/media?parent=1684"}],"curies":[{"name":"wp","href":"https:\/\/api.w.org\/{rel}","templated":true}]}}