{"id":1686,"date":"2023-04-07T14:28:35","date_gmt":"2023-04-07T12:28:35","guid":{"rendered":"https:\/\/cerrajerosenbarcelona.co\/?page_id=1686"},"modified":"2023-04-07T14:28:35","modified_gmt":"2023-04-07T12:28:35","slug":"escuts-disec","status":"publish","type":"page","link":"https:\/\/cerrajerosenbarcelona.co\/ca\/serralleria-barcelona\/escudos\/escuts-disec","title":{"rendered":"Escuts Disec"},"content":{"rendered":"\n<style type=\"text\/css\" data-created_by=\"avia_inline_auto\" id=\"style-css-av-jr3yiu-68fe6c6af485bc6d2d546154a40dab83\">\n.avia-section.av-jr3yiu-68fe6c6af485bc6d2d546154a40dab83{\nbackground-color:#000000;\nbackground-image:unset;\n}\n.avia-section.av-jr3yiu-68fe6c6af485bc6d2d546154a40dab83 .av-extra-border-element .av-extra-border-inner{\nbackground-color:#000000;\n}\n<\/style>\n<div id='av_section_1'  class='avia-section av-jr3yiu-68fe6c6af485bc6d2d546154a40dab83 main_color avia-section-large avia-no-border-styling  avia-builder-el-0  el_before_av_two_third  avia-builder-el-first  avia-bg-style-scroll av-arrow-down-section container_wrap fullsize'  ><div class='container av-section-cont-open' ><main  class='template-page content  av-content-full alpha units'><div class='post-entry post-entry-type-page post-entry-1686'><div class='entry-content-wrapper clearfix'>\n\n<style type=\"text\/css\" data-created_by=\"avia_inline_auto\" id=\"style-css-av-lg6iof63-ed008c3629e9a96e691335ce7abfb89e\">\n#top .av-special-heading.av-lg6iof63-ed008c3629e9a96e691335ce7abfb89e{\npadding-bottom:10px;\ncolor:#ffffff;\n}\nbody .av-special-heading.av-lg6iof63-ed008c3629e9a96e691335ce7abfb89e .av-special-heading-tag .heading-char{\nfont-size:25px;\n}\n.av-special-heading.av-lg6iof63-ed008c3629e9a96e691335ce7abfb89e .special-heading-inner-border{\nborder-color:#ffffff;\n}\n.av-special-heading.av-lg6iof63-ed008c3629e9a96e691335ce7abfb89e .av-subheading{\nfont-size:15px;\n}\n<\/style>\n<div  class='av-special-heading av-lg6iof63-ed008c3629e9a96e691335ce7abfb89e av-special-heading-h1 custom-color-heading blockquote modern-quote modern-centered  avia-builder-el-1  avia-builder-el-no-sibling  av-linked-heading'><h1 class='av-special-heading-tag '  >Escuts Disec a Barcelona<\/h1><div class='av_custom_color av-subheading av-subheading_below'><p>Distribu\u00efdors oficials a Barcelona de DISEC. M\u00e0xima protecci\u00f3 per al bomb\u00ed i el pany.<\/p>\n<\/div><div class=\"special-heading-border\"><div class=\"special-heading-inner-border\"><\/div><\/div><\/div>\n<\/div><\/div><\/main><!-- close content main element --><\/div><div class='av-extra-border-element border-extra-arrow-down'><div class='av-extra-border-outer'><div class='av-extra-border-inner'><\/div><\/div><\/div><\/div><div id='after_section_1'  class='main_color av_default_container_wrap container_wrap fullsize'  ><div class='container av-section-cont-open' ><div class='template-page content  av-content-full alpha units'><div class='post-entry post-entry-type-page post-entry-1686'><div class='entry-content-wrapper clearfix'>\n\n<style type=\"text\/css\" data-created_by=\"avia_inline_auto\" id=\"style-css-av-h37o46-43d0d040b2de46445884d650ec597058\">\n.flex_column.av-h37o46-43d0d040b2de46445884d650ec597058{\nborder-radius:0px 0px 0px 0px;\npadding:0px 0px 0px 0px;\n}\n<\/style>\n<div  class='flex_column av-h37o46-43d0d040b2de46445884d650ec597058 av_two_third  avia-builder-el-2  el_after_av_section  el_before_av_one_third  avia-builder-el-first  first flex_column_div av-zero-column-padding  '     ><section  class='av_textblock_section av-ftv2yu-2188968c6b39baec8bdb98a622aac7c8 '  ><div class='avia_textblock' ><h2>Especialistes a Escuts DISEC a Barcelona<\/h2>\n<p>Oferim als nostres clients <strong>subministrament, canvi i instal\u00b7laci\u00f3 d&#8217;escuts Disec a Barcelona<\/strong> i en tot el nostre radi d&#8217;actuaci\u00f3.<\/p>\n<p>L&#8217;escut Disec \u00e9s actualment un dels escuts de pany m\u00e9s innovadors del mercat. L&#8217;empresa Disec es dedica en exclusiva al desenvolupament i fabricaci\u00f3 d&#8217;escuts de pany, per aix\u00f2 els grans resultats que obt\u00e9, fruit de la seva especialitzaci\u00f3.<\/p>\n<p>Investigaci\u00f3, innovaci\u00f3 i desenvolupament \u00e9s la premissa d&#8217;aquesta gran empresa l\u00edder al sector d&#8217;escuts cuirassats.<\/p>\n<p><img loading=\"lazy\" decoding=\"async\" class=\"aligncenter wp-image-968 size-full\" src=\"http:\/\/cerrajerosenbarcelona.co\/wp-content\/uploads\/2020\/07\/escudos-disec-barcelona.jpg\" alt=\"Escuts Disec a Barcelona\" width=\"750\" height=\"380\" srcset=\"https:\/\/cerrajerosenbarcelona.co\/wp-content\/uploads\/2020\/07\/escudos-disec-barcelona.jpg 750w, https:\/\/cerrajerosenbarcelona.co\/wp-content\/uploads\/2020\/07\/escudos-disec-barcelona-300x152.jpg 300w, https:\/\/cerrajerosenbarcelona.co\/wp-content\/uploads\/2020\/07\/escudos-disec-barcelona-705x357.jpg 705w, https:\/\/cerrajerosenbarcelona.co\/wp-content\/uploads\/2020\/07\/escudos-disec-barcelona-450x228.jpg 450w\" sizes=\"auto, (max-width: 750px) 100vw, 750px\" \/><\/p>\n<h2>Per qu\u00e8 utilitzar escuts DISEC?<\/h2>\n<p>Disec ha estat una empresa molt saga\u00e7 i ha patentat els seus escuts perqu\u00e8 no els copi\u00efn o plagi\u00efn. D&#8217;aquesta manera s&#8217;introdueixen al mercat de forma astuta amb anys de patent garantida.<\/p>\n<p>L&#8217;estrat\u00e8gia de seguretat de pr\u00e0cticament qualsevol m\u00e8tode antiobertura es fonamenta en quatre pilars:<\/p>\n<ul>\n<li><strong>Resist\u00e8ncia f\u00edsica<\/strong>: Darrere de l&#8217;escut DISEC utilitzem un cilindre anti ganz\u00fa, antitrepant i antiextracci\u00f3.<\/li>\n<li><strong>Temps<\/strong>: Per burlar la seguretat d&#8217;un escut DISEC, fins al lladre amb millors eines i m\u00e9s experimentat necessitaria massa temps.<\/li>\n<li><strong>Soroll<\/strong>: For\u00e7ar un escut d&#8217;aquest tipus implica l&#8217;\u00fas d&#8217;eines que ocasionaran soroll. Alertant tant les persones que estiguin a l&#8217;interior de la casa com els ve\u00efns.<\/li>\n<li><strong>Dissuasi\u00f3<\/strong>: La mera estampa d&#8217;un escut d&#8217;aquest tipus far\u00e0 desistir la gran majoria de lladres<\/li>\n<\/ul>\n<h2>Disec Rok i Disec Kripton<\/h2>\n<p>Tot i que tots dos s\u00f3n escuts de gamma alta, el Disec Kripton \u00e9s d&#8217;una qualitat superior. Aquest \u00faltim es val de 4 espigues de widia (carbur de wolframi o tungst\u00e8) i uns rodaments que protegiran sensiblement millor el teu bomb\u00ed dels atacs amb eines mec\u00e0niques.<\/p>\n<p>En qualsevol cas, tots dos escuts obligaran els amics de l&#8217;ali\u00e8 a, no nom\u00e9s invertir molt de temps, sin\u00f3 a fer molt de soroll.<\/p>\n<p>El treball dintervenci\u00f3 \u00e9s la clau.<\/p>\n<h3>On instal\u00b7lar un escut Kripton<\/h3>\n<p>A tot arreu perqu\u00e8 aix\u00f2 dels robatoris \u00e9s una tremenda loteria per\u00f2 fonamentalment en aquells empla\u00e7aments on el lladre tingui m\u00e9s temps, estigui menys exposat a ser sorpr\u00e8s per part de ve\u00efns o de la policia.<\/p>\n<p>Les segones resid\u00e8ncies s\u00f3n llocs propensos a robatoris per okupaci\u00f3.<\/p>\n<p>Els <strong>escuts DISEC<\/strong> s\u00f3n adaptables a qualsevol tipus de porta i pany.<\/p>\n<h2>Escuts Disec Magn\u00e8tics<\/h2>\n<p>A m\u00e9s de la diferenciaci\u00f3 per gammes (Rok\u00a0 i Kripton), podem fer una diferenciaci\u00f3 per tipus de tecnologia.<\/p>\n<p>Distingirem dos tipus:<\/p>\n<ul>\n<li><strong>Escuts DISEC magn\u00e8tics.<\/strong><\/li>\n<li><strong>Escuts DISEC d&#8217;acer no magn\u00e8tics.<\/strong><\/li>\n<\/ul>\n<p>El protector de tancament magn\u00e8tic DISEC es col\u00b7loca damunt del pany, protegint el cilindre.<\/p>\n<p>Evita la manipulaci\u00f3, el vandalisme i les eines dobertura de panys d\u00fas com\u00fa.<\/p>\n<p>Tamb\u00e9 evita que un lladre determini el tipus de cilindre, pany o clau que cal utilitzar per entrar a casa seva.<\/p>\n<h2>Com funcionen els escuts DISEC magn\u00e8tics?<\/h2>\n<p>Funciona de la manera seg\u00fcent: la clau t\u00e9 una combinaci\u00f3 magn\u00e8tica. Un cop col\u00b7locat, encaixa als imants i deixa anar la tapa, cosa que li permet girar per revelar el cilindre.<br \/>\n<iframe loading=\"lazy\" src=\"https:\/\/www.youtube.com\/embed\/AeG1xEIxTnA\" width=\"560\" height=\"315\" frameborder=\"0\" allowfullscreen=\"allowfullscreen\"><\/iframe><\/p>\n<p>El secret d&#8217;aquesta tecnologia resideix en els <strong>potents imants utilitzats<\/strong>, a m\u00e9s, no \u00e9s possible duplicar la clau de seguretat sense con\u00e8ixer el seu propi codi personal i confidencial. Aix\u00f2 li donar\u00e0 total tranquil\u00b7litat en dos aspectes: no nom\u00e9s no es pot fer una clau duplicada sense el seu perm\u00eds, sin\u00f3 que tamb\u00e9 laplicaci\u00f3 duna coberta magn\u00e8tica significa que fins i tot quan vost\u00e8 est\u00e0 fora de casa durant un llarg per\u00edode de temps, ning\u00fa pot veure quin tipus de cilindre de pany ha instal\u00b7lat per determinar com obrir-lo.<\/p>\n<h2>Cat\u00e0leg Disec: Els models d&#8217;escuts Disec<\/h2>\n<p>Disec posa a la teva disposici\u00f3 una gran varietat de models, tots adaptats a les necessitats de cada tipologia de porta: fusta, alumini, ferro, blindada i cuirassada.<\/p>\n<p>Els m\u00e9s tradicionals s\u00f3n els cuirassats BD 280 ROK I KRIPTON i LG MRM29 EZ.<\/p>\n<p>Les abreviatures MG signifiquen magn\u00e8tic.<\/p>\n<p>I d&#8217;aquests n&#8217;hi ha molts i variats com el MRM29 DISEC, MG 110, MG 220, MG 410 (Fichet, Mottura de pompa, Tover, Potent, Moia, etc.)<\/p>\n<p><iframe loading=\"lazy\" src=\"https:\/\/www.youtube.com\/embed\/p9yPWi1Aq5w\" width=\"560\" height=\"315\" frameborder=\"0\" allowfullscreen=\"allowfullscreen\"><\/iframe><\/p>\n<p>Un altre amb molta sortida tamb\u00e9 \u00e9s el mg 210 d&#8217;ARCU.<\/p>\n<p>Per a portes cuirassades disposem de molts models com MG 440, ATRA, CISA, CERRUTI, MULTILOCK, SECUREMME, MIA, etc.<\/p>\n<p>Per a perfil su\u00eds compatible amb cilindres com multilock, arcu, sigui 23 d&#8217;escurra, etc, tenim l&#8217;escut MG 060.<\/p>\n<p>Aix\u00f2 \u00e9s un resum dels escuts m\u00e9s usats amb el que pr\u00e0cticament cobrim tots panys del mercat.<\/p>\n<h2>Necessita un distribu\u00efdor oficial Disec a Barcelona?<\/h2>\n<p>Si heu decidit fer un pas m\u00e9s per protegir la vostra llar i necessiteu un professional amb experi\u00e8ncia en la instal\u00b7laci\u00f3 de <strong>escuts de seguretat Disec a Barcelona<\/strong>, no dubteu a posar-vos en contacte amb nosaltres.<\/p>\n<p>DISEC \u201cDEFENDS THE FUTURE\u201d.<\/p>\n<\/div><\/section><br \/>\n\n<style type=\"text\/css\" data-created_by=\"avia_inline_auto\" id=\"style-css-av-dziyqu-7e8c00daf38427b84cc6849c02165a5c\">\n.av_promobox.av-dziyqu-7e8c00daf38427b84cc6849c02165a5c{\ncolor:#ffffff;\nbackground:#000000;\nborder-color:#af0000;\n}\n<\/style>\n<div  class='av_promobox av-dziyqu-7e8c00daf38427b84cc6849c02165a5c avia-button-yes  avia-builder-el-4  el_after_av_textblock  avia-builder-el-last '><div class='avia-promocontent'><\/p>\n<p style=\"text-align: center;\">\u00bfNecesita un cerrajero urgente en su zona? Contacte con nosotros.<\/p>\n<p>\n<\/div><div  class='avia-button-wrap av-dziyqu-22038cc96eb3748c52aaeeda54027976-wrap avia-button-right '><a href='https:\/\/cerrajerosenbarcelona.co\/contacto'  class='avia-button av-dziyqu-22038cc96eb3748c52aaeeda54027976 av-link-btn avia-icon_select-no avia-size-large avia-position-right avia-color-theme-color'   aria-label=\"CONTACTAR\"><span class='avia_iconbox_title' >CONTACTAR<\/span><\/a><\/div><\/div><\/p><\/div>\n<style type=\"text\/css\" data-created_by=\"avia_inline_auto\" id=\"style-css-av-czcvqu-4a62d87c7f0befe7c62b3d7279a10fb7\">\n.flex_column.av-czcvqu-4a62d87c7f0befe7c62b3d7279a10fb7{\nborder-radius:0px 0px 0px 0px;\npadding:0px 0px 0px 0px;\n}\n<\/style>\n<div  class='flex_column av-czcvqu-4a62d87c7f0befe7c62b3d7279a10fb7 av_one_third  avia-builder-el-5  el_after_av_two_third  avia-builder-el-last  flex_column_div av-zero-column-padding  '     ><p>\n<style type=\"text\/css\" data-created_by=\"avia_inline_auto\" id=\"style-css-av-aygcpy-4678fb729d2b7da89c691cc6a6dc5ed4\">\n#top .av-special-heading.av-aygcpy-4678fb729d2b7da89c691cc6a6dc5ed4{\npadding-bottom:10px;\ncolor:#000000;\n}\nbody .av-special-heading.av-aygcpy-4678fb729d2b7da89c691cc6a6dc5ed4 .av-special-heading-tag .heading-char{\nfont-size:25px;\n}\n.av-special-heading.av-aygcpy-4678fb729d2b7da89c691cc6a6dc5ed4 .special-heading-inner-border{\nborder-color:#000000;\n}\n.av-special-heading.av-aygcpy-4678fb729d2b7da89c691cc6a6dc5ed4 .av-subheading{\nfont-size:15px;\n}\n<\/style>\n<div  class='av-special-heading av-aygcpy-4678fb729d2b7da89c691cc6a6dc5ed4 av-special-heading-h3 custom-color-heading blockquote modern-quote  avia-builder-el-6  el_before_av_hr  avia-builder-el-first  av-linked-heading'><h3 class='av-special-heading-tag '  >Pressupost a l\u2019instant gratu\u00eft<\/h3><div class=\"special-heading-border\"><div class=\"special-heading-inner-border\"><\/div><\/div><\/div><br \/>\n\n<style type=\"text\/css\" data-created_by=\"avia_inline_auto\" id=\"style-css-av-yzgt2-2aa3ff0419242fb31d551b90f93d42a2\">\n#top .hr.av-yzgt2-2aa3ff0419242fb31d551b90f93d42a2{\nmargin-top:10px;\nmargin-bottom:10px;\n}\n.hr.av-yzgt2-2aa3ff0419242fb31d551b90f93d42a2 .hr-inner{\nwidth:50px;\nborder-color:#b02b2c;\n}\n<\/style>\n<div  class='hr av-yzgt2-2aa3ff0419242fb31d551b90f93d42a2 hr-custom  avia-builder-el-7  el_after_av_heading  el_before_av_textblock  hr-left hr-icon-no'><span class='hr-inner inner-border-av-border-thin'><span class=\"hr-inner-style\"><\/span><\/span><\/div><br \/>\n<section  class='av_textblock_section av-754q1i-60fc1d57942757eceb49dcca2411ae24 '  ><div class='avia_textblock' ><div><strong>93 323 8507 &#8211; 24H<br \/>\n629 58 70 22 &#8211; 24H<\/strong><\/div>\n<\/div><\/section><br \/>\n\n<style type=\"text\/css\" data-created_by=\"avia_inline_auto\" id=\"style-css-av-5sd3vq-f5e472128144d02f6886683d403220e7\">\n#top .av-special-heading.av-5sd3vq-f5e472128144d02f6886683d403220e7{\npadding-bottom:10px;\ncolor:#000000;\n}\nbody .av-special-heading.av-5sd3vq-f5e472128144d02f6886683d403220e7 .av-special-heading-tag .heading-char{\nfont-size:25px;\n}\n.av-special-heading.av-5sd3vq-f5e472128144d02f6886683d403220e7 .special-heading-inner-border{\nborder-color:#000000;\n}\n.av-special-heading.av-5sd3vq-f5e472128144d02f6886683d403220e7 .av-subheading{\nfont-size:15px;\n}\n<\/style>\n<div  class='av-special-heading av-5sd3vq-f5e472128144d02f6886683d403220e7 av-special-heading-h4 custom-color-heading blockquote modern-quote  avia-builder-el-9  el_after_av_textblock  avia-builder-el-last  av-linked-heading'><h4 class='av-special-heading-tag '  >Altres serveis<\/h4><div class=\"special-heading-border\"><div class=\"special-heading-inner-border\"><\/div><\/div><\/div><\/p><\/div><\/p>\n","protected":false},"excerpt":{"rendered":"","protected":false},"author":2,"featured_media":0,"parent":1687,"menu_order":0,"comment_status":"closed","ping_status":"closed","template":"","meta":{"footnotes":""},"class_list":["post-1686","page","type-page","status-publish","hentry"],"yoast_head":"<!-- This site is optimized with the Yoast SEO plugin v26.6 - https:\/\/yoast.com\/wordpress\/plugins\/seo\/ -->\n<title>Escuts Disec - Cerrajer\u00eda<\/title>\n<meta name=\"robots\" content=\"index, follow, max-snippet:-1, max-image-preview:large, max-video-preview:-1\" \/>\n<link rel=\"canonical\" href=\"https:\/\/cerrajerosenbarcelona.co\/ca\/serralleria-barcelona\/escudos\/escuts-disec\" \/>\n<meta property=\"og:locale\" content=\"ca_ES\" \/>\n<meta property=\"og:type\" content=\"article\" \/>\n<meta property=\"og:title\" content=\"Escuts Disec - Cerrajer\u00eda\" \/>\n<meta property=\"og:url\" content=\"https:\/\/cerrajerosenbarcelona.co\/ca\/serralleria-barcelona\/escudos\/escuts-disec\" \/>\n<meta property=\"og:site_name\" content=\"Cerrajer\u00eda\" \/>\n<meta property=\"og:image\" content=\"http:\/\/cerrajerosenbarcelona.co\/wp-content\/uploads\/2020\/07\/escudos-disec-barcelona.jpg\" \/>\n<meta name=\"twitter:card\" content=\"summary_large_image\" \/>\n<meta name=\"twitter:label1\" content=\"Temps estimat de lectura\" \/>\n\t<meta name=\"twitter:data1\" content=\"6 minuts\" \/>\n<script type=\"application\/ld+json\" class=\"yoast-schema-graph\">{\"@context\":\"https:\/\/schema.org\",\"@graph\":[{\"@type\":\"WebPage\",\"@id\":\"https:\/\/cerrajerosenbarcelona.co\/ca\/serralleria-barcelona\/escudos\/escuts-disec\",\"url\":\"https:\/\/cerrajerosenbarcelona.co\/ca\/serralleria-barcelona\/escudos\/escuts-disec\",\"name\":\"Escuts Disec - Cerrajer\u00eda\",\"isPartOf\":{\"@id\":\"https:\/\/cerrajerosenbarcelona.co\/#website\"},\"primaryImageOfPage\":{\"@id\":\"https:\/\/cerrajerosenbarcelona.co\/ca\/serralleria-barcelona\/escudos\/escuts-disec#primaryimage\"},\"image\":{\"@id\":\"https:\/\/cerrajerosenbarcelona.co\/ca\/serralleria-barcelona\/escudos\/escuts-disec#primaryimage\"},\"thumbnailUrl\":\"http:\/\/cerrajerosenbarcelona.co\/wp-content\/uploads\/2020\/07\/escudos-disec-barcelona.jpg\",\"datePublished\":\"2023-04-07T12:28:35+00:00\",\"breadcrumb\":{\"@id\":\"https:\/\/cerrajerosenbarcelona.co\/ca\/serralleria-barcelona\/escudos\/escuts-disec#breadcrumb\"},\"inLanguage\":\"ca\",\"potentialAction\":[{\"@type\":\"ReadAction\",\"target\":[\"https:\/\/cerrajerosenbarcelona.co\/ca\/serralleria-barcelona\/escudos\/escuts-disec\"]}]},{\"@type\":\"ImageObject\",\"inLanguage\":\"ca\",\"@id\":\"https:\/\/cerrajerosenbarcelona.co\/ca\/serralleria-barcelona\/escudos\/escuts-disec#primaryimage\",\"url\":\"http:\/\/cerrajerosenbarcelona.co\/wp-content\/uploads\/2020\/07\/escudos-disec-barcelona.jpg\",\"contentUrl\":\"http:\/\/cerrajerosenbarcelona.co\/wp-content\/uploads\/2020\/07\/escudos-disec-barcelona.jpg\"},{\"@type\":\"BreadcrumbList\",\"@id\":\"https:\/\/cerrajerosenbarcelona.co\/ca\/serralleria-barcelona\/escudos\/escuts-disec#breadcrumb\",\"itemListElement\":[{\"@type\":\"ListItem\",\"position\":1,\"name\":\"Portada\",\"item\":\"https:\/\/cerrajerosenbarcelona.co\/ca\"},{\"@type\":\"ListItem\",\"position\":2,\"name\":\"serralleria Barcelona\",\"item\":\"https:\/\/cerrajerosenbarcelona.co\/ca\/serralleria-barcelona\"},{\"@type\":\"ListItem\",\"position\":3,\"name\":\"Escuts\",\"item\":\"https:\/\/cerrajerosenbarcelona.co\/ca\/serralleria-barcelona\/escudos\"},{\"@type\":\"ListItem\",\"position\":4,\"name\":\"Escuts Disec\"}]},{\"@type\":\"WebSite\",\"@id\":\"https:\/\/cerrajerosenbarcelona.co\/#website\",\"url\":\"https:\/\/cerrajerosenbarcelona.co\/\",\"name\":\"Cerrajer\u00eda\",\"description\":\"Otro sitio realizado con WordPress\",\"publisher\":{\"@id\":\"https:\/\/cerrajerosenbarcelona.co\/#organization\"},\"potentialAction\":[{\"@type\":\"SearchAction\",\"target\":{\"@type\":\"EntryPoint\",\"urlTemplate\":\"https:\/\/cerrajerosenbarcelona.co\/?s={search_term_string}\"},\"query-input\":{\"@type\":\"PropertyValueSpecification\",\"valueRequired\":true,\"valueName\":\"search_term_string\"}}],\"inLanguage\":\"ca\"},{\"@type\":\"Organization\",\"@id\":\"https:\/\/cerrajerosenbarcelona.co\/#organization\",\"name\":\"Cerrajer\u00eda TDA Barcelona\",\"url\":\"https:\/\/cerrajerosenbarcelona.co\/\",\"logo\":{\"@type\":\"ImageObject\",\"inLanguage\":\"ca\",\"@id\":\"https:\/\/cerrajerosenbarcelona.co\/#\/schema\/logo\/image\/\",\"url\":\"https:\/\/cerrajerosenbarcelona.co\/wp-content\/uploads\/2019\/11\/cerrajeria-tda-barcelona-logo-2.png\",\"contentUrl\":\"https:\/\/cerrajerosenbarcelona.co\/wp-content\/uploads\/2019\/11\/cerrajeria-tda-barcelona-logo-2.png\",\"width\":332,\"height\":98,\"caption\":\"Cerrajer\u00eda TDA Barcelona\"},\"image\":{\"@id\":\"https:\/\/cerrajerosenbarcelona.co\/#\/schema\/logo\/image\/\"}}]}<\/script>\n<!-- \/ Yoast SEO plugin. -->","yoast_head_json":{"title":"Escuts Disec - Cerrajer\u00eda","robots":{"index":"index","follow":"follow","max-snippet":"max-snippet:-1","max-image-preview":"max-image-preview:large","max-video-preview":"max-video-preview:-1"},"canonical":"https:\/\/cerrajerosenbarcelona.co\/ca\/serralleria-barcelona\/escudos\/escuts-disec","og_locale":"ca_ES","og_type":"article","og_title":"Escuts Disec - Cerrajer\u00eda","og_url":"https:\/\/cerrajerosenbarcelona.co\/ca\/serralleria-barcelona\/escudos\/escuts-disec","og_site_name":"Cerrajer\u00eda","og_image":[{"url":"http:\/\/cerrajerosenbarcelona.co\/wp-content\/uploads\/2020\/07\/escudos-disec-barcelona.jpg","type":"","width":"","height":""}],"twitter_card":"summary_large_image","twitter_misc":{"Temps estimat de lectura":"6 minuts"},"schema":{"@context":"https:\/\/schema.org","@graph":[{"@type":"WebPage","@id":"https:\/\/cerrajerosenbarcelona.co\/ca\/serralleria-barcelona\/escudos\/escuts-disec","url":"https:\/\/cerrajerosenbarcelona.co\/ca\/serralleria-barcelona\/escudos\/escuts-disec","name":"Escuts Disec - Cerrajer\u00eda","isPartOf":{"@id":"https:\/\/cerrajerosenbarcelona.co\/#website"},"primaryImageOfPage":{"@id":"https:\/\/cerrajerosenbarcelona.co\/ca\/serralleria-barcelona\/escudos\/escuts-disec#primaryimage"},"image":{"@id":"https:\/\/cerrajerosenbarcelona.co\/ca\/serralleria-barcelona\/escudos\/escuts-disec#primaryimage"},"thumbnailUrl":"http:\/\/cerrajerosenbarcelona.co\/wp-content\/uploads\/2020\/07\/escudos-disec-barcelona.jpg","datePublished":"2023-04-07T12:28:35+00:00","breadcrumb":{"@id":"https:\/\/cerrajerosenbarcelona.co\/ca\/serralleria-barcelona\/escudos\/escuts-disec#breadcrumb"},"inLanguage":"ca","potentialAction":[{"@type":"ReadAction","target":["https:\/\/cerrajerosenbarcelona.co\/ca\/serralleria-barcelona\/escudos\/escuts-disec"]}]},{"@type":"ImageObject","inLanguage":"ca","@id":"https:\/\/cerrajerosenbarcelona.co\/ca\/serralleria-barcelona\/escudos\/escuts-disec#primaryimage","url":"http:\/\/cerrajerosenbarcelona.co\/wp-content\/uploads\/2020\/07\/escudos-disec-barcelona.jpg","contentUrl":"http:\/\/cerrajerosenbarcelona.co\/wp-content\/uploads\/2020\/07\/escudos-disec-barcelona.jpg"},{"@type":"BreadcrumbList","@id":"https:\/\/cerrajerosenbarcelona.co\/ca\/serralleria-barcelona\/escudos\/escuts-disec#breadcrumb","itemListElement":[{"@type":"ListItem","position":1,"name":"Portada","item":"https:\/\/cerrajerosenbarcelona.co\/ca"},{"@type":"ListItem","position":2,"name":"serralleria Barcelona","item":"https:\/\/cerrajerosenbarcelona.co\/ca\/serralleria-barcelona"},{"@type":"ListItem","position":3,"name":"Escuts","item":"https:\/\/cerrajerosenbarcelona.co\/ca\/serralleria-barcelona\/escudos"},{"@type":"ListItem","position":4,"name":"Escuts Disec"}]},{"@type":"WebSite","@id":"https:\/\/cerrajerosenbarcelona.co\/#website","url":"https:\/\/cerrajerosenbarcelona.co\/","name":"Cerrajer\u00eda","description":"Otro sitio realizado con WordPress","publisher":{"@id":"https:\/\/cerrajerosenbarcelona.co\/#organization"},"potentialAction":[{"@type":"SearchAction","target":{"@type":"EntryPoint","urlTemplate":"https:\/\/cerrajerosenbarcelona.co\/?s={search_term_string}"},"query-input":{"@type":"PropertyValueSpecification","valueRequired":true,"valueName":"search_term_string"}}],"inLanguage":"ca"},{"@type":"Organization","@id":"https:\/\/cerrajerosenbarcelona.co\/#organization","name":"Cerrajer\u00eda TDA Barcelona","url":"https:\/\/cerrajerosenbarcelona.co\/","logo":{"@type":"ImageObject","inLanguage":"ca","@id":"https:\/\/cerrajerosenbarcelona.co\/#\/schema\/logo\/image\/","url":"https:\/\/cerrajerosenbarcelona.co\/wp-content\/uploads\/2019\/11\/cerrajeria-tda-barcelona-logo-2.png","contentUrl":"https:\/\/cerrajerosenbarcelona.co\/wp-content\/uploads\/2019\/11\/cerrajeria-tda-barcelona-logo-2.png","width":332,"height":98,"caption":"Cerrajer\u00eda TDA Barcelona"},"image":{"@id":"https:\/\/cerrajerosenbarcelona.co\/#\/schema\/logo\/image\/"}}]}},"_links":{"self":[{"href":"https:\/\/cerrajerosenbarcelona.co\/ca\/wp-json\/wp\/v2\/pages\/1686","targetHints":{"allow":["GET"]}}],"collection":[{"href":"https:\/\/cerrajerosenbarcelona.co\/ca\/wp-json\/wp\/v2\/pages"}],"about":[{"href":"https:\/\/cerrajerosenbarcelona.co\/ca\/wp-json\/wp\/v2\/types\/page"}],"author":[{"embeddable":true,"href":"https:\/\/cerrajerosenbarcelona.co\/ca\/wp-json\/wp\/v2\/users\/2"}],"replies":[{"embeddable":true,"href":"https:\/\/cerrajerosenbarcelona.co\/ca\/wp-json\/wp\/v2\/comments?post=1686"}],"version-history":[{"count":2,"href":"https:\/\/cerrajerosenbarcelona.co\/ca\/wp-json\/wp\/v2\/pages\/1686\/revisions"}],"predecessor-version":[{"id":1691,"href":"https:\/\/cerrajerosenbarcelona.co\/ca\/wp-json\/wp\/v2\/pages\/1686\/revisions\/1691"}],"up":[{"embeddable":true,"href":"https:\/\/cerrajerosenbarcelona.co\/ca\/wp-json\/wp\/v2\/pages\/1687"}],"wp:attachment":[{"href":"https:\/\/cerrajerosenbarcelona.co\/ca\/wp-json\/wp\/v2\/media?parent=1686"}],"curies":[{"name":"wp","href":"https:\/\/api.w.org\/{rel}","templated":true}]}}