{"id":1699,"date":"2023-04-16T19:56:32","date_gmt":"2023-04-16T17:56:32","guid":{"rendered":"https:\/\/cerrajerosenbarcelona.co\/?page_id=1699"},"modified":"2023-08-30T15:32:16","modified_gmt":"2023-08-30T13:32:16","slug":"serrallers-les-corts-24-hores","status":"publish","type":"page","link":"https:\/\/cerrajerosenbarcelona.co\/ca\/barris\/serrallers-les-corts-24-hores","title":{"rendered":"Serrallers Les Corts 24 hores"},"content":{"rendered":"\n<style type=\"text\/css\" data-created_by=\"avia_inline_auto\" id=\"style-css-av-8qtuab-f42bb2df03a55a0f38fd92d3a5cd799d\">\n.avia-section.av-8qtuab-f42bb2df03a55a0f38fd92d3a5cd799d{\nbackground-color:#000000;\nbackground-image:unset;\n}\n.avia-section.av-8qtuab-f42bb2df03a55a0f38fd92d3a5cd799d .av-extra-border-element .av-extra-border-inner{\nbackground-color:#000000;\n}\n<\/style>\n<div id='av_section_1'  class='avia-section av-8qtuab-f42bb2df03a55a0f38fd92d3a5cd799d main_color avia-section-large avia-no-border-styling  avia-builder-el-0  el_before_av_two_third  avia-builder-el-first  avia-bg-style-scroll av-arrow-down-section container_wrap fullsize'  ><div class='container av-section-cont-open' ><main  class='template-page content  av-content-full alpha units'><div class='post-entry post-entry-type-page post-entry-1699'><div class='entry-content-wrapper clearfix'>\n\n<style type=\"text\/css\" data-created_by=\"avia_inline_auto\" id=\"style-css-av-lgjpbh1r-7d66a671adf89531c453376f7025aba7\">\n#top .av-special-heading.av-lgjpbh1r-7d66a671adf89531c453376f7025aba7{\npadding-bottom:10px;\ncolor:#ffffff;\n}\nbody .av-special-heading.av-lgjpbh1r-7d66a671adf89531c453376f7025aba7 .av-special-heading-tag .heading-char{\nfont-size:25px;\n}\n.av-special-heading.av-lgjpbh1r-7d66a671adf89531c453376f7025aba7 .special-heading-inner-border{\nborder-color:#ffffff;\n}\n.av-special-heading.av-lgjpbh1r-7d66a671adf89531c453376f7025aba7 .av-subheading{\nfont-size:15px;\n}\n<\/style>\n<div  class='av-special-heading av-lgjpbh1r-7d66a671adf89531c453376f7025aba7 av-special-heading-h1 custom-color-heading blockquote modern-quote modern-centered  avia-builder-el-1  avia-builder-el-no-sibling  av-linked-heading'><h1 class='av-special-heading-tag '  >Serrallers Les Corts Barcelona<\/h1><div class=\"special-heading-border\"><div class=\"special-heading-inner-border\"><\/div><\/div><\/div>\n<\/div><\/div><\/main><!-- close content main element --><\/div><div class='av-extra-border-element border-extra-arrow-down'><div class='av-extra-border-outer'><div class='av-extra-border-inner'><\/div><\/div><\/div><\/div><div id='after_section_1'  class='main_color av_default_container_wrap container_wrap fullsize'  ><div class='container av-section-cont-open' ><div class='template-page content  av-content-full alpha units'><div class='post-entry post-entry-type-page post-entry-1699'><div class='entry-content-wrapper clearfix'>\n<style type=\"text\/css\" data-created_by=\"avia_inline_auto\" id=\"style-css-av-78gjbn-6d4445edb48c9f8e17255bcee8debea2\">\n.flex_column.av-78gjbn-6d4445edb48c9f8e17255bcee8debea2{\nborder-radius:0px 0px 0px 0px;\npadding:0px 0px 0px 0px;\n}\n<\/style>\n<div  class='flex_column av-78gjbn-6d4445edb48c9f8e17255bcee8debea2 av_two_third  avia-builder-el-2  el_after_av_section  el_before_av_one_third  avia-builder-el-first  first flex_column_div av-zero-column-padding  '     ><p><section  class='av_textblock_section av-lgjpgvv1-876de4201112ca4f079f29b75bf053c4 '  ><div class='avia_textblock' ><p>Si esteu buscant un many\u00e0 Les Corts acreditat per la <strong>uni\u00f3 de Serrallers de Seguretat d&#8217;Espanya (UCES)<\/strong> podeu posar-vos en contacte amb nosaltres.<\/p>\n<p>Els nostres <strong>serrallers a Les Corts<\/strong> s\u00f3n professionals amb prou experi\u00e8ncia i bona feina.<\/p>\n<p>Realitzem tot tipus de servei de serralleria a Barcelona i rodalies i tenim m\u00e9s de 20 anys d&#8217;experi\u00e8ncia en seguretat residencial i comercial.<\/p>\n<h2>Serrallers 24 hores les corts<\/h2>\n<p>Els nostres Serrallers a Les Corts disposen d&#8217;una tarifa de preus d&#8217;urg\u00e8ncia i de no urg\u00e8ncia. La tarifa urg\u00e8ncia sempre \u00e9s una tarifa sensiblement superior.<\/p>\n<div id=\"attachment_1233\" style=\"width: 1673px\" class=\"wp-caption aligncenter\"><img loading=\"lazy\" decoding=\"async\" aria-describedby=\"caption-attachment-1233\" class=\"size-full wp-image-1233\" src=\"https:\/\/cerrajerosenbarcelona.co\/wp-content\/uploads\/2021\/06\/cerrajero-acreditado-uces-barcelona.jpg\" alt=\"Cerrajer\u00eda Les Corts\" width=\"1663\" height=\"383\" srcset=\"https:\/\/cerrajerosenbarcelona.co\/wp-content\/uploads\/2021\/06\/cerrajero-acreditado-uces-barcelona.jpg 1663w, https:\/\/cerrajerosenbarcelona.co\/wp-content\/uploads\/2021\/06\/cerrajero-acreditado-uces-barcelona-300x69.jpg 300w, https:\/\/cerrajerosenbarcelona.co\/wp-content\/uploads\/2021\/06\/cerrajero-acreditado-uces-barcelona-1030x237.jpg 1030w, https:\/\/cerrajerosenbarcelona.co\/wp-content\/uploads\/2021\/06\/cerrajero-acreditado-uces-barcelona-768x177.jpg 768w, https:\/\/cerrajerosenbarcelona.co\/wp-content\/uploads\/2021\/06\/cerrajero-acreditado-uces-barcelona-1536x354.jpg 1536w, https:\/\/cerrajerosenbarcelona.co\/wp-content\/uploads\/2021\/06\/cerrajero-acreditado-uces-barcelona-1500x345.jpg 1500w, https:\/\/cerrajerosenbarcelona.co\/wp-content\/uploads\/2021\/06\/cerrajero-acreditado-uces-barcelona-705x162.jpg 705w, https:\/\/cerrajerosenbarcelona.co\/wp-content\/uploads\/2021\/06\/cerrajero-acreditado-uces-barcelona-450x104.jpg 450w\" sizes=\"auto, (max-width: 1663px) 100vw, 1663px\" \/><p id=\"caption-attachment-1233\" class=\"wp-caption-text\">Serralleria a Les Corts acreditat per la UCES<\/p><\/div>\n<p>El servei d&#8217;urg\u00e8ncia \u00e9s m\u00e9s car pel fet que tindr\u00e0s un professional que t&#8217;assessorar\u00e0 i realitzar\u00e0 un servei d&#8217;alta qualitat i de manera impecable en un temps record.<\/p>\n<p>Obrim tot tipus de pany, tancaments, forrellats, cadenats, portes, etc.<\/p>\n<p>Demana pressupost sense comprom\u00eds. Truca&#8217;ns i t&#8217;enviarem un many\u00e0 a les Corts el m\u00e9s r\u00e0pid possible.<\/p>\n<p><img loading=\"lazy\" decoding=\"async\" class=\"aligncenter size-full wp-image-444\" src=\"http:\/\/cerrajerosenbarcelona.co\/wp-content\/uploads\/2019\/11\/cerrajeros-barrios-barcelona.jpg\" alt=\"cerrajeros-les-corts\" width=\"700\" height=\"300\" srcset=\"https:\/\/cerrajerosenbarcelona.co\/wp-content\/uploads\/2019\/11\/cerrajeros-barrios-barcelona.jpg 700w, https:\/\/cerrajerosenbarcelona.co\/wp-content\/uploads\/2019\/11\/cerrajeros-barrios-barcelona-300x129.jpg 300w, https:\/\/cerrajerosenbarcelona.co\/wp-content\/uploads\/2019\/11\/cerrajeros-barrios-barcelona-450x193.jpg 450w\" sizes=\"auto, (max-width: 700px) 100vw, 700px\" \/><\/p>\n<h2>Els nostres serveis de Serralleria a Les Corts<\/h2>\n<h3>Portes blindades i cuirassades<\/h3>\n<p>Tenim un ampli cat\u00e0leg de portes de seguretat, que inclouen tant cuirassades com blindades. Treballem \u00fanicament amb les marques m\u00e9s capdavanteres del sector (INN Doors, Cabma, etc.).<\/p>\n<p>Ens adaptem al pressupost del client per proporcionar-li la m\u00e0xima seguretat a un preu contingut.<\/p>\n<h3>Bombins de seguretat<\/h3>\n<p>El bomb\u00ed de seguretat \u00e9s imprescindible per protegir tant la llar com el local comercial. No serveix de res una porta de seguretat si aquesta no es complementa amb un cilind de seguretat.<\/p>\n<p>Realitzem subministrament i instal\u00b7laci\u00f3 de les millors marques del mercat: Keso, Kaba, INN, etc<\/p>\n<h3>Escuts de seguretat<\/h3>\n<p>Una barrera addicional que protegeix el teu bomb\u00ed de seguretat de manera senzilla, barata i efica\u00e7.<\/p>\n<p>Disec, INN, etc. Com sempre de la m\u00e0 dels referents de la ind\u00fastria.<\/p>\n<h3>Mirilles Panor\u00e0miques<\/h3>\n<p>Hi ha diversos tipus d&#8217;espiells, a causa de la r\u00e0pida acceptaci\u00f3 de les espiells digitals a les llars. I hi ha diversos models que adapten a les necessitats de cada client.<\/p>\n<p>Amb l&#8217;espiell a la teva porta veur\u00e0s qui \u00e9s a l&#8217;altra banda i si vols obrir la porta o no. \u00c9s un sistema de seguretat molt efica\u00e7.<\/p>\n<h2>Altres serveis de serralleria urgent a Les Corts<\/h2>\n<p>Els nostres serveis de serralleria inclouen:<\/p>\n<ul>\n<li>Canviar pany SECURITESA<\/li>\n<li>Venda de poms i manetes<\/li>\n<li>Obrir pany MUL-T-LOCK<\/li>\n<li>Obrir cadenats<\/li>\n<li>Canvi pany TOVER<\/li>\n<li>Panys de seguretat<\/li>\n<li>Canviar pany Les Corts<\/li>\n<li>Reparaci\u00f3 de persianes<\/li>\n<li>Obrir pany Les Corts<\/li>\n<li>Reparar pany<\/li>\n<li>Canvi pany Les Corts<\/li>\n<li>Motor persianes<\/li>\n<li>Portes cuirassades a Barcelona<\/li>\n<\/ul>\n<h2>El seu many\u00e0 Les Corts de confian\u00e7a<\/h2>\n<p>El seu servei de confian\u00e7a de serralleria Les Corts. Treballs garantits de manera professional i efica\u00e7.<\/p>\n<p>Els nostres professionals us solucionaran qualsevol problema de serralleria que tingui. Obrir portes, canviar panys, instal\u00b7lar persianes, motoritzaci\u00f3 de persiana, etc.<\/p>\n<p>Si no saps quin tipus d&#8217;escut protector posar al teu pany nosaltres podem assessorar-te sense cap problema, truca&#8217;ns.<\/p>\n<p>Hi ha escut protector d&#8217;alta protecci\u00f3, antitrepants, amb fixaci\u00f3 interna i anti-trencament. Els nostres serrallers a Les Corts t&#8217;informaran quina \u00e9s la millor opci\u00f3 pel teu problema.<\/p>\n<p>Amb un escut protector tindr\u00e0s m\u00e9s seguretat ja que \u00e9s un complement important per a un pany, aix\u00ed evitar\u00e0s els atacs m\u00e9s comuns.<\/p>\n<p>No dubtis a posar seguretat a casa teva, la seguretat \u00e9s primordial per evitar que introdueixin objectes indesitjats al pany.<\/p>\n<p>Oferim servei d&#8217;obertures de portes, adaptaci\u00f3 de persiana, ensinistrament, motors de persianes, canvi de pany, restauraci\u00f3 de porta per robatori, etc.<\/p>\n<p>Demana pressupost sense comprom\u00eds als nostres serrallers de les Corts.<\/p>\n<h2>Serralleria Les Corts<\/h2>\n<p>Si vols protegir la teva llar no dubtis a posar a la porta un tancament de seguretat. Amb el tancament de seguretat, la teva porta estar\u00e0 protegida contra qualsevol robatori.<\/p>\n<p>Per aix\u00f2 has d&#8217;invertir en la seguretat de la porta. La teva seguretat es veur\u00e0s millorada en instal\u00b7lar assegurances addicionals a la teva porta cuirassada com panys, tancaments addicionals, etc.<\/p>\n<p>Si no saps quin tipus de tancaments posar a la teva porta per tenir una mica m\u00e9s seguretat, truca&#8217;ns que un dels nostres serrallers t&#8217;assessorar\u00e0.<\/p>\n<p>No deixis de tenir una seguretat b\u00e0sica a la teva porta principal com un pany de seguretat, tancament, cilindre de seguretat, etc. Aix\u00ed estar\u00e0s molt m\u00e9s segur i amb una tranquil\u00b7litat m\u00e9s gran.<\/p>\n<p>Hi ha diversos tipus de tancaments per a porta. Per\u00f2 les cadenes per a porta s\u00f3n perfectes perqu\u00e8 impedeix que els estranys o visites indesitjades accedeixen al teu habitatge.<\/p>\n<p>Amb la cadena de porta et donar\u00e0s la possibilitat d&#8217;obrir nom\u00e9s una mica la porta abans que alg\u00fa hi entri. Entri en contacte amb els nostres serrallers per a qualsevol problema que tinguis amb el tancament de seguretat.<\/p>\n<p>La marca Abus \u00e9s una de les millors per a les cadenes de porta. Abus t\u00e9 diverses varietats amb solucions visuals interessants i elegants per a qualsevol necessitat que tinguis.<\/p>\n<p>Els nostres serrallers tenen anys d&#8217;experi\u00e8ncia si tens algun problema amb el teu pany o no pots obrir la porta, truca&#8217;ns.<\/p>\n<p>Entri en contacte amb nosaltres i demana un pressupost sense comprom\u00eds.<\/p>\n<h2>Pany d&#8217;Alta Seguretat<\/h2>\n<p>Treballem a 365 dies a les 24 hores per realitzar servei d&#8217;urg\u00e8ncia com a obertura de porta, cilindre, pany, etc. per\u00f2 tamb\u00e9 fem servei de no urgent.<\/p>\n<p>Som especialistes en donar-te el millor servei quant a rapidesa i efic\u00e0cia. Els nostres serveis s\u00f3n garantits i us donarem el millor tracte professional.<\/p>\n<h3>Reparaci\u00f3 i instal\u00b7laci\u00f3 de persianes a Les Corts<\/h3>\n<p>Tenim equip qualificat que instal\u00b7la, canvia i adapta persianes dom\u00e8stiques. Tamb\u00e9 realitza canvis de corretges, rodets, eixos o lamel\u00b7les de forma immediata.<\/p>\n<p>Canviem, reparem, adaptem i motoritzem qualsevol tipus de persiana dom\u00e8stica. Recordeu que amb un motor a la teva persiana tindr\u00e0s m\u00e9s comoditat.<\/p>\n<\/div><\/section><br \/>\n\n<style type=\"text\/css\" data-created_by=\"avia_inline_auto\" id=\"style-css-av-lgjphb4f-a27192e50bd732f3f27ff7002627b8ca\">\n.av_promobox.av-lgjphb4f-a27192e50bd732f3f27ff7002627b8ca{\ncolor:#ffffff;\nbackground:#000000;\nborder-color:#af0000;\n}\n<\/style>\n<div  class='av_promobox av-lgjphb4f-a27192e50bd732f3f27ff7002627b8ca avia-button-yes  avia-builder-el-4  el_after_av_textblock  avia-builder-el-last '><div class='avia-promocontent'><\/p>\n<p style=\"text-align: center;\">Necessita un many\u00e0 urgent a les Corts? Contacti amb nosaltres.<\/p>\n<p>\n<\/div><div  class='avia-button-wrap av-lgjphb4f-eca539f1dd99085b9e9639856688146c-wrap avia-button-right '><a href='https:\/\/cerrajerosenbarcelona.co\/ca\/barris'  class='avia-button av-lgjphb4f-eca539f1dd99085b9e9639856688146c av-link-btn avia-icon_select-no avia-size-large avia-position-right avia-color-theme-color'   aria-label=\"CONTACTAR\"><span class='avia_iconbox_title' >CONTACTAR<\/span><\/a><\/div><\/div><\/p><\/div><\/p>\n\n<style type=\"text\/css\" data-created_by=\"avia_inline_auto\" id=\"style-css-av-5wi2jn-01b747252e2e21cfe30ff43103bf845d\">\n.flex_column.av-5wi2jn-01b747252e2e21cfe30ff43103bf845d{\nborder-radius:0px 0px 0px 0px;\npadding:0px 0px 0px 0px;\n}\n<\/style>\n<div  class='flex_column av-5wi2jn-01b747252e2e21cfe30ff43103bf845d av_one_third  avia-builder-el-5  el_after_av_two_third  avia-builder-el-last  flex_column_div av-zero-column-padding  '     ><p>\n<style type=\"text\/css\" data-created_by=\"avia_inline_auto\" id=\"style-css-av-lgjphnz2-5f6c63aaedb3ac9c3edcf522a6494998\">\n#top .av-special-heading.av-lgjphnz2-5f6c63aaedb3ac9c3edcf522a6494998{\npadding-bottom:10px;\ncolor:#000000;\n}\nbody .av-special-heading.av-lgjphnz2-5f6c63aaedb3ac9c3edcf522a6494998 .av-special-heading-tag .heading-char{\nfont-size:25px;\n}\n.av-special-heading.av-lgjphnz2-5f6c63aaedb3ac9c3edcf522a6494998 .special-heading-inner-border{\nborder-color:#000000;\n}\n.av-special-heading.av-lgjphnz2-5f6c63aaedb3ac9c3edcf522a6494998 .av-subheading{\nfont-size:15px;\n}\n<\/style>\n<div  class='av-special-heading av-lgjphnz2-5f6c63aaedb3ac9c3edcf522a6494998 av-special-heading-h3 custom-color-heading blockquote modern-quote  avia-builder-el-6  el_before_av_hr  avia-builder-el-first  av-linked-heading'><h3 class='av-special-heading-tag '  >Pressupost a l\u2019instant gratu\u00eft<\/h3><div class=\"special-heading-border\"><div class=\"special-heading-inner-border\"><\/div><\/div><\/div><br \/>\n\n<style type=\"text\/css\" data-created_by=\"avia_inline_auto\" id=\"style-css-av-3im2tf-fe4c50f18c87334c3da58b0ee0c241aa\">\n#top .hr.av-3im2tf-fe4c50f18c87334c3da58b0ee0c241aa{\nmargin-top:10px;\nmargin-bottom:10px;\n}\n.hr.av-3im2tf-fe4c50f18c87334c3da58b0ee0c241aa .hr-inner{\nwidth:50px;\nborder-color:#b02b2c;\n}\n<\/style>\n<div  class='hr av-3im2tf-fe4c50f18c87334c3da58b0ee0c241aa hr-custom  avia-builder-el-7  el_after_av_heading  el_before_av_textblock  hr-left hr-icon-no'><span class='hr-inner inner-border-av-border-thin'><span class=\"hr-inner-style\"><\/span><\/span><\/div><br \/>\n<section  class='av_textblock_section av-39exir-59bad84be2a79daa9ffa9031c3c7ea88 '  ><div class='avia_textblock' ><div><a href=\"tel: +34933238507\">933 238 507<\/a> &#8211; 24H<br \/>\n<a href=\"tel: +34629587022\">629 58 70 22<\/a> &#8211; 24H<\/div>\n<\/div><\/section><\/p><\/div>\n","protected":false},"excerpt":{"rendered":"","protected":false},"author":2,"featured_media":1547,"parent":1700,"menu_order":0,"comment_status":"closed","ping_status":"closed","template":"","meta":{"footnotes":""},"class_list":["post-1699","page","type-page","status-publish","has-post-thumbnail","hentry"],"yoast_head":"<!-- This site is optimized with the Yoast SEO plugin v26.6 - https:\/\/yoast.com\/wordpress\/plugins\/seo\/ -->\n<title>Serrallers Les Corts 24 hores - Serralleria Les Corts<\/title>\n<meta name=\"description\" content=\"Si esteu buscant un many\u00e0 Les Corts acreditat per la uni\u00f3 de Serrallers de Seguretat d&#039;Espanya (UCES), contacte amb nosaltres.\" \/>\n<meta name=\"robots\" content=\"index, follow, max-snippet:-1, max-image-preview:large, max-video-preview:-1\" \/>\n<link rel=\"canonical\" href=\"https:\/\/cerrajerosenbarcelona.co\/ca\/barris\/serrallers-les-corts-24-hores\" \/>\n<meta property=\"og:locale\" content=\"ca_ES\" \/>\n<meta property=\"og:type\" content=\"article\" \/>\n<meta property=\"og:title\" content=\"Serrallers Les Corts 24 hores - Serralleria Les Corts\" \/>\n<meta property=\"og:description\" content=\"Si esteu buscant un many\u00e0 Les Corts acreditat per la uni\u00f3 de Serrallers de Seguretat d&#039;Espanya (UCES), contacte amb nosaltres.\" \/>\n<meta property=\"og:url\" content=\"https:\/\/cerrajerosenbarcelona.co\/ca\/barris\/serrallers-les-corts-24-hores\" \/>\n<meta property=\"og:site_name\" content=\"Cerrajer\u00eda\" \/>\n<meta property=\"article:modified_time\" content=\"2023-08-30T13:32:16+00:00\" \/>\n<meta property=\"og:image\" content=\"http:\/\/cerrajerosenbarcelona.co\/wp-content\/uploads\/2020\/03\/cerrajeros-les-corts.jpg\" \/>\n\t<meta property=\"og:image:width\" content=\"800\" \/>\n\t<meta property=\"og:image:height\" content=\"800\" \/>\n\t<meta property=\"og:image:type\" content=\"image\/jpeg\" \/>\n<meta name=\"twitter:card\" content=\"summary_large_image\" \/>\n<meta name=\"twitter:label1\" content=\"Temps estimat de lectura\" \/>\n\t<meta name=\"twitter:data1\" content=\"7 minuts\" \/>\n<script type=\"application\/ld+json\" class=\"yoast-schema-graph\">{\"@context\":\"https:\/\/schema.org\",\"@graph\":[{\"@type\":\"WebPage\",\"@id\":\"https:\/\/cerrajerosenbarcelona.co\/ca\/barris\/serrallers-les-corts-24-hores\",\"url\":\"https:\/\/cerrajerosenbarcelona.co\/ca\/barris\/serrallers-les-corts-24-hores\",\"name\":\"Serrallers Les Corts 24 hores - Serralleria Les Corts\",\"isPartOf\":{\"@id\":\"https:\/\/cerrajerosenbarcelona.co\/#website\"},\"primaryImageOfPage\":{\"@id\":\"https:\/\/cerrajerosenbarcelona.co\/ca\/barris\/serrallers-les-corts-24-hores#primaryimage\"},\"image\":{\"@id\":\"https:\/\/cerrajerosenbarcelona.co\/ca\/barris\/serrallers-les-corts-24-hores#primaryimage\"},\"thumbnailUrl\":\"https:\/\/cerrajerosenbarcelona.co\/wp-content\/uploads\/2020\/03\/cerrajeros-les-corts.jpg\",\"datePublished\":\"2023-04-16T17:56:32+00:00\",\"dateModified\":\"2023-08-30T13:32:16+00:00\",\"description\":\"Si esteu buscant un many\u00e0 Les Corts acreditat per la uni\u00f3 de Serrallers de Seguretat d'Espanya (UCES), contacte amb nosaltres.\",\"breadcrumb\":{\"@id\":\"https:\/\/cerrajerosenbarcelona.co\/ca\/barris\/serrallers-les-corts-24-hores#breadcrumb\"},\"inLanguage\":\"ca\",\"potentialAction\":[{\"@type\":\"ReadAction\",\"target\":[\"https:\/\/cerrajerosenbarcelona.co\/ca\/barris\/serrallers-les-corts-24-hores\"]}]},{\"@type\":\"ImageObject\",\"inLanguage\":\"ca\",\"@id\":\"https:\/\/cerrajerosenbarcelona.co\/ca\/barris\/serrallers-les-corts-24-hores#primaryimage\",\"url\":\"https:\/\/cerrajerosenbarcelona.co\/wp-content\/uploads\/2020\/03\/cerrajeros-les-corts.jpg\",\"contentUrl\":\"https:\/\/cerrajerosenbarcelona.co\/wp-content\/uploads\/2020\/03\/cerrajeros-les-corts.jpg\",\"width\":800,\"height\":800,\"caption\":\"Serraller Les Corts 24 hores\"},{\"@type\":\"BreadcrumbList\",\"@id\":\"https:\/\/cerrajerosenbarcelona.co\/ca\/barris\/serrallers-les-corts-24-hores#breadcrumb\",\"itemListElement\":[{\"@type\":\"ListItem\",\"position\":1,\"name\":\"Portada\",\"item\":\"https:\/\/cerrajerosenbarcelona.co\/ca\"},{\"@type\":\"ListItem\",\"position\":2,\"name\":\"barris\",\"item\":\"https:\/\/cerrajerosenbarcelona.co\/ca\/barris\"},{\"@type\":\"ListItem\",\"position\":3,\"name\":\"Serrallers Les Corts 24 hores\"}]},{\"@type\":\"WebSite\",\"@id\":\"https:\/\/cerrajerosenbarcelona.co\/#website\",\"url\":\"https:\/\/cerrajerosenbarcelona.co\/\",\"name\":\"Cerrajer\u00eda\",\"description\":\"Otro sitio realizado con WordPress\",\"publisher\":{\"@id\":\"https:\/\/cerrajerosenbarcelona.co\/#organization\"},\"potentialAction\":[{\"@type\":\"SearchAction\",\"target\":{\"@type\":\"EntryPoint\",\"urlTemplate\":\"https:\/\/cerrajerosenbarcelona.co\/?s={search_term_string}\"},\"query-input\":{\"@type\":\"PropertyValueSpecification\",\"valueRequired\":true,\"valueName\":\"search_term_string\"}}],\"inLanguage\":\"ca\"},{\"@type\":\"Organization\",\"@id\":\"https:\/\/cerrajerosenbarcelona.co\/#organization\",\"name\":\"Cerrajer\u00eda TDA Barcelona\",\"url\":\"https:\/\/cerrajerosenbarcelona.co\/\",\"logo\":{\"@type\":\"ImageObject\",\"inLanguage\":\"ca\",\"@id\":\"https:\/\/cerrajerosenbarcelona.co\/#\/schema\/logo\/image\/\",\"url\":\"https:\/\/cerrajerosenbarcelona.co\/wp-content\/uploads\/2019\/11\/cerrajeria-tda-barcelona-logo-2.png\",\"contentUrl\":\"https:\/\/cerrajerosenbarcelona.co\/wp-content\/uploads\/2019\/11\/cerrajeria-tda-barcelona-logo-2.png\",\"width\":332,\"height\":98,\"caption\":\"Cerrajer\u00eda TDA Barcelona\"},\"image\":{\"@id\":\"https:\/\/cerrajerosenbarcelona.co\/#\/schema\/logo\/image\/\"}}]}<\/script>\n<!-- \/ Yoast SEO plugin. -->","yoast_head_json":{"title":"Serrallers Les Corts 24 hores - Serralleria Les Corts","description":"Si esteu buscant un many\u00e0 Les Corts acreditat per la uni\u00f3 de Serrallers de Seguretat d'Espanya (UCES), contacte amb nosaltres.","robots":{"index":"index","follow":"follow","max-snippet":"max-snippet:-1","max-image-preview":"max-image-preview:large","max-video-preview":"max-video-preview:-1"},"canonical":"https:\/\/cerrajerosenbarcelona.co\/ca\/barris\/serrallers-les-corts-24-hores","og_locale":"ca_ES","og_type":"article","og_title":"Serrallers Les Corts 24 hores - Serralleria Les Corts","og_description":"Si esteu buscant un many\u00e0 Les Corts acreditat per la uni\u00f3 de Serrallers de Seguretat d'Espanya (UCES), contacte amb nosaltres.","og_url":"https:\/\/cerrajerosenbarcelona.co\/ca\/barris\/serrallers-les-corts-24-hores","og_site_name":"Cerrajer\u00eda","article_modified_time":"2023-08-30T13:32:16+00:00","og_image":[{"width":800,"height":800,"url":"http:\/\/cerrajerosenbarcelona.co\/wp-content\/uploads\/2020\/03\/cerrajeros-les-corts.jpg","type":"image\/jpeg"}],"twitter_card":"summary_large_image","twitter_misc":{"Temps estimat de lectura":"7 minuts"},"schema":{"@context":"https:\/\/schema.org","@graph":[{"@type":"WebPage","@id":"https:\/\/cerrajerosenbarcelona.co\/ca\/barris\/serrallers-les-corts-24-hores","url":"https:\/\/cerrajerosenbarcelona.co\/ca\/barris\/serrallers-les-corts-24-hores","name":"Serrallers Les Corts 24 hores - Serralleria Les Corts","isPartOf":{"@id":"https:\/\/cerrajerosenbarcelona.co\/#website"},"primaryImageOfPage":{"@id":"https:\/\/cerrajerosenbarcelona.co\/ca\/barris\/serrallers-les-corts-24-hores#primaryimage"},"image":{"@id":"https:\/\/cerrajerosenbarcelona.co\/ca\/barris\/serrallers-les-corts-24-hores#primaryimage"},"thumbnailUrl":"https:\/\/cerrajerosenbarcelona.co\/wp-content\/uploads\/2020\/03\/cerrajeros-les-corts.jpg","datePublished":"2023-04-16T17:56:32+00:00","dateModified":"2023-08-30T13:32:16+00:00","description":"Si esteu buscant un many\u00e0 Les Corts acreditat per la uni\u00f3 de Serrallers de Seguretat d'Espanya (UCES), contacte amb nosaltres.","breadcrumb":{"@id":"https:\/\/cerrajerosenbarcelona.co\/ca\/barris\/serrallers-les-corts-24-hores#breadcrumb"},"inLanguage":"ca","potentialAction":[{"@type":"ReadAction","target":["https:\/\/cerrajerosenbarcelona.co\/ca\/barris\/serrallers-les-corts-24-hores"]}]},{"@type":"ImageObject","inLanguage":"ca","@id":"https:\/\/cerrajerosenbarcelona.co\/ca\/barris\/serrallers-les-corts-24-hores#primaryimage","url":"https:\/\/cerrajerosenbarcelona.co\/wp-content\/uploads\/2020\/03\/cerrajeros-les-corts.jpg","contentUrl":"https:\/\/cerrajerosenbarcelona.co\/wp-content\/uploads\/2020\/03\/cerrajeros-les-corts.jpg","width":800,"height":800,"caption":"Serraller Les Corts 24 hores"},{"@type":"BreadcrumbList","@id":"https:\/\/cerrajerosenbarcelona.co\/ca\/barris\/serrallers-les-corts-24-hores#breadcrumb","itemListElement":[{"@type":"ListItem","position":1,"name":"Portada","item":"https:\/\/cerrajerosenbarcelona.co\/ca"},{"@type":"ListItem","position":2,"name":"barris","item":"https:\/\/cerrajerosenbarcelona.co\/ca\/barris"},{"@type":"ListItem","position":3,"name":"Serrallers Les Corts 24 hores"}]},{"@type":"WebSite","@id":"https:\/\/cerrajerosenbarcelona.co\/#website","url":"https:\/\/cerrajerosenbarcelona.co\/","name":"Cerrajer\u00eda","description":"Otro sitio realizado con WordPress","publisher":{"@id":"https:\/\/cerrajerosenbarcelona.co\/#organization"},"potentialAction":[{"@type":"SearchAction","target":{"@type":"EntryPoint","urlTemplate":"https:\/\/cerrajerosenbarcelona.co\/?s={search_term_string}"},"query-input":{"@type":"PropertyValueSpecification","valueRequired":true,"valueName":"search_term_string"}}],"inLanguage":"ca"},{"@type":"Organization","@id":"https:\/\/cerrajerosenbarcelona.co\/#organization","name":"Cerrajer\u00eda TDA Barcelona","url":"https:\/\/cerrajerosenbarcelona.co\/","logo":{"@type":"ImageObject","inLanguage":"ca","@id":"https:\/\/cerrajerosenbarcelona.co\/#\/schema\/logo\/image\/","url":"https:\/\/cerrajerosenbarcelona.co\/wp-content\/uploads\/2019\/11\/cerrajeria-tda-barcelona-logo-2.png","contentUrl":"https:\/\/cerrajerosenbarcelona.co\/wp-content\/uploads\/2019\/11\/cerrajeria-tda-barcelona-logo-2.png","width":332,"height":98,"caption":"Cerrajer\u00eda TDA Barcelona"},"image":{"@id":"https:\/\/cerrajerosenbarcelona.co\/#\/schema\/logo\/image\/"}}]}},"_links":{"self":[{"href":"https:\/\/cerrajerosenbarcelona.co\/ca\/wp-json\/wp\/v2\/pages\/1699","targetHints":{"allow":["GET"]}}],"collection":[{"href":"https:\/\/cerrajerosenbarcelona.co\/ca\/wp-json\/wp\/v2\/pages"}],"about":[{"href":"https:\/\/cerrajerosenbarcelona.co\/ca\/wp-json\/wp\/v2\/types\/page"}],"author":[{"embeddable":true,"href":"https:\/\/cerrajerosenbarcelona.co\/ca\/wp-json\/wp\/v2\/users\/2"}],"replies":[{"embeddable":true,"href":"https:\/\/cerrajerosenbarcelona.co\/ca\/wp-json\/wp\/v2\/comments?post=1699"}],"version-history":[{"count":3,"href":"https:\/\/cerrajerosenbarcelona.co\/ca\/wp-json\/wp\/v2\/pages\/1699\/revisions"}],"predecessor-version":[{"id":1769,"href":"https:\/\/cerrajerosenbarcelona.co\/ca\/wp-json\/wp\/v2\/pages\/1699\/revisions\/1769"}],"up":[{"embeddable":true,"href":"https:\/\/cerrajerosenbarcelona.co\/ca\/wp-json\/wp\/v2\/pages\/1700"}],"wp:featuredmedia":[{"embeddable":true,"href":"https:\/\/cerrajerosenbarcelona.co\/ca\/wp-json\/wp\/v2\/media\/1547"}],"wp:attachment":[{"href":"https:\/\/cerrajerosenbarcelona.co\/ca\/wp-json\/wp\/v2\/media?parent=1699"}],"curies":[{"name":"wp","href":"https:\/\/api.w.org\/{rel}","templated":true}]}}