{"id":1700,"date":"2019-11-11T17:34:50","date_gmt":"2019-11-11T16:34:50","guid":{"rendered":"https:\/\/cerrajerosenbarcelona.co\/?page_id=1700"},"modified":"2023-04-16T21:58:24","modified_gmt":"2023-04-16T19:58:24","slug":"barris","status":"publish","type":"page","link":"https:\/\/cerrajerosenbarcelona.co\/ca\/barris","title":{"rendered":"barris"},"content":{"rendered":"\n<style type=\"text\/css\" data-created_by=\"avia_inline_auto\" id=\"style-css-av-av_section-5b5f61f72f70f9a27d6c4fe82794c582\">\n.avia-section.av-av_section-5b5f61f72f70f9a27d6c4fe82794c582{\nbackground-color:#000000;\nbackground-image:unset;\n}\n.avia-section.av-av_section-5b5f61f72f70f9a27d6c4fe82794c582 .av-extra-border-element .av-extra-border-inner{\nbackground-color:#000000;\n}\n<\/style>\n<div id='av_section_1'  class='avia-section av-av_section-5b5f61f72f70f9a27d6c4fe82794c582 main_color avia-section-large avia-no-border-styling  avia-builder-el-0  el_before_av_two_third  avia-builder-el-first  avia-bg-style-scroll av-arrow-down-section container_wrap fullsize'  ><div class='container av-section-cont-open' ><main  class='template-page content  av-content-full alpha units'><div class='post-entry post-entry-type-page post-entry-1700'><div class='entry-content-wrapper clearfix'>\n\n<style type=\"text\/css\" data-created_by=\"avia_inline_auto\" id=\"style-css-av-lgjtqtwv-bf4b03c692faec533bb28f335b0c65e3\">\n#top .av-special-heading.av-lgjtqtwv-bf4b03c692faec533bb28f335b0c65e3{\npadding-bottom:10px;\ncolor:#ffffff;\n}\nbody .av-special-heading.av-lgjtqtwv-bf4b03c692faec533bb28f335b0c65e3 .av-special-heading-tag .heading-char{\nfont-size:25px;\n}\n.av-special-heading.av-lgjtqtwv-bf4b03c692faec533bb28f335b0c65e3 .special-heading-inner-border{\nborder-color:#ffffff;\n}\n.av-special-heading.av-lgjtqtwv-bf4b03c692faec533bb28f335b0c65e3 .av-subheading{\nfont-size:15px;\n}\n<\/style>\n<div  class='av-special-heading av-lgjtqtwv-bf4b03c692faec533bb28f335b0c65e3 av-special-heading-h1 custom-color-heading blockquote modern-quote modern-centered  avia-builder-el-1  avia-builder-el-no-sibling  av-linked-heading'><h1 class='av-special-heading-tag '  >Serrallers a tots els barris de Barcelona les 24 hores<\/h1><div class=\"special-heading-border\"><div class=\"special-heading-inner-border\"><\/div><\/div><\/div>\n<\/div><\/div><\/main><!-- close content main element --><\/div><div class='av-extra-border-element border-extra-arrow-down'><div class='av-extra-border-outer'><div class='av-extra-border-inner'><\/div><\/div><\/div><\/div><div id='after_section_1'  class='main_color av_default_container_wrap container_wrap fullsize'  ><div class='container av-section-cont-open' ><div class='template-page content  av-content-full alpha units'><div class='post-entry post-entry-type-page post-entry-1700'><div class='entry-content-wrapper clearfix'>\n\n<style type=\"text\/css\" data-created_by=\"avia_inline_auto\" id=\"style-css-av-av_two_third-25347b0a799d5b9f7058434b2a9c3182\">\n.flex_column.av-av_two_third-25347b0a799d5b9f7058434b2a9c3182{\nborder-radius:0px 0px 0px 0px;\npadding:0px 0px 0px 0px;\n}\n<\/style>\n<div  class='flex_column av-av_two_third-25347b0a799d5b9f7058434b2a9c3182 av_two_third  avia-builder-el-2  el_after_av_section  el_before_av_one_third  avia-builder-el-first  first flex_column_div av-zero-column-padding  '     ><section  class='av_textblock_section av-lgjtv80l-add1b852b68af8e54f31deb8c4d10e20 '  ><div class='avia_textblock' ><p>A la nostra serralleria a Barcelona, comptem amb serrallers altament qualificats i compromesos amb brindar assist\u00e8ncia al client en el menor temps possible despr\u00e9s de la trucada. En menys de 20 minuts, un t\u00e8cnic estar\u00e0 disponible per assessorar-te sobre la millor soluci\u00f3 per a les teves necessitats.<\/p>\n<p>Podem obrir qualsevol tipus de porta i canviar panys i bombins sense causar danys. A m\u00e9s, comptem amb els millors professionals a serralleria de Barcelona, i prestem servei a diversos barris. No dubteu a posar-vos en contacte amb nosaltres per sol\u00b7licitar un pressupost a l&#8217;instant.<\/p>\n<p>Els nostres <a href=\"https:\/\/cerrajerosenbarcelona.co\/ca\">serrallers a Barcelona<\/a> estan disponibles les 24 hores del dia per solucionar qualsevol problema relacionat amb panys. Podem canviar qualsevol tipus de pany i treballem amb marques l\u00edders com TESA, ESCORRA, MOTURA, POTENT, TOVER, ARCU, STS, SIDESE, entre d&#8217;altres.<\/p>\n<p>A la nostra serralleria de Barcelona, oferim serveis com obertura de portes, instal\u00b7laci\u00f3 de cilindres de seguretat, obertura de caixes fortes, obertura de persianes i motors de persianes, entre d&#8217;altres. Tamb\u00e9 instal\u00b7lem panys de seguretat, molls hidr\u00e0ulics, cadenats de seguretat, entre altres sistemes que garanteixin la seguretat de la teva llar o negoci.<\/p>\n<p>Els nostres serrallers a Barcelona estan disponibles les 24 hores del dia, els 365 dies de l\u00b4any, per oferir una \u00e0mplia gamma de serveis d\u00b4urg\u00e8ncia i no urg\u00e8ncia. La nostra prioritat \u00e9s la satisfacci\u00f3 del client i la seva seguretat, per aix\u00f2 ens esforcem per atendre les teves sol\u00b7licituds el m\u00e9s r\u00e0pid possible.<\/p>\n<p>Si necessites instal\u00b7lar panys d&#8217;embotir a la porta, no dubtis en contactar-nos. A la nostra serralleria de Barcelona, els nostres serrallers s\u00f3n especialistes en l&#8217;obertura i la instal\u00b7laci\u00f3 de panys d&#8217;embotir, i us donaran l&#8217;atenci\u00f3 necess\u00e0ria per satisfer les vostres necessitats.<\/p>\n<p>Oferim despla\u00e7aments a qualsevol hora del dia per oferir el millor servei possible als nostres clients. La teva seguretat \u00e9s la nostra major preocupaci\u00f3, per aix\u00f2 estem a la teva disposici\u00f3 en cas de p\u00e8rdua o oblit de claus. A m\u00e9s, instal\u00b7lem panys de seguretat, bombins, escuts protectors i qualsevol altre sistema que garanteixi la teva tranquil\u00b7litat i la dels que t&#8217;envolten.<\/p>\n<\/div><\/section><\/div>\n\n<style type=\"text\/css\" data-created_by=\"avia_inline_auto\" id=\"style-css-av-av_one_third-f7c1061df29de8cca6b42fcf455fe4a0\">\n.flex_column.av-av_one_third-f7c1061df29de8cca6b42fcf455fe4a0{\nborder-radius:0px 0px 0px 0px;\npadding:0px 0px 0px 0px;\n}\n<\/style>\n<div  class='flex_column av-av_one_third-f7c1061df29de8cca6b42fcf455fe4a0 av_one_third  avia-builder-el-4  el_after_av_two_third  avia-builder-el-last  flex_column_div av-zero-column-padding  '     ><p>\n<style type=\"text\/css\" data-created_by=\"avia_inline_auto\" id=\"style-css-av-lgjtvj0e-7e11cad0ab3cee798ab6c1b82531c795\">\n#top .av-special-heading.av-lgjtvj0e-7e11cad0ab3cee798ab6c1b82531c795{\npadding-bottom:10px;\ncolor:#000000;\n}\nbody .av-special-heading.av-lgjtvj0e-7e11cad0ab3cee798ab6c1b82531c795 .av-special-heading-tag .heading-char{\nfont-size:25px;\n}\n.av-special-heading.av-lgjtvj0e-7e11cad0ab3cee798ab6c1b82531c795 .special-heading-inner-border{\nborder-color:#000000;\n}\n.av-special-heading.av-lgjtvj0e-7e11cad0ab3cee798ab6c1b82531c795 .av-subheading{\nfont-size:15px;\n}\n<\/style>\n<div  class='av-special-heading av-lgjtvj0e-7e11cad0ab3cee798ab6c1b82531c795 av-special-heading-h4 custom-color-heading blockquote modern-quote  avia-builder-el-5  el_before_av_textblock  avia-builder-el-first  av-linked-heading'><h4 class='av-special-heading-tag '  >Serrallers al teu barri<\/h4><div class=\"special-heading-border\"><div class=\"special-heading-inner-border\"><\/div><\/div><\/div><br \/>\n<section  class='av_textblock_section av-lgjtxotp-f4a59fa6d913e4ec6486047a17e1af5b '  ><div class='avia_textblock' ><div class=\"modcontent clearfix\">\n<ul class=\"menu \">\n<li class=\"item-137\"><a href=\"https:\/\/cerrajerosenbarcelona.co\/ca\/barris\/serrallers-les-corts-24-hores\">Serrallers Les Corts<\/a><\/li>\n<\/ul>\n<\/div>\n<\/div><\/section><\/p><\/div>\n","protected":false},"excerpt":{"rendered":"","protected":false},"author":2,"featured_media":0,"parent":0,"menu_order":0,"comment_status":"closed","ping_status":"closed","template":"","meta":{"footnotes":""},"class_list":["post-1700","page","type-page","status-publish","hentry"],"yoast_head":"<!-- This site is optimized with the Yoast SEO plugin v26.6 - https:\/\/yoast.com\/wordpress\/plugins\/seo\/ -->\n<title>barris - Cerrajer\u00eda<\/title>\n<meta name=\"robots\" content=\"index, follow, max-snippet:-1, max-image-preview:large, max-video-preview:-1\" \/>\n<link rel=\"canonical\" href=\"https:\/\/cerrajerosenbarcelona.co\/ca\/barris\" \/>\n<meta property=\"og:locale\" content=\"ca_ES\" \/>\n<meta property=\"og:type\" content=\"article\" \/>\n<meta property=\"og:title\" content=\"barris - Cerrajer\u00eda\" \/>\n<meta property=\"og:url\" content=\"https:\/\/cerrajerosenbarcelona.co\/ca\/barris\" \/>\n<meta property=\"og:site_name\" content=\"Cerrajer\u00eda\" \/>\n<meta property=\"article:modified_time\" content=\"2023-04-16T19:58:24+00:00\" \/>\n<meta name=\"twitter:card\" content=\"summary_large_image\" \/>\n<meta name=\"twitter:label1\" content=\"Temps estimat de lectura\" \/>\n\t<meta name=\"twitter:data1\" content=\"4 minuts\" \/>\n<script type=\"application\/ld+json\" class=\"yoast-schema-graph\">{\"@context\":\"https:\/\/schema.org\",\"@graph\":[{\"@type\":\"WebPage\",\"@id\":\"https:\/\/cerrajerosenbarcelona.co\/ca\/barris\",\"url\":\"https:\/\/cerrajerosenbarcelona.co\/ca\/barris\",\"name\":\"barris - Cerrajer\u00eda\",\"isPartOf\":{\"@id\":\"https:\/\/cerrajerosenbarcelona.co\/#website\"},\"datePublished\":\"2019-11-11T16:34:50+00:00\",\"dateModified\":\"2023-04-16T19:58:24+00:00\",\"breadcrumb\":{\"@id\":\"https:\/\/cerrajerosenbarcelona.co\/ca\/barris#breadcrumb\"},\"inLanguage\":\"ca\",\"potentialAction\":[{\"@type\":\"ReadAction\",\"target\":[\"https:\/\/cerrajerosenbarcelona.co\/ca\/barris\"]}]},{\"@type\":\"BreadcrumbList\",\"@id\":\"https:\/\/cerrajerosenbarcelona.co\/ca\/barris#breadcrumb\",\"itemListElement\":[{\"@type\":\"ListItem\",\"position\":1,\"name\":\"Portada\",\"item\":\"https:\/\/cerrajerosenbarcelona.co\/ca\"},{\"@type\":\"ListItem\",\"position\":2,\"name\":\"barris\"}]},{\"@type\":\"WebSite\",\"@id\":\"https:\/\/cerrajerosenbarcelona.co\/#website\",\"url\":\"https:\/\/cerrajerosenbarcelona.co\/\",\"name\":\"Cerrajer\u00eda\",\"description\":\"Otro sitio realizado con WordPress\",\"publisher\":{\"@id\":\"https:\/\/cerrajerosenbarcelona.co\/#organization\"},\"potentialAction\":[{\"@type\":\"SearchAction\",\"target\":{\"@type\":\"EntryPoint\",\"urlTemplate\":\"https:\/\/cerrajerosenbarcelona.co\/?s={search_term_string}\"},\"query-input\":{\"@type\":\"PropertyValueSpecification\",\"valueRequired\":true,\"valueName\":\"search_term_string\"}}],\"inLanguage\":\"ca\"},{\"@type\":\"Organization\",\"@id\":\"https:\/\/cerrajerosenbarcelona.co\/#organization\",\"name\":\"Cerrajer\u00eda TDA Barcelona\",\"url\":\"https:\/\/cerrajerosenbarcelona.co\/\",\"logo\":{\"@type\":\"ImageObject\",\"inLanguage\":\"ca\",\"@id\":\"https:\/\/cerrajerosenbarcelona.co\/#\/schema\/logo\/image\/\",\"url\":\"https:\/\/cerrajerosenbarcelona.co\/wp-content\/uploads\/2019\/11\/cerrajeria-tda-barcelona-logo-2.png\",\"contentUrl\":\"https:\/\/cerrajerosenbarcelona.co\/wp-content\/uploads\/2019\/11\/cerrajeria-tda-barcelona-logo-2.png\",\"width\":332,\"height\":98,\"caption\":\"Cerrajer\u00eda TDA Barcelona\"},\"image\":{\"@id\":\"https:\/\/cerrajerosenbarcelona.co\/#\/schema\/logo\/image\/\"}}]}<\/script>\n<!-- \/ Yoast SEO plugin. -->","yoast_head_json":{"title":"barris - Cerrajer\u00eda","robots":{"index":"index","follow":"follow","max-snippet":"max-snippet:-1","max-image-preview":"max-image-preview:large","max-video-preview":"max-video-preview:-1"},"canonical":"https:\/\/cerrajerosenbarcelona.co\/ca\/barris","og_locale":"ca_ES","og_type":"article","og_title":"barris - Cerrajer\u00eda","og_url":"https:\/\/cerrajerosenbarcelona.co\/ca\/barris","og_site_name":"Cerrajer\u00eda","article_modified_time":"2023-04-16T19:58:24+00:00","twitter_card":"summary_large_image","twitter_misc":{"Temps estimat de lectura":"4 minuts"},"schema":{"@context":"https:\/\/schema.org","@graph":[{"@type":"WebPage","@id":"https:\/\/cerrajerosenbarcelona.co\/ca\/barris","url":"https:\/\/cerrajerosenbarcelona.co\/ca\/barris","name":"barris - Cerrajer\u00eda","isPartOf":{"@id":"https:\/\/cerrajerosenbarcelona.co\/#website"},"datePublished":"2019-11-11T16:34:50+00:00","dateModified":"2023-04-16T19:58:24+00:00","breadcrumb":{"@id":"https:\/\/cerrajerosenbarcelona.co\/ca\/barris#breadcrumb"},"inLanguage":"ca","potentialAction":[{"@type":"ReadAction","target":["https:\/\/cerrajerosenbarcelona.co\/ca\/barris"]}]},{"@type":"BreadcrumbList","@id":"https:\/\/cerrajerosenbarcelona.co\/ca\/barris#breadcrumb","itemListElement":[{"@type":"ListItem","position":1,"name":"Portada","item":"https:\/\/cerrajerosenbarcelona.co\/ca"},{"@type":"ListItem","position":2,"name":"barris"}]},{"@type":"WebSite","@id":"https:\/\/cerrajerosenbarcelona.co\/#website","url":"https:\/\/cerrajerosenbarcelona.co\/","name":"Cerrajer\u00eda","description":"Otro sitio realizado con WordPress","publisher":{"@id":"https:\/\/cerrajerosenbarcelona.co\/#organization"},"potentialAction":[{"@type":"SearchAction","target":{"@type":"EntryPoint","urlTemplate":"https:\/\/cerrajerosenbarcelona.co\/?s={search_term_string}"},"query-input":{"@type":"PropertyValueSpecification","valueRequired":true,"valueName":"search_term_string"}}],"inLanguage":"ca"},{"@type":"Organization","@id":"https:\/\/cerrajerosenbarcelona.co\/#organization","name":"Cerrajer\u00eda TDA Barcelona","url":"https:\/\/cerrajerosenbarcelona.co\/","logo":{"@type":"ImageObject","inLanguage":"ca","@id":"https:\/\/cerrajerosenbarcelona.co\/#\/schema\/logo\/image\/","url":"https:\/\/cerrajerosenbarcelona.co\/wp-content\/uploads\/2019\/11\/cerrajeria-tda-barcelona-logo-2.png","contentUrl":"https:\/\/cerrajerosenbarcelona.co\/wp-content\/uploads\/2019\/11\/cerrajeria-tda-barcelona-logo-2.png","width":332,"height":98,"caption":"Cerrajer\u00eda TDA Barcelona"},"image":{"@id":"https:\/\/cerrajerosenbarcelona.co\/#\/schema\/logo\/image\/"}}]}},"_links":{"self":[{"href":"https:\/\/cerrajerosenbarcelona.co\/ca\/wp-json\/wp\/v2\/pages\/1700","targetHints":{"allow":["GET"]}}],"collection":[{"href":"https:\/\/cerrajerosenbarcelona.co\/ca\/wp-json\/wp\/v2\/pages"}],"about":[{"href":"https:\/\/cerrajerosenbarcelona.co\/ca\/wp-json\/wp\/v2\/types\/page"}],"author":[{"embeddable":true,"href":"https:\/\/cerrajerosenbarcelona.co\/ca\/wp-json\/wp\/v2\/users\/2"}],"replies":[{"embeddable":true,"href":"https:\/\/cerrajerosenbarcelona.co\/ca\/wp-json\/wp\/v2\/comments?post=1700"}],"version-history":[{"count":5,"href":"https:\/\/cerrajerosenbarcelona.co\/ca\/wp-json\/wp\/v2\/pages\/1700\/revisions"}],"predecessor-version":[{"id":1709,"href":"https:\/\/cerrajerosenbarcelona.co\/ca\/wp-json\/wp\/v2\/pages\/1700\/revisions\/1709"}],"wp:attachment":[{"href":"https:\/\/cerrajerosenbarcelona.co\/ca\/wp-json\/wp\/v2\/media?parent=1700"}],"curies":[{"name":"wp","href":"https:\/\/api.w.org\/{rel}","templated":true}]}}