{"id":1713,"date":"2023-04-17T20:14:44","date_gmt":"2023-04-17T18:14:44","guid":{"rendered":"https:\/\/cerrajerosenbarcelona.co\/?page_id=1713"},"modified":"2023-04-17T20:14:44","modified_gmt":"2023-04-17T18:14:44","slug":"poblacions","status":"publish","type":"page","link":"https:\/\/cerrajerosenbarcelona.co\/ca\/poblacions","title":{"rendered":"Poblacions"},"content":{"rendered":"\n<style type=\"text\/css\" data-created_by=\"avia_inline_auto\" id=\"style-css-av-av_section-5b5f61f72f70f9a27d6c4fe82794c582\">\n.avia-section.av-av_section-5b5f61f72f70f9a27d6c4fe82794c582{\nbackground-color:#000000;\nbackground-image:unset;\n}\n.avia-section.av-av_section-5b5f61f72f70f9a27d6c4fe82794c582 .av-extra-border-element .av-extra-border-inner{\nbackground-color:#000000;\n}\n<\/style>\n<div id='av_section_1'  class='avia-section av-av_section-5b5f61f72f70f9a27d6c4fe82794c582 main_color avia-section-large avia-no-border-styling  avia-builder-el-0  el_before_av_two_third  avia-builder-el-first  avia-bg-style-scroll av-arrow-down-section container_wrap fullsize'  ><div class='container av-section-cont-open' ><main  class='template-page content  av-content-full alpha units'><div class='post-entry post-entry-type-page post-entry-1713'><div class='entry-content-wrapper clearfix'>\n\n<style type=\"text\/css\" data-created_by=\"avia_inline_auto\" id=\"style-css-av-lgl5lve5-74857174bd22ddbc17bd9de02a3b3e1b\">\n#top .av-special-heading.av-lgl5lve5-74857174bd22ddbc17bd9de02a3b3e1b{\npadding-bottom:10px;\ncolor:#ffffff;\n}\nbody .av-special-heading.av-lgl5lve5-74857174bd22ddbc17bd9de02a3b3e1b .av-special-heading-tag .heading-char{\nfont-size:25px;\n}\n.av-special-heading.av-lgl5lve5-74857174bd22ddbc17bd9de02a3b3e1b .special-heading-inner-border{\nborder-color:#ffffff;\n}\n.av-special-heading.av-lgl5lve5-74857174bd22ddbc17bd9de02a3b3e1b .av-subheading{\nfont-size:15px;\n}\n<\/style>\n<div  class='av-special-heading av-lgl5lve5-74857174bd22ddbc17bd9de02a3b3e1b av-special-heading-h1 custom-color-heading blockquote modern-quote modern-centered  avia-builder-el-1  avia-builder-el-no-sibling  av-linked-heading'><h1 class='av-special-heading-tag '  >Serrallers Barcelona 24 hores a la teva poblaci\u00f3<\/h1><div class=\"special-heading-border\"><div class=\"special-heading-inner-border\"><\/div><\/div><\/div>\n<\/div><\/div><\/main><!-- close content main element --><\/div><div class='av-extra-border-element border-extra-arrow-down'><div class='av-extra-border-outer'><div class='av-extra-border-inner'><\/div><\/div><\/div><\/div><div id='after_section_1'  class='main_color av_default_container_wrap container_wrap fullsize'  ><div class='container av-section-cont-open' ><div class='template-page content  av-content-full alpha units'><div class='post-entry post-entry-type-page post-entry-1713'><div class='entry-content-wrapper clearfix'>\n<style type=\"text\/css\" data-created_by=\"avia_inline_auto\" id=\"style-css-av-av_two_third-25347b0a799d5b9f7058434b2a9c3182\">\n.flex_column.av-av_two_third-25347b0a799d5b9f7058434b2a9c3182{\nborder-radius:0px 0px 0px 0px;\npadding:0px 0px 0px 0px;\n}\n<\/style>\n<div  class='flex_column av-av_two_third-25347b0a799d5b9f7058434b2a9c3182 av_two_third  avia-builder-el-2  el_after_av_section  el_before_av_one_third  avia-builder-el-first  first flex_column_div av-zero-column-padding  '     ><section  class='av_textblock_section av-lgl5ldsg-eca5b8e0f58c0fd5e1fe87bf63224e76 '  ><div class='avia_textblock' ><p>Des de 1994, oferim serveis de serralleria a Barcelona ia diverses altres poblacions tant urgents com no urgents. La nostra pol\u00edtica \u00e9s informar sempre el client sobre el preu del servei abans que el many\u00e0 es desplaci o una vegada que ja s&#8217;hagi despla\u00e7at per oferir un pressupost gratu\u00eft.<\/p>\n<p>Entre els serveis que brindem s&#8217;hi inclouen obertures d&#8217;habitatges, cotxes i comer\u00e7os, obertura de panys, portes i canvi de bombins, entre d&#8217;altres. Tamb\u00e9 oferim obertures de caixes fortes de tots els models, tant petites com grans, i fem canvis de panys i dispositius de seguretat sense causar cap dany.<\/p>\n<p>Comptem amb els millors professionals en serralleria a Barcelona i rodalies. Si necessites un many\u00e0, no dubtis a posar-te en contacte amb nosaltres. Oferim una \u00e0mplia varietat de serveis, com ara obertura de portes, canvi de panys i cilindres de seguretat, motoritzaci\u00f3 de persianes, ensinistrament, restauraci\u00f3 de marcs de porta danyats, dispositius de seguretat, entre d&#8217;altres.<\/p>\n<p>Estem disponibles les 24 hores del dia, cada dia de l&#8217;any, per atendre&#8217;t en qualsevol moment i lloc. Si necessites una obertura de porta o pany, no dubtis a contactar-nos. Realitzem obertures amb clau tirada, claus trencades al bomb\u00ed, entre altres problemes que puguis tenir.<\/p>\n<p>Oferim els millors preus del mercat i atenem tant les teves urg\u00e8ncies com les teves necessitats no urgents el m\u00e9s r\u00e0pid possible, ja que la seguretat dels nostres clients \u00e9s la nostra prioritat. Si necessiteu un canvi de pany, podeu sol\u00b7licitar un pressupost sense comprom\u00eds.<\/p>\n<p>A la nostra serralleria a Barcelona, valorem la teva necessitat d&#8217;urg\u00e8ncia i per aix\u00f2 disposem de diversos serrallers a Barcelona per atendre&#8217;t el m\u00e9s r\u00e0pid possible. Si necessites una obertura de porta, no dubtis a contactar-nos.<\/p>\n<p>Si ens proporciones tota la informaci\u00f3 necess\u00e0ria, el nostre many\u00e0 et brindar\u00e0 un servei r\u00e0pid i efica\u00e7, sense importar on ens necessitis.<\/p>\n<p>A la nostra serralleria a Barcelona, comptem amb diversos operaris a tota la ciutat ia diversos pobles, brindant serveis de qualitat i professionalisme. Pots trucar-nos i sol\u00b7licitar un pressupost sense comprom\u00eds. En rebre la teva trucada, enviarem a un many\u00e0 el m\u00e9s aviat possible per solucionar qualsevol problema que puguis tenir amb el teu pany, persiana, etc.<\/p>\n<\/div><\/section><\/div>\n<style type=\"text\/css\" data-created_by=\"avia_inline_auto\" id=\"style-css-av-av_one_third-f7c1061df29de8cca6b42fcf455fe4a0\">\n.flex_column.av-av_one_third-f7c1061df29de8cca6b42fcf455fe4a0{\nborder-radius:0px 0px 0px 0px;\npadding:0px 0px 0px 0px;\n}\n<\/style>\n<div  class='flex_column av-av_one_third-f7c1061df29de8cca6b42fcf455fe4a0 av_one_third  avia-builder-el-4  el_after_av_two_third  avia-builder-el-last  flex_column_div av-zero-column-padding  '     ><p>\n<style type=\"text\/css\" data-created_by=\"avia_inline_auto\" id=\"style-css-av-lgl5mac4-d42c4b8506e0046881e3d93f6a7dcc4c\">\n#top .av-special-heading.av-lgl5mac4-d42c4b8506e0046881e3d93f6a7dcc4c{\npadding-bottom:10px;\ncolor:#000000;\n}\nbody .av-special-heading.av-lgl5mac4-d42c4b8506e0046881e3d93f6a7dcc4c .av-special-heading-tag .heading-char{\nfont-size:25px;\n}\n.av-special-heading.av-lgl5mac4-d42c4b8506e0046881e3d93f6a7dcc4c .special-heading-inner-border{\nborder-color:#000000;\n}\n.av-special-heading.av-lgl5mac4-d42c4b8506e0046881e3d93f6a7dcc4c .av-subheading{\nfont-size:15px;\n}\n<\/style>\n<div  class='av-special-heading av-lgl5mac4-d42c4b8506e0046881e3d93f6a7dcc4c av-special-heading-h3 custom-color-heading blockquote modern-quote  avia-builder-el-5  el_before_av_hr  avia-builder-el-first  av-linked-heading'><h3 class='av-special-heading-tag '  >Pressupost a l\u2019instant gratu\u00eft<\/h3><div class=\"special-heading-border\"><div class=\"special-heading-inner-border\"><\/div><\/div><\/div><br \/>\n\n<style type=\"text\/css\" data-created_by=\"avia_inline_auto\" id=\"style-css-av-av_hr-9667c7d048e5f2c95c5b95a1668e5901\">\n#top .hr.av-av_hr-9667c7d048e5f2c95c5b95a1668e5901{\nmargin-top:10px;\nmargin-bottom:30px;\n}\n.hr.av-av_hr-9667c7d048e5f2c95c5b95a1668e5901 .hr-inner{\nwidth:50px;\nborder-color:#000000;\n}\n<\/style>\n<div  class='hr av-av_hr-9667c7d048e5f2c95c5b95a1668e5901 hr-custom  avia-builder-el-6  el_after_av_heading  el_before_av_textblock  hr-left hr-icon-no'><span class='hr-inner inner-border-av-border-thin'><span class=\"hr-inner-style\"><\/span><\/span><\/div><br \/>\n<section  class='av_textblock_section av-av_textblock-18ec860c7e07088d2c0a993b614e8019 '  ><div class='avia_textblock' ><div><strong>93 323 8507 &#8211; 24H<br \/>\n629 58 70 22 &#8211; 24H<\/strong><\/div>\n<\/div><\/section><\/p><\/div><\/p>\n","protected":false},"excerpt":{"rendered":"","protected":false},"author":2,"featured_media":0,"parent":0,"menu_order":0,"comment_status":"closed","ping_status":"closed","template":"","meta":{"footnotes":""},"class_list":["post-1713","page","type-page","status-publish","hentry"],"yoast_head":"<!-- This site is optimized with the Yoast SEO plugin v26.6 - https:\/\/yoast.com\/wordpress\/plugins\/seo\/ -->\n<title>Poblacions - Cerrajer\u00eda<\/title>\n<meta name=\"robots\" content=\"index, follow, max-snippet:-1, max-image-preview:large, max-video-preview:-1\" \/>\n<link rel=\"canonical\" href=\"https:\/\/cerrajerosenbarcelona.co\/ca\/poblacions\" \/>\n<meta property=\"og:locale\" content=\"ca_ES\" \/>\n<meta property=\"og:type\" content=\"article\" \/>\n<meta property=\"og:title\" content=\"Poblacions - Cerrajer\u00eda\" \/>\n<meta property=\"og:url\" content=\"https:\/\/cerrajerosenbarcelona.co\/ca\/poblacions\" \/>\n<meta property=\"og:site_name\" content=\"Cerrajer\u00eda\" \/>\n<meta name=\"twitter:card\" content=\"summary_large_image\" \/>\n<meta name=\"twitter:label1\" content=\"Temps estimat de lectura\" \/>\n\t<meta name=\"twitter:data1\" content=\"4 minuts\" \/>\n<script type=\"application\/ld+json\" class=\"yoast-schema-graph\">{\"@context\":\"https:\/\/schema.org\",\"@graph\":[{\"@type\":\"WebPage\",\"@id\":\"https:\/\/cerrajerosenbarcelona.co\/ca\/poblacions\",\"url\":\"https:\/\/cerrajerosenbarcelona.co\/ca\/poblacions\",\"name\":\"Poblacions - Cerrajer\u00eda\",\"isPartOf\":{\"@id\":\"https:\/\/cerrajerosenbarcelona.co\/#website\"},\"datePublished\":\"2023-04-17T18:14:44+00:00\",\"breadcrumb\":{\"@id\":\"https:\/\/cerrajerosenbarcelona.co\/ca\/poblacions#breadcrumb\"},\"inLanguage\":\"ca\",\"potentialAction\":[{\"@type\":\"ReadAction\",\"target\":[\"https:\/\/cerrajerosenbarcelona.co\/ca\/poblacions\"]}]},{\"@type\":\"BreadcrumbList\",\"@id\":\"https:\/\/cerrajerosenbarcelona.co\/ca\/poblacions#breadcrumb\",\"itemListElement\":[{\"@type\":\"ListItem\",\"position\":1,\"name\":\"Portada\",\"item\":\"https:\/\/cerrajerosenbarcelona.co\/ca\"},{\"@type\":\"ListItem\",\"position\":2,\"name\":\"Poblacions\"}]},{\"@type\":\"WebSite\",\"@id\":\"https:\/\/cerrajerosenbarcelona.co\/#website\",\"url\":\"https:\/\/cerrajerosenbarcelona.co\/\",\"name\":\"Cerrajer\u00eda\",\"description\":\"Otro sitio realizado con WordPress\",\"publisher\":{\"@id\":\"https:\/\/cerrajerosenbarcelona.co\/#organization\"},\"potentialAction\":[{\"@type\":\"SearchAction\",\"target\":{\"@type\":\"EntryPoint\",\"urlTemplate\":\"https:\/\/cerrajerosenbarcelona.co\/?s={search_term_string}\"},\"query-input\":{\"@type\":\"PropertyValueSpecification\",\"valueRequired\":true,\"valueName\":\"search_term_string\"}}],\"inLanguage\":\"ca\"},{\"@type\":\"Organization\",\"@id\":\"https:\/\/cerrajerosenbarcelona.co\/#organization\",\"name\":\"Cerrajer\u00eda TDA Barcelona\",\"url\":\"https:\/\/cerrajerosenbarcelona.co\/\",\"logo\":{\"@type\":\"ImageObject\",\"inLanguage\":\"ca\",\"@id\":\"https:\/\/cerrajerosenbarcelona.co\/#\/schema\/logo\/image\/\",\"url\":\"https:\/\/cerrajerosenbarcelona.co\/wp-content\/uploads\/2019\/11\/cerrajeria-tda-barcelona-logo-2.png\",\"contentUrl\":\"https:\/\/cerrajerosenbarcelona.co\/wp-content\/uploads\/2019\/11\/cerrajeria-tda-barcelona-logo-2.png\",\"width\":332,\"height\":98,\"caption\":\"Cerrajer\u00eda TDA Barcelona\"},\"image\":{\"@id\":\"https:\/\/cerrajerosenbarcelona.co\/#\/schema\/logo\/image\/\"}}]}<\/script>\n<!-- \/ Yoast SEO plugin. -->","yoast_head_json":{"title":"Poblacions - Cerrajer\u00eda","robots":{"index":"index","follow":"follow","max-snippet":"max-snippet:-1","max-image-preview":"max-image-preview:large","max-video-preview":"max-video-preview:-1"},"canonical":"https:\/\/cerrajerosenbarcelona.co\/ca\/poblacions","og_locale":"ca_ES","og_type":"article","og_title":"Poblacions - Cerrajer\u00eda","og_url":"https:\/\/cerrajerosenbarcelona.co\/ca\/poblacions","og_site_name":"Cerrajer\u00eda","twitter_card":"summary_large_image","twitter_misc":{"Temps estimat de lectura":"4 minuts"},"schema":{"@context":"https:\/\/schema.org","@graph":[{"@type":"WebPage","@id":"https:\/\/cerrajerosenbarcelona.co\/ca\/poblacions","url":"https:\/\/cerrajerosenbarcelona.co\/ca\/poblacions","name":"Poblacions - Cerrajer\u00eda","isPartOf":{"@id":"https:\/\/cerrajerosenbarcelona.co\/#website"},"datePublished":"2023-04-17T18:14:44+00:00","breadcrumb":{"@id":"https:\/\/cerrajerosenbarcelona.co\/ca\/poblacions#breadcrumb"},"inLanguage":"ca","potentialAction":[{"@type":"ReadAction","target":["https:\/\/cerrajerosenbarcelona.co\/ca\/poblacions"]}]},{"@type":"BreadcrumbList","@id":"https:\/\/cerrajerosenbarcelona.co\/ca\/poblacions#breadcrumb","itemListElement":[{"@type":"ListItem","position":1,"name":"Portada","item":"https:\/\/cerrajerosenbarcelona.co\/ca"},{"@type":"ListItem","position":2,"name":"Poblacions"}]},{"@type":"WebSite","@id":"https:\/\/cerrajerosenbarcelona.co\/#website","url":"https:\/\/cerrajerosenbarcelona.co\/","name":"Cerrajer\u00eda","description":"Otro sitio realizado con WordPress","publisher":{"@id":"https:\/\/cerrajerosenbarcelona.co\/#organization"},"potentialAction":[{"@type":"SearchAction","target":{"@type":"EntryPoint","urlTemplate":"https:\/\/cerrajerosenbarcelona.co\/?s={search_term_string}"},"query-input":{"@type":"PropertyValueSpecification","valueRequired":true,"valueName":"search_term_string"}}],"inLanguage":"ca"},{"@type":"Organization","@id":"https:\/\/cerrajerosenbarcelona.co\/#organization","name":"Cerrajer\u00eda TDA Barcelona","url":"https:\/\/cerrajerosenbarcelona.co\/","logo":{"@type":"ImageObject","inLanguage":"ca","@id":"https:\/\/cerrajerosenbarcelona.co\/#\/schema\/logo\/image\/","url":"https:\/\/cerrajerosenbarcelona.co\/wp-content\/uploads\/2019\/11\/cerrajeria-tda-barcelona-logo-2.png","contentUrl":"https:\/\/cerrajerosenbarcelona.co\/wp-content\/uploads\/2019\/11\/cerrajeria-tda-barcelona-logo-2.png","width":332,"height":98,"caption":"Cerrajer\u00eda TDA Barcelona"},"image":{"@id":"https:\/\/cerrajerosenbarcelona.co\/#\/schema\/logo\/image\/"}}]}},"_links":{"self":[{"href":"https:\/\/cerrajerosenbarcelona.co\/ca\/wp-json\/wp\/v2\/pages\/1713","targetHints":{"allow":["GET"]}}],"collection":[{"href":"https:\/\/cerrajerosenbarcelona.co\/ca\/wp-json\/wp\/v2\/pages"}],"about":[{"href":"https:\/\/cerrajerosenbarcelona.co\/ca\/wp-json\/wp\/v2\/types\/page"}],"author":[{"embeddable":true,"href":"https:\/\/cerrajerosenbarcelona.co\/ca\/wp-json\/wp\/v2\/users\/2"}],"replies":[{"embeddable":true,"href":"https:\/\/cerrajerosenbarcelona.co\/ca\/wp-json\/wp\/v2\/comments?post=1713"}],"version-history":[{"count":1,"href":"https:\/\/cerrajerosenbarcelona.co\/ca\/wp-json\/wp\/v2\/pages\/1713\/revisions"}],"predecessor-version":[{"id":1714,"href":"https:\/\/cerrajerosenbarcelona.co\/ca\/wp-json\/wp\/v2\/pages\/1713\/revisions\/1714"}],"wp:attachment":[{"href":"https:\/\/cerrajerosenbarcelona.co\/ca\/wp-json\/wp\/v2\/media?parent=1713"}],"curies":[{"name":"wp","href":"https:\/\/api.w.org\/{rel}","templated":true}]}}