{"id":1738,"date":"2023-05-05T22:42:53","date_gmt":"2023-05-05T20:42:53","guid":{"rendered":"https:\/\/cerrajerosenbarcelona.co\/?page_id=1738"},"modified":"2023-05-05T22:52:38","modified_gmt":"2023-05-05T20:52:38","slug":"forrellat-sag-barcelona","status":"publish","type":"page","link":"https:\/\/cerrajerosenbarcelona.co\/ca\/serralleria-barcelona\/forrellat-sag-barcelona","title":{"rendered":"Forrellat SAG Barcelona"},"content":{"rendered":"\n<style type=\"text\/css\" data-created_by=\"avia_inline_auto\" id=\"style-css-av-av_section-5b5f61f72f70f9a27d6c4fe82794c582\">\n.avia-section.av-av_section-5b5f61f72f70f9a27d6c4fe82794c582{\nbackground-color:#000000;\nbackground-image:unset;\n}\n.avia-section.av-av_section-5b5f61f72f70f9a27d6c4fe82794c582 .av-extra-border-element .av-extra-border-inner{\nbackground-color:#000000;\n}\n<\/style>\n<div id='av_section_1'  class='avia-section av-av_section-5b5f61f72f70f9a27d6c4fe82794c582 main_color avia-section-large avia-no-border-styling  avia-builder-el-0  el_before_av_two_third  avia-builder-el-first  avia-bg-style-scroll av-arrow-down-section container_wrap fullsize'  ><div class='container av-section-cont-open' ><main  class='template-page content  av-content-full alpha units'><div class='post-entry post-entry-type-page post-entry-1738'><div class='entry-content-wrapper clearfix'>\n\n<style type=\"text\/css\" data-created_by=\"avia_inline_auto\" id=\"style-css-av-lhb0qt32-7d2f773502853d57558dcdc248f4f2b9\">\n#top .av-special-heading.av-lhb0qt32-7d2f773502853d57558dcdc248f4f2b9{\npadding-bottom:10px;\ncolor:#ffffff;\n}\nbody .av-special-heading.av-lhb0qt32-7d2f773502853d57558dcdc248f4f2b9 .av-special-heading-tag .heading-char{\nfont-size:25px;\n}\n.av-special-heading.av-lhb0qt32-7d2f773502853d57558dcdc248f4f2b9 .special-heading-inner-border{\nborder-color:#ffffff;\n}\n.av-special-heading.av-lhb0qt32-7d2f773502853d57558dcdc248f4f2b9 .av-subheading{\nfont-size:15px;\n}\n<\/style>\n<div  class='av-special-heading av-lhb0qt32-7d2f773502853d57558dcdc248f4f2b9 av-special-heading-h1 custom-color-heading blockquote modern-quote modern-centered  avia-builder-el-1  avia-builder-el-no-sibling  av-linked-heading'><h1 class='av-special-heading-tag '  >Forrellats SAG a Barcelona<\/h1><div class='av_custom_color av-subheading av-subheading_below'><p>El complement de seguretat perfecte<\/p>\n<\/div><div class=\"special-heading-border\"><div class=\"special-heading-inner-border\"><\/div><\/div><\/div>\n<\/div><\/div><\/main><!-- close content main element --><\/div><div class='av-extra-border-element border-extra-arrow-down'><div class='av-extra-border-outer'><div class='av-extra-border-inner'><\/div><\/div><\/div><\/div><div id='after_section_1'  class='main_color av_default_container_wrap container_wrap fullsize'  ><div class='container av-section-cont-open' ><div class='template-page content  av-content-full alpha units'><div class='post-entry post-entry-type-page post-entry-1738'><div class='entry-content-wrapper clearfix'>\n<style type=\"text\/css\" data-created_by=\"avia_inline_auto\" id=\"style-css-av-av_two_third-25347b0a799d5b9f7058434b2a9c3182\">\n.flex_column.av-av_two_third-25347b0a799d5b9f7058434b2a9c3182{\nborder-radius:0px 0px 0px 0px;\npadding:0px 0px 0px 0px;\n}\n<\/style>\n<div  class='flex_column av-av_two_third-25347b0a799d5b9f7058434b2a9c3182 av_two_third  avia-builder-el-2  el_after_av_section  el_before_av_one_third  avia-builder-el-first  first flex_column_div av-zero-column-padding  '     ><section  class='av_textblock_section av-lhb0v3dn-0d8fbb8372fbf4a28b1991a69a6b589a '  ><div class='avia_textblock' ><h2>SUBMINISTRAMENT I INSTAL\u00b7LACI\u00d3 DE FORRELLATS SAG A BARCELONA<\/h2>\n<p>Serralleria TDA posa a disposici\u00f3 dels seus clients el forrellat SAG a totes i cadascuna de les seves versions disponibles.<\/p>\n<p><img loading=\"lazy\" decoding=\"async\" class=\"aligncenter size-full wp-image-715\" src=\"https:\/\/cerrajerosenbarcelona.co\/wp-content\/uploads\/2019\/11\/cerrojo-sag-barcelona.jpg\" alt=\"Cerrojos SAG en Barcelona\" width=\"700\" height=\"525\" srcset=\"https:\/\/cerrajerosenbarcelona.co\/wp-content\/uploads\/2019\/11\/cerrojo-sag-barcelona.jpg 700w, https:\/\/cerrajerosenbarcelona.co\/wp-content\/uploads\/2019\/11\/cerrojo-sag-barcelona-300x225.jpg 300w, https:\/\/cerrajerosenbarcelona.co\/wp-content\/uploads\/2019\/11\/cerrojo-sag-barcelona-450x338.jpg 450w\" sizes=\"auto, (max-width: 700px) 100vw, 700px\" \/><\/p>\n<h2>Una soluci\u00f3 consistent i robusta que far\u00e0 les del\u00edcies dels usuaris m\u00e9s exigents.<\/h2>\n<h3>Models forrellats SAG<\/h3>\n<p>A continuaci\u00f3 us mostrem les caracter\u00edstiques principals de cadascuna de les versions disponibles.<\/p>\n<h3>FORRELLAT SAG CSI<\/h3>\n<p>El fabricant SAG va tenir la brillant idea de crear un forrellat en diverses gammes de colors i amb una estructura molt compacta acerada per impossibilitar en la mesura del possible els atacs.<\/p>\n<p>Disposa d&#8217;un \u201ccasquet giratori\u201d anti-trencament que evita aix\u00ed el trencament del mateix en girar sobre la seva pr\u00f2pia base.<\/p>\n<p>Per la part interna \u00e9s est\u00e8ticament perfecte en la forma, la mida i el color no creant un efecte visual impactant sin\u00f3 en harmonia amb la resta dels elements que componen la porta. En estar completament tapat internament no es visualitza cap cargol des del seu interior.<\/p>\n<p>Aquest forrellat addicionalment i com a complement de seguretat externa, es proveeix i \u00e9s aconsellable amb un escut protector visible i dissuasori a m\u00e9s d&#8217;inviolable, amb cargols de subjecci\u00f3 interna que creen un cos molt s\u00f2lid i compacte davant d&#8217;atacs violents.<\/p>\n<p>La clau \u00e9s tubular i d&#8217;acer inoxidable, obertura interior sense clau i exterior amb clau.<\/p>\n<p>Es proveeix amb tres o cinc claus.<\/p>\n<div class='avia-iframe-wrap'><iframe loading=\"lazy\" title=\"CERROJO SAG ( Juanjo)\" width=\"1500\" height=\"844\" src=\"https:\/\/www.youtube.com\/embed\/O8c3PHOHGnk?feature=oembed\" frameborder=\"0\" allow=\"accelerometer; autoplay; clipboard-write; encrypted-media; gyroscope; picture-in-picture; web-share\" allowfullscreen><\/iframe><\/div>\n<p>Destaca amb la seva extrema duresa, resist\u00e8ncia i tenacitat.<\/p>\n<h2>Prestacions del Forrellat SAG<\/h2>\n<ul>\n<li>Anti-bumping<\/li>\n<li>Antiextracci\u00f3<\/li>\n<li>Anti-trencament<\/li>\n<li>Antigir<\/li>\n<li>Anti-trepant.<\/li>\n<li>Molt silenci\u00f3s, c\u00f2mode i pr\u00e0ctic.<\/li>\n<\/ul>\n<h2>FORRELLAT SAG CSI DB<\/h2>\n<p>\u00c9s molt similar al model CSI per\u00f2 incorpora clau interna i clau externa.<\/p>\n<p>Amb aix\u00f2 des de la part interior de l&#8217;habitatge sempre haur\u00e0s de tancar introduint la clau tubular d&#8217;acer al seu interior de la combinaci\u00f3.<\/p>\n<p>L\u00f2gicament \u00e9s un forrellat que tamb\u00e9 es proveeix en diversos colors per\u00f2 els m\u00e9s freq\u00fcents s\u00f3n el daurat, plata i blanc.<\/p>\n<p>No \u00e9s el forrellat m\u00e9s demandat de SAG per\u00f2 cont\u00e9 les mateixes qualitats i caracter\u00edstiques t\u00e8cniques que el SAG CSI.<\/p>\n<h2>FORRELLAT SAG EP 40<\/h2>\n<p>Aqu\u00ed entrem en una nova dimensi\u00f3 en seguretat addicional incorporant l\u00b4inserit KABA.<\/p>\n<p>Qu\u00e8 \u00e9s un inserit KABA?<\/p>\n<p>\u00c9s el mecanisme de la combinaci\u00f3 que permet dotar de m\u00e9s seguretat el cos del cilindre a la part on s&#8217;allotja la clau externament.<\/p>\n<p><img loading=\"lazy\" decoding=\"async\" class=\"aligncenter size-full wp-image-1154\" src=\"https:\/\/cerrajerosenbarcelona.co\/wp-content\/uploads\/2021\/02\/cerrojos-sag-barcelona.jpg\" alt=\"Cerrojo SAG Barcelona\" width=\"1079\" height=\"793\" srcset=\"https:\/\/cerrajerosenbarcelona.co\/wp-content\/uploads\/2021\/02\/cerrojos-sag-barcelona.jpg 1079w, https:\/\/cerrajerosenbarcelona.co\/wp-content\/uploads\/2021\/02\/cerrojos-sag-barcelona-300x220.jpg 300w, https:\/\/cerrajerosenbarcelona.co\/wp-content\/uploads\/2021\/02\/cerrojos-sag-barcelona-1030x757.jpg 1030w, https:\/\/cerrajerosenbarcelona.co\/wp-content\/uploads\/2021\/02\/cerrojos-sag-barcelona-768x564.jpg 768w, https:\/\/cerrajerosenbarcelona.co\/wp-content\/uploads\/2021\/02\/cerrojos-sag-barcelona-705x518.jpg 705w, https:\/\/cerrajerosenbarcelona.co\/wp-content\/uploads\/2021\/02\/cerrojos-sag-barcelona-450x331.jpg 450w\" sizes=\"auto, (max-width: 1079px) 100vw, 1079px\" \/><\/p>\n<p>Se ensambla en su parte interna la llave <a href=\"https:\/\/cerrajerosenbarcelona.co\/cerrajeria\/cilindros-kaba-barcelona\">KABA EXPERT PLUS<\/a>.<\/p>\n<p>Una llave in-duplicable con prestaciones a la vanguardia de la seguridad del hogar con tecnolog\u00eda suiza y con la precisi\u00f3n de un reloj en su mec\u00e1nica.<\/p>\n<p>Posee cinco llaves de alpaca reversibles con su m\u00e1xima resistencia frente a abordajes tales como ataques directos de efracci\u00f3n y de habilidad.<\/p>\n<p>Si combinamos la fuerza, elegancia y resistencia de una cerrojo de estas calificaciones le suministramos la virtud de ser un referente en el campo de la seguridad residencial o del hogar.<\/p>\n<p>Su \u201cEXTREME PROTECTION SYSTEM\u201d le otorga el \u201cpremio\u201d a unos de los cilindros m\u00e1s resistentes, duros y compactos del mercado internacional.<\/p>\n<p>Certificados ENE 1303 de seguridad clase 6<\/p>\n<p>EN 1303 en cuanto a resistencia de ataques de clase 2 con el sistema LAM que son unas l\u00e1minas de acero flexible incre\u00edblemente robustas.<\/p>\n<p>Y la VDSBZ PLUS.<\/p>\n<p>Patente hasta el 2023.<\/p>\n<p>Un cerrojo con un cilindro impresionante.<\/p>\n<h3>CERROJO SAG EP 50<\/h3>\n<p>Aqu\u00ed entramos en la descripci\u00f3n de la innovaci\u00f3n, tecnolog\u00eda, precisi\u00f3n y sinergia entre la uni\u00f3n entre uno de los mejores cerrojos de Europa y lo que para m\u00ed a d\u00eda de hoy es el tal vez el mejor cilindro del mundo:<\/p>\n<h4>KESO 8000 OMEGA 2 PREMIUM.<\/h4>\n<h4>\u00bfPor qu\u00e9 es el mejor?<\/h4>\n<p>Un riguroso y exigente equipo de investigaci\u00f3n decidi\u00f3 sacar\u00a0 tiempo, estudio, sacrificio y pasi\u00f3n por crear esta \u201cjoya\u201d tan preciada del v\u00ednculo y fusi\u00f3n entre SAG Y KESO.<\/p>\n<p>Es considerado por los cerrajeros m\u00e1s exigentes \u201c el mejor\u201d m\u00e1s que su predecesor KESO 4000.<\/p>\n<p>Posee todas las certificaciones m\u00e1s exigentes Europeas.<\/p>\n<p>ENE 1303 clase 6 en seguridad.<\/p>\n<h3>SKG Y VDS BZ PLUS.<\/h3>\n<p>Una de las muchas virtudes que me sorprenden es que su rotor (parte interna) se carga por la parte trasera del startor ( cuerpo del cilindro) y lo dota de de una capacidad \u201cinextraible\u201d ante ataques de extracci\u00f3n (valga sea la redundancia).<\/p>\n<p>En esta \u00faltima caracter\u00edstica nombrada alberga en su interior 13 pasadores de acero de tungsteno.<\/p>\n<p>El Omega 2 es una pieza m\u00f3vil con dos rodamientos diminutos de acero que hace in-duplicable la copia de llave fraudulenta, adem\u00e1s de ir asociada una tarjeta tipo DNI a su propietario leg\u00edtimo.<\/p>\n<p>Para m\u00ed sin duda a d\u00eda de hoy el mejor cilindro.<\/p>\n<\/div><\/section><br \/>\n\n<style type=\"text\/css\" data-created_by=\"avia_inline_auto\" id=\"style-css-av-av_promobox-b227c54693e7ab829755a9aa0ba4c62a\">\n.av_promobox.av-av_promobox-b227c54693e7ab829755a9aa0ba4c62a{\ncolor:#ffffff;\nbackground:#000000;\nborder-color:#af0000;\n}\n<\/style>\n<div  class='av_promobox av-av_promobox-b227c54693e7ab829755a9aa0ba4c62a avia-button-yes  avia-builder-el-4  el_after_av_textblock  avia-builder-el-last '><div class='avia-promocontent'><\/p>\n<p style=\"text-align: center;\">\u00bfNecesita un mejorar la seguridad de su puerta? Contacte con nosotros.<\/p>\n<p>\n<\/div><div  class='avia-button-wrap av-av_button-51ec529248dbe4c45da4cc34ab98df58-wrap avia-button-right '><a href='https:\/\/cerrajerosenbarcelona.co\/contacto'  class='avia-button av-av_button-51ec529248dbe4c45da4cc34ab98df58 av-link-btn avia-icon_select-no avia-size-large avia-position-right avia-color-theme-color'   aria-label=\"CONTACTAR\"><span class='avia_iconbox_title' >CONTACTAR<\/span><\/a><\/div><\/div><\/p><\/div>\n<style type=\"text\/css\" data-created_by=\"avia_inline_auto\" id=\"style-css-av-av_one_third-f7c1061df29de8cca6b42fcf455fe4a0\">\n.flex_column.av-av_one_third-f7c1061df29de8cca6b42fcf455fe4a0{\nborder-radius:0px 0px 0px 0px;\npadding:0px 0px 0px 0px;\n}\n<\/style>\n<div  class='flex_column av-av_one_third-f7c1061df29de8cca6b42fcf455fe4a0 av_one_third  avia-builder-el-5  el_after_av_two_third  avia-builder-el-last  flex_column_div av-zero-column-padding  '     ><p>\n<style type=\"text\/css\" data-created_by=\"avia_inline_auto\" id=\"style-css-av-lhb0r5ty-acf2bc3d610b64288b27f45f28aea4c5\">\n#top .av-special-heading.av-lhb0r5ty-acf2bc3d610b64288b27f45f28aea4c5{\npadding-bottom:10px;\ncolor:#000000;\n}\nbody .av-special-heading.av-lhb0r5ty-acf2bc3d610b64288b27f45f28aea4c5 .av-special-heading-tag .heading-char{\nfont-size:25px;\n}\n.av-special-heading.av-lhb0r5ty-acf2bc3d610b64288b27f45f28aea4c5 .special-heading-inner-border{\nborder-color:#000000;\n}\n.av-special-heading.av-lhb0r5ty-acf2bc3d610b64288b27f45f28aea4c5 .av-subheading{\nfont-size:15px;\n}\n<\/style>\n<div  class='av-special-heading av-lhb0r5ty-acf2bc3d610b64288b27f45f28aea4c5 av-special-heading-h3 custom-color-heading blockquote modern-quote  avia-builder-el-6  el_before_av_hr  avia-builder-el-first  av-linked-heading'><h3 class='av-special-heading-tag '  >Pressupost a l\u2019instant gratu\u00eft<\/h3><div class=\"special-heading-border\"><div class=\"special-heading-inner-border\"><\/div><\/div><\/div><br \/>\n\n<style type=\"text\/css\" data-created_by=\"avia_inline_auto\" id=\"style-css-av-av_hr-1db3990e3ede245c14f5cf112d1789c8\">\n#top .hr.av-av_hr-1db3990e3ede245c14f5cf112d1789c8{\nmargin-top:10px;\nmargin-bottom:10px;\n}\n.hr.av-av_hr-1db3990e3ede245c14f5cf112d1789c8 .hr-inner{\nwidth:50px;\nborder-color:#b02b2c;\n}\n<\/style>\n<div  class='hr av-av_hr-1db3990e3ede245c14f5cf112d1789c8 hr-custom  avia-builder-el-7  el_after_av_heading  el_before_av_textblock  hr-left hr-icon-no'><span class='hr-inner inner-border-av-border-thin'><span class=\"hr-inner-style\"><\/span><\/span><\/div><br \/>\n<section  class='av_textblock_section av-av_textblock-18ec860c7e07088d2c0a993b614e8019 '  ><div class='avia_textblock' ><div><strong>93 323 8507 &#8211; 24H<br \/>\n629 58 70 22 &#8211; 24H<\/strong><\/div>\n<\/div><\/section><\/p><\/div><\/p>\n","protected":false},"excerpt":{"rendered":"","protected":false},"author":2,"featured_media":0,"parent":1661,"menu_order":0,"comment_status":"closed","ping_status":"closed","template":"","meta":{"footnotes":""},"class_list":["post-1738","page","type-page","status-publish","hentry"],"yoast_head":"<!-- This site is optimized with the Yoast SEO plugin v26.6 - https:\/\/yoast.com\/wordpress\/plugins\/seo\/ -->\n<title>Forrellat SAG Barcelona - Cerrajer\u00eda<\/title>\n<meta name=\"robots\" content=\"index, follow, max-snippet:-1, max-image-preview:large, max-video-preview:-1\" \/>\n<link rel=\"canonical\" href=\"https:\/\/cerrajerosenbarcelona.co\/ca\/serralleria-barcelona\/forrellat-sag-barcelona\" \/>\n<meta property=\"og:locale\" content=\"ca_ES\" \/>\n<meta property=\"og:type\" content=\"article\" \/>\n<meta property=\"og:title\" content=\"Forrellat SAG Barcelona - Cerrajer\u00eda\" \/>\n<meta property=\"og:url\" content=\"https:\/\/cerrajerosenbarcelona.co\/ca\/serralleria-barcelona\/forrellat-sag-barcelona\" \/>\n<meta property=\"og:site_name\" content=\"Cerrajer\u00eda\" \/>\n<meta property=\"article:modified_time\" content=\"2023-05-05T20:52:38+00:00\" \/>\n<meta property=\"og:image\" content=\"https:\/\/cerrajerosenbarcelona.co\/wp-content\/uploads\/2019\/11\/cerrojo-sag-barcelona.jpg\" \/>\n<meta name=\"twitter:card\" content=\"summary_large_image\" \/>\n<meta name=\"twitter:label1\" content=\"Temps estimat de lectura\" \/>\n\t<meta name=\"twitter:data1\" content=\"6 minuts\" \/>\n<script type=\"application\/ld+json\" class=\"yoast-schema-graph\">{\"@context\":\"https:\/\/schema.org\",\"@graph\":[{\"@type\":\"WebPage\",\"@id\":\"https:\/\/cerrajerosenbarcelona.co\/ca\/serralleria-barcelona\/forrellat-sag-barcelona\",\"url\":\"https:\/\/cerrajerosenbarcelona.co\/ca\/serralleria-barcelona\/forrellat-sag-barcelona\",\"name\":\"Forrellat SAG Barcelona - Cerrajer\u00eda\",\"isPartOf\":{\"@id\":\"https:\/\/cerrajerosenbarcelona.co\/#website\"},\"primaryImageOfPage\":{\"@id\":\"https:\/\/cerrajerosenbarcelona.co\/ca\/serralleria-barcelona\/forrellat-sag-barcelona#primaryimage\"},\"image\":{\"@id\":\"https:\/\/cerrajerosenbarcelona.co\/ca\/serralleria-barcelona\/forrellat-sag-barcelona#primaryimage\"},\"thumbnailUrl\":\"https:\/\/cerrajerosenbarcelona.co\/wp-content\/uploads\/2019\/11\/cerrojo-sag-barcelona.jpg\",\"datePublished\":\"2023-05-05T20:42:53+00:00\",\"dateModified\":\"2023-05-05T20:52:38+00:00\",\"breadcrumb\":{\"@id\":\"https:\/\/cerrajerosenbarcelona.co\/ca\/serralleria-barcelona\/forrellat-sag-barcelona#breadcrumb\"},\"inLanguage\":\"ca\",\"potentialAction\":[{\"@type\":\"ReadAction\",\"target\":[\"https:\/\/cerrajerosenbarcelona.co\/ca\/serralleria-barcelona\/forrellat-sag-barcelona\"]}]},{\"@type\":\"ImageObject\",\"inLanguage\":\"ca\",\"@id\":\"https:\/\/cerrajerosenbarcelona.co\/ca\/serralleria-barcelona\/forrellat-sag-barcelona#primaryimage\",\"url\":\"https:\/\/cerrajerosenbarcelona.co\/wp-content\/uploads\/2019\/11\/cerrojo-sag-barcelona.jpg\",\"contentUrl\":\"https:\/\/cerrajerosenbarcelona.co\/wp-content\/uploads\/2019\/11\/cerrojo-sag-barcelona.jpg\"},{\"@type\":\"BreadcrumbList\",\"@id\":\"https:\/\/cerrajerosenbarcelona.co\/ca\/serralleria-barcelona\/forrellat-sag-barcelona#breadcrumb\",\"itemListElement\":[{\"@type\":\"ListItem\",\"position\":1,\"name\":\"Portada\",\"item\":\"https:\/\/cerrajerosenbarcelona.co\/ca\"},{\"@type\":\"ListItem\",\"position\":2,\"name\":\"serralleria Barcelona\",\"item\":\"https:\/\/cerrajerosenbarcelona.co\/ca\/serralleria-barcelona\"},{\"@type\":\"ListItem\",\"position\":3,\"name\":\"Forrellat SAG Barcelona\"}]},{\"@type\":\"WebSite\",\"@id\":\"https:\/\/cerrajerosenbarcelona.co\/#website\",\"url\":\"https:\/\/cerrajerosenbarcelona.co\/\",\"name\":\"Cerrajer\u00eda\",\"description\":\"Otro sitio realizado con WordPress\",\"publisher\":{\"@id\":\"https:\/\/cerrajerosenbarcelona.co\/#organization\"},\"potentialAction\":[{\"@type\":\"SearchAction\",\"target\":{\"@type\":\"EntryPoint\",\"urlTemplate\":\"https:\/\/cerrajerosenbarcelona.co\/?s={search_term_string}\"},\"query-input\":{\"@type\":\"PropertyValueSpecification\",\"valueRequired\":true,\"valueName\":\"search_term_string\"}}],\"inLanguage\":\"ca\"},{\"@type\":\"Organization\",\"@id\":\"https:\/\/cerrajerosenbarcelona.co\/#organization\",\"name\":\"Cerrajer\u00eda TDA Barcelona\",\"url\":\"https:\/\/cerrajerosenbarcelona.co\/\",\"logo\":{\"@type\":\"ImageObject\",\"inLanguage\":\"ca\",\"@id\":\"https:\/\/cerrajerosenbarcelona.co\/#\/schema\/logo\/image\/\",\"url\":\"https:\/\/cerrajerosenbarcelona.co\/wp-content\/uploads\/2019\/11\/cerrajeria-tda-barcelona-logo-2.png\",\"contentUrl\":\"https:\/\/cerrajerosenbarcelona.co\/wp-content\/uploads\/2019\/11\/cerrajeria-tda-barcelona-logo-2.png\",\"width\":332,\"height\":98,\"caption\":\"Cerrajer\u00eda TDA Barcelona\"},\"image\":{\"@id\":\"https:\/\/cerrajerosenbarcelona.co\/#\/schema\/logo\/image\/\"}}]}<\/script>\n<!-- \/ Yoast SEO plugin. -->","yoast_head_json":{"title":"Forrellat SAG Barcelona - Cerrajer\u00eda","robots":{"index":"index","follow":"follow","max-snippet":"max-snippet:-1","max-image-preview":"max-image-preview:large","max-video-preview":"max-video-preview:-1"},"canonical":"https:\/\/cerrajerosenbarcelona.co\/ca\/serralleria-barcelona\/forrellat-sag-barcelona","og_locale":"ca_ES","og_type":"article","og_title":"Forrellat SAG Barcelona - Cerrajer\u00eda","og_url":"https:\/\/cerrajerosenbarcelona.co\/ca\/serralleria-barcelona\/forrellat-sag-barcelona","og_site_name":"Cerrajer\u00eda","article_modified_time":"2023-05-05T20:52:38+00:00","og_image":[{"url":"https:\/\/cerrajerosenbarcelona.co\/wp-content\/uploads\/2019\/11\/cerrojo-sag-barcelona.jpg","type":"","width":"","height":""}],"twitter_card":"summary_large_image","twitter_misc":{"Temps estimat de lectura":"6 minuts"},"schema":{"@context":"https:\/\/schema.org","@graph":[{"@type":"WebPage","@id":"https:\/\/cerrajerosenbarcelona.co\/ca\/serralleria-barcelona\/forrellat-sag-barcelona","url":"https:\/\/cerrajerosenbarcelona.co\/ca\/serralleria-barcelona\/forrellat-sag-barcelona","name":"Forrellat SAG Barcelona - Cerrajer\u00eda","isPartOf":{"@id":"https:\/\/cerrajerosenbarcelona.co\/#website"},"primaryImageOfPage":{"@id":"https:\/\/cerrajerosenbarcelona.co\/ca\/serralleria-barcelona\/forrellat-sag-barcelona#primaryimage"},"image":{"@id":"https:\/\/cerrajerosenbarcelona.co\/ca\/serralleria-barcelona\/forrellat-sag-barcelona#primaryimage"},"thumbnailUrl":"https:\/\/cerrajerosenbarcelona.co\/wp-content\/uploads\/2019\/11\/cerrojo-sag-barcelona.jpg","datePublished":"2023-05-05T20:42:53+00:00","dateModified":"2023-05-05T20:52:38+00:00","breadcrumb":{"@id":"https:\/\/cerrajerosenbarcelona.co\/ca\/serralleria-barcelona\/forrellat-sag-barcelona#breadcrumb"},"inLanguage":"ca","potentialAction":[{"@type":"ReadAction","target":["https:\/\/cerrajerosenbarcelona.co\/ca\/serralleria-barcelona\/forrellat-sag-barcelona"]}]},{"@type":"ImageObject","inLanguage":"ca","@id":"https:\/\/cerrajerosenbarcelona.co\/ca\/serralleria-barcelona\/forrellat-sag-barcelona#primaryimage","url":"https:\/\/cerrajerosenbarcelona.co\/wp-content\/uploads\/2019\/11\/cerrojo-sag-barcelona.jpg","contentUrl":"https:\/\/cerrajerosenbarcelona.co\/wp-content\/uploads\/2019\/11\/cerrojo-sag-barcelona.jpg"},{"@type":"BreadcrumbList","@id":"https:\/\/cerrajerosenbarcelona.co\/ca\/serralleria-barcelona\/forrellat-sag-barcelona#breadcrumb","itemListElement":[{"@type":"ListItem","position":1,"name":"Portada","item":"https:\/\/cerrajerosenbarcelona.co\/ca"},{"@type":"ListItem","position":2,"name":"serralleria Barcelona","item":"https:\/\/cerrajerosenbarcelona.co\/ca\/serralleria-barcelona"},{"@type":"ListItem","position":3,"name":"Forrellat SAG Barcelona"}]},{"@type":"WebSite","@id":"https:\/\/cerrajerosenbarcelona.co\/#website","url":"https:\/\/cerrajerosenbarcelona.co\/","name":"Cerrajer\u00eda","description":"Otro sitio realizado con WordPress","publisher":{"@id":"https:\/\/cerrajerosenbarcelona.co\/#organization"},"potentialAction":[{"@type":"SearchAction","target":{"@type":"EntryPoint","urlTemplate":"https:\/\/cerrajerosenbarcelona.co\/?s={search_term_string}"},"query-input":{"@type":"PropertyValueSpecification","valueRequired":true,"valueName":"search_term_string"}}],"inLanguage":"ca"},{"@type":"Organization","@id":"https:\/\/cerrajerosenbarcelona.co\/#organization","name":"Cerrajer\u00eda TDA Barcelona","url":"https:\/\/cerrajerosenbarcelona.co\/","logo":{"@type":"ImageObject","inLanguage":"ca","@id":"https:\/\/cerrajerosenbarcelona.co\/#\/schema\/logo\/image\/","url":"https:\/\/cerrajerosenbarcelona.co\/wp-content\/uploads\/2019\/11\/cerrajeria-tda-barcelona-logo-2.png","contentUrl":"https:\/\/cerrajerosenbarcelona.co\/wp-content\/uploads\/2019\/11\/cerrajeria-tda-barcelona-logo-2.png","width":332,"height":98,"caption":"Cerrajer\u00eda TDA Barcelona"},"image":{"@id":"https:\/\/cerrajerosenbarcelona.co\/#\/schema\/logo\/image\/"}}]}},"_links":{"self":[{"href":"https:\/\/cerrajerosenbarcelona.co\/ca\/wp-json\/wp\/v2\/pages\/1738","targetHints":{"allow":["GET"]}}],"collection":[{"href":"https:\/\/cerrajerosenbarcelona.co\/ca\/wp-json\/wp\/v2\/pages"}],"about":[{"href":"https:\/\/cerrajerosenbarcelona.co\/ca\/wp-json\/wp\/v2\/types\/page"}],"author":[{"embeddable":true,"href":"https:\/\/cerrajerosenbarcelona.co\/ca\/wp-json\/wp\/v2\/users\/2"}],"replies":[{"embeddable":true,"href":"https:\/\/cerrajerosenbarcelona.co\/ca\/wp-json\/wp\/v2\/comments?post=1738"}],"version-history":[{"count":1,"href":"https:\/\/cerrajerosenbarcelona.co\/ca\/wp-json\/wp\/v2\/pages\/1738\/revisions"}],"predecessor-version":[{"id":1739,"href":"https:\/\/cerrajerosenbarcelona.co\/ca\/wp-json\/wp\/v2\/pages\/1738\/revisions\/1739"}],"up":[{"embeddable":true,"href":"https:\/\/cerrajerosenbarcelona.co\/ca\/wp-json\/wp\/v2\/pages\/1661"}],"wp:attachment":[{"href":"https:\/\/cerrajerosenbarcelona.co\/ca\/wp-json\/wp\/v2\/media?parent=1738"}],"curies":[{"name":"wp","href":"https:\/\/api.w.org\/{rel}","templated":true}]}}