{"id":1748,"date":"2023-05-05T23:15:51","date_gmt":"2023-05-05T21:15:51","guid":{"rendered":"https:\/\/cerrajerosenbarcelona.co\/?page_id=1748"},"modified":"2023-05-05T23:16:19","modified_gmt":"2023-05-05T21:16:19","slug":"portes-cuirassades-a-barcelona","status":"publish","type":"page","link":"https:\/\/cerrajerosenbarcelona.co\/ca\/portes-seguretat\/portes-cuirassades-a-barcelona","title":{"rendered":"Portes cuirassades a Barcelona"},"content":{"rendered":"\n<style type=\"text\/css\" data-created_by=\"avia_inline_auto\" id=\"style-css-av-av_section-5b5f61f72f70f9a27d6c4fe82794c582\">\n.avia-section.av-av_section-5b5f61f72f70f9a27d6c4fe82794c582{\nbackground-color:#000000;\nbackground-image:unset;\n}\n.avia-section.av-av_section-5b5f61f72f70f9a27d6c4fe82794c582 .av-extra-border-element .av-extra-border-inner{\nbackground-color:#000000;\n}\n<\/style>\n<div id='av_section_1'  class='avia-section av-av_section-5b5f61f72f70f9a27d6c4fe82794c582 main_color avia-section-large avia-no-border-styling  avia-builder-el-0  el_before_av_two_third  avia-builder-el-first  avia-bg-style-scroll av-arrow-down-section container_wrap fullsize'  ><div class='container av-section-cont-open' ><main  class='template-page content  av-content-full alpha units'><div class='post-entry post-entry-type-page post-entry-1748'><div class='entry-content-wrapper clearfix'>\n\n<style type=\"text\/css\" data-created_by=\"avia_inline_auto\" id=\"style-css-av-lhb1vf1i-c893721c7b6512c1e57fe230de4a9ea3\">\n#top .av-special-heading.av-lhb1vf1i-c893721c7b6512c1e57fe230de4a9ea3{\npadding-bottom:10px;\ncolor:#ffffff;\n}\nbody .av-special-heading.av-lhb1vf1i-c893721c7b6512c1e57fe230de4a9ea3 .av-special-heading-tag .heading-char{\nfont-size:25px;\n}\n.av-special-heading.av-lhb1vf1i-c893721c7b6512c1e57fe230de4a9ea3 .special-heading-inner-border{\nborder-color:#ffffff;\n}\n.av-special-heading.av-lhb1vf1i-c893721c7b6512c1e57fe230de4a9ea3 .av-subheading{\nfont-size:15px;\n}\n<\/style>\n<div  class='av-special-heading av-lhb1vf1i-c893721c7b6512c1e57fe230de4a9ea3 av-special-heading-h1 custom-color-heading blockquote modern-quote modern-centered  avia-builder-el-1  avia-builder-el-no-sibling  av-linked-heading'><h1 class='av-special-heading-tag '  >Portes Cuirassades Barcelona<\/h1><div class=\"special-heading-border\"><div class=\"special-heading-inner-border\"><\/div><\/div><\/div>\n<\/div><\/div><\/main><!-- close content main element --><\/div><div class='av-extra-border-element border-extra-arrow-down'><div class='av-extra-border-outer'><div class='av-extra-border-inner'><\/div><\/div><\/div><\/div><div id='after_section_1'  class='main_color av_default_container_wrap container_wrap fullsize'  ><div class='container av-section-cont-open' ><div class='template-page content  av-content-full alpha units'><div class='post-entry post-entry-type-page post-entry-1748'><div class='entry-content-wrapper clearfix'>\n<style type=\"text\/css\" data-created_by=\"avia_inline_auto\" id=\"style-css-av-av_two_third-25347b0a799d5b9f7058434b2a9c3182\">\n.flex_column.av-av_two_third-25347b0a799d5b9f7058434b2a9c3182{\nborder-radius:0px 0px 0px 0px;\npadding:0px 0px 0px 0px;\n}\n<\/style>\n<div  class='flex_column av-av_two_third-25347b0a799d5b9f7058434b2a9c3182 av_two_third  avia-builder-el-2  el_after_av_section  el_before_av_one_third  avia-builder-el-first  first flex_column_div av-zero-column-padding  '     ><p><section  class='av_textblock_section av-lhb20nf2-090bd489e5a68d8be67ad3061c93e651 '  ><div class='avia_textblock' ><p>Cada cop \u00e9s m\u00e9s freq\u00fcent que les persones ens preguntin per les portes cuirassades a Barcelona.<\/p>\n<p>Aquesta gran preocupaci\u00f3 sobre les portes \u00e9s a causa de la gran inseguretat ciutadana a la capital Barcelonesa com en altres de l&#8217;\u00e0mbit estatal, per la incursi\u00f3 dels lladres als habitatges de forma efectiva, r\u00e0pida i gaireb\u00e9 sense esfor\u00e7os.<\/p>\n<p>Cada vegada \u00e9s m\u00e9s la gent que busca m\u00e9s seguretat a causa de la vulnerabilitat a qu\u00e8 estan exposats els seus habitatges i fam\u00edlia, a causa de furts i robatoris.<\/p>\n<h2>Qu\u00e8 \u00e9s una porta cuirassada?<\/h2>\n<div class='avia-iframe-wrap'><iframe loading=\"lazy\" title=\"\u2705 \u00bfQu\u00e9 es una Puerta Acorazada?, \u00bfDiferencia con la Puerta Blindada? &#091;MEJOR PUERTA ACORAZADA&#093;\" width=\"1500\" height=\"844\" src=\"https:\/\/www.youtube.com\/embed\/7wUH3Oisk4E?start=17&#038;feature=oembed\" frameborder=\"0\" allow=\"accelerometer; autoplay; clipboard-write; encrypted-media; gyroscope; picture-in-picture; web-share\" allowfullscreen><\/iframe><\/div>\n<p>Les persones encara no estan conscienciades en relaci\u00f3 amb el que est\u00e0 passant, per\u00f2 la policia i el ministeri de l&#8217;interior est\u00e0 molt preocupat per aquest augment tan exponencial de robatoris.<\/p>\n<p>Per tant, les persones pregunten una mica m\u00e9s per les portes i \u00e9s aqu\u00ed on nosaltres assessorem sobre aix\u00f2.<\/p>\n<p>\u00c9s important\u00edssim les portes cuirassades i de seguretat per crear una barrera arquitect\u00f2nica i de dif\u00edcil penetraci\u00f3 entre l&#8217;exterior i el nostre espai vital i intimitat familiar i personal.<\/p>\n<p>Les portes no s\u00f3n cares, el que \u00e9s realment car \u00e9s la violaci\u00f3 i sensaci\u00f3 que et deixa el robatori.<\/p>\n<h2>Preu de portes cuirassades a Barcelona<\/h2>\n<p>Els preus poden variar considerablement en funci\u00f3 de variables de longitud, color resist\u00e8ncia pel que fa als graus de seguretat 3-4-5 i de diversos factors de com he anomenat de resist\u00e8ncia.<\/p>\n<p>No \u00e9s el mateix una de grau 3 que una de 4 que una de 5.<\/p>\n<p>Poden oscil\u00b7lar entre els 1200 i els 3300 euros m\u00e9s o menys, per\u00f2 aix\u00f2 sempre ho valorar\u00e0 el t\u00e8cnic expert comercial i coordinaci\u00f3 amb el departament t\u00e8cnic i de muntatge.<\/p>\n<p>Sempre recomanat pels millors experts de seguretat.<\/p>\n<h2>Millors portes cuirassades<\/h2>\n<p>La millor porta cuirassada \u00e9s la que millor seguretat us brinda en el rang de preus que el vostre pressupost us permet.<\/p>\n<p>En aquesta secci\u00f3 analitzarem les millors portes cuirassades, valorant els pros i els contres de cadascuna.<\/p>\n<h2>Marques de portes cuirassades<\/h2>\n<h3>Portes cuirassades Cabma<\/h3>\n<p>Les portes Cabma cuirassades ofereixen una relaci\u00f3 qualitat preu pr\u00e0cticament imbatibles. Hem parlat llarg i est\u00e8s sobre elles i us animem a visitar la secci\u00f3 corresponent.<\/p>\n<h3>Portes Cuirassades INN<\/h3>\n<p>INN \u00e9s una de les marques de portes cuirassades m\u00e9s reconegudes actualment. No hi ha mitges tintes quan parlem d&#8217;aquests productes, parlem de qualitat m\u00e0xima i garantia de satisfacci\u00f3. Igual que amb Cabma les Portes INN mereixen secci\u00f3 pr\u00f2pia.<\/p>\n<h2>Altres marques de portes cuirassades<\/h2>\n<p>Tot i que han perdut una mica de popularitat i no ofereixen la millor r\u00e0tio qualitat preu, hem de nomenar Fichet i Kiuso:<\/p>\n<p>Fichet: Les portes fitxet s\u00f3n de gran respecte i de gran seguretat, dedicada des de fa anys a la seguretat sense grans aven\u00e7os per\u00f2 s\u00ed amb grans materials d&#8217;alta resist\u00e8ncia i durabilitat, encara que alguns s\u00f3n cilindres que pequen de problem\u00e0tica a llarg termini, s\u00ed que \u00e9s b\u00e9 cert que s\u00f3n molt molt bones, com a t\u00e8cnic que s\u00f3c faig que els materials a l&#8217;hora d&#8217;intervenir en obertura de portes s\u00f3n complexos i cars.<br \/>\nKiuso: Una de les millors portes que conec amb proves de laboratori i assaigs exhaustius completament certificades en qualsevol de les variables en grau 3-4 i 5 respectivament. Alta resist\u00e8ncia davant atacs d&#8217;extrema viol\u00e8ncia que les fa invulnerables al robatori.<\/p>\n<p>La seva estructura robusta i forta com el propi acer que cont\u00e9 les fa \u201c\u00faniques\u201d a excepci\u00f3 de les portes INN DOOR que per mi s\u00f3n les millors en resist\u00e8ncia pels seus sistema d&#8217;omeges i contraomeges, cilindres Inn i el seu potent escut acerat.<\/p>\n<p>Les portes Kiuso les consideraria les segones m\u00e9s segures.<\/p>\n<p>S\u00f3n portes certificades per normativa aenor a partir de grau 3 UNEIX EN 1627:2011 I UNEIX 85160:2013<\/p>\n<h2>Tipus de portes cuirassades<\/h2>\n<p>Les portes cuirassades s\u00f3n d&#8217;acer, la seva estructura i composici\u00f3 difereix molt de les blindades o les portes de seguretat.<\/p>\n<p>S\u00f3n el grau superior a les de xapa de ferro blindades i es reemplacen per acer perimetral per\u00f2 s\u00f3n diferents en seguretat i inferiors a les portes de seguretat. Per tant, s\u00f3n un grau intermedi en mat\u00e8ria de resist\u00e8ncia respecte a les dues esmentades.<\/p>\n<p>La duresa i la resist\u00e8ncia \u00e9s brutal i la quantitat de temps m\u00e9s soroll d&#8217;intervenci\u00f3 en cas de robatori \u00e9s en extrem una barrera gaireb\u00e9 infranquejable.<\/p>\n<p>M&#8217;agraden les portes cuirassades pel respecte suprem de resist\u00e8ncia impl\u00edcita.<\/p>\n<p>De portes cuirassades n&#8217;hi ha diversos fabricants, per\u00f2 els materials i el concepte estructural \u00e9s b\u00e0sicament similar.<\/p>\n<h3>Porta cuirassada de Borjas<\/h3>\n<p>Hi ha porta d&#8217;aquest tipus, no s\u00f3n els meus panys favorits perqu\u00e8 als panys de Borjas pot existir la manipulaci\u00f3 amb rossinyols. Les claus de Borjas s\u00f3n vulnerables al robatori.<\/p>\n<p>La novetat i la bona not\u00edcia \u00e9s que a les portes que tenen panys de Borges poden ser substitu\u00efdes per panys en els quals es poden adaptar cilindres, canviant la seva caixa central i millorant la seva seguretat d&#8217;una manera m\u00e9s efectiva, i en cas de robatori, sostracci\u00f3 , o perduda de claus sempre es pot canviar el seu cilindre o bomb\u00ed sense canviar tot el pany.<\/p>\n<p>Hi ha pany de Borjas de la marca meiatra que es poden modificar la seva combinaci\u00f3 nom\u00e9s canviant el nucli central.<\/p>\n<h3>Porta cuirassada Defensar<\/h3>\n<p>\u00c9s la mateixa porta per\u00f2 amb escut protector d\u00b4acer d\u00b4alta resist\u00e8ncia i compatible amb cilindre o escut imantat m\u00e9s cilindre addicional d\u00b4alta gamma.<\/p>\n<h3>Porta cuirassada Champions<\/h3>\n<p>Cont\u00e9 el cilindre Pro Champions de Motura, un bomb\u00ed d&#8217;alta prestacions, alta resist\u00e8ncia, compatible amb cilindres d&#8217;europerfil de gaireb\u00e9 tots els fabricants de panys com Tesa, MCM, Inceca, Inn, Moia, etc.<\/p>\n<h3>Porta cuirassada Grau 4<\/h3>\n<p>Qu\u00e8 \u00e9s una porta cuirassada de grau 4? \u00c9s una porta b\u00e0sicament composta d\u00b4acer, porten tant perfils com l\u00e0mines del mateix material.<\/p>\n<p>Aguanten els impactes de bales, en funci\u00f3 del tipus d&#8217;arma emprada, a les variables de curta i fins a llarga dist\u00e0ncia d&#8217;impacte. A part el seu sistema de pany de diversos punts la fa \u201cuna arma\u201d infranquejable, i posseeix un sistema de frontisses amb tetines i bulons refor\u00e7ats d&#8217;acerats antiretroc\u00e9s en cas d&#8217;intent d&#8217;obertura del pany, proporcionant una resist\u00e8ncia m\u00e9s que brutal\u2026<\/p>\n<p>El mecanisme de tancament del pany en autom\u00e0tic \u00e9s de llauna resist\u00e8ncia en proves t\u00e8cniques davant d&#8217;atacs d&#8217;habilitat o atacs d&#8217;efracci\u00f3 o violents. El seu escut exterior \u00e9s<\/p>\n<p>Pr\u00e0cticament inviolable d&#8217;acer temperat, ia m\u00e9s t\u00e9 certificaci\u00f3 de qualitat i resist\u00e8ncia en proves de laboratori.<\/p>\n<h3>Porta cuirassada Grau 5<\/h3>\n<p>Qu\u00e8 \u00e9s una porta cuirassada de grau 5? Com el grau indica que \u00e9s d&#8217;alta resistivitat, homologades com les de grau 4, per\u00f2 d&#8217;una qualitat una mica m\u00e9s efectiva i m\u00e9s resistent.<\/p>\n<p>Un dels requisits per aconseguir aquest alt est\u00e0ndard de resistivitat, el m\u00e9s important s\u00f3n els assajos per aconseguir aquesta incre\u00efble tecnologia de solidesa, seguretat i robustesa.<\/p>\n<p>\u00c9s com similitud la m\u00e9s alta tecnologia en portes de seguretat.<\/p>\n<p>\u00c9s un element molt fonamental de dissuasi\u00f3 per evitar el robatori, la seva aparen\u00e7a \u00e9s com la d&#8217;un porter de discoteca de dos metres d&#8217;al\u00e7ada, en una festa d&#8217;aniversari de nens.<\/p>\n<p>Implica respecte, evasi\u00f3, dissuasi\u00f3, duresa i for\u00e7a sense precedents.<\/p>\n<p>S\u00f3n portes certificades amb normativa europea, assaigs cl\u00ednics i de laboratori dels m\u00e9s alts est\u00e0ndards: UNEIX EN 1627 amb llibres de registres sobre individus i cust\u00f2dia de claus.<\/p>\n<p>Les administracions de loteries i les joieries s\u00f3n de compliment obligat en mat\u00e8ria de seguretat en la instal\u00b7laci\u00f3 d&#8217;aquestes portes.<\/p>\n<h3>Portes cuirassades a mida<\/h3>\n<p>Les portes cuirassades a mida s\u00f3n b\u00e0sicament d&#8217;extrema rellev\u00e0ncia quant a la mesura anomenada de llum de la porta que consisteix en el buit exacte per encaixar tant el premarc de ferro com la porta en si.<\/p>\n<p>El t\u00e8cnic ha de ser prec\u00eds en aquesta mesura i tenir en compte tant l&#8217;entorn est\u00e8tic i la forma per adaptar-la de manera exacta.<\/p>\n<p>Aquestes portes tamb\u00e9 tenen panells intercanviables de coors en funci\u00f3 del color de les parets de l&#8217;habitatge i del llindar d&#8217;entrada des de l&#8217;escala.<\/p>\n<h2>Conclusi\u00f3<\/h2>\n<p>No s&#8217;ho pensi gaire.<\/p>\n<p>La seguretat de la seva fam\u00edlia \u00e9s d&#8217;extrema import\u00e0ncia, \u00e9s el m\u00e9s vital, perqu\u00e8 invertir en seguretat \u00e9s invertir en tranquil\u00b7litat i benestar a part de qualitat de vida.<\/p>\n<p>Llegiu sobre la nostra guia anti okupes per a m\u00e9s informaci\u00f3.<\/p>\n<p>L&#8217;assessorarem amb constrenyiment i pel nostre equip de grans competents que els donar\u00e0 les millors instruccions i assessorament r\u00e0pid i efectiu quant a seguretat.<\/p>\n<p>Disposem de les millors portes del mercat per a la seva tranquil\u00b7litat.<\/p>\n<p>Decidiu-vos i amb una sola trucada ens aproparem a casa per oferir-vos el millor per a vost\u00e8 i els seus.<\/p>\n<\/div><\/section><br \/>\n\n<style type=\"text\/css\" data-created_by=\"avia_inline_auto\" id=\"style-css-av-lhb21kmt-3b6e785fa5fff384e037989d1a0fa66d\">\n.av_promobox.av-lhb21kmt-3b6e785fa5fff384e037989d1a0fa66d{\ncolor:#ffffff;\nbackground:#000000;\nborder-color:#af0000;\n}\n<\/style>\n<div  class='av_promobox av-lhb21kmt-3b6e785fa5fff384e037989d1a0fa66d avia-button-yes  avia-builder-el-4  el_after_av_textblock  avia-builder-el-last '><div class='avia-promocontent'><\/p>\n<p style=\"text-align: center;\">Necessita un many\u00e0 urgent a la seva zona? Contacti amb nosaltres.<\/p>\n<p>\n<\/div><div  class='avia-button-wrap av-lhb21kmt-5179cd58fb4025b4866ac3527973c43b-wrap avia-button-right '><a href='https:\/\/cerrajerosenbarcelona.co\/ca\/barris'  class='avia-button av-lhb21kmt-5179cd58fb4025b4866ac3527973c43b av-link-btn avia-icon_select-no avia-size-large avia-position-right avia-color-theme-color'   aria-label=\"CONTACTAR\"><span class='avia_iconbox_title' >CONTACTAR<\/span><\/a><\/div><\/div><\/p><\/div>\n<style type=\"text\/css\" data-created_by=\"avia_inline_auto\" id=\"style-css-av-av_one_third-f7c1061df29de8cca6b42fcf455fe4a0\">\n.flex_column.av-av_one_third-f7c1061df29de8cca6b42fcf455fe4a0{\nborder-radius:0px 0px 0px 0px;\npadding:0px 0px 0px 0px;\n}\n<\/style>\n<div  class='flex_column av-av_one_third-f7c1061df29de8cca6b42fcf455fe4a0 av_one_third  avia-builder-el-5  el_after_av_two_third  avia-builder-el-last  flex_column_div av-zero-column-padding  '     ><p>\n<style type=\"text\/css\" data-created_by=\"avia_inline_auto\" id=\"style-css-av-lhb215vs-7eec8689a0d4f32e092f14fe755f2b60\">\n#top .av-special-heading.av-lhb215vs-7eec8689a0d4f32e092f14fe755f2b60{\npadding-bottom:10px;\ncolor:#000000;\n}\nbody .av-special-heading.av-lhb215vs-7eec8689a0d4f32e092f14fe755f2b60 .av-special-heading-tag .heading-char{\nfont-size:25px;\n}\n.av-special-heading.av-lhb215vs-7eec8689a0d4f32e092f14fe755f2b60 .special-heading-inner-border{\nborder-color:#000000;\n}\n.av-special-heading.av-lhb215vs-7eec8689a0d4f32e092f14fe755f2b60 .av-subheading{\nfont-size:15px;\n}\n<\/style>\n<div  class='av-special-heading av-lhb215vs-7eec8689a0d4f32e092f14fe755f2b60 av-special-heading-h3 custom-color-heading blockquote modern-quote  avia-builder-el-6  el_before_av_hr  avia-builder-el-first  av-linked-heading'><h3 class='av-special-heading-tag '  >Pressupost a l\u2019instant gratu\u00eft<\/h3><div class=\"special-heading-border\"><div class=\"special-heading-inner-border\"><\/div><\/div><\/div><br \/>\n\n<style type=\"text\/css\" data-created_by=\"avia_inline_auto\" id=\"style-css-av-av_hr-1db3990e3ede245c14f5cf112d1789c8\">\n#top .hr.av-av_hr-1db3990e3ede245c14f5cf112d1789c8{\nmargin-top:10px;\nmargin-bottom:10px;\n}\n.hr.av-av_hr-1db3990e3ede245c14f5cf112d1789c8 .hr-inner{\nwidth:50px;\nborder-color:#b02b2c;\n}\n<\/style>\n<div  class='hr av-av_hr-1db3990e3ede245c14f5cf112d1789c8 hr-custom  avia-builder-el-7  el_after_av_heading  el_before_av_textblock  hr-left hr-icon-no'><span class='hr-inner inner-border-av-border-thin'><span class=\"hr-inner-style\"><\/span><\/span><\/div><br \/>\n<section  class='av_textblock_section av-av_textblock-18ec860c7e07088d2c0a993b614e8019 '  ><div class='avia_textblock' ><div><strong>93 323 8507 &#8211; 24H<br \/>\n629 58 70 22 &#8211; 24H<\/strong><\/div>\n<\/div><\/section><\/p><\/div><\/p>\n","protected":false},"excerpt":{"rendered":"","protected":false},"author":2,"featured_media":0,"parent":1663,"menu_order":0,"comment_status":"closed","ping_status":"closed","template":"","meta":{"footnotes":""},"class_list":["post-1748","page","type-page","status-publish","hentry"],"yoast_head":"<!-- This site is optimized with the Yoast SEO plugin v26.6 - https:\/\/yoast.com\/wordpress\/plugins\/seo\/ -->\n<title>Portes cuirassades a Barcelona - Cerrajer\u00eda<\/title>\n<meta name=\"robots\" content=\"index, follow, max-snippet:-1, max-image-preview:large, max-video-preview:-1\" \/>\n<link rel=\"canonical\" href=\"https:\/\/cerrajerosenbarcelona.co\/ca\/portes-seguretat\/portes-cuirassades-a-barcelona\" \/>\n<meta property=\"og:locale\" content=\"ca_ES\" \/>\n<meta property=\"og:type\" content=\"article\" \/>\n<meta property=\"og:title\" content=\"Portes cuirassades a Barcelona - Cerrajer\u00eda\" \/>\n<meta property=\"og:url\" content=\"https:\/\/cerrajerosenbarcelona.co\/ca\/portes-seguretat\/portes-cuirassades-a-barcelona\" \/>\n<meta property=\"og:site_name\" content=\"Cerrajer\u00eda\" \/>\n<meta property=\"article:modified_time\" content=\"2023-05-05T21:16:19+00:00\" \/>\n<meta name=\"twitter:card\" content=\"summary_large_image\" \/>\n<meta name=\"twitter:label1\" content=\"Temps estimat de lectura\" \/>\n\t<meta name=\"twitter:data1\" content=\"9 minuts\" \/>\n<script type=\"application\/ld+json\" class=\"yoast-schema-graph\">{\"@context\":\"https:\/\/schema.org\",\"@graph\":[{\"@type\":\"WebPage\",\"@id\":\"https:\/\/cerrajerosenbarcelona.co\/ca\/portes-seguretat\/portes-cuirassades-a-barcelona\",\"url\":\"https:\/\/cerrajerosenbarcelona.co\/ca\/portes-seguretat\/portes-cuirassades-a-barcelona\",\"name\":\"Portes cuirassades a Barcelona - Cerrajer\u00eda\",\"isPartOf\":{\"@id\":\"https:\/\/cerrajerosenbarcelona.co\/#website\"},\"datePublished\":\"2023-05-05T21:15:51+00:00\",\"dateModified\":\"2023-05-05T21:16:19+00:00\",\"breadcrumb\":{\"@id\":\"https:\/\/cerrajerosenbarcelona.co\/ca\/portes-seguretat\/portes-cuirassades-a-barcelona#breadcrumb\"},\"inLanguage\":\"ca\",\"potentialAction\":[{\"@type\":\"ReadAction\",\"target\":[\"https:\/\/cerrajerosenbarcelona.co\/ca\/portes-seguretat\/portes-cuirassades-a-barcelona\"]}]},{\"@type\":\"BreadcrumbList\",\"@id\":\"https:\/\/cerrajerosenbarcelona.co\/ca\/portes-seguretat\/portes-cuirassades-a-barcelona#breadcrumb\",\"itemListElement\":[{\"@type\":\"ListItem\",\"position\":1,\"name\":\"Portada\",\"item\":\"https:\/\/cerrajerosenbarcelona.co\/ca\"},{\"@type\":\"ListItem\",\"position\":2,\"name\":\"portes seguretat\",\"item\":\"https:\/\/cerrajerosenbarcelona.co\/ca\/portes-seguretat\"},{\"@type\":\"ListItem\",\"position\":3,\"name\":\"Portes cuirassades a Barcelona\"}]},{\"@type\":\"WebSite\",\"@id\":\"https:\/\/cerrajerosenbarcelona.co\/#website\",\"url\":\"https:\/\/cerrajerosenbarcelona.co\/\",\"name\":\"Cerrajer\u00eda\",\"description\":\"Otro sitio realizado con WordPress\",\"publisher\":{\"@id\":\"https:\/\/cerrajerosenbarcelona.co\/#organization\"},\"potentialAction\":[{\"@type\":\"SearchAction\",\"target\":{\"@type\":\"EntryPoint\",\"urlTemplate\":\"https:\/\/cerrajerosenbarcelona.co\/?s={search_term_string}\"},\"query-input\":{\"@type\":\"PropertyValueSpecification\",\"valueRequired\":true,\"valueName\":\"search_term_string\"}}],\"inLanguage\":\"ca\"},{\"@type\":\"Organization\",\"@id\":\"https:\/\/cerrajerosenbarcelona.co\/#organization\",\"name\":\"Cerrajer\u00eda TDA Barcelona\",\"url\":\"https:\/\/cerrajerosenbarcelona.co\/\",\"logo\":{\"@type\":\"ImageObject\",\"inLanguage\":\"ca\",\"@id\":\"https:\/\/cerrajerosenbarcelona.co\/#\/schema\/logo\/image\/\",\"url\":\"https:\/\/cerrajerosenbarcelona.co\/wp-content\/uploads\/2019\/11\/cerrajeria-tda-barcelona-logo-2.png\",\"contentUrl\":\"https:\/\/cerrajerosenbarcelona.co\/wp-content\/uploads\/2019\/11\/cerrajeria-tda-barcelona-logo-2.png\",\"width\":332,\"height\":98,\"caption\":\"Cerrajer\u00eda TDA Barcelona\"},\"image\":{\"@id\":\"https:\/\/cerrajerosenbarcelona.co\/#\/schema\/logo\/image\/\"}}]}<\/script>\n<!-- \/ Yoast SEO plugin. -->","yoast_head_json":{"title":"Portes cuirassades a Barcelona - Cerrajer\u00eda","robots":{"index":"index","follow":"follow","max-snippet":"max-snippet:-1","max-image-preview":"max-image-preview:large","max-video-preview":"max-video-preview:-1"},"canonical":"https:\/\/cerrajerosenbarcelona.co\/ca\/portes-seguretat\/portes-cuirassades-a-barcelona","og_locale":"ca_ES","og_type":"article","og_title":"Portes cuirassades a Barcelona - Cerrajer\u00eda","og_url":"https:\/\/cerrajerosenbarcelona.co\/ca\/portes-seguretat\/portes-cuirassades-a-barcelona","og_site_name":"Cerrajer\u00eda","article_modified_time":"2023-05-05T21:16:19+00:00","twitter_card":"summary_large_image","twitter_misc":{"Temps estimat de lectura":"9 minuts"},"schema":{"@context":"https:\/\/schema.org","@graph":[{"@type":"WebPage","@id":"https:\/\/cerrajerosenbarcelona.co\/ca\/portes-seguretat\/portes-cuirassades-a-barcelona","url":"https:\/\/cerrajerosenbarcelona.co\/ca\/portes-seguretat\/portes-cuirassades-a-barcelona","name":"Portes cuirassades a Barcelona - Cerrajer\u00eda","isPartOf":{"@id":"https:\/\/cerrajerosenbarcelona.co\/#website"},"datePublished":"2023-05-05T21:15:51+00:00","dateModified":"2023-05-05T21:16:19+00:00","breadcrumb":{"@id":"https:\/\/cerrajerosenbarcelona.co\/ca\/portes-seguretat\/portes-cuirassades-a-barcelona#breadcrumb"},"inLanguage":"ca","potentialAction":[{"@type":"ReadAction","target":["https:\/\/cerrajerosenbarcelona.co\/ca\/portes-seguretat\/portes-cuirassades-a-barcelona"]}]},{"@type":"BreadcrumbList","@id":"https:\/\/cerrajerosenbarcelona.co\/ca\/portes-seguretat\/portes-cuirassades-a-barcelona#breadcrumb","itemListElement":[{"@type":"ListItem","position":1,"name":"Portada","item":"https:\/\/cerrajerosenbarcelona.co\/ca"},{"@type":"ListItem","position":2,"name":"portes seguretat","item":"https:\/\/cerrajerosenbarcelona.co\/ca\/portes-seguretat"},{"@type":"ListItem","position":3,"name":"Portes cuirassades a Barcelona"}]},{"@type":"WebSite","@id":"https:\/\/cerrajerosenbarcelona.co\/#website","url":"https:\/\/cerrajerosenbarcelona.co\/","name":"Cerrajer\u00eda","description":"Otro sitio realizado con WordPress","publisher":{"@id":"https:\/\/cerrajerosenbarcelona.co\/#organization"},"potentialAction":[{"@type":"SearchAction","target":{"@type":"EntryPoint","urlTemplate":"https:\/\/cerrajerosenbarcelona.co\/?s={search_term_string}"},"query-input":{"@type":"PropertyValueSpecification","valueRequired":true,"valueName":"search_term_string"}}],"inLanguage":"ca"},{"@type":"Organization","@id":"https:\/\/cerrajerosenbarcelona.co\/#organization","name":"Cerrajer\u00eda TDA Barcelona","url":"https:\/\/cerrajerosenbarcelona.co\/","logo":{"@type":"ImageObject","inLanguage":"ca","@id":"https:\/\/cerrajerosenbarcelona.co\/#\/schema\/logo\/image\/","url":"https:\/\/cerrajerosenbarcelona.co\/wp-content\/uploads\/2019\/11\/cerrajeria-tda-barcelona-logo-2.png","contentUrl":"https:\/\/cerrajerosenbarcelona.co\/wp-content\/uploads\/2019\/11\/cerrajeria-tda-barcelona-logo-2.png","width":332,"height":98,"caption":"Cerrajer\u00eda TDA Barcelona"},"image":{"@id":"https:\/\/cerrajerosenbarcelona.co\/#\/schema\/logo\/image\/"}}]}},"_links":{"self":[{"href":"https:\/\/cerrajerosenbarcelona.co\/ca\/wp-json\/wp\/v2\/pages\/1748","targetHints":{"allow":["GET"]}}],"collection":[{"href":"https:\/\/cerrajerosenbarcelona.co\/ca\/wp-json\/wp\/v2\/pages"}],"about":[{"href":"https:\/\/cerrajerosenbarcelona.co\/ca\/wp-json\/wp\/v2\/types\/page"}],"author":[{"embeddable":true,"href":"https:\/\/cerrajerosenbarcelona.co\/ca\/wp-json\/wp\/v2\/users\/2"}],"replies":[{"embeddable":true,"href":"https:\/\/cerrajerosenbarcelona.co\/ca\/wp-json\/wp\/v2\/comments?post=1748"}],"version-history":[{"count":1,"href":"https:\/\/cerrajerosenbarcelona.co\/ca\/wp-json\/wp\/v2\/pages\/1748\/revisions"}],"predecessor-version":[{"id":1749,"href":"https:\/\/cerrajerosenbarcelona.co\/ca\/wp-json\/wp\/v2\/pages\/1748\/revisions\/1749"}],"up":[{"embeddable":true,"href":"https:\/\/cerrajerosenbarcelona.co\/ca\/wp-json\/wp\/v2\/pages\/1663"}],"wp:attachment":[{"href":"https:\/\/cerrajerosenbarcelona.co\/ca\/wp-json\/wp\/v2\/media?parent=1748"}],"curies":[{"name":"wp","href":"https:\/\/api.w.org\/{rel}","templated":true}]}}