{"id":1750,"date":"2023-05-05T23:19:58","date_gmt":"2023-05-05T21:19:58","guid":{"rendered":"https:\/\/cerrajerosenbarcelona.co\/?page_id=1750"},"modified":"2023-05-05T23:19:58","modified_gmt":"2023-05-05T21:19:58","slug":"portes-de-seguretat-per-a-comunitats-de-veins","status":"publish","type":"page","link":"https:\/\/cerrajerosenbarcelona.co\/ca\/portes-seguretat\/portes-de-seguretat-per-a-comunitats-de-veins","title":{"rendered":"PORTES DE SEGURETAT PER A COMUNITATS DE VE\u00cfNS"},"content":{"rendered":"\n<style type=\"text\/css\" data-created_by=\"avia_inline_auto\" id=\"style-css-av-av_section-5b5f61f72f70f9a27d6c4fe82794c582\">\n.avia-section.av-av_section-5b5f61f72f70f9a27d6c4fe82794c582{\nbackground-color:#000000;\nbackground-image:unset;\n}\n.avia-section.av-av_section-5b5f61f72f70f9a27d6c4fe82794c582 .av-extra-border-element .av-extra-border-inner{\nbackground-color:#000000;\n}\n<\/style>\n<div id='av_section_1'  class='avia-section av-av_section-5b5f61f72f70f9a27d6c4fe82794c582 main_color avia-section-large avia-no-border-styling  avia-builder-el-0  el_before_av_two_third  avia-builder-el-first  avia-bg-style-scroll av-arrow-down-section container_wrap fullsize'  ><div class='container av-section-cont-open' ><main  class='template-page content  av-content-full alpha units'><div class='post-entry post-entry-type-page post-entry-1750'><div class='entry-content-wrapper clearfix'>\n\n<style type=\"text\/css\" data-created_by=\"avia_inline_auto\" id=\"style-css-av-lhb252yy-35c0a5b6727abdab978541e14f524bb5\">\n#top .av-special-heading.av-lhb252yy-35c0a5b6727abdab978541e14f524bb5{\npadding-bottom:10px;\ncolor:#ffffff;\n}\nbody .av-special-heading.av-lhb252yy-35c0a5b6727abdab978541e14f524bb5 .av-special-heading-tag .heading-char{\nfont-size:25px;\n}\n.av-special-heading.av-lhb252yy-35c0a5b6727abdab978541e14f524bb5 .special-heading-inner-border{\nborder-color:#ffffff;\n}\n.av-special-heading.av-lhb252yy-35c0a5b6727abdab978541e14f524bb5 .av-subheading{\nfont-size:15px;\n}\n<\/style>\n<div  class='av-special-heading av-lhb252yy-35c0a5b6727abdab978541e14f524bb5 av-special-heading-h1 custom-color-heading blockquote modern-quote modern-centered  avia-builder-el-1  avia-builder-el-no-sibling  av-linked-heading'><h1 class='av-special-heading-tag '  >PORTES DE SEGURETAT PER A COMUNITATS DE VE\u00cfNS<\/h1><div class=\"special-heading-border\"><div class=\"special-heading-inner-border\"><\/div><\/div><\/div>\n<\/div><\/div><\/main><!-- close content main element --><\/div><div class='av-extra-border-element border-extra-arrow-down'><div class='av-extra-border-outer'><div class='av-extra-border-inner'><\/div><\/div><\/div><\/div><div id='after_section_1'  class='main_color av_default_container_wrap container_wrap fullsize'  ><div class='container av-section-cont-open' ><div class='template-page content  av-content-full alpha units'><div class='post-entry post-entry-type-page post-entry-1750'><div class='entry-content-wrapper clearfix'>\n<style type=\"text\/css\" data-created_by=\"avia_inline_auto\" id=\"style-css-av-av_two_third-25347b0a799d5b9f7058434b2a9c3182\">\n.flex_column.av-av_two_third-25347b0a799d5b9f7058434b2a9c3182{\nborder-radius:0px 0px 0px 0px;\npadding:0px 0px 0px 0px;\n}\n<\/style>\n<div  class='flex_column av-av_two_third-25347b0a799d5b9f7058434b2a9c3182 av_two_third  avia-builder-el-2  el_after_av_section  el_before_av_one_third  avia-builder-el-first  first flex_column_div av-zero-column-padding  '     ><section  class='av_textblock_section av-lhb2758g-30fe67a49e67329dc4e17fa477bfe00f '  ><div class='avia_textblock' ><h2>Portes de seguretat per a comunitats a Barcelona<\/h2>\n<p>Sabem qu\u00e8 s\u00f3n les portes de comunitat de seguretat, per\u00f2, tenim la certesa de quina funci\u00f3 compleixen?<\/p>\n<p>Una porta de comunitat per definici\u00f3 \u00e9s una porta exterior\u00a0 i un element molt decoratiu que es pot apreciar a la fa\u00e7ana d&#8217;un edifici amb el prop\u00f2sit d&#8217;evitar intrusisme a l&#8217;interior del vest\u00edbul i que les persones alienes a l&#8217;edifici no puguin entrar de manera arbitr\u00e0ria sense el perm\u00eds o l&#8217;autoritzaci\u00f3 d&#8217;un propietari concret d&#8217;un pis d&#8217;aquesta finca.<\/p>\n<p>Una porta de seguretat de comunitats \u00e9s la primera barrera per impedir els robatoris a vivendes.<\/p>\n<p>L&#8217;objectiu principal \u00e9s que ha d&#8217;unir resist\u00e8ncia, est\u00e8tica, fortalesa i una funcionalitat molt pr\u00e0ctica per als usuaris.<\/p>\n<h2>Quines portes de seguretat per a comunitats recomano?<\/h2>\n<p>Si pot ser sempre aconsello portes amb estructura de ferro amb tractat antihumitat de gruix 100 x 80 amb vidre refor\u00e7at i abatible per a la seva neteja, maneta refor\u00e7ada de ferro, moll hidr\u00e0ulic termoestable (que no afecta les variacions t\u00e8rmiques i sempre quedar\u00e0 tancada la porta) i el pany electromec\u00e0nic ohmi blue.<\/p>\n<p>Amb aquestes caracter\u00edstiques la porta ser\u00e0 molt acceptable i compacta.<\/p>\n<p>Addicionalment es poden afegir controls d&#8217;acc\u00e9s per poder facilitar l&#8217;entrada amb un clauer que detecta i envia un senyal el\u00e8ctric a l&#8217;obreportes per poder obrir des d&#8217;exterior ia m\u00e9s el bomb\u00ed de seguretat amb targeta de reproducci\u00f3 controlada.<\/p>\n<p>El ral o color de la porta pot ser a elecci\u00f3 del client que podr\u00e0 veure al nostre cat\u00e0leg de colors diversos a la web oa la botiga, aix\u00ed com les formes i acabats.<\/p>\n<p>Es poden afegir components addicionals decoratius a escollir.<\/p>\n<h2>Portes d&#8217;alumini s\u00f3n fiables?<\/h2>\n<p>Les portes dalumini s\u00f3n m\u00e9s lleugeres en pes, per\u00f2 presenten dificultats destructura i resist\u00e8ncia. S\u00f3n portes que anomeno febles i que a la curta oa la llarga presenten dificultats i problemes.<\/p>\n<p>Sempre \u00e9s m\u00e9s recomanable una bona i acceptable porta de comunitat de ferro amb estructura s\u00f2lida en per\u00edmetre i fulla.<\/p>\n<h3>Consells i recomanacions per a portes de comunitat de seguretat<\/h3>\n<ul>\n<li>\u00c9s fonamental con\u00e8ixer si la porta que s&#8217;instal\u00b7lar\u00e0 reuneix la normativa de la llei d&#8217;evacuaci\u00f3 d&#8217;edificis, ja que la sortida des de l&#8217;interior ha de ser molt r\u00e0pida i senzilla fins i tot per a gent molt gran en casos d&#8217;inundacions, incendis, etc.<\/li>\n<li>Utilitzar sistemes de tanca portes que facin molt f\u00e0cil el tancament de la porta i eviti que es queda oberta per manca de pes, for\u00e7a i corrents d&#8217;aire innecessaris molt forts.<\/li>\n<li>Assegureu-vos de tenir el millor pany del mercat a la porta nova de ferro en cas contrari quina utilitat t\u00e9 tenir una porta de meravella i no tenir un bon pany i bomb\u00ed.<\/li>\n<li>Contracteu una asseguran\u00e7a de manteniment econ\u00f2mic per\u00f2 que a la llarga abaratiu costos innecessaris i derrames que es podrien evitar: aquests s\u00f3n barats i valen la pena per a les coses m\u00e9s elementals de greixatges, ajustaments petits, etc.<\/li>\n<li>Demaneu sempre pressupost previ i degudament emplenat i compareu-lo amb un total de tres empreses de serrallers acreditats.<\/li>\n<li>Assegureu-vos de tenir una maneta refor\u00e7ada de ferro, c\u00f2moda i molt pr\u00e0ctica de sortida.<\/li>\n<li>Tamb\u00e9 \u00e9s molt bo que s\u00e0piga que hi ha molls que funcionen de forma autom\u00e0tica i que tan sols obrir la porta amb la clau uns dos cent\u00edmetres, s&#8217;obre i tanca i posseeix sistemes anti-aixafament amb sensors de pressi\u00f3.<\/li>\n<\/ul>\n<p>Aix\u00f2 \u00e9s ideal per a persones de mobilitat redu\u00efda que ho podran fer amb comandament a dist\u00e0ncia.<\/p>\n<h3>Tipus de portes de seguretat per a comunitats<\/h3>\n<p>Pel que fa als models n&#8217;hi ha diversos de diferents formes geom\u00e8triques, mides i accessoris decoratius en llaut\u00f3, plata, inox o bronze.<\/p>\n<p>Les portes de ferro es poden dotar duna bellesa i forma molt creativa.<\/p>\n<\/div><\/section><br \/>\n\n<style type=\"text\/css\" data-created_by=\"avia_inline_auto\" id=\"style-css-av-av_promobox-a5dd5e7f0195288e55b8f4b9157b5324\">\n.av_promobox.av-av_promobox-a5dd5e7f0195288e55b8f4b9157b5324{\ncolor:#ffffff;\nbackground:#000000;\nborder-color:#af0000;\n}\n<\/style>\n<div  class='av_promobox av-av_promobox-a5dd5e7f0195288e55b8f4b9157b5324 avia-button-yes  avia-builder-el-4  el_after_av_textblock  avia-builder-el-last '><div class='avia-promocontent'><\/p>\n<p style=\"text-align: center;\">\u00bfNecesita un cerrajero urgente en su zona? Contacte con nosotros.<\/p>\n<p>\n<\/div><div  class='avia-button-wrap av-av_button-51ec529248dbe4c45da4cc34ab98df58-wrap avia-button-right '><a href='https:\/\/cerrajerosenbarcelona.co\/contacto'  class='avia-button av-av_button-51ec529248dbe4c45da4cc34ab98df58 av-link-btn avia-icon_select-no avia-size-large avia-position-right avia-color-theme-color'   aria-label=\"CONTACTAR\"><span class='avia_iconbox_title' >CONTACTAR<\/span><\/a><\/div><\/div><\/p><\/div>\n<style type=\"text\/css\" data-created_by=\"avia_inline_auto\" id=\"style-css-av-av_one_third-f7c1061df29de8cca6b42fcf455fe4a0\">\n.flex_column.av-av_one_third-f7c1061df29de8cca6b42fcf455fe4a0{\nborder-radius:0px 0px 0px 0px;\npadding:0px 0px 0px 0px;\n}\n<\/style>\n<div  class='flex_column av-av_one_third-f7c1061df29de8cca6b42fcf455fe4a0 av_one_third  avia-builder-el-5  el_after_av_two_third  avia-builder-el-last  flex_column_div av-zero-column-padding  '     ><p>\n<style type=\"text\/css\" data-created_by=\"avia_inline_auto\" id=\"style-css-av-lhb27kma-dfecdd6849a70de39cb0e0c93ce3f5ea\">\n#top .av-special-heading.av-lhb27kma-dfecdd6849a70de39cb0e0c93ce3f5ea{\npadding-bottom:10px;\ncolor:#000000;\n}\nbody .av-special-heading.av-lhb27kma-dfecdd6849a70de39cb0e0c93ce3f5ea .av-special-heading-tag .heading-char{\nfont-size:25px;\n}\n.av-special-heading.av-lhb27kma-dfecdd6849a70de39cb0e0c93ce3f5ea .special-heading-inner-border{\nborder-color:#000000;\n}\n.av-special-heading.av-lhb27kma-dfecdd6849a70de39cb0e0c93ce3f5ea .av-subheading{\nfont-size:15px;\n}\n<\/style>\n<div  class='av-special-heading av-lhb27kma-dfecdd6849a70de39cb0e0c93ce3f5ea av-special-heading-h3 custom-color-heading blockquote modern-quote  avia-builder-el-6  el_before_av_hr  avia-builder-el-first  av-linked-heading'><h3 class='av-special-heading-tag '  >Pressupost a l\u2019instant gratu\u00eft<\/h3><div class=\"special-heading-border\"><div class=\"special-heading-inner-border\"><\/div><\/div><\/div><br \/>\n\n<style type=\"text\/css\" data-created_by=\"avia_inline_auto\" id=\"style-css-av-av_hr-1db3990e3ede245c14f5cf112d1789c8\">\n#top .hr.av-av_hr-1db3990e3ede245c14f5cf112d1789c8{\nmargin-top:10px;\nmargin-bottom:10px;\n}\n.hr.av-av_hr-1db3990e3ede245c14f5cf112d1789c8 .hr-inner{\nwidth:50px;\nborder-color:#b02b2c;\n}\n<\/style>\n<div  class='hr av-av_hr-1db3990e3ede245c14f5cf112d1789c8 hr-custom  avia-builder-el-7  el_after_av_heading  el_before_av_textblock  hr-left hr-icon-no'><span class='hr-inner inner-border-av-border-thin'><span class=\"hr-inner-style\"><\/span><\/span><\/div><br \/>\n<section  class='av_textblock_section av-av_textblock-18ec860c7e07088d2c0a993b614e8019 '  ><div class='avia_textblock' ><div><strong>93 323 8507 &#8211; 24H<br \/>\n629 58 70 22 &#8211; 24H<\/strong><\/div>\n<\/div><\/section><\/p><\/div><\/p>\n","protected":false},"excerpt":{"rendered":"","protected":false},"author":2,"featured_media":0,"parent":1663,"menu_order":0,"comment_status":"closed","ping_status":"closed","template":"","meta":{"footnotes":""},"class_list":["post-1750","page","type-page","status-publish","hentry"],"yoast_head":"<!-- This site is optimized with the Yoast SEO plugin v26.6 - https:\/\/yoast.com\/wordpress\/plugins\/seo\/ -->\n<title>PORTES DE SEGURETAT PER A COMUNITATS DE VE\u00cfNS - Cerrajer\u00eda<\/title>\n<meta name=\"robots\" content=\"index, follow, max-snippet:-1, max-image-preview:large, max-video-preview:-1\" \/>\n<link rel=\"canonical\" href=\"https:\/\/cerrajerosenbarcelona.co\/ca\/portes-seguretat\/portes-de-seguretat-per-a-comunitats-de-veins\" \/>\n<meta property=\"og:locale\" content=\"ca_ES\" \/>\n<meta property=\"og:type\" content=\"article\" \/>\n<meta property=\"og:title\" content=\"PORTES DE SEGURETAT PER A COMUNITATS DE VE\u00cfNS - Cerrajer\u00eda\" \/>\n<meta property=\"og:url\" content=\"https:\/\/cerrajerosenbarcelona.co\/ca\/portes-seguretat\/portes-de-seguretat-per-a-comunitats-de-veins\" \/>\n<meta property=\"og:site_name\" content=\"Cerrajer\u00eda\" \/>\n<meta name=\"twitter:card\" content=\"summary_large_image\" \/>\n<meta name=\"twitter:label1\" content=\"Temps estimat de lectura\" \/>\n\t<meta name=\"twitter:data1\" content=\"5 minuts\" \/>\n<script type=\"application\/ld+json\" class=\"yoast-schema-graph\">{\"@context\":\"https:\/\/schema.org\",\"@graph\":[{\"@type\":\"WebPage\",\"@id\":\"https:\/\/cerrajerosenbarcelona.co\/ca\/portes-seguretat\/portes-de-seguretat-per-a-comunitats-de-veins\",\"url\":\"https:\/\/cerrajerosenbarcelona.co\/ca\/portes-seguretat\/portes-de-seguretat-per-a-comunitats-de-veins\",\"name\":\"PORTES DE SEGURETAT PER A COMUNITATS DE VE\u00cfNS - Cerrajer\u00eda\",\"isPartOf\":{\"@id\":\"https:\/\/cerrajerosenbarcelona.co\/#website\"},\"datePublished\":\"2023-05-05T21:19:58+00:00\",\"breadcrumb\":{\"@id\":\"https:\/\/cerrajerosenbarcelona.co\/ca\/portes-seguretat\/portes-de-seguretat-per-a-comunitats-de-veins#breadcrumb\"},\"inLanguage\":\"ca\",\"potentialAction\":[{\"@type\":\"ReadAction\",\"target\":[\"https:\/\/cerrajerosenbarcelona.co\/ca\/portes-seguretat\/portes-de-seguretat-per-a-comunitats-de-veins\"]}]},{\"@type\":\"BreadcrumbList\",\"@id\":\"https:\/\/cerrajerosenbarcelona.co\/ca\/portes-seguretat\/portes-de-seguretat-per-a-comunitats-de-veins#breadcrumb\",\"itemListElement\":[{\"@type\":\"ListItem\",\"position\":1,\"name\":\"Portada\",\"item\":\"https:\/\/cerrajerosenbarcelona.co\/ca\"},{\"@type\":\"ListItem\",\"position\":2,\"name\":\"portes seguretat\",\"item\":\"https:\/\/cerrajerosenbarcelona.co\/ca\/portes-seguretat\"},{\"@type\":\"ListItem\",\"position\":3,\"name\":\"PORTES DE SEGURETAT PER A COMUNITATS DE VE\u00cfNS\"}]},{\"@type\":\"WebSite\",\"@id\":\"https:\/\/cerrajerosenbarcelona.co\/#website\",\"url\":\"https:\/\/cerrajerosenbarcelona.co\/\",\"name\":\"Cerrajer\u00eda\",\"description\":\"Otro sitio realizado con WordPress\",\"publisher\":{\"@id\":\"https:\/\/cerrajerosenbarcelona.co\/#organization\"},\"potentialAction\":[{\"@type\":\"SearchAction\",\"target\":{\"@type\":\"EntryPoint\",\"urlTemplate\":\"https:\/\/cerrajerosenbarcelona.co\/?s={search_term_string}\"},\"query-input\":{\"@type\":\"PropertyValueSpecification\",\"valueRequired\":true,\"valueName\":\"search_term_string\"}}],\"inLanguage\":\"ca\"},{\"@type\":\"Organization\",\"@id\":\"https:\/\/cerrajerosenbarcelona.co\/#organization\",\"name\":\"Cerrajer\u00eda TDA Barcelona\",\"url\":\"https:\/\/cerrajerosenbarcelona.co\/\",\"logo\":{\"@type\":\"ImageObject\",\"inLanguage\":\"ca\",\"@id\":\"https:\/\/cerrajerosenbarcelona.co\/#\/schema\/logo\/image\/\",\"url\":\"https:\/\/cerrajerosenbarcelona.co\/wp-content\/uploads\/2019\/11\/cerrajeria-tda-barcelona-logo-2.png\",\"contentUrl\":\"https:\/\/cerrajerosenbarcelona.co\/wp-content\/uploads\/2019\/11\/cerrajeria-tda-barcelona-logo-2.png\",\"width\":332,\"height\":98,\"caption\":\"Cerrajer\u00eda TDA Barcelona\"},\"image\":{\"@id\":\"https:\/\/cerrajerosenbarcelona.co\/#\/schema\/logo\/image\/\"}}]}<\/script>\n<!-- \/ Yoast SEO plugin. -->","yoast_head_json":{"title":"PORTES DE SEGURETAT PER A COMUNITATS DE VE\u00cfNS - Cerrajer\u00eda","robots":{"index":"index","follow":"follow","max-snippet":"max-snippet:-1","max-image-preview":"max-image-preview:large","max-video-preview":"max-video-preview:-1"},"canonical":"https:\/\/cerrajerosenbarcelona.co\/ca\/portes-seguretat\/portes-de-seguretat-per-a-comunitats-de-veins","og_locale":"ca_ES","og_type":"article","og_title":"PORTES DE SEGURETAT PER A COMUNITATS DE VE\u00cfNS - Cerrajer\u00eda","og_url":"https:\/\/cerrajerosenbarcelona.co\/ca\/portes-seguretat\/portes-de-seguretat-per-a-comunitats-de-veins","og_site_name":"Cerrajer\u00eda","twitter_card":"summary_large_image","twitter_misc":{"Temps estimat de lectura":"5 minuts"},"schema":{"@context":"https:\/\/schema.org","@graph":[{"@type":"WebPage","@id":"https:\/\/cerrajerosenbarcelona.co\/ca\/portes-seguretat\/portes-de-seguretat-per-a-comunitats-de-veins","url":"https:\/\/cerrajerosenbarcelona.co\/ca\/portes-seguretat\/portes-de-seguretat-per-a-comunitats-de-veins","name":"PORTES DE SEGURETAT PER A COMUNITATS DE VE\u00cfNS - Cerrajer\u00eda","isPartOf":{"@id":"https:\/\/cerrajerosenbarcelona.co\/#website"},"datePublished":"2023-05-05T21:19:58+00:00","breadcrumb":{"@id":"https:\/\/cerrajerosenbarcelona.co\/ca\/portes-seguretat\/portes-de-seguretat-per-a-comunitats-de-veins#breadcrumb"},"inLanguage":"ca","potentialAction":[{"@type":"ReadAction","target":["https:\/\/cerrajerosenbarcelona.co\/ca\/portes-seguretat\/portes-de-seguretat-per-a-comunitats-de-veins"]}]},{"@type":"BreadcrumbList","@id":"https:\/\/cerrajerosenbarcelona.co\/ca\/portes-seguretat\/portes-de-seguretat-per-a-comunitats-de-veins#breadcrumb","itemListElement":[{"@type":"ListItem","position":1,"name":"Portada","item":"https:\/\/cerrajerosenbarcelona.co\/ca"},{"@type":"ListItem","position":2,"name":"portes seguretat","item":"https:\/\/cerrajerosenbarcelona.co\/ca\/portes-seguretat"},{"@type":"ListItem","position":3,"name":"PORTES DE SEGURETAT PER A COMUNITATS DE VE\u00cfNS"}]},{"@type":"WebSite","@id":"https:\/\/cerrajerosenbarcelona.co\/#website","url":"https:\/\/cerrajerosenbarcelona.co\/","name":"Cerrajer\u00eda","description":"Otro sitio realizado con WordPress","publisher":{"@id":"https:\/\/cerrajerosenbarcelona.co\/#organization"},"potentialAction":[{"@type":"SearchAction","target":{"@type":"EntryPoint","urlTemplate":"https:\/\/cerrajerosenbarcelona.co\/?s={search_term_string}"},"query-input":{"@type":"PropertyValueSpecification","valueRequired":true,"valueName":"search_term_string"}}],"inLanguage":"ca"},{"@type":"Organization","@id":"https:\/\/cerrajerosenbarcelona.co\/#organization","name":"Cerrajer\u00eda TDA Barcelona","url":"https:\/\/cerrajerosenbarcelona.co\/","logo":{"@type":"ImageObject","inLanguage":"ca","@id":"https:\/\/cerrajerosenbarcelona.co\/#\/schema\/logo\/image\/","url":"https:\/\/cerrajerosenbarcelona.co\/wp-content\/uploads\/2019\/11\/cerrajeria-tda-barcelona-logo-2.png","contentUrl":"https:\/\/cerrajerosenbarcelona.co\/wp-content\/uploads\/2019\/11\/cerrajeria-tda-barcelona-logo-2.png","width":332,"height":98,"caption":"Cerrajer\u00eda TDA Barcelona"},"image":{"@id":"https:\/\/cerrajerosenbarcelona.co\/#\/schema\/logo\/image\/"}}]}},"_links":{"self":[{"href":"https:\/\/cerrajerosenbarcelona.co\/ca\/wp-json\/wp\/v2\/pages\/1750","targetHints":{"allow":["GET"]}}],"collection":[{"href":"https:\/\/cerrajerosenbarcelona.co\/ca\/wp-json\/wp\/v2\/pages"}],"about":[{"href":"https:\/\/cerrajerosenbarcelona.co\/ca\/wp-json\/wp\/v2\/types\/page"}],"author":[{"embeddable":true,"href":"https:\/\/cerrajerosenbarcelona.co\/ca\/wp-json\/wp\/v2\/users\/2"}],"replies":[{"embeddable":true,"href":"https:\/\/cerrajerosenbarcelona.co\/ca\/wp-json\/wp\/v2\/comments?post=1750"}],"version-history":[{"count":1,"href":"https:\/\/cerrajerosenbarcelona.co\/ca\/wp-json\/wp\/v2\/pages\/1750\/revisions"}],"predecessor-version":[{"id":1751,"href":"https:\/\/cerrajerosenbarcelona.co\/ca\/wp-json\/wp\/v2\/pages\/1750\/revisions\/1751"}],"up":[{"embeddable":true,"href":"https:\/\/cerrajerosenbarcelona.co\/ca\/wp-json\/wp\/v2\/pages\/1663"}],"wp:attachment":[{"href":"https:\/\/cerrajerosenbarcelona.co\/ca\/wp-json\/wp\/v2\/media?parent=1750"}],"curies":[{"name":"wp","href":"https:\/\/api.w.org\/{rel}","templated":true}]}}