{"id":2134,"date":"2024-09-15T08:53:31","date_gmt":"2024-09-15T06:53:31","guid":{"rendered":"https:\/\/cerrajerosenbarcelona.co\/?page_id=2134"},"modified":"2024-12-03T14:45:40","modified_gmt":"2024-12-03T13:45:40","slug":"serraller-molins-de-rei","status":"publish","type":"page","link":"https:\/\/cerrajerosenbarcelona.co\/ca\/poblacions\/serraller-molins-de-rei","title":{"rendered":"Serraller Molins de Rei"},"content":{"rendered":"\n<style type=\"text\/css\" data-created_by=\"avia_inline_auto\" id=\"style-css-av-arbl8m-3645dcca8f79069e2eed2cb0deccc0a4\">\n.avia-section.av-arbl8m-3645dcca8f79069e2eed2cb0deccc0a4{\nbackground-color:#000000;\nbackground-image:unset;\n}\n.avia-section.av-arbl8m-3645dcca8f79069e2eed2cb0deccc0a4 .av-extra-border-element .av-extra-border-inner{\nbackground-color:#000000;\n}\n<\/style>\n<div id='av_section_1'  class='avia-section av-arbl8m-3645dcca8f79069e2eed2cb0deccc0a4 main_color avia-section-large avia-no-border-styling  avia-builder-el-0  el_before_av_three_fifth  avia-builder-el-first  avia-bg-style-scroll av-arrow-down-section container_wrap fullsize'  ><div class='container av-section-cont-open' ><main  class='template-page content  av-content-full alpha units'><div class='post-entry post-entry-type-page post-entry-2134'><div class='entry-content-wrapper clearfix'>\n\n<style type=\"text\/css\" data-created_by=\"avia_inline_auto\" id=\"style-css-av-m137rcr3-024cb35916407c0f880e1b86e981db84\">\n#top .av-special-heading.av-m137rcr3-024cb35916407c0f880e1b86e981db84{\npadding-bottom:10px;\ncolor:#ffffff;\n}\nbody .av-special-heading.av-m137rcr3-024cb35916407c0f880e1b86e981db84 .av-special-heading-tag .heading-char{\nfont-size:25px;\n}\n.av-special-heading.av-m137rcr3-024cb35916407c0f880e1b86e981db84 .special-heading-inner-border{\nborder-color:#ffffff;\n}\n.av-special-heading.av-m137rcr3-024cb35916407c0f880e1b86e981db84 .av-subheading{\nfont-size:15px;\n}\n<\/style>\n<div  class='av-special-heading av-m137rcr3-024cb35916407c0f880e1b86e981db84 av-special-heading-h1 custom-color-heading blockquote modern-quote modern-centered  avia-builder-el-1  avia-builder-el-no-sibling  av-linked-heading'><h1 class='av-special-heading-tag '  >Serraller Molins de Rei<\/h1><div class=\"special-heading-border\"><div class=\"special-heading-inner-border\"><\/div><\/div><\/div>\n<\/div><\/div><\/main><!-- close content main element --><\/div><div class='av-extra-border-element border-extra-arrow-down'><div class='av-extra-border-outer'><div class='av-extra-border-inner'><\/div><\/div><\/div><\/div><div id='after_section_1'  class='main_color av_default_container_wrap container_wrap fullsize'  ><div class='container av-section-cont-open' ><div class='template-page content  av-content-full alpha units'><div class='post-entry post-entry-type-page post-entry-2134'><div class='entry-content-wrapper clearfix'>\n\n<style type=\"text\/css\" data-created_by=\"avia_inline_auto\" id=\"style-css-av-8jqkt2-b64f75ca624bcdbd3548385dac1262f0\">\n.flex_column.av-8jqkt2-b64f75ca624bcdbd3548385dac1262f0{\nborder-radius:0px 0px 0px 0px;\npadding:0px 0px 0px 0px;\n}\n<\/style>\n<div  class='flex_column av-8jqkt2-b64f75ca624bcdbd3548385dac1262f0 av_three_fifth  avia-builder-el-2  el_after_av_section  el_before_av_two_fifth  avia-builder-el-first  first flex_column_div av-zero-column-padding  '     ><p><section  class='av_textblock_section av-m137rmtx-583377cef79fc4ef5ff9492edcf66a32 '  ><div class='avia_textblock' ><p>Prestem servei de <strong>serralleria a Molins de Rei<\/strong>. Els nostres serrallers a Molins de Rei s\u00f3n especialistes tant en seguretat residencial com empresarial.<\/p>\n<p>Si necessiteu un <strong>many\u00e0 a Molins de Rei<\/strong> adscrit a la uni\u00f3 de<strong> Serrallers de Seguretat d&#8217;Espanya<\/strong> (UCES), aquest \u00e9s el seu lloc.<\/p>\n<p><!--more--><\/p>\n<p>Comptar amb un many\u00e0 acreditat tant per a la soluci\u00f3 d&#8217;urg\u00e8ncies i imprevistos com per a canvis de panys i altres serveis \u00e9s sens dubte de gran import\u00e0ncia.<\/p>\n<p>I \u00e9s que mai se sap quan podem deixar les claus dins de casa, perdre-les o trobar-nos que el forrellat s&#8217;ha fet malb\u00e9. En efecte, aquest tipus d&#8217;imprevistos estan a l&#8217;ordre del dia, per la qual cosa \u00e9s convenient tenir a m\u00e0 un many\u00e0 de confian\u00e7a que acudeixi r\u00e0pidament a l&#8217;habitatge o al local comercial a solucionar el problema.<\/p>\n<p><img loading=\"lazy\" decoding=\"async\" class=\"aligncenter wp-image-1233 size-full\" src=\"http:\/\/cerrajerosenbarcelona.co\/wp-content\/uploads\/2021\/06\/cerrajero-acreditado-uces-barcelona.jpg\" alt=\"Serraller Molins de Rei\" width=\"1663\" height=\"383\" srcset=\"https:\/\/cerrajerosenbarcelona.co\/wp-content\/uploads\/2021\/06\/cerrajero-acreditado-uces-barcelona.jpg 1663w, https:\/\/cerrajerosenbarcelona.co\/wp-content\/uploads\/2021\/06\/cerrajero-acreditado-uces-barcelona-300x69.jpg 300w, https:\/\/cerrajerosenbarcelona.co\/wp-content\/uploads\/2021\/06\/cerrajero-acreditado-uces-barcelona-1030x237.jpg 1030w, https:\/\/cerrajerosenbarcelona.co\/wp-content\/uploads\/2021\/06\/cerrajero-acreditado-uces-barcelona-768x177.jpg 768w, https:\/\/cerrajerosenbarcelona.co\/wp-content\/uploads\/2021\/06\/cerrajero-acreditado-uces-barcelona-1536x354.jpg 1536w, https:\/\/cerrajerosenbarcelona.co\/wp-content\/uploads\/2021\/06\/cerrajero-acreditado-uces-barcelona-1500x345.jpg 1500w, https:\/\/cerrajerosenbarcelona.co\/wp-content\/uploads\/2021\/06\/cerrajero-acreditado-uces-barcelona-705x162.jpg 705w, https:\/\/cerrajerosenbarcelona.co\/wp-content\/uploads\/2021\/06\/cerrajero-acreditado-uces-barcelona-450x104.jpg 450w\" sizes=\"auto, (max-width: 1663px) 100vw, 1663px\" \/><\/p>\n<h2>Els nostres serveis de Serralleria a Molins de Rei<\/h2>\n<p>Qualsevol dels nostres serrallers a Molins de Rei us assessorar\u00e0 convenientment sobre qualsevol dels nostres serveis.<\/p>\n<p>Com per exemple:<\/p>\n<h3>Portes de seguretat a Molins de Rei<\/h3>\n<p>Subministrem a instal\u00b7lem portes blindades i cuirassades. INN Door, Cabma\u2026 sigui quina sigui la seva necessitat, tenim la porta adequada.<\/p>\n<h4>Serralleria de seguretat<\/h4>\n<p>Instalamos cerrojos de seguridad y bombines premium. Destacamos las marcas SAG e Inceca en cerrojos y KESO y KABA en bombines.<\/p>\n<p>El servicio de instalaci\u00f3n de cerraduras de seguridad, una medida que aporta tranquilidad en la casa ante cualquier posible intrusi\u00f3n. Y es que no cabe duda de que vale la pena invertir en el confort del hogar.<\/p>\n<p>Por \u00faltimo, tambi\u00e9n cabe mencionar el servicio de instalaci\u00f3n de cerraduras de seguridad, una medida que aporta tranquilidad en la casa ante cualquier posible intrusi\u00f3n. Y es que no cabe duda de que vale la pena invertir en el confort del hogar.<\/p>\n<p>Los cambios de cerradura son otro de los servicios interesantes de los nuestros profesionales. Cuando se ha perdido la llave de la casa, lo mejor es actuar r\u00e1pidamente y proceder a realizar un cambio de cerradura. Nunca se sabe qui\u00e9n puede tener la llave, y si no se hace nada se corre un riesgo innecesario, tanto para los bienes personales como para el resto de la familia. Los cambios de cerradura se pueden hacer en puertas blindadas, de seguridad, de aluminio, acorazadas, etc.<\/p>\n<h3>Obertures de portes a Molins de Rei<\/h3>\n<p>Un equip de serrallers pot anar a casa seva amb dilig\u00e8ncia total per resoldre qualsevol incid\u00e8ncia d&#8217;obertura de panys. La resposta immediata i la disponibilitat constant s\u00f3n dos dels factors m\u00e9s positius del servei. Qui de sobte es trobi, en arribar a casa, amb qu\u00e8 no t\u00e9 les claus a la butxaca, nom\u00e9s ha de contactar amb el seu servei de serralleria Molins de Rei i explicar qu\u00e8 ha passat a un professional qualificat. En pocs minuts comptar\u00e0 amb l?assist\u00e8ncia d?un professional expert en la mat\u00e8ria que no trigar\u00e0 a obrir la porta. Sense problemes ni llargues hores despera.<\/p>\n<\/div><\/section><br \/>\n\n<style type=\"text\/css\" data-created_by=\"avia_inline_auto\" id=\"style-css-av-m137ru1b-cab6e6a8e93f9a6453ca10bbc9231a02\">\n.av_promobox.av-m137ru1b-cab6e6a8e93f9a6453ca10bbc9231a02{\ncolor:#ffffff;\nbackground:#000000;\nborder-color:#af0000;\n}\n<\/style>\n<div  class='av_promobox av-m137ru1b-cab6e6a8e93f9a6453ca10bbc9231a02 avia-button-yes  avia-builder-el-4  el_after_av_textblock  avia-builder-el-last '><div class='avia-promocontent'><\/p>\n<p style=\"text-align: center;\">Necessita un many\u00e0 urgent a <span data-sheets-root=\"1\">Serraller Molins de Rei<\/span>? Contacti amb nosaltres.<\/p>\n<p>\n<\/div><div  class='avia-button-wrap av-m137ru1b-0d3b10fda5b2f52f91a1a6ebdc342467-wrap avia-button-right '><a href='https:\/\/cerrajerosenbarcelona.co\/ca\/barris'  class='avia-button av-m137ru1b-0d3b10fda5b2f52f91a1a6ebdc342467 av-link-btn avia-icon_select-no avia-size-large avia-position-right avia-color-theme-color'   aria-label=\"CONTACTAR\"><span class='avia_iconbox_title' >CONTACTAR<\/span><\/a><\/div><\/div><\/p><\/div>\n<style type=\"text\/css\" data-created_by=\"avia_inline_auto\" id=\"style-css-av-7ijexi-16fc665380b25fca0c21360b8459d933\">\n.flex_column.av-7ijexi-16fc665380b25fca0c21360b8459d933{\nborder-radius:0px 0px 0px 0px;\npadding:0px 0px 0px 0px;\n}\n<\/style>\n<div  class='flex_column av-7ijexi-16fc665380b25fca0c21360b8459d933 av_two_fifth  avia-builder-el-5  el_after_av_three_fifth  avia-builder-el-last  flex_column_div av-zero-column-padding  '     ><p>\n<style type=\"text\/css\" data-created_by=\"avia_inline_auto\" id=\"style-css-av-5nh5cm-0eb66db4b575e15a395540319dfa8a50\">\n#top .av-special-heading.av-5nh5cm-0eb66db4b575e15a395540319dfa8a50{\npadding-bottom:10px;\ncolor:#000000;\n}\nbody .av-special-heading.av-5nh5cm-0eb66db4b575e15a395540319dfa8a50 .av-special-heading-tag .heading-char{\nfont-size:25px;\n}\n.av-special-heading.av-5nh5cm-0eb66db4b575e15a395540319dfa8a50 .special-heading-inner-border{\nborder-color:#000000;\n}\n.av-special-heading.av-5nh5cm-0eb66db4b575e15a395540319dfa8a50 .av-subheading{\nfont-size:15px;\n}\n<\/style>\n<div  class='av-special-heading av-5nh5cm-0eb66db4b575e15a395540319dfa8a50 av-special-heading-h3 custom-color-heading blockquote modern-quote  avia-builder-el-6  el_before_av_hr  avia-builder-el-first  av-linked-heading'><h3 class='av-special-heading-tag '  >Pressupost a l\u2019instant gratu\u00eft<\/h3><div class=\"special-heading-border\"><div class=\"special-heading-inner-border\"><\/div><\/div><\/div><br \/>\n\n<style type=\"text\/css\" data-created_by=\"avia_inline_auto\" id=\"style-css-av-3u3jeu-62b530bbc60b012b39c086e8d5782761\">\n#top .hr.av-3u3jeu-62b530bbc60b012b39c086e8d5782761{\nmargin-top:10px;\nmargin-bottom:10px;\n}\n.hr.av-3u3jeu-62b530bbc60b012b39c086e8d5782761 .hr-inner{\nwidth:50px;\nborder-color:#b02b2c;\n}\n<\/style>\n<div  class='hr av-3u3jeu-62b530bbc60b012b39c086e8d5782761 hr-custom  avia-builder-el-7  el_after_av_heading  el_before_av_textblock  hr-left hr-icon-no'><span class='hr-inner inner-border-av-border-thin'><span class=\"hr-inner-style\"><\/span><\/span><\/div><br \/>\n<section  class='av_textblock_section av-244j1y-938969e034a238f21fc91dc1e82fa6fc '  ><div class='avia_textblock' ><div><a href=\"tel: +34933238507\">933 238 507<\/a> &#8211; 24H<br \/>\n<a href=\"tel: +34629587022\">629 58 70 22<\/a> &#8211; 24H<\/div>\n<\/div><\/section><\/p><\/div><\/p>\n","protected":false},"excerpt":{"rendered":"<p>Prestem servei de serralleria a Molins de Rei. Els nostres serrallers a Molins de Rei s\u00f3n especialistes tant en seguretat residencial com empresarial. Si necessiteu un many\u00e0 a Molins de Rei adscrit a la uni\u00f3 de Serrallers de Seguretat d&#8217;Espanya (UCES), aquest \u00e9s el seu lloc.<\/p>\n","protected":false},"author":2,"featured_media":2137,"parent":1713,"menu_order":0,"comment_status":"closed","ping_status":"closed","template":"","meta":{"footnotes":""},"class_list":["post-2134","page","type-page","status-publish","has-post-thumbnail","hentry"],"yoast_head":"<!-- This site is optimized with the Yoast SEO plugin v26.6 - https:\/\/yoast.com\/wordpress\/plugins\/seo\/ -->\n<title>Serraller Molins de Rei Barcelona - Serralleria Molins de Rei<\/title>\n<meta name=\"description\" content=\"Necessita un many\u00e0 urgent a Molins de Rei a la seva zona? Contacti amb nosaltres. Experts en seguretat residencial, servei urgent 24h.\" \/>\n<meta name=\"robots\" content=\"index, follow, max-snippet:-1, max-image-preview:large, max-video-preview:-1\" \/>\n<link rel=\"canonical\" href=\"https:\/\/cerrajerosenbarcelona.co\/ca\/poblacions\/serraller-molins-de-rei\" \/>\n<meta property=\"og:locale\" content=\"ca_ES\" \/>\n<meta property=\"og:type\" content=\"article\" \/>\n<meta property=\"og:title\" content=\"Serraller Molins de Rei Barcelona - Serralleria Molins de Rei\" \/>\n<meta property=\"og:description\" content=\"Necessita un many\u00e0 urgent a Molins de Rei a la seva zona? Contacti amb nosaltres. Experts en seguretat residencial, servei urgent 24h.\" \/>\n<meta property=\"og:url\" content=\"https:\/\/cerrajerosenbarcelona.co\/ca\/poblacions\/serraller-molins-de-rei\" \/>\n<meta property=\"og:site_name\" content=\"Cerrajer\u00eda\" \/>\n<meta property=\"article:modified_time\" content=\"2024-12-03T13:45:40+00:00\" \/>\n<meta property=\"og:image\" content=\"http:\/\/cerrajerosenbarcelona.co\/wp-content\/uploads\/2024\/09\/Serraller-Badia-del-Valles-1.jpg\" \/>\n\t<meta property=\"og:image:width\" content=\"800\" \/>\n\t<meta property=\"og:image:height\" content=\"800\" \/>\n\t<meta property=\"og:image:type\" content=\"image\/jpeg\" \/>\n<meta name=\"twitter:card\" content=\"summary_large_image\" \/>\n<meta name=\"twitter:label1\" content=\"Temps estimat de lectura\" \/>\n\t<meta name=\"twitter:data1\" content=\"5 minuts\" \/>\n<script type=\"application\/ld+json\" class=\"yoast-schema-graph\">{\"@context\":\"https:\/\/schema.org\",\"@graph\":[{\"@type\":\"WebPage\",\"@id\":\"https:\/\/cerrajerosenbarcelona.co\/ca\/poblacions\/serraller-molins-de-rei\",\"url\":\"https:\/\/cerrajerosenbarcelona.co\/ca\/poblacions\/serraller-molins-de-rei\",\"name\":\"Serraller Molins de Rei Barcelona - Serralleria Molins de Rei\",\"isPartOf\":{\"@id\":\"https:\/\/cerrajerosenbarcelona.co\/#website\"},\"primaryImageOfPage\":{\"@id\":\"https:\/\/cerrajerosenbarcelona.co\/ca\/poblacions\/serraller-molins-de-rei#primaryimage\"},\"image\":{\"@id\":\"https:\/\/cerrajerosenbarcelona.co\/ca\/poblacions\/serraller-molins-de-rei#primaryimage\"},\"thumbnailUrl\":\"https:\/\/cerrajerosenbarcelona.co\/wp-content\/uploads\/2024\/09\/Serraller-Badia-del-Valles-1.jpg\",\"datePublished\":\"2024-09-15T06:53:31+00:00\",\"dateModified\":\"2024-12-03T13:45:40+00:00\",\"description\":\"Necessita un many\u00e0 urgent a Molins de Rei a la seva zona? Contacti amb nosaltres. Experts en seguretat residencial, servei urgent 24h.\",\"breadcrumb\":{\"@id\":\"https:\/\/cerrajerosenbarcelona.co\/ca\/poblacions\/serraller-molins-de-rei#breadcrumb\"},\"inLanguage\":\"ca\",\"potentialAction\":[{\"@type\":\"ReadAction\",\"target\":[\"https:\/\/cerrajerosenbarcelona.co\/ca\/poblacions\/serraller-molins-de-rei\"]}]},{\"@type\":\"ImageObject\",\"inLanguage\":\"ca\",\"@id\":\"https:\/\/cerrajerosenbarcelona.co\/ca\/poblacions\/serraller-molins-de-rei#primaryimage\",\"url\":\"https:\/\/cerrajerosenbarcelona.co\/wp-content\/uploads\/2024\/09\/Serraller-Badia-del-Valles-1.jpg\",\"contentUrl\":\"https:\/\/cerrajerosenbarcelona.co\/wp-content\/uploads\/2024\/09\/Serraller-Badia-del-Valles-1.jpg\",\"width\":800,\"height\":800,\"caption\":\"Serraller Badia del Vall\u00e8s\"},{\"@type\":\"BreadcrumbList\",\"@id\":\"https:\/\/cerrajerosenbarcelona.co\/ca\/poblacions\/serraller-molins-de-rei#breadcrumb\",\"itemListElement\":[{\"@type\":\"ListItem\",\"position\":1,\"name\":\"Portada\",\"item\":\"https:\/\/cerrajerosenbarcelona.co\/ca\"},{\"@type\":\"ListItem\",\"position\":2,\"name\":\"Poblacions\",\"item\":\"https:\/\/cerrajerosenbarcelona.co\/ca\/poblacions\"},{\"@type\":\"ListItem\",\"position\":3,\"name\":\"Serraller Molins de Rei\"}]},{\"@type\":\"WebSite\",\"@id\":\"https:\/\/cerrajerosenbarcelona.co\/#website\",\"url\":\"https:\/\/cerrajerosenbarcelona.co\/\",\"name\":\"Cerrajer\u00eda\",\"description\":\"Otro sitio realizado con WordPress\",\"publisher\":{\"@id\":\"https:\/\/cerrajerosenbarcelona.co\/#organization\"},\"potentialAction\":[{\"@type\":\"SearchAction\",\"target\":{\"@type\":\"EntryPoint\",\"urlTemplate\":\"https:\/\/cerrajerosenbarcelona.co\/?s={search_term_string}\"},\"query-input\":{\"@type\":\"PropertyValueSpecification\",\"valueRequired\":true,\"valueName\":\"search_term_string\"}}],\"inLanguage\":\"ca\"},{\"@type\":\"Organization\",\"@id\":\"https:\/\/cerrajerosenbarcelona.co\/#organization\",\"name\":\"Cerrajer\u00eda TDA Barcelona\",\"url\":\"https:\/\/cerrajerosenbarcelona.co\/\",\"logo\":{\"@type\":\"ImageObject\",\"inLanguage\":\"ca\",\"@id\":\"https:\/\/cerrajerosenbarcelona.co\/#\/schema\/logo\/image\/\",\"url\":\"https:\/\/cerrajerosenbarcelona.co\/wp-content\/uploads\/2019\/11\/cerrajeria-tda-barcelona-logo-2.png\",\"contentUrl\":\"https:\/\/cerrajerosenbarcelona.co\/wp-content\/uploads\/2019\/11\/cerrajeria-tda-barcelona-logo-2.png\",\"width\":332,\"height\":98,\"caption\":\"Cerrajer\u00eda TDA Barcelona\"},\"image\":{\"@id\":\"https:\/\/cerrajerosenbarcelona.co\/#\/schema\/logo\/image\/\"}}]}<\/script>\n<!-- \/ Yoast SEO plugin. -->","yoast_head_json":{"title":"Serraller Molins de Rei Barcelona - Serralleria Molins de Rei","description":"Necessita un many\u00e0 urgent a Molins de Rei a la seva zona? Contacti amb nosaltres. Experts en seguretat residencial, servei urgent 24h.","robots":{"index":"index","follow":"follow","max-snippet":"max-snippet:-1","max-image-preview":"max-image-preview:large","max-video-preview":"max-video-preview:-1"},"canonical":"https:\/\/cerrajerosenbarcelona.co\/ca\/poblacions\/serraller-molins-de-rei","og_locale":"ca_ES","og_type":"article","og_title":"Serraller Molins de Rei Barcelona - Serralleria Molins de Rei","og_description":"Necessita un many\u00e0 urgent a Molins de Rei a la seva zona? Contacti amb nosaltres. Experts en seguretat residencial, servei urgent 24h.","og_url":"https:\/\/cerrajerosenbarcelona.co\/ca\/poblacions\/serraller-molins-de-rei","og_site_name":"Cerrajer\u00eda","article_modified_time":"2024-12-03T13:45:40+00:00","og_image":[{"width":800,"height":800,"url":"http:\/\/cerrajerosenbarcelona.co\/wp-content\/uploads\/2024\/09\/Serraller-Badia-del-Valles-1.jpg","type":"image\/jpeg"}],"twitter_card":"summary_large_image","twitter_misc":{"Temps estimat de lectura":"5 minuts"},"schema":{"@context":"https:\/\/schema.org","@graph":[{"@type":"WebPage","@id":"https:\/\/cerrajerosenbarcelona.co\/ca\/poblacions\/serraller-molins-de-rei","url":"https:\/\/cerrajerosenbarcelona.co\/ca\/poblacions\/serraller-molins-de-rei","name":"Serraller Molins de Rei Barcelona - Serralleria Molins de Rei","isPartOf":{"@id":"https:\/\/cerrajerosenbarcelona.co\/#website"},"primaryImageOfPage":{"@id":"https:\/\/cerrajerosenbarcelona.co\/ca\/poblacions\/serraller-molins-de-rei#primaryimage"},"image":{"@id":"https:\/\/cerrajerosenbarcelona.co\/ca\/poblacions\/serraller-molins-de-rei#primaryimage"},"thumbnailUrl":"https:\/\/cerrajerosenbarcelona.co\/wp-content\/uploads\/2024\/09\/Serraller-Badia-del-Valles-1.jpg","datePublished":"2024-09-15T06:53:31+00:00","dateModified":"2024-12-03T13:45:40+00:00","description":"Necessita un many\u00e0 urgent a Molins de Rei a la seva zona? Contacti amb nosaltres. Experts en seguretat residencial, servei urgent 24h.","breadcrumb":{"@id":"https:\/\/cerrajerosenbarcelona.co\/ca\/poblacions\/serraller-molins-de-rei#breadcrumb"},"inLanguage":"ca","potentialAction":[{"@type":"ReadAction","target":["https:\/\/cerrajerosenbarcelona.co\/ca\/poblacions\/serraller-molins-de-rei"]}]},{"@type":"ImageObject","inLanguage":"ca","@id":"https:\/\/cerrajerosenbarcelona.co\/ca\/poblacions\/serraller-molins-de-rei#primaryimage","url":"https:\/\/cerrajerosenbarcelona.co\/wp-content\/uploads\/2024\/09\/Serraller-Badia-del-Valles-1.jpg","contentUrl":"https:\/\/cerrajerosenbarcelona.co\/wp-content\/uploads\/2024\/09\/Serraller-Badia-del-Valles-1.jpg","width":800,"height":800,"caption":"Serraller Badia del Vall\u00e8s"},{"@type":"BreadcrumbList","@id":"https:\/\/cerrajerosenbarcelona.co\/ca\/poblacions\/serraller-molins-de-rei#breadcrumb","itemListElement":[{"@type":"ListItem","position":1,"name":"Portada","item":"https:\/\/cerrajerosenbarcelona.co\/ca"},{"@type":"ListItem","position":2,"name":"Poblacions","item":"https:\/\/cerrajerosenbarcelona.co\/ca\/poblacions"},{"@type":"ListItem","position":3,"name":"Serraller Molins de Rei"}]},{"@type":"WebSite","@id":"https:\/\/cerrajerosenbarcelona.co\/#website","url":"https:\/\/cerrajerosenbarcelona.co\/","name":"Cerrajer\u00eda","description":"Otro sitio realizado con WordPress","publisher":{"@id":"https:\/\/cerrajerosenbarcelona.co\/#organization"},"potentialAction":[{"@type":"SearchAction","target":{"@type":"EntryPoint","urlTemplate":"https:\/\/cerrajerosenbarcelona.co\/?s={search_term_string}"},"query-input":{"@type":"PropertyValueSpecification","valueRequired":true,"valueName":"search_term_string"}}],"inLanguage":"ca"},{"@type":"Organization","@id":"https:\/\/cerrajerosenbarcelona.co\/#organization","name":"Cerrajer\u00eda TDA Barcelona","url":"https:\/\/cerrajerosenbarcelona.co\/","logo":{"@type":"ImageObject","inLanguage":"ca","@id":"https:\/\/cerrajerosenbarcelona.co\/#\/schema\/logo\/image\/","url":"https:\/\/cerrajerosenbarcelona.co\/wp-content\/uploads\/2019\/11\/cerrajeria-tda-barcelona-logo-2.png","contentUrl":"https:\/\/cerrajerosenbarcelona.co\/wp-content\/uploads\/2019\/11\/cerrajeria-tda-barcelona-logo-2.png","width":332,"height":98,"caption":"Cerrajer\u00eda TDA Barcelona"},"image":{"@id":"https:\/\/cerrajerosenbarcelona.co\/#\/schema\/logo\/image\/"}}]}},"_links":{"self":[{"href":"https:\/\/cerrajerosenbarcelona.co\/ca\/wp-json\/wp\/v2\/pages\/2134","targetHints":{"allow":["GET"]}}],"collection":[{"href":"https:\/\/cerrajerosenbarcelona.co\/ca\/wp-json\/wp\/v2\/pages"}],"about":[{"href":"https:\/\/cerrajerosenbarcelona.co\/ca\/wp-json\/wp\/v2\/types\/page"}],"author":[{"embeddable":true,"href":"https:\/\/cerrajerosenbarcelona.co\/ca\/wp-json\/wp\/v2\/users\/2"}],"replies":[{"embeddable":true,"href":"https:\/\/cerrajerosenbarcelona.co\/ca\/wp-json\/wp\/v2\/comments?post=2134"}],"version-history":[{"count":3,"href":"https:\/\/cerrajerosenbarcelona.co\/ca\/wp-json\/wp\/v2\/pages\/2134\/revisions"}],"predecessor-version":[{"id":2187,"href":"https:\/\/cerrajerosenbarcelona.co\/ca\/wp-json\/wp\/v2\/pages\/2134\/revisions\/2187"}],"up":[{"embeddable":true,"href":"https:\/\/cerrajerosenbarcelona.co\/ca\/wp-json\/wp\/v2\/pages\/1713"}],"wp:featuredmedia":[{"embeddable":true,"href":"https:\/\/cerrajerosenbarcelona.co\/ca\/wp-json\/wp\/v2\/media\/2137"}],"wp:attachment":[{"href":"https:\/\/cerrajerosenbarcelona.co\/ca\/wp-json\/wp\/v2\/media?parent=2134"}],"curies":[{"name":"wp","href":"https:\/\/api.w.org\/{rel}","templated":true}]}}