{"id":2146,"date":"2024-09-15T09:18:14","date_gmt":"2024-09-15T07:18:14","guid":{"rendered":"https:\/\/cerrajerosenbarcelona.co\/?page_id=2146"},"modified":"2024-12-03T14:46:36","modified_gmt":"2024-12-03T13:46:36","slug":"serraller-cervello","status":"publish","type":"page","link":"https:\/\/cerrajerosenbarcelona.co\/ca\/poblacions\/serraller-cervello","title":{"rendered":"Serraller Cervell\u00f3"},"content":{"rendered":"\n<style type=\"text\/css\" data-created_by=\"avia_inline_auto\" id=\"style-css-av-bisqte-498fcda74d259220ac309a76c82983e1\">\n.avia-section.av-bisqte-498fcda74d259220ac309a76c82983e1{\nbackground-color:#000000;\nbackground-image:unset;\n}\n.avia-section.av-bisqte-498fcda74d259220ac309a76c82983e1 .av-extra-border-element .av-extra-border-inner{\nbackground-color:#000000;\n}\n<\/style>\n<div id='av_section_1'  class='avia-section av-bisqte-498fcda74d259220ac309a76c82983e1 main_color avia-section-large avia-no-border-styling  avia-builder-el-0  el_before_av_three_fifth  avia-builder-el-first  avia-bg-style-scroll av-arrow-down-section container_wrap fullsize'  ><div class='container av-section-cont-open' ><main  class='template-page content  av-content-full alpha units'><div class='post-entry post-entry-type-page post-entry-2146'><div class='entry-content-wrapper clearfix'>\n\n<style type=\"text\/css\" data-created_by=\"avia_inline_auto\" id=\"style-css-av-m138r2w5-c9ca35176df2d7222a540f53d018e4af\">\n#top .av-special-heading.av-m138r2w5-c9ca35176df2d7222a540f53d018e4af{\npadding-bottom:10px;\ncolor:#ffffff;\n}\nbody .av-special-heading.av-m138r2w5-c9ca35176df2d7222a540f53d018e4af .av-special-heading-tag .heading-char{\nfont-size:25px;\n}\n.av-special-heading.av-m138r2w5-c9ca35176df2d7222a540f53d018e4af .special-heading-inner-border{\nborder-color:#ffffff;\n}\n.av-special-heading.av-m138r2w5-c9ca35176df2d7222a540f53d018e4af .av-subheading{\nfont-size:15px;\n}\n<\/style>\n<div  class='av-special-heading av-m138r2w5-c9ca35176df2d7222a540f53d018e4af av-special-heading-h1 custom-color-heading blockquote modern-quote modern-centered  avia-builder-el-1  avia-builder-el-no-sibling  av-linked-heading'><h1 class='av-special-heading-tag '  >Serraller Cervell\u00f3<\/h1><div class=\"special-heading-border\"><div class=\"special-heading-inner-border\"><\/div><\/div><\/div>\n<\/div><\/div><\/main><!-- close content main element --><\/div><div class='av-extra-border-element border-extra-arrow-down'><div class='av-extra-border-outer'><div class='av-extra-border-inner'><\/div><\/div><\/div><\/div><div id='after_section_1'  class='main_color av_default_container_wrap container_wrap fullsize'  ><div class='container av-section-cont-open' ><div class='template-page content  av-content-full alpha units'><div class='post-entry post-entry-type-page post-entry-2146'><div class='entry-content-wrapper clearfix'>\n\n<style type=\"text\/css\" data-created_by=\"avia_inline_auto\" id=\"style-css-av-9eetwi-4ae67dfc5cfdefc5310e32c8b4ddf8b9\">\n.flex_column.av-9eetwi-4ae67dfc5cfdefc5310e32c8b4ddf8b9{\nborder-radius:0px 0px 0px 0px;\npadding:0px 0px 0px 0px;\n}\n<\/style>\n<div  class='flex_column av-9eetwi-4ae67dfc5cfdefc5310e32c8b4ddf8b9 av_three_fifth  avia-builder-el-2  el_after_av_section  el_before_av_two_fifth  avia-builder-el-first  first flex_column_div av-zero-column-padding  '     ><p><section  class='av_textblock_section av-m138rcpn-474283e8d5950dd525881f0a6dbe1913 '  ><div class='avia_textblock' ><p>Prestem servei de <strong>serralleria a Cervell\u00f3<\/strong>. Si necessita un many\u00e0 a Cervell\u00f3 no dubtis trucar-nos per resoldre el problema que t\u00e9. Pressupost a linstant.<\/p>\n<p>Tenim panys innovadors. S\u00f3n panys sense clau, escuts protectors imantats i panys electromec\u00e0nics. Accediu al vostre habitatge o despatx amb un pany de codi num\u00e8ric. A m\u00e9s, obrim tots els tipus de porta, obertura de b\u00fastia, col\u00b7locar pany, motor persiana, dispositiu de seguretat, restauraci\u00f3 de marc, pom TESA amb II, poms i manetes, etc.<\/p>\n<p><!--more--><\/p>\n<p>No dubtis de truca&#8217;ns un dels nostres serrallers a Cervell\u00f3. Tenim preus econ\u00f2mics. 12% descomptes servei NO urgents.<\/p>\n<p><img loading=\"lazy\" decoding=\"async\" class=\"aligncenter wp-image-1233 size-full\" src=\"http:\/\/cerrajerosenbarcelona.co\/wp-content\/uploads\/2021\/06\/cerrajero-acreditado-uces-barcelona.jpg\" alt=\"Serraller Cervell\u00f3\" width=\"1663\" height=\"383\" srcset=\"https:\/\/cerrajerosenbarcelona.co\/wp-content\/uploads\/2021\/06\/cerrajero-acreditado-uces-barcelona.jpg 1663w, https:\/\/cerrajerosenbarcelona.co\/wp-content\/uploads\/2021\/06\/cerrajero-acreditado-uces-barcelona-300x69.jpg 300w, https:\/\/cerrajerosenbarcelona.co\/wp-content\/uploads\/2021\/06\/cerrajero-acreditado-uces-barcelona-1030x237.jpg 1030w, https:\/\/cerrajerosenbarcelona.co\/wp-content\/uploads\/2021\/06\/cerrajero-acreditado-uces-barcelona-768x177.jpg 768w, https:\/\/cerrajerosenbarcelona.co\/wp-content\/uploads\/2021\/06\/cerrajero-acreditado-uces-barcelona-1536x354.jpg 1536w, https:\/\/cerrajerosenbarcelona.co\/wp-content\/uploads\/2021\/06\/cerrajero-acreditado-uces-barcelona-1500x345.jpg 1500w, https:\/\/cerrajerosenbarcelona.co\/wp-content\/uploads\/2021\/06\/cerrajero-acreditado-uces-barcelona-705x162.jpg 705w, https:\/\/cerrajerosenbarcelona.co\/wp-content\/uploads\/2021\/06\/cerrajero-acreditado-uces-barcelona-450x104.jpg 450w\" sizes=\"auto, (max-width: 1663px) 100vw, 1663px\" \/><\/p>\n<p>Els nostres serveis de serralleria:<\/p>\n<p><strong>\u2013 canviar pany ESCURRA<\/strong><br \/>\n\u2013 obertura cadenat de motos<br \/>\n\u2013 <strong>obrir pany SECURITESA<\/strong><br \/>\n\u2013 obertura porta<br \/>\n\u2013 <strong>canvi pany MAUER<\/strong><br \/>\n\u2013 restaurar marc danyat<br \/>\n\u2013 <strong>serraller Cervell\u00f3<\/strong><br \/>\n\u2013 obrir pany<br \/>\n\u2013 <strong>canvi pany Cervell\u00f3<\/strong><br \/>\n\u2013 motoritzar persiana<br \/>\n\u2013 <strong>canviar pany Cervell\u00f3<\/strong><br \/>\n\u2013 perfils embotits<br \/>\n\u2013 <strong>obrir pany Cervell\u00f3<\/strong><\/p>\n<\/div><\/section><br \/>\n\n<style type=\"text\/css\" data-created_by=\"avia_inline_auto\" id=\"style-css-av-m138rz7f-8b08e1c371a0f835e24136e70866dde2\">\n.av_promobox.av-m138rz7f-8b08e1c371a0f835e24136e70866dde2{\ncolor:#ffffff;\nbackground:#000000;\nborder-color:#af0000;\n}\n<\/style>\n<div  class='av_promobox av-m138rz7f-8b08e1c371a0f835e24136e70866dde2 avia-button-yes  avia-builder-el-4  el_after_av_textblock  avia-builder-el-last '><div class='avia-promocontent'><\/p>\n<p style=\"text-align: center;\">Necessita un many\u00e0 urgent a <span data-sheets-root=\"1\">Serraller Cervell\u00f3<\/span>? Contacti amb nosaltres.<\/p>\n<p>\n<\/div><div  class='avia-button-wrap av-m138rz7f-7534e923d667d8f74aeaef7e04ab2dce-wrap avia-button-right '><a href='https:\/\/cerrajerosenbarcelona.co\/ca\/barris'  class='avia-button av-m138rz7f-7534e923d667d8f74aeaef7e04ab2dce av-link-btn avia-icon_select-no avia-size-large avia-position-right avia-color-theme-color'   aria-label=\"CONTACTAR\"><span class='avia_iconbox_title' >CONTACTAR<\/span><\/a><\/div><\/div><\/p><\/div>\n<style type=\"text\/css\" data-created_by=\"avia_inline_auto\" id=\"style-css-av-73qkua-6a7cb80c9da91d95956edd0d9354c61e\">\n.flex_column.av-73qkua-6a7cb80c9da91d95956edd0d9354c61e{\nborder-radius:0px 0px 0px 0px;\npadding:0px 0px 0px 0px;\n}\n<\/style>\n<div  class='flex_column av-73qkua-6a7cb80c9da91d95956edd0d9354c61e av_two_fifth  avia-builder-el-5  el_after_av_three_fifth  avia-builder-el-last  flex_column_div av-zero-column-padding  '     ><p>\n<style type=\"text\/css\" data-created_by=\"avia_inline_auto\" id=\"style-css-av-6luptu-aff429b028fc112982d431004bb351b2\">\n#top .av-special-heading.av-6luptu-aff429b028fc112982d431004bb351b2{\npadding-bottom:10px;\ncolor:#000000;\n}\nbody .av-special-heading.av-6luptu-aff429b028fc112982d431004bb351b2 .av-special-heading-tag .heading-char{\nfont-size:25px;\n}\n.av-special-heading.av-6luptu-aff429b028fc112982d431004bb351b2 .special-heading-inner-border{\nborder-color:#000000;\n}\n.av-special-heading.av-6luptu-aff429b028fc112982d431004bb351b2 .av-subheading{\nfont-size:15px;\n}\n<\/style>\n<div  class='av-special-heading av-6luptu-aff429b028fc112982d431004bb351b2 av-special-heading-h3 custom-color-heading blockquote modern-quote  avia-builder-el-6  el_before_av_hr  avia-builder-el-first  av-linked-heading'><h3 class='av-special-heading-tag '  >Pressupost a l\u2019instant gratu\u00eft<\/h3><div class=\"special-heading-border\"><div class=\"special-heading-inner-border\"><\/div><\/div><\/div><br \/>\n\n<style type=\"text\/css\" data-created_by=\"avia_inline_auto\" id=\"style-css-av-4mep8i-2855b8655fa961556757feeff5aa8ca2\">\n#top .hr.av-4mep8i-2855b8655fa961556757feeff5aa8ca2{\nmargin-top:10px;\nmargin-bottom:10px;\n}\n.hr.av-4mep8i-2855b8655fa961556757feeff5aa8ca2 .hr-inner{\nwidth:50px;\nborder-color:#b02b2c;\n}\n<\/style>\n<div  class='hr av-4mep8i-2855b8655fa961556757feeff5aa8ca2 hr-custom  avia-builder-el-7  el_after_av_heading  el_before_av_textblock  hr-left hr-icon-no'><span class='hr-inner inner-border-av-border-thin'><span class=\"hr-inner-style\"><\/span><\/span><\/div><br \/>\n<section  class='av_textblock_section av-33fyo2-8b6414f3f5bedb64e5c48c8cf440891e '  ><div class='avia_textblock' ><div><a href=\"tel: +34933238507\">933 238 507<\/a> &#8211; 24H<br \/>\n<a href=\"tel: +34629587022\">629 58 70 22<\/a> &#8211; 24H<\/div>\n<\/div><\/section><\/p><\/div><\/p>\n","protected":false},"excerpt":{"rendered":"<p>Prestem servei de serralleria a Cervell\u00f3. Si necessita un many\u00e0 a Cervell\u00f3 no dubtis trucar-nos per resoldre el problema que t\u00e9. Pressupost a linstant. Tenim panys innovadors. S\u00f3n panys sense clau, escuts protectors imantats i panys electromec\u00e0nics. Accediu al vostre habitatge o despatx amb un pany de codi num\u00e8ric. A m\u00e9s, obrim tots els tipus [&hellip;]<\/p>\n","protected":false},"author":2,"featured_media":2147,"parent":1713,"menu_order":0,"comment_status":"closed","ping_status":"closed","template":"","meta":{"footnotes":""},"class_list":["post-2146","page","type-page","status-publish","has-post-thumbnail","hentry"],"yoast_head":"<!-- This site is optimized with the Yoast SEO plugin v26.6 - https:\/\/yoast.com\/wordpress\/plugins\/seo\/ -->\n<title>Serraller Cervell\u00f3 Barcelona - Serralleria Cervell\u00f3<\/title>\n<meta name=\"description\" content=\"Necessita un many\u00e0 urgent a Cervell a la seva zona? Contacti amb nosaltres. Experts en seguretat residencial, servei urgent 24h.\" \/>\n<meta name=\"robots\" content=\"index, follow, max-snippet:-1, max-image-preview:large, max-video-preview:-1\" \/>\n<link rel=\"canonical\" href=\"https:\/\/cerrajerosenbarcelona.co\/ca\/poblacions\/serraller-cervello\" \/>\n<meta property=\"og:locale\" content=\"ca_ES\" \/>\n<meta property=\"og:type\" content=\"article\" \/>\n<meta property=\"og:title\" content=\"Serraller Cervell\u00f3 Barcelona - Serralleria Cervell\u00f3\" \/>\n<meta property=\"og:description\" content=\"Necessita un many\u00e0 urgent a Cervell a la seva zona? Contacti amb nosaltres. Experts en seguretat residencial, servei urgent 24h.\" \/>\n<meta property=\"og:url\" content=\"https:\/\/cerrajerosenbarcelona.co\/ca\/poblacions\/serraller-cervello\" \/>\n<meta property=\"og:site_name\" content=\"Cerrajer\u00eda\" \/>\n<meta property=\"article:modified_time\" content=\"2024-12-03T13:46:36+00:00\" \/>\n<meta property=\"og:image\" content=\"http:\/\/cerrajerosenbarcelona.co\/wp-content\/uploads\/2024\/09\/Serraller-Cervello.jpg\" \/>\n\t<meta property=\"og:image:width\" content=\"800\" \/>\n\t<meta property=\"og:image:height\" content=\"800\" \/>\n\t<meta property=\"og:image:type\" content=\"image\/jpeg\" \/>\n<meta name=\"twitter:card\" content=\"summary_large_image\" \/>\n<meta name=\"twitter:label1\" content=\"Temps estimat de lectura\" \/>\n\t<meta name=\"twitter:data1\" content=\"3 minuts\" \/>\n<script type=\"application\/ld+json\" class=\"yoast-schema-graph\">{\"@context\":\"https:\/\/schema.org\",\"@graph\":[{\"@type\":\"WebPage\",\"@id\":\"https:\/\/cerrajerosenbarcelona.co\/ca\/poblacions\/serraller-cervello\",\"url\":\"https:\/\/cerrajerosenbarcelona.co\/ca\/poblacions\/serraller-cervello\",\"name\":\"Serraller Cervell\u00f3 Barcelona - Serralleria Cervell\u00f3\",\"isPartOf\":{\"@id\":\"https:\/\/cerrajerosenbarcelona.co\/#website\"},\"primaryImageOfPage\":{\"@id\":\"https:\/\/cerrajerosenbarcelona.co\/ca\/poblacions\/serraller-cervello#primaryimage\"},\"image\":{\"@id\":\"https:\/\/cerrajerosenbarcelona.co\/ca\/poblacions\/serraller-cervello#primaryimage\"},\"thumbnailUrl\":\"https:\/\/cerrajerosenbarcelona.co\/wp-content\/uploads\/2024\/09\/Serraller-Cervello.jpg\",\"datePublished\":\"2024-09-15T07:18:14+00:00\",\"dateModified\":\"2024-12-03T13:46:36+00:00\",\"description\":\"Necessita un many\u00e0 urgent a Cervell a la seva zona? Contacti amb nosaltres. Experts en seguretat residencial, servei urgent 24h.\",\"breadcrumb\":{\"@id\":\"https:\/\/cerrajerosenbarcelona.co\/ca\/poblacions\/serraller-cervello#breadcrumb\"},\"inLanguage\":\"ca\",\"potentialAction\":[{\"@type\":\"ReadAction\",\"target\":[\"https:\/\/cerrajerosenbarcelona.co\/ca\/poblacions\/serraller-cervello\"]}]},{\"@type\":\"ImageObject\",\"inLanguage\":\"ca\",\"@id\":\"https:\/\/cerrajerosenbarcelona.co\/ca\/poblacions\/serraller-cervello#primaryimage\",\"url\":\"https:\/\/cerrajerosenbarcelona.co\/wp-content\/uploads\/2024\/09\/Serraller-Cervello.jpg\",\"contentUrl\":\"https:\/\/cerrajerosenbarcelona.co\/wp-content\/uploads\/2024\/09\/Serraller-Cervello.jpg\",\"width\":800,\"height\":800,\"caption\":\"Serraller Cervell\u00f3\"},{\"@type\":\"BreadcrumbList\",\"@id\":\"https:\/\/cerrajerosenbarcelona.co\/ca\/poblacions\/serraller-cervello#breadcrumb\",\"itemListElement\":[{\"@type\":\"ListItem\",\"position\":1,\"name\":\"Portada\",\"item\":\"https:\/\/cerrajerosenbarcelona.co\/ca\"},{\"@type\":\"ListItem\",\"position\":2,\"name\":\"Poblacions\",\"item\":\"https:\/\/cerrajerosenbarcelona.co\/ca\/poblacions\"},{\"@type\":\"ListItem\",\"position\":3,\"name\":\"Serraller Cervell\u00f3\"}]},{\"@type\":\"WebSite\",\"@id\":\"https:\/\/cerrajerosenbarcelona.co\/#website\",\"url\":\"https:\/\/cerrajerosenbarcelona.co\/\",\"name\":\"Cerrajer\u00eda\",\"description\":\"Otro sitio realizado con WordPress\",\"publisher\":{\"@id\":\"https:\/\/cerrajerosenbarcelona.co\/#organization\"},\"potentialAction\":[{\"@type\":\"SearchAction\",\"target\":{\"@type\":\"EntryPoint\",\"urlTemplate\":\"https:\/\/cerrajerosenbarcelona.co\/?s={search_term_string}\"},\"query-input\":{\"@type\":\"PropertyValueSpecification\",\"valueRequired\":true,\"valueName\":\"search_term_string\"}}],\"inLanguage\":\"ca\"},{\"@type\":\"Organization\",\"@id\":\"https:\/\/cerrajerosenbarcelona.co\/#organization\",\"name\":\"Cerrajer\u00eda TDA Barcelona\",\"url\":\"https:\/\/cerrajerosenbarcelona.co\/\",\"logo\":{\"@type\":\"ImageObject\",\"inLanguage\":\"ca\",\"@id\":\"https:\/\/cerrajerosenbarcelona.co\/#\/schema\/logo\/image\/\",\"url\":\"https:\/\/cerrajerosenbarcelona.co\/wp-content\/uploads\/2019\/11\/cerrajeria-tda-barcelona-logo-2.png\",\"contentUrl\":\"https:\/\/cerrajerosenbarcelona.co\/wp-content\/uploads\/2019\/11\/cerrajeria-tda-barcelona-logo-2.png\",\"width\":332,\"height\":98,\"caption\":\"Cerrajer\u00eda TDA Barcelona\"},\"image\":{\"@id\":\"https:\/\/cerrajerosenbarcelona.co\/#\/schema\/logo\/image\/\"}}]}<\/script>\n<!-- \/ Yoast SEO plugin. -->","yoast_head_json":{"title":"Serraller Cervell\u00f3 Barcelona - Serralleria Cervell\u00f3","description":"Necessita un many\u00e0 urgent a Cervell a la seva zona? Contacti amb nosaltres. Experts en seguretat residencial, servei urgent 24h.","robots":{"index":"index","follow":"follow","max-snippet":"max-snippet:-1","max-image-preview":"max-image-preview:large","max-video-preview":"max-video-preview:-1"},"canonical":"https:\/\/cerrajerosenbarcelona.co\/ca\/poblacions\/serraller-cervello","og_locale":"ca_ES","og_type":"article","og_title":"Serraller Cervell\u00f3 Barcelona - Serralleria Cervell\u00f3","og_description":"Necessita un many\u00e0 urgent a Cervell a la seva zona? Contacti amb nosaltres. Experts en seguretat residencial, servei urgent 24h.","og_url":"https:\/\/cerrajerosenbarcelona.co\/ca\/poblacions\/serraller-cervello","og_site_name":"Cerrajer\u00eda","article_modified_time":"2024-12-03T13:46:36+00:00","og_image":[{"width":800,"height":800,"url":"http:\/\/cerrajerosenbarcelona.co\/wp-content\/uploads\/2024\/09\/Serraller-Cervello.jpg","type":"image\/jpeg"}],"twitter_card":"summary_large_image","twitter_misc":{"Temps estimat de lectura":"3 minuts"},"schema":{"@context":"https:\/\/schema.org","@graph":[{"@type":"WebPage","@id":"https:\/\/cerrajerosenbarcelona.co\/ca\/poblacions\/serraller-cervello","url":"https:\/\/cerrajerosenbarcelona.co\/ca\/poblacions\/serraller-cervello","name":"Serraller Cervell\u00f3 Barcelona - Serralleria Cervell\u00f3","isPartOf":{"@id":"https:\/\/cerrajerosenbarcelona.co\/#website"},"primaryImageOfPage":{"@id":"https:\/\/cerrajerosenbarcelona.co\/ca\/poblacions\/serraller-cervello#primaryimage"},"image":{"@id":"https:\/\/cerrajerosenbarcelona.co\/ca\/poblacions\/serraller-cervello#primaryimage"},"thumbnailUrl":"https:\/\/cerrajerosenbarcelona.co\/wp-content\/uploads\/2024\/09\/Serraller-Cervello.jpg","datePublished":"2024-09-15T07:18:14+00:00","dateModified":"2024-12-03T13:46:36+00:00","description":"Necessita un many\u00e0 urgent a Cervell a la seva zona? Contacti amb nosaltres. Experts en seguretat residencial, servei urgent 24h.","breadcrumb":{"@id":"https:\/\/cerrajerosenbarcelona.co\/ca\/poblacions\/serraller-cervello#breadcrumb"},"inLanguage":"ca","potentialAction":[{"@type":"ReadAction","target":["https:\/\/cerrajerosenbarcelona.co\/ca\/poblacions\/serraller-cervello"]}]},{"@type":"ImageObject","inLanguage":"ca","@id":"https:\/\/cerrajerosenbarcelona.co\/ca\/poblacions\/serraller-cervello#primaryimage","url":"https:\/\/cerrajerosenbarcelona.co\/wp-content\/uploads\/2024\/09\/Serraller-Cervello.jpg","contentUrl":"https:\/\/cerrajerosenbarcelona.co\/wp-content\/uploads\/2024\/09\/Serraller-Cervello.jpg","width":800,"height":800,"caption":"Serraller Cervell\u00f3"},{"@type":"BreadcrumbList","@id":"https:\/\/cerrajerosenbarcelona.co\/ca\/poblacions\/serraller-cervello#breadcrumb","itemListElement":[{"@type":"ListItem","position":1,"name":"Portada","item":"https:\/\/cerrajerosenbarcelona.co\/ca"},{"@type":"ListItem","position":2,"name":"Poblacions","item":"https:\/\/cerrajerosenbarcelona.co\/ca\/poblacions"},{"@type":"ListItem","position":3,"name":"Serraller Cervell\u00f3"}]},{"@type":"WebSite","@id":"https:\/\/cerrajerosenbarcelona.co\/#website","url":"https:\/\/cerrajerosenbarcelona.co\/","name":"Cerrajer\u00eda","description":"Otro sitio realizado con WordPress","publisher":{"@id":"https:\/\/cerrajerosenbarcelona.co\/#organization"},"potentialAction":[{"@type":"SearchAction","target":{"@type":"EntryPoint","urlTemplate":"https:\/\/cerrajerosenbarcelona.co\/?s={search_term_string}"},"query-input":{"@type":"PropertyValueSpecification","valueRequired":true,"valueName":"search_term_string"}}],"inLanguage":"ca"},{"@type":"Organization","@id":"https:\/\/cerrajerosenbarcelona.co\/#organization","name":"Cerrajer\u00eda TDA Barcelona","url":"https:\/\/cerrajerosenbarcelona.co\/","logo":{"@type":"ImageObject","inLanguage":"ca","@id":"https:\/\/cerrajerosenbarcelona.co\/#\/schema\/logo\/image\/","url":"https:\/\/cerrajerosenbarcelona.co\/wp-content\/uploads\/2019\/11\/cerrajeria-tda-barcelona-logo-2.png","contentUrl":"https:\/\/cerrajerosenbarcelona.co\/wp-content\/uploads\/2019\/11\/cerrajeria-tda-barcelona-logo-2.png","width":332,"height":98,"caption":"Cerrajer\u00eda TDA Barcelona"},"image":{"@id":"https:\/\/cerrajerosenbarcelona.co\/#\/schema\/logo\/image\/"}}]}},"_links":{"self":[{"href":"https:\/\/cerrajerosenbarcelona.co\/ca\/wp-json\/wp\/v2\/pages\/2146","targetHints":{"allow":["GET"]}}],"collection":[{"href":"https:\/\/cerrajerosenbarcelona.co\/ca\/wp-json\/wp\/v2\/pages"}],"about":[{"href":"https:\/\/cerrajerosenbarcelona.co\/ca\/wp-json\/wp\/v2\/types\/page"}],"author":[{"embeddable":true,"href":"https:\/\/cerrajerosenbarcelona.co\/ca\/wp-json\/wp\/v2\/users\/2"}],"replies":[{"embeddable":true,"href":"https:\/\/cerrajerosenbarcelona.co\/ca\/wp-json\/wp\/v2\/comments?post=2146"}],"version-history":[{"count":2,"href":"https:\/\/cerrajerosenbarcelona.co\/ca\/wp-json\/wp\/v2\/pages\/2146\/revisions"}],"predecessor-version":[{"id":2164,"href":"https:\/\/cerrajerosenbarcelona.co\/ca\/wp-json\/wp\/v2\/pages\/2146\/revisions\/2164"}],"up":[{"embeddable":true,"href":"https:\/\/cerrajerosenbarcelona.co\/ca\/wp-json\/wp\/v2\/pages\/1713"}],"wp:featuredmedia":[{"embeddable":true,"href":"https:\/\/cerrajerosenbarcelona.co\/ca\/wp-json\/wp\/v2\/media\/2147"}],"wp:attachment":[{"href":"https:\/\/cerrajerosenbarcelona.co\/ca\/wp-json\/wp\/v2\/media?parent=2146"}],"curies":[{"name":"wp","href":"https:\/\/api.w.org\/{rel}","templated":true}]}}