{"id":2154,"date":"2024-09-15T09:39:19","date_gmt":"2024-09-15T07:39:19","guid":{"rendered":"https:\/\/cerrajerosenbarcelona.co\/?page_id=2154"},"modified":"2024-12-03T14:47:24","modified_gmt":"2024-12-03T13:47:24","slug":"serraller-el-papiol","status":"publish","type":"page","link":"https:\/\/cerrajerosenbarcelona.co\/ca\/poblacions\/serraller-el-papiol","title":{"rendered":"Serraller El Papiol"},"content":{"rendered":"\n<style type=\"text\/css\" data-created_by=\"avia_inline_auto\" id=\"style-css-av-azmsuy-a3d0775cf258a114df531e5ab8b951a5\">\n.avia-section.av-azmsuy-a3d0775cf258a114df531e5ab8b951a5{\nbackground-color:#000000;\nbackground-image:unset;\n}\n.avia-section.av-azmsuy-a3d0775cf258a114df531e5ab8b951a5 .av-extra-border-element .av-extra-border-inner{\nbackground-color:#000000;\n}\n<\/style>\n<div id='av_section_1'  class='avia-section av-azmsuy-a3d0775cf258a114df531e5ab8b951a5 main_color avia-section-large avia-no-border-styling  avia-builder-el-0  el_before_av_three_fifth  avia-builder-el-first  avia-bg-style-scroll av-arrow-down-section container_wrap fullsize'  ><div class='container av-section-cont-open' ><main  class='template-page content  av-content-full alpha units'><div class='post-entry post-entry-type-page post-entry-2154'><div class='entry-content-wrapper clearfix'>\n\n<style type=\"text\/css\" data-created_by=\"avia_inline_auto\" id=\"style-css-av-m139g7p7-0d6f94a1410de81d540e0d4676ee6057\">\n#top .av-special-heading.av-m139g7p7-0d6f94a1410de81d540e0d4676ee6057{\npadding-bottom:10px;\ncolor:#ffffff;\n}\nbody .av-special-heading.av-m139g7p7-0d6f94a1410de81d540e0d4676ee6057 .av-special-heading-tag .heading-char{\nfont-size:25px;\n}\n.av-special-heading.av-m139g7p7-0d6f94a1410de81d540e0d4676ee6057 .special-heading-inner-border{\nborder-color:#ffffff;\n}\n.av-special-heading.av-m139g7p7-0d6f94a1410de81d540e0d4676ee6057 .av-subheading{\nfont-size:15px;\n}\n<\/style>\n<div  class='av-special-heading av-m139g7p7-0d6f94a1410de81d540e0d4676ee6057 av-special-heading-h1 custom-color-heading blockquote modern-quote modern-centered  avia-builder-el-1  avia-builder-el-no-sibling  av-linked-heading'><h1 class='av-special-heading-tag '  >Serraller El Papiol<\/h1><div class=\"special-heading-border\"><div class=\"special-heading-inner-border\"><\/div><\/div><\/div>\n<\/div><\/div><\/main><!-- close content main element --><\/div><div class='av-extra-border-element border-extra-arrow-down'><div class='av-extra-border-outer'><div class='av-extra-border-inner'><\/div><\/div><\/div><\/div><div id='after_section_1'  class='main_color av_default_container_wrap container_wrap fullsize'  ><div class='container av-section-cont-open' ><div class='template-page content  av-content-full alpha units'><div class='post-entry post-entry-type-page post-entry-2154'><div class='entry-content-wrapper clearfix'>\n\n<style type=\"text\/css\" data-created_by=\"avia_inline_auto\" id=\"style-css-av-95ph1m-2f54f87ae54161f6f792791d6e70f737\">\n.flex_column.av-95ph1m-2f54f87ae54161f6f792791d6e70f737{\nborder-radius:0px 0px 0px 0px;\npadding:0px 0px 0px 0px;\n}\n<\/style>\n<div  class='flex_column av-95ph1m-2f54f87ae54161f6f792791d6e70f737 av_three_fifth  avia-builder-el-2  el_after_av_section  el_before_av_two_fifth  avia-builder-el-first  first flex_column_div av-zero-column-padding  '     ><p><section  class='av_textblock_section av-m139kb66-d7a36d25b4a333d2dbc5ba89ba444959 '  ><div class='avia_textblock' ><p>Prestem servei de <strong>serralleria a El Papiol.<\/strong><\/p>\n<p>Els nostres <strong>serrallers al Papiol<\/strong> estan especialitzats en diversos cilindres.<\/p>\n<p>El cilindre o tamb\u00e9 anomenat \u00abbomb\u00ed\u00bb \u00e9s d&#8217;alta seguretat amb clau reversible d&#8217;alpaca, i t\u00e9 unes prestacions noves quant a garantia i seguretat. Es proveeix amb 5 claus planes de seguretat.<\/p>\n<p><!--more--><\/p>\n<p><img loading=\"lazy\" decoding=\"async\" class=\"aligncenter wp-image-1233 size-full\" src=\"http:\/\/cerrajerosenbarcelona.co\/wp-content\/uploads\/2021\/06\/cerrajero-acreditado-uces-barcelona.jpg\" alt=\"Serraller Sarri\u00e1\" width=\"1663\" height=\"383\" srcset=\"https:\/\/cerrajerosenbarcelona.co\/wp-content\/uploads\/2021\/06\/cerrajero-acreditado-uces-barcelona.jpg 1663w, https:\/\/cerrajerosenbarcelona.co\/wp-content\/uploads\/2021\/06\/cerrajero-acreditado-uces-barcelona-300x69.jpg 300w, https:\/\/cerrajerosenbarcelona.co\/wp-content\/uploads\/2021\/06\/cerrajero-acreditado-uces-barcelona-1030x237.jpg 1030w, https:\/\/cerrajerosenbarcelona.co\/wp-content\/uploads\/2021\/06\/cerrajero-acreditado-uces-barcelona-768x177.jpg 768w, https:\/\/cerrajerosenbarcelona.co\/wp-content\/uploads\/2021\/06\/cerrajero-acreditado-uces-barcelona-1536x354.jpg 1536w, https:\/\/cerrajerosenbarcelona.co\/wp-content\/uploads\/2021\/06\/cerrajero-acreditado-uces-barcelona-1500x345.jpg 1500w, https:\/\/cerrajerosenbarcelona.co\/wp-content\/uploads\/2021\/06\/cerrajero-acreditado-uces-barcelona-705x162.jpg 705w, https:\/\/cerrajerosenbarcelona.co\/wp-content\/uploads\/2021\/06\/cerrajero-acreditado-uces-barcelona-450x104.jpg 450w\" sizes=\"auto, (max-width: 1663px) 100vw, 1663px\" \/><\/p>\n<p>La nostra empresa treballa amb cilindres compatibles amb FICHET d&#8217;alta gamma i amb els propis cilindres que proveeixen els fabricants a les nostres Serralleries. Existeixen en la denominada \u00abCLAU L\u00c0SER\u00bb o \u00abCLAU DE H\u00bb.<\/p>\n<p>Els nostres serrallers s\u00f3n professionals en el tema recomano altres marques compatibles amb aquest pany que t\u00e9 unes prestacions tamb\u00e9 molt bones. Estic parlant del cilindre MUL-T-LOCK i del cilindre STS, tots dos s\u00f3n de resist\u00e8ncia molt s\u00f2lida i molt compacta. Se subministren amb 5 claus i targeta codificada a (CLAU INCOPIABLE O CLAU COPIABLE).<\/p>\n<p>Tamb\u00e9 realitzem treballs com: obrir pany b\u00fastia, obertura pany, adaptaci\u00f3 de persianes met\u00e0l\u00b7liques, obrir pany trencat, entre d&#8217;altres.<\/p>\n<p>Els nostres serveis de serralleria:<\/p>\n<p>\u2013 <strong>canviar pany FICHET<\/strong><br \/>\n\u2013 obrir b\u00fastia<br \/>\n\u2013 <strong>canviar pany El Papiol<\/strong><br \/>\n\u2013 arreglar bomb\u00ed<br \/>\n\u2013 <strong>obrir pany EZCURRA<\/strong><br \/>\n\u2013 treballs de fusteria i restauraci\u00f3 de porta<br \/>\n\u2013 <strong>canvi pany INCECA<\/strong><br \/>\n\u2013 caixa forta digital<br \/>\n\u2013 <a href=\"https:\/\/cerrajerosenbarcelona.co\/ca\">serraller El Papiol<\/a><br \/>\n\u2013 arreglar marc<br \/>\n\u2013<strong> obrir pany El Papiol<\/strong><br \/>\n\u2013 dispositiu BILMA<br \/>\n\u2013 <strong>canvi pany El Papiol<\/strong><\/p>\n<\/div><\/section><br \/>\n\n<style type=\"text\/css\" data-created_by=\"avia_inline_auto\" id=\"style-css-av-m139gfh5-e455fc32dd19c11b980cd09acd623e3f\">\n.av_promobox.av-m139gfh5-e455fc32dd19c11b980cd09acd623e3f{\ncolor:#ffffff;\nbackground:#000000;\nborder-color:#af0000;\n}\n<\/style>\n<div  class='av_promobox av-m139gfh5-e455fc32dd19c11b980cd09acd623e3f avia-button-yes  avia-builder-el-4  el_after_av_textblock  avia-builder-el-last '><div class='avia-promocontent'><\/p>\n<p style=\"text-align: center;\">Necessita un many\u00e0 urgent a <span data-sheets-root=\"1\">Serraller El Papiol<\/span>? Contacti amb nosaltres.<\/p>\n<p>\n<\/div><div  class='avia-button-wrap av-m139gfh5-630b70ce5b43f7078b03146a146313f5-wrap avia-button-right '><a href='https:\/\/cerrajerosenbarcelona.co\/ca\/barris'  class='avia-button av-m139gfh5-630b70ce5b43f7078b03146a146313f5 av-link-btn avia-icon_select-no avia-size-large avia-position-right avia-color-theme-color'   aria-label=\"CONTACTAR\"><span class='avia_iconbox_title' >CONTACTAR<\/span><\/a><\/div><\/div><\/p><\/div>\n<style type=\"text\/css\" data-created_by=\"avia_inline_auto\" id=\"style-css-av-79kuai-36b3d504003bad0f3e0382868108188d\">\n.flex_column.av-79kuai-36b3d504003bad0f3e0382868108188d{\nborder-radius:0px 0px 0px 0px;\npadding:0px 0px 0px 0px;\n}\n<\/style>\n<div  class='flex_column av-79kuai-36b3d504003bad0f3e0382868108188d av_two_fifth  avia-builder-el-5  el_after_av_three_fifth  avia-builder-el-last  flex_column_div av-zero-column-padding  '     ><p>\n<style type=\"text\/css\" data-created_by=\"avia_inline_auto\" id=\"style-css-av-iv9tm-783fd3dc3d98b418285c25641d5993ed\">\n#top .av-special-heading.av-iv9tm-783fd3dc3d98b418285c25641d5993ed{\npadding-bottom:10px;\ncolor:#000000;\n}\nbody .av-special-heading.av-iv9tm-783fd3dc3d98b418285c25641d5993ed .av-special-heading-tag .heading-char{\nfont-size:25px;\n}\n.av-special-heading.av-iv9tm-783fd3dc3d98b418285c25641d5993ed .special-heading-inner-border{\nborder-color:#000000;\n}\n.av-special-heading.av-iv9tm-783fd3dc3d98b418285c25641d5993ed .av-subheading{\nfont-size:15px;\n}\n<\/style>\n<div  class='av-special-heading av-iv9tm-783fd3dc3d98b418285c25641d5993ed av-special-heading-h3 custom-color-heading blockquote modern-quote  avia-builder-el-6  el_before_av_hr  avia-builder-el-first  av-linked-heading'><h3 class='av-special-heading-tag '  >Pressupost a l\u2019instant gratu\u00eft<\/h3><div class=\"special-heading-border\"><div class=\"special-heading-inner-border\"><\/div><\/div><\/div><br \/>\n\n<style type=\"text\/css\" data-created_by=\"avia_inline_auto\" id=\"style-css-av-3waud6-0beec135383f9351c090f7c210fc201a\">\n#top .hr.av-3waud6-0beec135383f9351c090f7c210fc201a{\nmargin-top:10px;\nmargin-bottom:10px;\n}\n.hr.av-3waud6-0beec135383f9351c090f7c210fc201a .hr-inner{\nwidth:50px;\nborder-color:#b02b2c;\n}\n<\/style>\n<div  class='hr av-3waud6-0beec135383f9351c090f7c210fc201a hr-custom  avia-builder-el-7  el_after_av_heading  el_before_av_textblock  hr-left hr-icon-no'><span class='hr-inner inner-border-av-border-thin'><span class=\"hr-inner-style\"><\/span><\/span><\/div><br \/>\n<section  class='av_textblock_section av-2ijfmi-b839964ebe4eee92fb41e16f01ea52fd '  ><div class='avia_textblock' ><div><a href=\"tel: +34933238507\">933 238 507<\/a> &#8211; 24H<br \/>\n<a href=\"tel: +34629587022\">629 58 70 22<\/a> &#8211; 24H<\/div>\n<\/div><\/section><\/p><\/div><\/p>\n","protected":false},"excerpt":{"rendered":"<p>Prestem servei de serralleria a El Papiol. Els nostres serrallers al Papiol estan especialitzats en diversos cilindres. El cilindre o tamb\u00e9 anomenat \u00abbomb\u00ed\u00bb \u00e9s d&#8217;alta seguretat amb clau reversible d&#8217;alpaca, i t\u00e9 unes prestacions noves quant a garantia i seguretat. Es proveeix amb 5 claus planes de seguretat.<\/p>\n","protected":false},"author":2,"featured_media":2155,"parent":1713,"menu_order":0,"comment_status":"closed","ping_status":"closed","template":"","meta":{"footnotes":""},"class_list":["post-2154","page","type-page","status-publish","has-post-thumbnail","hentry"],"yoast_head":"<!-- This site is optimized with the Yoast SEO plugin v26.6 - https:\/\/yoast.com\/wordpress\/plugins\/seo\/ -->\n<title>Serraller El Papiol Barcelona - Serralleria El Papiol<\/title>\n<meta name=\"description\" content=\"Necessita un many\u00e0 urgent a El Papiol a la seva zona? Contacti amb nosaltres. Experts en seguretat residencial, servei urgent 24h.\" \/>\n<meta name=\"robots\" content=\"index, follow, max-snippet:-1, max-image-preview:large, max-video-preview:-1\" \/>\n<link rel=\"canonical\" href=\"https:\/\/cerrajerosenbarcelona.co\/ca\/poblacions\/serraller-el-papiol\" \/>\n<meta property=\"og:locale\" content=\"ca_ES\" \/>\n<meta property=\"og:type\" content=\"article\" \/>\n<meta property=\"og:title\" content=\"Serraller El Papiol Barcelona - Serralleria El Papiol\" \/>\n<meta property=\"og:description\" content=\"Necessita un many\u00e0 urgent a El Papiol a la seva zona? Contacti amb nosaltres. Experts en seguretat residencial, servei urgent 24h.\" \/>\n<meta property=\"og:url\" content=\"https:\/\/cerrajerosenbarcelona.co\/ca\/poblacions\/serraller-el-papiol\" \/>\n<meta property=\"og:site_name\" content=\"Cerrajer\u00eda\" \/>\n<meta property=\"article:modified_time\" content=\"2024-12-03T13:47:24+00:00\" \/>\n<meta property=\"og:image\" content=\"http:\/\/cerrajerosenbarcelona.co\/wp-content\/uploads\/2024\/09\/Serraller-El-Papiol.jpg\" \/>\n\t<meta property=\"og:image:width\" content=\"800\" \/>\n\t<meta property=\"og:image:height\" content=\"800\" \/>\n\t<meta property=\"og:image:type\" content=\"image\/jpeg\" \/>\n<meta name=\"twitter:card\" content=\"summary_large_image\" \/>\n<meta name=\"twitter:label1\" content=\"Temps estimat de lectura\" \/>\n\t<meta name=\"twitter:data1\" content=\"3 minuts\" \/>\n<script type=\"application\/ld+json\" class=\"yoast-schema-graph\">{\"@context\":\"https:\/\/schema.org\",\"@graph\":[{\"@type\":\"WebPage\",\"@id\":\"https:\/\/cerrajerosenbarcelona.co\/ca\/poblacions\/serraller-el-papiol\",\"url\":\"https:\/\/cerrajerosenbarcelona.co\/ca\/poblacions\/serraller-el-papiol\",\"name\":\"Serraller El Papiol Barcelona - Serralleria El Papiol\",\"isPartOf\":{\"@id\":\"https:\/\/cerrajerosenbarcelona.co\/#website\"},\"primaryImageOfPage\":{\"@id\":\"https:\/\/cerrajerosenbarcelona.co\/ca\/poblacions\/serraller-el-papiol#primaryimage\"},\"image\":{\"@id\":\"https:\/\/cerrajerosenbarcelona.co\/ca\/poblacions\/serraller-el-papiol#primaryimage\"},\"thumbnailUrl\":\"https:\/\/cerrajerosenbarcelona.co\/wp-content\/uploads\/2024\/09\/Serraller-El-Papiol.jpg\",\"datePublished\":\"2024-09-15T07:39:19+00:00\",\"dateModified\":\"2024-12-03T13:47:24+00:00\",\"description\":\"Necessita un many\u00e0 urgent a El Papiol a la seva zona? Contacti amb nosaltres. Experts en seguretat residencial, servei urgent 24h.\",\"breadcrumb\":{\"@id\":\"https:\/\/cerrajerosenbarcelona.co\/ca\/poblacions\/serraller-el-papiol#breadcrumb\"},\"inLanguage\":\"ca\",\"potentialAction\":[{\"@type\":\"ReadAction\",\"target\":[\"https:\/\/cerrajerosenbarcelona.co\/ca\/poblacions\/serraller-el-papiol\"]}]},{\"@type\":\"ImageObject\",\"inLanguage\":\"ca\",\"@id\":\"https:\/\/cerrajerosenbarcelona.co\/ca\/poblacions\/serraller-el-papiol#primaryimage\",\"url\":\"https:\/\/cerrajerosenbarcelona.co\/wp-content\/uploads\/2024\/09\/Serraller-El-Papiol.jpg\",\"contentUrl\":\"https:\/\/cerrajerosenbarcelona.co\/wp-content\/uploads\/2024\/09\/Serraller-El-Papiol.jpg\",\"width\":800,\"height\":800,\"caption\":\"Serraller El Papiol\"},{\"@type\":\"BreadcrumbList\",\"@id\":\"https:\/\/cerrajerosenbarcelona.co\/ca\/poblacions\/serraller-el-papiol#breadcrumb\",\"itemListElement\":[{\"@type\":\"ListItem\",\"position\":1,\"name\":\"Portada\",\"item\":\"https:\/\/cerrajerosenbarcelona.co\/ca\"},{\"@type\":\"ListItem\",\"position\":2,\"name\":\"Poblacions\",\"item\":\"https:\/\/cerrajerosenbarcelona.co\/ca\/poblacions\"},{\"@type\":\"ListItem\",\"position\":3,\"name\":\"Serraller El Papiol\"}]},{\"@type\":\"WebSite\",\"@id\":\"https:\/\/cerrajerosenbarcelona.co\/#website\",\"url\":\"https:\/\/cerrajerosenbarcelona.co\/\",\"name\":\"Cerrajer\u00eda\",\"description\":\"Otro sitio realizado con WordPress\",\"publisher\":{\"@id\":\"https:\/\/cerrajerosenbarcelona.co\/#organization\"},\"potentialAction\":[{\"@type\":\"SearchAction\",\"target\":{\"@type\":\"EntryPoint\",\"urlTemplate\":\"https:\/\/cerrajerosenbarcelona.co\/?s={search_term_string}\"},\"query-input\":{\"@type\":\"PropertyValueSpecification\",\"valueRequired\":true,\"valueName\":\"search_term_string\"}}],\"inLanguage\":\"ca\"},{\"@type\":\"Organization\",\"@id\":\"https:\/\/cerrajerosenbarcelona.co\/#organization\",\"name\":\"Cerrajer\u00eda TDA Barcelona\",\"url\":\"https:\/\/cerrajerosenbarcelona.co\/\",\"logo\":{\"@type\":\"ImageObject\",\"inLanguage\":\"ca\",\"@id\":\"https:\/\/cerrajerosenbarcelona.co\/#\/schema\/logo\/image\/\",\"url\":\"https:\/\/cerrajerosenbarcelona.co\/wp-content\/uploads\/2019\/11\/cerrajeria-tda-barcelona-logo-2.png\",\"contentUrl\":\"https:\/\/cerrajerosenbarcelona.co\/wp-content\/uploads\/2019\/11\/cerrajeria-tda-barcelona-logo-2.png\",\"width\":332,\"height\":98,\"caption\":\"Cerrajer\u00eda TDA Barcelona\"},\"image\":{\"@id\":\"https:\/\/cerrajerosenbarcelona.co\/#\/schema\/logo\/image\/\"}}]}<\/script>\n<!-- \/ Yoast SEO plugin. -->","yoast_head_json":{"title":"Serraller El Papiol Barcelona - Serralleria El Papiol","description":"Necessita un many\u00e0 urgent a El Papiol a la seva zona? Contacti amb nosaltres. Experts en seguretat residencial, servei urgent 24h.","robots":{"index":"index","follow":"follow","max-snippet":"max-snippet:-1","max-image-preview":"max-image-preview:large","max-video-preview":"max-video-preview:-1"},"canonical":"https:\/\/cerrajerosenbarcelona.co\/ca\/poblacions\/serraller-el-papiol","og_locale":"ca_ES","og_type":"article","og_title":"Serraller El Papiol Barcelona - Serralleria El Papiol","og_description":"Necessita un many\u00e0 urgent a El Papiol a la seva zona? Contacti amb nosaltres. Experts en seguretat residencial, servei urgent 24h.","og_url":"https:\/\/cerrajerosenbarcelona.co\/ca\/poblacions\/serraller-el-papiol","og_site_name":"Cerrajer\u00eda","article_modified_time":"2024-12-03T13:47:24+00:00","og_image":[{"width":800,"height":800,"url":"http:\/\/cerrajerosenbarcelona.co\/wp-content\/uploads\/2024\/09\/Serraller-El-Papiol.jpg","type":"image\/jpeg"}],"twitter_card":"summary_large_image","twitter_misc":{"Temps estimat de lectura":"3 minuts"},"schema":{"@context":"https:\/\/schema.org","@graph":[{"@type":"WebPage","@id":"https:\/\/cerrajerosenbarcelona.co\/ca\/poblacions\/serraller-el-papiol","url":"https:\/\/cerrajerosenbarcelona.co\/ca\/poblacions\/serraller-el-papiol","name":"Serraller El Papiol Barcelona - Serralleria El Papiol","isPartOf":{"@id":"https:\/\/cerrajerosenbarcelona.co\/#website"},"primaryImageOfPage":{"@id":"https:\/\/cerrajerosenbarcelona.co\/ca\/poblacions\/serraller-el-papiol#primaryimage"},"image":{"@id":"https:\/\/cerrajerosenbarcelona.co\/ca\/poblacions\/serraller-el-papiol#primaryimage"},"thumbnailUrl":"https:\/\/cerrajerosenbarcelona.co\/wp-content\/uploads\/2024\/09\/Serraller-El-Papiol.jpg","datePublished":"2024-09-15T07:39:19+00:00","dateModified":"2024-12-03T13:47:24+00:00","description":"Necessita un many\u00e0 urgent a El Papiol a la seva zona? Contacti amb nosaltres. Experts en seguretat residencial, servei urgent 24h.","breadcrumb":{"@id":"https:\/\/cerrajerosenbarcelona.co\/ca\/poblacions\/serraller-el-papiol#breadcrumb"},"inLanguage":"ca","potentialAction":[{"@type":"ReadAction","target":["https:\/\/cerrajerosenbarcelona.co\/ca\/poblacions\/serraller-el-papiol"]}]},{"@type":"ImageObject","inLanguage":"ca","@id":"https:\/\/cerrajerosenbarcelona.co\/ca\/poblacions\/serraller-el-papiol#primaryimage","url":"https:\/\/cerrajerosenbarcelona.co\/wp-content\/uploads\/2024\/09\/Serraller-El-Papiol.jpg","contentUrl":"https:\/\/cerrajerosenbarcelona.co\/wp-content\/uploads\/2024\/09\/Serraller-El-Papiol.jpg","width":800,"height":800,"caption":"Serraller El Papiol"},{"@type":"BreadcrumbList","@id":"https:\/\/cerrajerosenbarcelona.co\/ca\/poblacions\/serraller-el-papiol#breadcrumb","itemListElement":[{"@type":"ListItem","position":1,"name":"Portada","item":"https:\/\/cerrajerosenbarcelona.co\/ca"},{"@type":"ListItem","position":2,"name":"Poblacions","item":"https:\/\/cerrajerosenbarcelona.co\/ca\/poblacions"},{"@type":"ListItem","position":3,"name":"Serraller El Papiol"}]},{"@type":"WebSite","@id":"https:\/\/cerrajerosenbarcelona.co\/#website","url":"https:\/\/cerrajerosenbarcelona.co\/","name":"Cerrajer\u00eda","description":"Otro sitio realizado con WordPress","publisher":{"@id":"https:\/\/cerrajerosenbarcelona.co\/#organization"},"potentialAction":[{"@type":"SearchAction","target":{"@type":"EntryPoint","urlTemplate":"https:\/\/cerrajerosenbarcelona.co\/?s={search_term_string}"},"query-input":{"@type":"PropertyValueSpecification","valueRequired":true,"valueName":"search_term_string"}}],"inLanguage":"ca"},{"@type":"Organization","@id":"https:\/\/cerrajerosenbarcelona.co\/#organization","name":"Cerrajer\u00eda TDA Barcelona","url":"https:\/\/cerrajerosenbarcelona.co\/","logo":{"@type":"ImageObject","inLanguage":"ca","@id":"https:\/\/cerrajerosenbarcelona.co\/#\/schema\/logo\/image\/","url":"https:\/\/cerrajerosenbarcelona.co\/wp-content\/uploads\/2019\/11\/cerrajeria-tda-barcelona-logo-2.png","contentUrl":"https:\/\/cerrajerosenbarcelona.co\/wp-content\/uploads\/2019\/11\/cerrajeria-tda-barcelona-logo-2.png","width":332,"height":98,"caption":"Cerrajer\u00eda TDA Barcelona"},"image":{"@id":"https:\/\/cerrajerosenbarcelona.co\/#\/schema\/logo\/image\/"}}]}},"_links":{"self":[{"href":"https:\/\/cerrajerosenbarcelona.co\/ca\/wp-json\/wp\/v2\/pages\/2154","targetHints":{"allow":["GET"]}}],"collection":[{"href":"https:\/\/cerrajerosenbarcelona.co\/ca\/wp-json\/wp\/v2\/pages"}],"about":[{"href":"https:\/\/cerrajerosenbarcelona.co\/ca\/wp-json\/wp\/v2\/types\/page"}],"author":[{"embeddable":true,"href":"https:\/\/cerrajerosenbarcelona.co\/ca\/wp-json\/wp\/v2\/users\/2"}],"replies":[{"embeddable":true,"href":"https:\/\/cerrajerosenbarcelona.co\/ca\/wp-json\/wp\/v2\/comments?post=2154"}],"version-history":[{"count":2,"href":"https:\/\/cerrajerosenbarcelona.co\/ca\/wp-json\/wp\/v2\/pages\/2154\/revisions"}],"predecessor-version":[{"id":2166,"href":"https:\/\/cerrajerosenbarcelona.co\/ca\/wp-json\/wp\/v2\/pages\/2154\/revisions\/2166"}],"up":[{"embeddable":true,"href":"https:\/\/cerrajerosenbarcelona.co\/ca\/wp-json\/wp\/v2\/pages\/1713"}],"wp:featuredmedia":[{"embeddable":true,"href":"https:\/\/cerrajerosenbarcelona.co\/ca\/wp-json\/wp\/v2\/media\/2155"}],"wp:attachment":[{"href":"https:\/\/cerrajerosenbarcelona.co\/ca\/wp-json\/wp\/v2\/media?parent=2154"}],"curies":[{"name":"wp","href":"https:\/\/api.w.org\/{rel}","templated":true}]}}