{"id":2158,"date":"2024-09-15T09:52:11","date_gmt":"2024-09-15T07:52:11","guid":{"rendered":"https:\/\/cerrajerosenbarcelona.co\/?page_id=2158"},"modified":"2024-12-03T14:47:44","modified_gmt":"2024-12-03T13:47:44","slug":"serraller-palleja","status":"publish","type":"page","link":"https:\/\/cerrajerosenbarcelona.co\/ca\/poblacions\/serraller-palleja","title":{"rendered":"Serraller Pallej\u00e0"},"content":{"rendered":"\n<style type=\"text\/css\" data-created_by=\"avia_inline_auto\" id=\"style-css-av-b0l3fi-83d386d0f6ed2c7d6b0c0f96acc74894\">\n.avia-section.av-b0l3fi-83d386d0f6ed2c7d6b0c0f96acc74894{\nbackground-color:#000000;\nbackground-image:unset;\n}\n.avia-section.av-b0l3fi-83d386d0f6ed2c7d6b0c0f96acc74894 .av-extra-border-element .av-extra-border-inner{\nbackground-color:#000000;\n}\n<\/style>\n<div id='av_section_1'  class='avia-section av-b0l3fi-83d386d0f6ed2c7d6b0c0f96acc74894 main_color avia-section-large avia-no-border-styling  avia-builder-el-0  el_before_av_three_fifth  avia-builder-el-first  avia-bg-style-scroll av-arrow-down-section container_wrap fullsize'  ><div class='container av-section-cont-open' ><main  class='template-page content  av-content-full alpha units'><div class='post-entry post-entry-type-page post-entry-2158'><div class='entry-content-wrapper clearfix'>\n\n<style type=\"text\/css\" data-created_by=\"avia_inline_auto\" id=\"style-css-av-m139sv2m-91e6998d28480aab9c4610356f28fd67\">\n#top .av-special-heading.av-m139sv2m-91e6998d28480aab9c4610356f28fd67{\npadding-bottom:10px;\ncolor:#ffffff;\n}\nbody .av-special-heading.av-m139sv2m-91e6998d28480aab9c4610356f28fd67 .av-special-heading-tag .heading-char{\nfont-size:25px;\n}\n.av-special-heading.av-m139sv2m-91e6998d28480aab9c4610356f28fd67 .special-heading-inner-border{\nborder-color:#ffffff;\n}\n.av-special-heading.av-m139sv2m-91e6998d28480aab9c4610356f28fd67 .av-subheading{\nfont-size:15px;\n}\n<\/style>\n<div  class='av-special-heading av-m139sv2m-91e6998d28480aab9c4610356f28fd67 av-special-heading-h1 custom-color-heading blockquote modern-quote modern-centered  avia-builder-el-1  avia-builder-el-no-sibling  av-linked-heading'><h1 class='av-special-heading-tag '  >Serraller Pallej\u00e0<\/h1><div class=\"special-heading-border\"><div class=\"special-heading-inner-border\"><\/div><\/div><\/div>\n<\/div><\/div><\/main><!-- close content main element --><\/div><div class='av-extra-border-element border-extra-arrow-down'><div class='av-extra-border-outer'><div class='av-extra-border-inner'><\/div><\/div><\/div><\/div><div id='after_section_1'  class='main_color av_default_container_wrap container_wrap fullsize'  ><div class='container av-section-cont-open' ><div class='template-page content  av-content-full alpha units'><div class='post-entry post-entry-type-page post-entry-2158'><div class='entry-content-wrapper clearfix'>\n\n<style type=\"text\/css\" data-created_by=\"avia_inline_auto\" id=\"style-css-av-9ltoe6-398f69c4d253e885c2c4486238566135\">\n.flex_column.av-9ltoe6-398f69c4d253e885c2c4486238566135{\nborder-radius:0px 0px 0px 0px;\npadding:0px 0px 0px 0px;\n}\n<\/style>\n<div  class='flex_column av-9ltoe6-398f69c4d253e885c2c4486238566135 av_three_fifth  avia-builder-el-2  el_after_av_section  el_before_av_two_fifth  avia-builder-el-first  first flex_column_div av-zero-column-padding  '     ><p><section  class='av_textblock_section av-m139tv7w-c11705a85b8465b28cdb43e48f56fa44 '  ><div class='avia_textblock' ><p>Prestem <strong>servei de serralleria a Palleja<\/strong>. El nostre <strong>many\u00e0 a Palleja<\/strong> s\u00f3n professionals a <strong>obrir porta<\/strong>, canviar pany, restauraci\u00f3 de porta per robatori, <strong>canvi bomb\u00ed<\/strong>, etc.<\/p>\n<p>Realitzem tota mena d&#8217;obertures de porta, cotxes, comer\u00e7os, etc. Som experts en t\u00e8cniques diverses amb rossinyols o sense des de panys FICHET fins a la m\u00e9s simple del mercat.<\/p>\n<p><!--more--><\/p>\n<p>Per obertura volem dir la realitzaci\u00f3 d&#8217;un procediment espec\u00edfic en el qual s&#8217;allibera la part immobilitzada del pany o en defecte de la<strong> caixa forta<\/strong>, cotxe, etc.<\/p>\n<p><img loading=\"lazy\" decoding=\"async\" class=\"aligncenter wp-image-1233 size-full\" src=\"http:\/\/cerrajerosenbarcelona.co\/wp-content\/uploads\/2021\/06\/cerrajero-acreditado-uces-barcelona.jpg\" alt=\"Serraller Pallej\u00e0\" width=\"1663\" height=\"383\" srcset=\"https:\/\/cerrajerosenbarcelona.co\/wp-content\/uploads\/2021\/06\/cerrajero-acreditado-uces-barcelona.jpg 1663w, https:\/\/cerrajerosenbarcelona.co\/wp-content\/uploads\/2021\/06\/cerrajero-acreditado-uces-barcelona-300x69.jpg 300w, https:\/\/cerrajerosenbarcelona.co\/wp-content\/uploads\/2021\/06\/cerrajero-acreditado-uces-barcelona-1030x237.jpg 1030w, https:\/\/cerrajerosenbarcelona.co\/wp-content\/uploads\/2021\/06\/cerrajero-acreditado-uces-barcelona-768x177.jpg 768w, https:\/\/cerrajerosenbarcelona.co\/wp-content\/uploads\/2021\/06\/cerrajero-acreditado-uces-barcelona-1536x354.jpg 1536w, https:\/\/cerrajerosenbarcelona.co\/wp-content\/uploads\/2021\/06\/cerrajero-acreditado-uces-barcelona-1500x345.jpg 1500w, https:\/\/cerrajerosenbarcelona.co\/wp-content\/uploads\/2021\/06\/cerrajero-acreditado-uces-barcelona-705x162.jpg 705w, https:\/\/cerrajerosenbarcelona.co\/wp-content\/uploads\/2021\/06\/cerrajero-acreditado-uces-barcelona-450x104.jpg 450w\" sizes=\"auto, (max-width: 1663px) 100vw, 1663px\" \/><\/p>\n<p>Els serveis que oferim s\u00f3n amplis i diversos, i els realitzem en un termini m\u00e0xim de 30 minuts des del moment que contracta el servei fins que l&#8217;operari est\u00e0 amb tu.<\/p>\n<p>Et suggerim que s&#8217;informi sempre pr\u00e8viament el client del preu del servei, ja que tenim aquesta m\u00e0xima com a pol\u00edtica empresarial i pots gaudir de grans <strong>BONS DE DESCOMPTE<\/strong>.<\/p>\n<p>Els nostres serveis de serralleria:<\/p>\n<p>\u2013 <strong>canviar pany MAUER<\/strong><br \/>\n\u2013 obrir caixa forta blanca<br \/>\n\u2013 <strong>obrir pany BILMA<\/strong><br \/>\n\u2013 arreglar pany trencat<br \/>\n\u2013 <strong>canvi pany ISEO<\/strong><br \/>\n\u2013 canviar cilindre CISA<br \/>\n\u2013 <strong>obrir pany Palleja<\/strong><br \/>\n\u2013 JIS cop i II<br \/>\n\u2013 <strong>canviar pany Palleja<\/strong><br \/>\n\u2013 col\u00b7locaci\u00f3 de persiana met\u00e0l\u00b7lica<br \/>\n\u2013 <strong>canvi pany Palleja<\/strong><br \/>\n\u2013 canvi persiana dom\u00e8stica<br \/>\n\u2013 <a href=\"https:\/\/cerrajerosenbarcelona.co\/ca\">serraller Palleja<\/a><\/p>\n<\/div><\/section><br \/>\n\n<style type=\"text\/css\" data-created_by=\"avia_inline_auto\" id=\"style-css-av-m139u2r5-0f67304e5b2db903ee0516fd582e095c\">\n.av_promobox.av-m139u2r5-0f67304e5b2db903ee0516fd582e095c{\ncolor:#ffffff;\nbackground:#000000;\nborder-color:#af0000;\n}\n<\/style>\n<div  class='av_promobox av-m139u2r5-0f67304e5b2db903ee0516fd582e095c avia-button-yes  avia-builder-el-4  el_after_av_textblock  avia-builder-el-last '><div class='avia-promocontent'><\/p>\n<p style=\"text-align: center;\">Necessita un many\u00e0 urgent a <span data-sheets-root=\"1\">Serraller Pallej\u00e0<\/span>? Contacti amb nosaltres.<\/p>\n<p>\n<\/div><div  class='avia-button-wrap av-m139u2r5-581d92c9bee2ba4f2197f981472045e0-wrap avia-button-right '><a href='https:\/\/cerrajerosenbarcelona.co\/ca\/barris'  class='avia-button av-m139u2r5-581d92c9bee2ba4f2197f981472045e0 av-link-btn avia-icon_select-no avia-size-large avia-position-right avia-color-theme-color'   aria-label=\"CONTACTAR\"><span class='avia_iconbox_title' >CONTACTAR<\/span><\/a><\/div><\/div><\/p><\/div>\n<style type=\"text\/css\" data-created_by=\"avia_inline_auto\" id=\"style-css-av-7rfmq6-777e2cd81d3dc904f61b04cbc2ec841f\">\n.flex_column.av-7rfmq6-777e2cd81d3dc904f61b04cbc2ec841f{\nborder-radius:0px 0px 0px 0px;\npadding:0px 0px 0px 0px;\n}\n<\/style>\n<div  class='flex_column av-7rfmq6-777e2cd81d3dc904f61b04cbc2ec841f av_two_fifth  avia-builder-el-5  el_after_av_three_fifth  avia-builder-el-last  flex_column_div av-zero-column-padding  '     ><p>\n<style type=\"text\/css\" data-created_by=\"avia_inline_auto\" id=\"style-css-av-5nnske-5546a0f9fd4c801586cc2424f5f2035f\">\n#top .av-special-heading.av-5nnske-5546a0f9fd4c801586cc2424f5f2035f{\npadding-bottom:10px;\ncolor:#000000;\n}\nbody .av-special-heading.av-5nnske-5546a0f9fd4c801586cc2424f5f2035f .av-special-heading-tag .heading-char{\nfont-size:25px;\n}\n.av-special-heading.av-5nnske-5546a0f9fd4c801586cc2424f5f2035f .special-heading-inner-border{\nborder-color:#000000;\n}\n.av-special-heading.av-5nnske-5546a0f9fd4c801586cc2424f5f2035f .av-subheading{\nfont-size:15px;\n}\n<\/style>\n<div  class='av-special-heading av-5nnske-5546a0f9fd4c801586cc2424f5f2035f av-special-heading-h3 custom-color-heading blockquote modern-quote  avia-builder-el-6  el_before_av_hr  avia-builder-el-first  av-linked-heading'><h3 class='av-special-heading-tag '  >Pressupost a l\u2019instant gratu\u00eft<\/h3><div class=\"special-heading-border\"><div class=\"special-heading-inner-border\"><\/div><\/div><\/div><br \/>\n\n<style type=\"text\/css\" data-created_by=\"avia_inline_auto\" id=\"style-css-av-e6t0e-72d460609dafe5b1f7e34b0e1a0131cd\">\n#top .hr.av-e6t0e-72d460609dafe5b1f7e34b0e1a0131cd{\nmargin-top:10px;\nmargin-bottom:10px;\n}\n.hr.av-e6t0e-72d460609dafe5b1f7e34b0e1a0131cd .hr-inner{\nwidth:50px;\nborder-color:#b02b2c;\n}\n<\/style>\n<div  class='hr av-e6t0e-72d460609dafe5b1f7e34b0e1a0131cd hr-custom  avia-builder-el-7  el_after_av_heading  el_before_av_textblock  hr-left hr-icon-no'><span class='hr-inner inner-border-av-border-thin'><span class=\"hr-inner-style\"><\/span><\/span><\/div><br \/>\n<section  class='av_textblock_section av-2jnxym-0329e296e0ab7345c0d3c87a8ac7172d '  ><div class='avia_textblock' ><div><a href=\"tel: +34933238507\">933 238 507<\/a> &#8211; 24H<br \/>\n<a href=\"tel: +34629587022\">629 58 70 22<\/a> &#8211; 24H<\/div>\n<\/div><\/section><\/p><\/div><\/p>\n","protected":false},"excerpt":{"rendered":"<p>Prestem servei de serralleria a Palleja. El nostre many\u00e0 a Palleja s\u00f3n professionals a obrir porta, canviar pany, restauraci\u00f3 de porta per robatori, canvi bomb\u00ed, etc. Realitzem tota mena d&#8217;obertures de porta, cotxes, comer\u00e7os, etc. Som experts en t\u00e8cniques diverses amb rossinyols o sense des de panys FICHET fins a la m\u00e9s simple del mercat.<\/p>\n","protected":false},"author":2,"featured_media":2159,"parent":1713,"menu_order":0,"comment_status":"closed","ping_status":"closed","template":"","meta":{"footnotes":""},"class_list":["post-2158","page","type-page","status-publish","has-post-thumbnail","hentry"],"yoast_head":"<!-- This site is optimized with the Yoast SEO plugin v26.6 - https:\/\/yoast.com\/wordpress\/plugins\/seo\/ -->\n<title>Serraller Pallej\u00e0 Barcelona - Serralleria Pallej\u00e0<\/title>\n<meta name=\"description\" content=\"Necessita un many\u00e0 urgent a Pallej\u00e0 a la seva zona? Contacti amb nosaltres. Experts en seguretat residencial, servei urgent 24h.\" \/>\n<meta name=\"robots\" content=\"index, follow, max-snippet:-1, max-image-preview:large, max-video-preview:-1\" \/>\n<link rel=\"canonical\" href=\"https:\/\/cerrajerosenbarcelona.co\/ca\/poblacions\/serraller-palleja\" \/>\n<meta property=\"og:locale\" content=\"ca_ES\" \/>\n<meta property=\"og:type\" content=\"article\" \/>\n<meta property=\"og:title\" content=\"Serraller Pallej\u00e0 Barcelona - Serralleria Pallej\u00e0\" \/>\n<meta property=\"og:description\" content=\"Necessita un many\u00e0 urgent a Pallej\u00e0 a la seva zona? Contacti amb nosaltres. Experts en seguretat residencial, servei urgent 24h.\" \/>\n<meta property=\"og:url\" content=\"https:\/\/cerrajerosenbarcelona.co\/ca\/poblacions\/serraller-palleja\" \/>\n<meta property=\"og:site_name\" content=\"Cerrajer\u00eda\" \/>\n<meta property=\"article:modified_time\" content=\"2024-12-03T13:47:44+00:00\" \/>\n<meta property=\"og:image\" content=\"http:\/\/cerrajerosenbarcelona.co\/wp-content\/uploads\/2024\/09\/Serraller-Palleja.jpg\" \/>\n\t<meta property=\"og:image:width\" content=\"800\" \/>\n\t<meta property=\"og:image:height\" content=\"800\" \/>\n\t<meta property=\"og:image:type\" content=\"image\/jpeg\" \/>\n<meta name=\"twitter:card\" content=\"summary_large_image\" \/>\n<meta name=\"twitter:label1\" content=\"Temps estimat de lectura\" \/>\n\t<meta name=\"twitter:data1\" content=\"3 minuts\" \/>\n<script type=\"application\/ld+json\" class=\"yoast-schema-graph\">{\"@context\":\"https:\/\/schema.org\",\"@graph\":[{\"@type\":\"WebPage\",\"@id\":\"https:\/\/cerrajerosenbarcelona.co\/ca\/poblacions\/serraller-palleja\",\"url\":\"https:\/\/cerrajerosenbarcelona.co\/ca\/poblacions\/serraller-palleja\",\"name\":\"Serraller Pallej\u00e0 Barcelona - Serralleria Pallej\u00e0\",\"isPartOf\":{\"@id\":\"https:\/\/cerrajerosenbarcelona.co\/#website\"},\"primaryImageOfPage\":{\"@id\":\"https:\/\/cerrajerosenbarcelona.co\/ca\/poblacions\/serraller-palleja#primaryimage\"},\"image\":{\"@id\":\"https:\/\/cerrajerosenbarcelona.co\/ca\/poblacions\/serraller-palleja#primaryimage\"},\"thumbnailUrl\":\"https:\/\/cerrajerosenbarcelona.co\/wp-content\/uploads\/2024\/09\/Serraller-Palleja.jpg\",\"datePublished\":\"2024-09-15T07:52:11+00:00\",\"dateModified\":\"2024-12-03T13:47:44+00:00\",\"description\":\"Necessita un many\u00e0 urgent a Pallej\u00e0 a la seva zona? Contacti amb nosaltres. Experts en seguretat residencial, servei urgent 24h.\",\"breadcrumb\":{\"@id\":\"https:\/\/cerrajerosenbarcelona.co\/ca\/poblacions\/serraller-palleja#breadcrumb\"},\"inLanguage\":\"ca\",\"potentialAction\":[{\"@type\":\"ReadAction\",\"target\":[\"https:\/\/cerrajerosenbarcelona.co\/ca\/poblacions\/serraller-palleja\"]}]},{\"@type\":\"ImageObject\",\"inLanguage\":\"ca\",\"@id\":\"https:\/\/cerrajerosenbarcelona.co\/ca\/poblacions\/serraller-palleja#primaryimage\",\"url\":\"https:\/\/cerrajerosenbarcelona.co\/wp-content\/uploads\/2024\/09\/Serraller-Palleja.jpg\",\"contentUrl\":\"https:\/\/cerrajerosenbarcelona.co\/wp-content\/uploads\/2024\/09\/Serraller-Palleja.jpg\",\"width\":800,\"height\":800,\"caption\":\"Serraller Pallej\u00e0\"},{\"@type\":\"BreadcrumbList\",\"@id\":\"https:\/\/cerrajerosenbarcelona.co\/ca\/poblacions\/serraller-palleja#breadcrumb\",\"itemListElement\":[{\"@type\":\"ListItem\",\"position\":1,\"name\":\"Portada\",\"item\":\"https:\/\/cerrajerosenbarcelona.co\/ca\"},{\"@type\":\"ListItem\",\"position\":2,\"name\":\"Poblacions\",\"item\":\"https:\/\/cerrajerosenbarcelona.co\/ca\/poblacions\"},{\"@type\":\"ListItem\",\"position\":3,\"name\":\"Serraller Pallej\u00e0\"}]},{\"@type\":\"WebSite\",\"@id\":\"https:\/\/cerrajerosenbarcelona.co\/#website\",\"url\":\"https:\/\/cerrajerosenbarcelona.co\/\",\"name\":\"Cerrajer\u00eda\",\"description\":\"Otro sitio realizado con WordPress\",\"publisher\":{\"@id\":\"https:\/\/cerrajerosenbarcelona.co\/#organization\"},\"potentialAction\":[{\"@type\":\"SearchAction\",\"target\":{\"@type\":\"EntryPoint\",\"urlTemplate\":\"https:\/\/cerrajerosenbarcelona.co\/?s={search_term_string}\"},\"query-input\":{\"@type\":\"PropertyValueSpecification\",\"valueRequired\":true,\"valueName\":\"search_term_string\"}}],\"inLanguage\":\"ca\"},{\"@type\":\"Organization\",\"@id\":\"https:\/\/cerrajerosenbarcelona.co\/#organization\",\"name\":\"Cerrajer\u00eda TDA Barcelona\",\"url\":\"https:\/\/cerrajerosenbarcelona.co\/\",\"logo\":{\"@type\":\"ImageObject\",\"inLanguage\":\"ca\",\"@id\":\"https:\/\/cerrajerosenbarcelona.co\/#\/schema\/logo\/image\/\",\"url\":\"https:\/\/cerrajerosenbarcelona.co\/wp-content\/uploads\/2019\/11\/cerrajeria-tda-barcelona-logo-2.png\",\"contentUrl\":\"https:\/\/cerrajerosenbarcelona.co\/wp-content\/uploads\/2019\/11\/cerrajeria-tda-barcelona-logo-2.png\",\"width\":332,\"height\":98,\"caption\":\"Cerrajer\u00eda TDA Barcelona\"},\"image\":{\"@id\":\"https:\/\/cerrajerosenbarcelona.co\/#\/schema\/logo\/image\/\"}}]}<\/script>\n<!-- \/ Yoast SEO plugin. -->","yoast_head_json":{"title":"Serraller Pallej\u00e0 Barcelona - Serralleria Pallej\u00e0","description":"Necessita un many\u00e0 urgent a Pallej\u00e0 a la seva zona? Contacti amb nosaltres. Experts en seguretat residencial, servei urgent 24h.","robots":{"index":"index","follow":"follow","max-snippet":"max-snippet:-1","max-image-preview":"max-image-preview:large","max-video-preview":"max-video-preview:-1"},"canonical":"https:\/\/cerrajerosenbarcelona.co\/ca\/poblacions\/serraller-palleja","og_locale":"ca_ES","og_type":"article","og_title":"Serraller Pallej\u00e0 Barcelona - Serralleria Pallej\u00e0","og_description":"Necessita un many\u00e0 urgent a Pallej\u00e0 a la seva zona? Contacti amb nosaltres. Experts en seguretat residencial, servei urgent 24h.","og_url":"https:\/\/cerrajerosenbarcelona.co\/ca\/poblacions\/serraller-palleja","og_site_name":"Cerrajer\u00eda","article_modified_time":"2024-12-03T13:47:44+00:00","og_image":[{"width":800,"height":800,"url":"http:\/\/cerrajerosenbarcelona.co\/wp-content\/uploads\/2024\/09\/Serraller-Palleja.jpg","type":"image\/jpeg"}],"twitter_card":"summary_large_image","twitter_misc":{"Temps estimat de lectura":"3 minuts"},"schema":{"@context":"https:\/\/schema.org","@graph":[{"@type":"WebPage","@id":"https:\/\/cerrajerosenbarcelona.co\/ca\/poblacions\/serraller-palleja","url":"https:\/\/cerrajerosenbarcelona.co\/ca\/poblacions\/serraller-palleja","name":"Serraller Pallej\u00e0 Barcelona - Serralleria Pallej\u00e0","isPartOf":{"@id":"https:\/\/cerrajerosenbarcelona.co\/#website"},"primaryImageOfPage":{"@id":"https:\/\/cerrajerosenbarcelona.co\/ca\/poblacions\/serraller-palleja#primaryimage"},"image":{"@id":"https:\/\/cerrajerosenbarcelona.co\/ca\/poblacions\/serraller-palleja#primaryimage"},"thumbnailUrl":"https:\/\/cerrajerosenbarcelona.co\/wp-content\/uploads\/2024\/09\/Serraller-Palleja.jpg","datePublished":"2024-09-15T07:52:11+00:00","dateModified":"2024-12-03T13:47:44+00:00","description":"Necessita un many\u00e0 urgent a Pallej\u00e0 a la seva zona? Contacti amb nosaltres. Experts en seguretat residencial, servei urgent 24h.","breadcrumb":{"@id":"https:\/\/cerrajerosenbarcelona.co\/ca\/poblacions\/serraller-palleja#breadcrumb"},"inLanguage":"ca","potentialAction":[{"@type":"ReadAction","target":["https:\/\/cerrajerosenbarcelona.co\/ca\/poblacions\/serraller-palleja"]}]},{"@type":"ImageObject","inLanguage":"ca","@id":"https:\/\/cerrajerosenbarcelona.co\/ca\/poblacions\/serraller-palleja#primaryimage","url":"https:\/\/cerrajerosenbarcelona.co\/wp-content\/uploads\/2024\/09\/Serraller-Palleja.jpg","contentUrl":"https:\/\/cerrajerosenbarcelona.co\/wp-content\/uploads\/2024\/09\/Serraller-Palleja.jpg","width":800,"height":800,"caption":"Serraller Pallej\u00e0"},{"@type":"BreadcrumbList","@id":"https:\/\/cerrajerosenbarcelona.co\/ca\/poblacions\/serraller-palleja#breadcrumb","itemListElement":[{"@type":"ListItem","position":1,"name":"Portada","item":"https:\/\/cerrajerosenbarcelona.co\/ca"},{"@type":"ListItem","position":2,"name":"Poblacions","item":"https:\/\/cerrajerosenbarcelona.co\/ca\/poblacions"},{"@type":"ListItem","position":3,"name":"Serraller Pallej\u00e0"}]},{"@type":"WebSite","@id":"https:\/\/cerrajerosenbarcelona.co\/#website","url":"https:\/\/cerrajerosenbarcelona.co\/","name":"Cerrajer\u00eda","description":"Otro sitio realizado con WordPress","publisher":{"@id":"https:\/\/cerrajerosenbarcelona.co\/#organization"},"potentialAction":[{"@type":"SearchAction","target":{"@type":"EntryPoint","urlTemplate":"https:\/\/cerrajerosenbarcelona.co\/?s={search_term_string}"},"query-input":{"@type":"PropertyValueSpecification","valueRequired":true,"valueName":"search_term_string"}}],"inLanguage":"ca"},{"@type":"Organization","@id":"https:\/\/cerrajerosenbarcelona.co\/#organization","name":"Cerrajer\u00eda TDA Barcelona","url":"https:\/\/cerrajerosenbarcelona.co\/","logo":{"@type":"ImageObject","inLanguage":"ca","@id":"https:\/\/cerrajerosenbarcelona.co\/#\/schema\/logo\/image\/","url":"https:\/\/cerrajerosenbarcelona.co\/wp-content\/uploads\/2019\/11\/cerrajeria-tda-barcelona-logo-2.png","contentUrl":"https:\/\/cerrajerosenbarcelona.co\/wp-content\/uploads\/2019\/11\/cerrajeria-tda-barcelona-logo-2.png","width":332,"height":98,"caption":"Cerrajer\u00eda TDA Barcelona"},"image":{"@id":"https:\/\/cerrajerosenbarcelona.co\/#\/schema\/logo\/image\/"}}]}},"_links":{"self":[{"href":"https:\/\/cerrajerosenbarcelona.co\/ca\/wp-json\/wp\/v2\/pages\/2158","targetHints":{"allow":["GET"]}}],"collection":[{"href":"https:\/\/cerrajerosenbarcelona.co\/ca\/wp-json\/wp\/v2\/pages"}],"about":[{"href":"https:\/\/cerrajerosenbarcelona.co\/ca\/wp-json\/wp\/v2\/types\/page"}],"author":[{"embeddable":true,"href":"https:\/\/cerrajerosenbarcelona.co\/ca\/wp-json\/wp\/v2\/users\/2"}],"replies":[{"embeddable":true,"href":"https:\/\/cerrajerosenbarcelona.co\/ca\/wp-json\/wp\/v2\/comments?post=2158"}],"version-history":[{"count":2,"href":"https:\/\/cerrajerosenbarcelona.co\/ca\/wp-json\/wp\/v2\/pages\/2158\/revisions"}],"predecessor-version":[{"id":2167,"href":"https:\/\/cerrajerosenbarcelona.co\/ca\/wp-json\/wp\/v2\/pages\/2158\/revisions\/2167"}],"up":[{"embeddable":true,"href":"https:\/\/cerrajerosenbarcelona.co\/ca\/wp-json\/wp\/v2\/pages\/1713"}],"wp:featuredmedia":[{"embeddable":true,"href":"https:\/\/cerrajerosenbarcelona.co\/ca\/wp-json\/wp\/v2\/media\/2159"}],"wp:attachment":[{"href":"https:\/\/cerrajerosenbarcelona.co\/ca\/wp-json\/wp\/v2\/media?parent=2158"}],"curies":[{"name":"wp","href":"https:\/\/api.w.org\/{rel}","templated":true}]}}